{"id":1493,"date":"2016-10-14T02:02:22","date_gmt":"2016-10-14T02:02:22","guid":{"rendered":"https:\/\/demo.wpthemego.com\/themes\/sw_revo\/demo5\/?page_id=1493"},"modified":"2024-06-05T06:54:17","modified_gmt":"2024-06-05T06:54:17","slug":"about-us","status":"publish","type":"page","link":"https:\/\/www.lihusl.com\/es\/about-us\/","title":{"rendered":"Qui\u00e9nes somos"},"content":{"rendered":"<div data-elementor-type=\"wp-page\" data-elementor-id=\"1493\" class=\"elementor elementor-1493\">\n\t\t\t\t\t\t\t\t\t<section class=\"elementor-section elementor-top-section elementor-element elementor-element-7c1a048f elementor-section-boxed elementor-section-height-default elementor-section-height-default\" data-id=\"7c1a048f\" data-element_type=\"section\">\n\t\t\t\t\t\t<div class=\"elementor-container elementor-column-gap-default\">\n\t\t\t\t\t<div class=\"elementor-column elementor-col-100 elementor-top-column elementor-element elementor-element-32f255c5\" data-id=\"32f255c5\" data-element_type=\"column\">\n\t\t\t<div class=\"elementor-widget-wrap elementor-element-populated\">\n\t\t\t\t\t\t\t\t<div class=\"elementor-element elementor-element-6d44d7fe elementor-widget elementor-widget-image\" data-id=\"6d44d7fe\" data-element_type=\"widget\" data-widget_type=\"image.default\">\n\t\t\t\t<div class=\"elementor-widget-container\">\n\t\t\t<style>\/*! elementor - v3.15.0 - 20-08-2023 *\/\n.elementor-widget-image{text-align:center}.elementor-widget-image a{display:inline-block}.elementor-widget-image a img[src$=\".svg\"]{width:48px}.elementor-widget-image img{vertical-align:middle;display:inline-block}<\/style>\t\t\t\t\t\t\t\t\t\t\t\t<img loading=\"lazy\" decoding=\"async\" width=\"1170\" height=\"550\" src=\"https:\/\/www.lihusl.com\/wp-content\/uploads\/2020\/06\/image-about-4.jpg\" class=\"attachment-full size-full wp-image-4217\" alt=\"\" srcset=\"https:\/\/www.lihusl.com\/wp-content\/uploads\/2020\/06\/image-about-4.jpg 1170w, https:\/\/www.lihusl.com\/wp-content\/uploads\/2020\/06\/image-about-4-300x141.jpg 300w, https:\/\/www.lihusl.com\/wp-content\/uploads\/2020\/06\/image-about-4-1024x481.jpg 1024w, https:\/\/www.lihusl.com\/wp-content\/uploads\/2020\/06\/image-about-4-768x361.jpg 768w, https:\/\/www.lihusl.com\/wp-content\/uploads\/2020\/06\/image-about-4-600x282.jpg 600w\" sizes=\"auto, (max-width: 1170px) 100vw, 1170px\" \/>\t\t\t\t\t\t\t\t\t\t\t\t\t\t\t<\/div>\n\t\t\t\t<\/div>\n\t\t\t\t\t<\/div>\n\t\t<\/div>\n\t\t\t\t\t\t\t<\/div>\n\t\t<\/section>\n\t\t\t\t<section class=\"elementor-section elementor-top-section elementor-element elementor-element-5a16e1fc elementor-section-boxed elementor-section-height-default elementor-section-height-default\" data-id=\"5a16e1fc\" data-element_type=\"section\">\n\t\t\t\t\t\t<div class=\"elementor-container elementor-column-gap-default\">\n\t\t\t\t\t<div class=\"elementor-column elementor-col-100 elementor-top-column elementor-element elementor-element-736884b7\" data-id=\"736884b7\" data-element_type=\"column\">\n\t\t\t<div class=\"elementor-widget-wrap elementor-element-populated\">\n\t\t\t\t\t\t\t\t<div class=\"elementor-element elementor-element-4dd1eca4 elementor-widget elementor-widget-heading\" data-id=\"4dd1eca4\" data-element_type=\"widget\" data-widget_type=\"heading.default\">\n\t\t\t\t<div class=\"elementor-widget-container\">\n\t\t\t<style>\/*! elementor - v3.15.0 - 20-08-2023 *\/\n.elementor-heading-title{padding:0;margin:0;line-height:1}.elementor-widget-heading .elementor-heading-title[class*=elementor-size-]>a{color:inherit;font-size:inherit;line-height:inherit}.elementor-widget-heading .elementor-heading-title.elementor-size-small{font-size:15px}.elementor-widget-heading .elementor-heading-title.elementor-size-medium{font-size:19px}.elementor-widget-heading .elementor-heading-title.elementor-size-large{font-size:29px}.elementor-widget-heading .elementor-heading-title.elementor-size-xl{font-size:39px}.elementor-widget-heading .elementor-heading-title.elementor-size-xxl{font-size:59px}<\/style><h2 class=\"elementor-heading-title elementor-size-default\">acerca de nosotros<\/h2>\t\t<\/div>\n\t\t\t\t<\/div>\n\t\t\t\t<div class=\"elementor-element elementor-element-37626cc8 elementor-widget elementor-widget-text-editor\" data-id=\"37626cc8\" data-element_type=\"widget\" data-widget_type=\"text-editor.default\">\n\t\t\t\t<div class=\"elementor-widget-container\">\n\t\t\t<style>\/*! elementor - v3.15.0 - 20-08-2023 *\/\n.elementor-widget-text-editor.elementor-drop-cap-view-stacked .elementor-drop-cap{background-color:#69727d;color:#fff}.elementor-widget-text-editor.elementor-drop-cap-view-framed .elementor-drop-cap{color:#69727d;border:3px solid;background-color:transparent}.elementor-widget-text-editor:not(.elementor-drop-cap-view-default) .elementor-drop-cap{margin-top:8px}.elementor-widget-text-editor:not(.elementor-drop-cap-view-default) .elementor-drop-cap-letter{width:1em;height:1em}.elementor-widget-text-editor .elementor-drop-cap{float:left;text-align:center;line-height:1;font-size:50px}.elementor-widget-text-editor .elementor-drop-cap-letter{display:inline-block}<\/style>\t\t\t\t<p>Hangzhou Lihu Trading Co., Ltd. se fund\u00f3 en 2024 y est\u00e1 situada en Hangzhou, provincia de Zhejiang, China. Como empresa comercial profesional, nos comprometemos a proporcionar productos y servicios de calidad a clientes de todo el mundo. Nuestro negocio abarca m\u00faltiples industrias, incluyendo pero no limitado a la venta al por mayor de las necesidades diarias, art\u00edculos deportivos y equipos, material de oficina, papeler\u00eda, y la venta al por mayor de zapatos y sombreros.<br \/>Nuestra misi\u00f3n: Nuestra misi\u00f3n es ayudar a nuestros clientes a alcanzar el \u00e9xito empresarial proporcion\u00e1ndoles productos de alta calidad y un excelente servicio de atenci\u00f3n al cliente. Defendemos los valores de integridad, innovaci\u00f3n y cooperaci\u00f3n y nos comprometemos a establecer relaciones a largo plazo.<br \/>Nuestros servicios: No s\u00f3lo ofrecemos productos de alta calidad, sino que tambi\u00e9n proporcionamos a los clientes una completa gama de servicios, entre los que se incluyen: an\u00e1lisis profesional del mercado y recomendaciones de productos; servicios eficientes de log\u00edstica y distribuci\u00f3n; asistencia posventa integral y servicio de atenci\u00f3n al cliente.<br \/>Nuestra ventaja:<br \/>Amplia experiencia: A\u00f1os de experiencia en el sector nos permiten conocer a fondo las necesidades del mercado y las expectativas de los clientes.<br \/>Cadena de suministro de alta calidad: Hemos establecido relaciones de cooperaci\u00f3n a largo plazo con una serie de proveedores de alta calidad para garantizar una alta calidad y un suministro estable de productos.<br \/>Red mundial: Nuestra actividad abarca muchos pa\u00edses y regiones de todo el mundo, con una amplia base de clientes e influencia en el mercado.<br \/>Equipo profesional: Contamos con un equipo profesional y eficiente dedicado a ofrecer a los clientes las mejores soluciones.<\/p>\t\t\t\t\t\t<\/div>\n\t\t\t\t<\/div>\n\t\t\t\t\t<\/div>\n\t\t<\/div>\n\t\t\t\t\t\t\t<\/div>\n\t\t<\/section>\n\t\t\t\t\t\t\t<\/div>","protected":false},"excerpt":{"rendered":"<p>about us Hangzhou Lihu Trading Co., Ltd. was established in 2024 and is located in Hangzhou, Zhejiang Province, China. As a professional trading company, we are committed to providing quality products and services to customers around the world. Our business &hellip; <a href=\"https:\/\/www.lihusl.com\/es\/about-us\/\">Leer m\u00e1s<\/a><\/p>","protected":false},"author":1,"featured_media":0,"parent":0,"menu_order":0,"comment_status":"closed","ping_status":"closed","template":"","meta":{"om_disable_all_campaigns":false,"_monsterinsights_skip_tracking":false,"_monsterinsights_sitenote_active":false,"_monsterinsights_sitenote_note":"","_monsterinsights_sitenote_category":0,"footnotes":""},"class_list":["post-1493","page","type-page","status-publish","hentry"],"yoast_head":"<!-- This site is optimized with the Yoast SEO plugin v27.4 - https:\/\/yoast.com\/product\/yoast-seo-wordpress\/ -->\n<title>About Us - Lihu<\/title>\n<meta name=\"robots\" content=\"index, follow, max-snippet:-1, max-image-preview:large, max-video-preview:-1\" \/>\n<link rel=\"canonical\" href=\"https:\/\/www.lihusl.com\/es\/about-us\/\" \/>\n<meta property=\"og:locale\" content=\"es_ES\" \/>\n<meta property=\"og:type\" content=\"article\" \/>\n<meta property=\"og:title\" content=\"About Us - Lihu\" \/>\n<meta property=\"og:description\" content=\"about us Hangzhou Lihu Trading Co., Ltd. was established in 2024 and is located in Hangzhou, Zhejiang Province, China. As a professional trading company, we are committed to providing quality products and services to customers around the world. Our business &hellip; Readmore\" \/>\n<meta property=\"og:url\" content=\"https:\/\/www.lihusl.com\/es\/about-us\/\" \/>\n<meta property=\"og:site_name\" content=\"Lihu\" \/>\n<meta property=\"article:modified_time\" content=\"2024-06-05T06:54:17+00:00\" \/>\n<meta property=\"og:image\" content=\"http:\/\/www.lihusl.com\/wp-content\/uploads\/2020\/06\/image-about-4.jpg\" \/>\n<meta name=\"twitter:card\" content=\"summary_large_image\" \/>\n<meta name=\"twitter:label1\" content=\"Tiempo de lectura\" \/>\n\t<meta name=\"twitter:data1\" content=\"1 minuto\" \/>\n<script type=\"application\/ld+json\" class=\"yoast-schema-graph\">{\"@context\":\"https:\\\/\\\/schema.org\",\"@graph\":[{\"@type\":\"WebPage\",\"@id\":\"https:\\\/\\\/www.lihusl.com\\\/about-us\\\/\",\"url\":\"https:\\\/\\\/www.lihusl.com\\\/about-us\\\/\",\"name\":\"About Us - Lihu\",\"isPartOf\":{\"@id\":\"https:\\\/\\\/www.lihusl.com\\\/#website\"},\"primaryImageOfPage\":{\"@id\":\"https:\\\/\\\/www.lihusl.com\\\/about-us\\\/#primaryimage\"},\"image\":{\"@id\":\"https:\\\/\\\/www.lihusl.com\\\/about-us\\\/#primaryimage\"},\"thumbnailUrl\":\"http:\\\/\\\/www.lihusl.com\\\/wp-content\\\/uploads\\\/2020\\\/06\\\/image-about-4.jpg\",\"datePublished\":\"2016-10-14T02:02:22+00:00\",\"dateModified\":\"2024-06-05T06:54:17+00:00\",\"breadcrumb\":{\"@id\":\"https:\\\/\\\/www.lihusl.com\\\/about-us\\\/#breadcrumb\"},\"inLanguage\":\"es\",\"potentialAction\":[{\"@type\":\"ReadAction\",\"target\":[\"https:\\\/\\\/www.lihusl.com\\\/about-us\\\/\"]}]},{\"@type\":\"ImageObject\",\"inLanguage\":\"es\",\"@id\":\"https:\\\/\\\/www.lihusl.com\\\/about-us\\\/#primaryimage\",\"url\":\"http:\\\/\\\/www.lihusl.com\\\/wp-content\\\/uploads\\\/2020\\\/06\\\/image-about-4.jpg\",\"contentUrl\":\"http:\\\/\\\/www.lihusl.com\\\/wp-content\\\/uploads\\\/2020\\\/06\\\/image-about-4.jpg\"},{\"@type\":\"BreadcrumbList\",\"@id\":\"https:\\\/\\\/www.lihusl.com\\\/about-us\\\/#breadcrumb\",\"itemListElement\":[{\"@type\":\"ListItem\",\"position\":1,\"name\":\"Home\",\"item\":\"https:\\\/\\\/www.lihusl.com\\\/\"},{\"@type\":\"ListItem\",\"position\":2,\"name\":\"About Us\"}]},{\"@type\":\"WebSite\",\"@id\":\"https:\\\/\\\/www.lihusl.com\\\/#website\",\"url\":\"https:\\\/\\\/www.lihusl.com\\\/\",\"name\":\"Lihu\",\"description\":\"\",\"potentialAction\":[{\"@type\":\"SearchAction\",\"target\":{\"@type\":\"EntryPoint\",\"urlTemplate\":\"https:\\\/\\\/www.lihusl.com\\\/?s={search_term_string}\"},\"query-input\":{\"@type\":\"PropertyValueSpecification\",\"valueRequired\":true,\"valueName\":\"search_term_string\"}}],\"inLanguage\":\"es\"}]}<\/script>\n<!-- \/ Yoast SEO plugin. -->","yoast_head_json":{"title":"About Us - Lihu","robots":{"index":"index","follow":"follow","max-snippet":"max-snippet:-1","max-image-preview":"max-image-preview:large","max-video-preview":"max-video-preview:-1"},"canonical":"https:\/\/www.lihusl.com\/es\/about-us\/","og_locale":"es_ES","og_type":"article","og_title":"About Us - Lihu","og_description":"about us Hangzhou Lihu Trading Co., Ltd. was established in 2024 and is located in Hangzhou, Zhejiang Province, China. As a professional trading company, we are committed to providing quality products and services to customers around the world. Our business &hellip; Readmore","og_url":"https:\/\/www.lihusl.com\/es\/about-us\/","og_site_name":"Lihu","article_modified_time":"2024-06-05T06:54:17+00:00","og_image":[{"url":"http:\/\/www.lihusl.com\/wp-content\/uploads\/2020\/06\/image-about-4.jpg","type":"","width":"","height":""}],"twitter_card":"summary_large_image","twitter_misc":{"Tiempo de lectura":"1 minuto"},"schema":{"@context":"https:\/\/schema.org","@graph":[{"@type":"WebPage","@id":"https:\/\/www.lihusl.com\/about-us\/","url":"https:\/\/www.lihusl.com\/about-us\/","name":"About Us - Lihu","isPartOf":{"@id":"https:\/\/www.lihusl.com\/#website"},"primaryImageOfPage":{"@id":"https:\/\/www.lihusl.com\/about-us\/#primaryimage"},"image":{"@id":"https:\/\/www.lihusl.com\/about-us\/#primaryimage"},"thumbnailUrl":"http:\/\/www.lihusl.com\/wp-content\/uploads\/2020\/06\/image-about-4.jpg","datePublished":"2016-10-14T02:02:22+00:00","dateModified":"2024-06-05T06:54:17+00:00","breadcrumb":{"@id":"https:\/\/www.lihusl.com\/about-us\/#breadcrumb"},"inLanguage":"es","potentialAction":[{"@type":"ReadAction","target":["https:\/\/www.lihusl.com\/about-us\/"]}]},{"@type":"ImageObject","inLanguage":"es","@id":"https:\/\/www.lihusl.com\/about-us\/#primaryimage","url":"http:\/\/www.lihusl.com\/wp-content\/uploads\/2020\/06\/image-about-4.jpg","contentUrl":"http:\/\/www.lihusl.com\/wp-content\/uploads\/2020\/06\/image-about-4.jpg"},{"@type":"BreadcrumbList","@id":"https:\/\/www.lihusl.com\/about-us\/#breadcrumb","itemListElement":[{"@type":"ListItem","position":1,"name":"Home","item":"https:\/\/www.lihusl.com\/"},{"@type":"ListItem","position":2,"name":"About Us"}]},{"@type":"WebSite","@id":"https:\/\/www.lihusl.com\/#website","url":"https:\/\/www.lihusl.com\/","name":"Lihu","description":"","potentialAction":[{"@type":"SearchAction","target":{"@type":"EntryPoint","urlTemplate":"https:\/\/www.lihusl.com\/?s={search_term_string}"},"query-input":{"@type":"PropertyValueSpecification","valueRequired":true,"valueName":"search_term_string"}}],"inLanguage":"es"}]}},"jetpack_sharing_enabled":true,"_links":{"self":[{"href":"https:\/\/www.lihusl.com\/es\/wp-json\/wp\/v2\/pages\/1493","targetHints":{"allow":["GET"]}}],"collection":[{"href":"https:\/\/www.lihusl.com\/es\/wp-json\/wp\/v2\/pages"}],"about":[{"href":"https:\/\/www.lihusl.com\/es\/wp-json\/wp\/v2\/types\/page"}],"author":[{"embeddable":true,"href":"https:\/\/www.lihusl.com\/es\/wp-json\/wp\/v2\/users\/1"}],"replies":[{"embeddable":true,"href":"https:\/\/www.lihusl.com\/es\/wp-json\/wp\/v2\/comments?post=1493"}],"version-history":[{"count":4,"href":"https:\/\/www.lihusl.com\/es\/wp-json\/wp\/v2\/pages\/1493\/revisions"}],"predecessor-version":[{"id":4896,"href":"https:\/\/www.lihusl.com\/es\/wp-json\/wp\/v2\/pages\/1493\/revisions\/4896"}],"wp:attachment":[{"href":"https:\/\/www.lihusl.com\/es\/wp-json\/wp\/v2\/media?parent=1493"}],"curies":[{"name":"wp","href":"https:\/\/api.w.org\/{rel}","templated":true}]}}