{"id":4752,"date":"2024-06-05T03:39:15","date_gmt":"2024-06-05T03:39:15","guid":{"rendered":"http:\/\/www.lihusl.com\/?post_type=product&#038;p=4752"},"modified":"2026-02-02T17:12:45","modified_gmt":"2026-02-02T09:12:45","slug":"nylon-durable-waterproof-travel-backpack-school-bag","status":"publish","type":"product","link":"https:\/\/www.lihusl.com\/es\/producto\/nylon-durable-waterproof-travel-backpack-school-bag\/","title":{"rendered":"Mochila de viaje de nylon resistente al agua Bolsa de la escuela"},"content":{"rendered":"<p>Mochila de viaje impermeable de nylon, perfecta para estudiantes y viajeros. Fabricada en nailon de alta calidad, no s\u00f3lo es duradera, sino tambi\u00e9n completamente impermeable, por lo que mantendr\u00e1 tus objetos personales secos haga el tiempo que haga. La mochila cuenta con un espacioso compartimento principal, varios bolsillos peque\u00f1os para un almacenamiento organizado y un bolsillo utilitario frontal. Presenta un dise\u00f1o ergon\u00f3mico con tirantes acolchados y panel posterior ventilado para garantizar la comodidad y la circulaci\u00f3n del aire durante su uso. Elegante y disponible en varios colores, esta mochila es perfecta para tus desplazamientos diarios, viajes o actividades al aire libre. Experimente la funcionalidad, la comodidad y el estilo de esta mochila que garantiza un viaje sin problemas y mantiene sus pertenencias a salvo dondequiera que vaya. personalizable.<\/p>","protected":false},"excerpt":{"rendered":"<p>Nylon durable waterproof travel backpack school bag, perfect for students and travelers. Made from high-quality nylon, it&#8217;s not only durable, but it&#8217;s also completely waterproof, keeping your essentials dry no matter the weather. The backpack features a roomy main compartment, &hellip; <a href=\"https:\/\/www.lihusl.com\/es\/producto\/nylon-durable-waterproof-travel-backpack-school-bag\/\">Leer m\u00e1s<\/a><\/p>","protected":false},"featured_media":4753,"template":"","meta":{"om_disable_all_campaigns":false,"_monsterinsights_skip_tracking":false,"_monsterinsights_sitenote_active":false,"_monsterinsights_sitenote_note":"","_monsterinsights_sitenote_category":0},"product_brand":[],"product_cat":[115],"product_tag":[],"class_list":{"0":"post-4752","1":"product","2":"type-product","3":"status-publish","4":"has-post-thumbnail","6":"product_cat-bags-luggage","8":"first","9":"instock","10":"taxable","11":"shipping-taxable","12":"purchasable","13":"product-type-simple"},"yoast_head":"<!-- This site is optimized with the Yoast SEO plugin v27.4 - https:\/\/yoast.com\/product\/yoast-seo-wordpress\/ -->\n<title>Nylon Durable Waterproof Travel Backpack School Bag - Lihu<\/title>\n<meta name=\"robots\" content=\"index, follow, max-snippet:-1, max-image-preview:large, max-video-preview:-1\" \/>\n<link rel=\"canonical\" href=\"https:\/\/www.lihusl.com\/es\/producto\/nylon-durable-waterproof-travel-backpack-school-bag\/\" \/>\n<meta property=\"og:locale\" content=\"es_ES\" \/>\n<meta property=\"og:type\" content=\"article\" \/>\n<meta property=\"og:title\" content=\"Nylon Durable Waterproof Travel Backpack School Bag - Lihu\" \/>\n<meta property=\"og:description\" content=\"Nylon durable waterproof travel backpack school bag, perfect for students and travelers. Made from high-quality nylon, it&#8217;s not only durable, but it&#8217;s also completely waterproof, keeping your essentials dry no matter the weather. The backpack features a roomy main compartment, &hellip; Readmore\" \/>\n<meta property=\"og:url\" content=\"https:\/\/www.lihusl.com\/es\/producto\/nylon-durable-waterproof-travel-backpack-school-bag\/\" \/>\n<meta property=\"og:site_name\" content=\"Lihu\" \/>\n<meta property=\"article:modified_time\" content=\"2026-02-02T09:12:45+00:00\" \/>\n<meta property=\"og:image\" content=\"https:\/\/www.lihusl.com\/wp-content\/uploads\/2024\/06\/1-\u4e3b\u56fe-4.jpg\" \/>\n\t<meta property=\"og:image:width\" content=\"1200\" \/>\n\t<meta property=\"og:image:height\" content=\"1200\" \/>\n\t<meta property=\"og:image:type\" content=\"image\/jpeg\" \/>\n<meta name=\"twitter:card\" content=\"summary_large_image\" \/>\n<meta name=\"twitter:label1\" content=\"Tiempo de lectura\" \/>\n\t<meta name=\"twitter:data1\" content=\"1 minuto\" \/>\n<script type=\"application\/ld+json\" class=\"yoast-schema-graph\">{\"@context\":\"https:\\\/\\\/schema.org\",\"@graph\":[{\"@type\":\"WebPage\",\"@id\":\"https:\\\/\\\/www.lihusl.com\\\/product\\\/nylon-durable-waterproof-travel-backpack-school-bag\\\/\",\"url\":\"https:\\\/\\\/www.lihusl.com\\\/product\\\/nylon-durable-waterproof-travel-backpack-school-bag\\\/\",\"name\":\"Nylon Durable Waterproof Travel Backpack School Bag - Lihu\",\"isPartOf\":{\"@id\":\"https:\\\/\\\/www.lihusl.com\\\/#website\"},\"primaryImageOfPage\":{\"@id\":\"https:\\\/\\\/www.lihusl.com\\\/product\\\/nylon-durable-waterproof-travel-backpack-school-bag\\\/#primaryimage\"},\"image\":{\"@id\":\"https:\\\/\\\/www.lihusl.com\\\/product\\\/nylon-durable-waterproof-travel-backpack-school-bag\\\/#primaryimage\"},\"thumbnailUrl\":\"https:\\\/\\\/www.lihusl.com\\\/wp-content\\\/uploads\\\/2024\\\/06\\\/1-\u4e3b\u56fe-4.jpg\",\"datePublished\":\"2024-06-05T03:39:15+00:00\",\"dateModified\":\"2026-02-02T09:12:45+00:00\",\"breadcrumb\":{\"@id\":\"https:\\\/\\\/www.lihusl.com\\\/product\\\/nylon-durable-waterproof-travel-backpack-school-bag\\\/#breadcrumb\"},\"inLanguage\":\"es\",\"potentialAction\":[{\"@type\":\"ReadAction\",\"target\":[\"https:\\\/\\\/www.lihusl.com\\\/product\\\/nylon-durable-waterproof-travel-backpack-school-bag\\\/\"]}]},{\"@type\":\"ImageObject\",\"inLanguage\":\"es\",\"@id\":\"https:\\\/\\\/www.lihusl.com\\\/product\\\/nylon-durable-waterproof-travel-backpack-school-bag\\\/#primaryimage\",\"url\":\"https:\\\/\\\/www.lihusl.com\\\/wp-content\\\/uploads\\\/2024\\\/06\\\/1-\u4e3b\u56fe-4.jpg\",\"contentUrl\":\"https:\\\/\\\/www.lihusl.com\\\/wp-content\\\/uploads\\\/2024\\\/06\\\/1-\u4e3b\u56fe-4.jpg\",\"width\":1200,\"height\":1200},{\"@type\":\"BreadcrumbList\",\"@id\":\"https:\\\/\\\/www.lihusl.com\\\/product\\\/nylon-durable-waterproof-travel-backpack-school-bag\\\/#breadcrumb\",\"itemListElement\":[{\"@type\":\"ListItem\",\"position\":1,\"name\":\"Home\",\"item\":\"https:\\\/\\\/www.lihusl.com\\\/\"},{\"@type\":\"ListItem\",\"position\":2,\"name\":\"Shop\",\"item\":\"https:\\\/\\\/www.lihusl.com\\\/shop\\\/\"},{\"@type\":\"ListItem\",\"position\":3,\"name\":\"Nylon Durable Waterproof Travel Backpack School Bag\"}]},{\"@type\":\"WebSite\",\"@id\":\"https:\\\/\\\/www.lihusl.com\\\/#website\",\"url\":\"https:\\\/\\\/www.lihusl.com\\\/\",\"name\":\"Lihu\",\"description\":\"\",\"potentialAction\":[{\"@type\":\"SearchAction\",\"target\":{\"@type\":\"EntryPoint\",\"urlTemplate\":\"https:\\\/\\\/www.lihusl.com\\\/?s={search_term_string}\"},\"query-input\":{\"@type\":\"PropertyValueSpecification\",\"valueRequired\":true,\"valueName\":\"search_term_string\"}}],\"inLanguage\":\"es\"}]}<\/script>\n<!-- \/ Yoast SEO plugin. -->","yoast_head_json":{"title":"Nylon Durable Waterproof Travel Backpack School Bag - Lihu","robots":{"index":"index","follow":"follow","max-snippet":"max-snippet:-1","max-image-preview":"max-image-preview:large","max-video-preview":"max-video-preview:-1"},"canonical":"https:\/\/www.lihusl.com\/es\/producto\/nylon-durable-waterproof-travel-backpack-school-bag\/","og_locale":"es_ES","og_type":"article","og_title":"Nylon Durable Waterproof Travel Backpack School Bag - Lihu","og_description":"Nylon durable waterproof travel backpack school bag, perfect for students and travelers. Made from high-quality nylon, it&#8217;s not only durable, but it&#8217;s also completely waterproof, keeping your essentials dry no matter the weather. The backpack features a roomy main compartment, &hellip; Readmore","og_url":"https:\/\/www.lihusl.com\/es\/producto\/nylon-durable-waterproof-travel-backpack-school-bag\/","og_site_name":"Lihu","article_modified_time":"2026-02-02T09:12:45+00:00","og_image":[{"width":1200,"height":1200,"url":"https:\/\/www.lihusl.com\/wp-content\/uploads\/2024\/06\/1-\u4e3b\u56fe-4.jpg","type":"image\/jpeg"}],"twitter_card":"summary_large_image","twitter_misc":{"Tiempo de lectura":"1 minuto"},"schema":{"@context":"https:\/\/schema.org","@graph":[{"@type":"WebPage","@id":"https:\/\/www.lihusl.com\/product\/nylon-durable-waterproof-travel-backpack-school-bag\/","url":"https:\/\/www.lihusl.com\/product\/nylon-durable-waterproof-travel-backpack-school-bag\/","name":"Nylon Durable Waterproof Travel Backpack School Bag - Lihu","isPartOf":{"@id":"https:\/\/www.lihusl.com\/#website"},"primaryImageOfPage":{"@id":"https:\/\/www.lihusl.com\/product\/nylon-durable-waterproof-travel-backpack-school-bag\/#primaryimage"},"image":{"@id":"https:\/\/www.lihusl.com\/product\/nylon-durable-waterproof-travel-backpack-school-bag\/#primaryimage"},"thumbnailUrl":"https:\/\/www.lihusl.com\/wp-content\/uploads\/2024\/06\/1-\u4e3b\u56fe-4.jpg","datePublished":"2024-06-05T03:39:15+00:00","dateModified":"2026-02-02T09:12:45+00:00","breadcrumb":{"@id":"https:\/\/www.lihusl.com\/product\/nylon-durable-waterproof-travel-backpack-school-bag\/#breadcrumb"},"inLanguage":"es","potentialAction":[{"@type":"ReadAction","target":["https:\/\/www.lihusl.com\/product\/nylon-durable-waterproof-travel-backpack-school-bag\/"]}]},{"@type":"ImageObject","inLanguage":"es","@id":"https:\/\/www.lihusl.com\/product\/nylon-durable-waterproof-travel-backpack-school-bag\/#primaryimage","url":"https:\/\/www.lihusl.com\/wp-content\/uploads\/2024\/06\/1-\u4e3b\u56fe-4.jpg","contentUrl":"https:\/\/www.lihusl.com\/wp-content\/uploads\/2024\/06\/1-\u4e3b\u56fe-4.jpg","width":1200,"height":1200},{"@type":"BreadcrumbList","@id":"https:\/\/www.lihusl.com\/product\/nylon-durable-waterproof-travel-backpack-school-bag\/#breadcrumb","itemListElement":[{"@type":"ListItem","position":1,"name":"Home","item":"https:\/\/www.lihusl.com\/"},{"@type":"ListItem","position":2,"name":"Shop","item":"https:\/\/www.lihusl.com\/shop\/"},{"@type":"ListItem","position":3,"name":"Nylon Durable Waterproof Travel Backpack School Bag"}]},{"@type":"WebSite","@id":"https:\/\/www.lihusl.com\/#website","url":"https:\/\/www.lihusl.com\/","name":"Lihu","description":"","potentialAction":[{"@type":"SearchAction","target":{"@type":"EntryPoint","urlTemplate":"https:\/\/www.lihusl.com\/?s={search_term_string}"},"query-input":{"@type":"PropertyValueSpecification","valueRequired":true,"valueName":"search_term_string"}}],"inLanguage":"es"}]}},"jetpack_sharing_enabled":true,"_links":{"self":[{"href":"https:\/\/www.lihusl.com\/es\/wp-json\/wp\/v2\/product\/4752","targetHints":{"allow":["GET"]}}],"collection":[{"href":"https:\/\/www.lihusl.com\/es\/wp-json\/wp\/v2\/product"}],"about":[{"href":"https:\/\/www.lihusl.com\/es\/wp-json\/wp\/v2\/types\/product"}],"wp:featuredmedia":[{"embeddable":true,"href":"https:\/\/www.lihusl.com\/es\/wp-json\/wp\/v2\/media\/4753"}],"wp:attachment":[{"href":"https:\/\/www.lihusl.com\/es\/wp-json\/wp\/v2\/media?parent=4752"}],"wp:term":[{"taxonomy":"product_brand","embeddable":true,"href":"https:\/\/www.lihusl.com\/es\/wp-json\/wp\/v2\/product_brand?post=4752"},{"taxonomy":"product_cat","embeddable":true,"href":"https:\/\/www.lihusl.com\/es\/wp-json\/wp\/v2\/product_cat?post=4752"},{"taxonomy":"product_tag","embeddable":true,"href":"https:\/\/www.lihusl.com\/es\/wp-json\/wp\/v2\/product_tag?post=4752"}],"curies":[{"name":"wp","href":"https:\/\/api.w.org\/{rel}","templated":true}]}}