{"id":4754,"date":"2024-06-05T03:49:16","date_gmt":"2024-06-05T03:49:16","guid":{"rendered":"http:\/\/www.lihusl.com\/?post_type=product&#038;p=4754"},"modified":"2026-01-30T00:14:58","modified_gmt":"2026-01-29T16:14:58","slug":"sleeve-type-kraft-paper-eco-friendly-ballpoint-pen","status":"publish","type":"product","link":"https:\/\/www.lihusl.com\/es\/producto\/sleeve-type-kraft-paper-eco-friendly-ballpoint-pen\/","title":{"rendered":"Bol\u00edgrafo ecol\u00f3gico con funda de papel kraft"},"content":{"rendered":"<p>Juego de bol\u00edgrafos ecol\u00f3gico fabricado con papel kraft biodegradable. Este juego de bol\u00edgrafos est\u00e1 disponible en cuatro colores: negro, verde, azul y rojo. La cubierta exterior de estos bol\u00edgrafos est\u00e1 hecha de papel kraft, un material sostenible que es duradero y respetuoso con el medio ambiente. Estos bol\u00edgrafos no s\u00f3lo son elegantes y elegantes, sino que tambi\u00e9n tienen un impacto positivo en el medio ambiente al reducir los residuos de pl\u00e1stico. Todos los bol\u00edgrafos de este set escriben con suavidad y sin esfuerzo, por lo que son perfectos para el uso diario en casa, en la oficina o sobre la marcha. El c\u00f3modo agarre y la punta fina garantizan una c\u00f3moda experiencia de escritura, mientras que los vibrantes colores a\u00f1aden un toque de personalidad a su escritura. El bol\u00edgrafo es un complemento vers\u00e1til y pr\u00e1ctico para su colecci\u00f3n de papeler\u00eda. Personalizable.<\/p>","protected":false},"excerpt":{"rendered":"<p>Environmentally friendly ballpoint pen set made with biodegradable kraft paper. This set of ballpoint pens comes in four different colors \u2013 black, green, blue, and red. The outer shell of these pens is crafted from kraft paper, a sustainable material that is both durable and eco-friendly. Not only are these pens stylish and sleek,<\/p>","protected":false},"featured_media":4759,"template":"","meta":{"om_disable_all_campaigns":false,"_monsterinsights_skip_tracking":false,"_monsterinsights_sitenote_active":false,"_monsterinsights_sitenote_note":"","_monsterinsights_sitenote_category":0},"product_brand":[],"product_cat":[158],"product_tag":[],"class_list":{"0":"post-4754","1":"product","2":"type-product","3":"status-publish","4":"has-post-thumbnail","6":"product_cat-school-officecraft-supplies","8":"first","9":"instock","10":"sale","11":"taxable","12":"shipping-taxable","13":"purchasable","14":"product-type-simple"},"yoast_head":"<!-- This site is optimized with the Yoast SEO plugin v27.4 - https:\/\/yoast.com\/product\/yoast-seo-wordpress\/ -->\n<title>Sleeve-Type Kraft Paper Eco-Friendly Ballpoint Pen - Lihu<\/title>\n<meta name=\"robots\" content=\"index, follow, max-snippet:-1, max-image-preview:large, max-video-preview:-1\" \/>\n<link rel=\"canonical\" href=\"https:\/\/www.lihusl.com\/es\/producto\/sleeve-type-kraft-paper-eco-friendly-ballpoint-pen\/\" \/>\n<meta property=\"og:locale\" content=\"es_ES\" \/>\n<meta property=\"og:type\" content=\"article\" \/>\n<meta property=\"og:title\" content=\"Sleeve-Type Kraft Paper Eco-Friendly Ballpoint Pen - Lihu\" \/>\n<meta property=\"og:description\" content=\"Environmentally friendly ballpoint pen set made with biodegradable kraft paper. This set of ballpoint pens comes in four different colors \u2013 black, green, blue, and red. The outer shell of these pens is crafted from kraft paper, a sustainable material that is both durable and eco-friendly. Not only are these pens stylish and sleek,\" \/>\n<meta property=\"og:url\" content=\"https:\/\/www.lihusl.com\/es\/producto\/sleeve-type-kraft-paper-eco-friendly-ballpoint-pen\/\" \/>\n<meta property=\"og:site_name\" content=\"Lihu\" \/>\n<meta property=\"article:modified_time\" content=\"2026-01-29T16:14:58+00:00\" \/>\n<meta property=\"og:image\" content=\"https:\/\/www.lihusl.com\/wp-content\/uploads\/2024\/06\/1-\u4e3b\u56fe-5.jpg\" \/>\n\t<meta property=\"og:image:width\" content=\"1200\" \/>\n\t<meta property=\"og:image:height\" content=\"1200\" \/>\n\t<meta property=\"og:image:type\" content=\"image\/jpeg\" \/>\n<meta name=\"twitter:card\" content=\"summary_large_image\" \/>\n<meta name=\"twitter:label1\" content=\"Tiempo de lectura\" \/>\n\t<meta name=\"twitter:data1\" content=\"1 minuto\" \/>\n<script type=\"application\/ld+json\" class=\"yoast-schema-graph\">{\"@context\":\"https:\\\/\\\/schema.org\",\"@graph\":[{\"@type\":\"WebPage\",\"@id\":\"https:\\\/\\\/www.lihusl.com\\\/product\\\/sleeve-type-kraft-paper-eco-friendly-ballpoint-pen\\\/\",\"url\":\"https:\\\/\\\/www.lihusl.com\\\/product\\\/sleeve-type-kraft-paper-eco-friendly-ballpoint-pen\\\/\",\"name\":\"Sleeve-Type Kraft Paper Eco-Friendly Ballpoint Pen - Lihu\",\"isPartOf\":{\"@id\":\"https:\\\/\\\/www.lihusl.com\\\/#website\"},\"primaryImageOfPage\":{\"@id\":\"https:\\\/\\\/www.lihusl.com\\\/product\\\/sleeve-type-kraft-paper-eco-friendly-ballpoint-pen\\\/#primaryimage\"},\"image\":{\"@id\":\"https:\\\/\\\/www.lihusl.com\\\/product\\\/sleeve-type-kraft-paper-eco-friendly-ballpoint-pen\\\/#primaryimage\"},\"thumbnailUrl\":\"https:\\\/\\\/www.lihusl.com\\\/wp-content\\\/uploads\\\/2024\\\/06\\\/1-\u4e3b\u56fe-5.jpg\",\"datePublished\":\"2024-06-05T03:49:16+00:00\",\"dateModified\":\"2026-01-29T16:14:58+00:00\",\"breadcrumb\":{\"@id\":\"https:\\\/\\\/www.lihusl.com\\\/product\\\/sleeve-type-kraft-paper-eco-friendly-ballpoint-pen\\\/#breadcrumb\"},\"inLanguage\":\"es\",\"potentialAction\":[{\"@type\":\"ReadAction\",\"target\":[\"https:\\\/\\\/www.lihusl.com\\\/product\\\/sleeve-type-kraft-paper-eco-friendly-ballpoint-pen\\\/\"]}]},{\"@type\":\"ImageObject\",\"inLanguage\":\"es\",\"@id\":\"https:\\\/\\\/www.lihusl.com\\\/product\\\/sleeve-type-kraft-paper-eco-friendly-ballpoint-pen\\\/#primaryimage\",\"url\":\"https:\\\/\\\/www.lihusl.com\\\/wp-content\\\/uploads\\\/2024\\\/06\\\/1-\u4e3b\u56fe-5.jpg\",\"contentUrl\":\"https:\\\/\\\/www.lihusl.com\\\/wp-content\\\/uploads\\\/2024\\\/06\\\/1-\u4e3b\u56fe-5.jpg\",\"width\":1200,\"height\":1200},{\"@type\":\"BreadcrumbList\",\"@id\":\"https:\\\/\\\/www.lihusl.com\\\/product\\\/sleeve-type-kraft-paper-eco-friendly-ballpoint-pen\\\/#breadcrumb\",\"itemListElement\":[{\"@type\":\"ListItem\",\"position\":1,\"name\":\"Home\",\"item\":\"https:\\\/\\\/www.lihusl.com\\\/\"},{\"@type\":\"ListItem\",\"position\":2,\"name\":\"Shop\",\"item\":\"https:\\\/\\\/www.lihusl.com\\\/shop\\\/\"},{\"@type\":\"ListItem\",\"position\":3,\"name\":\"Sleeve-Type Kraft Paper Eco-Friendly Ballpoint Pen\"}]},{\"@type\":\"WebSite\",\"@id\":\"https:\\\/\\\/www.lihusl.com\\\/#website\",\"url\":\"https:\\\/\\\/www.lihusl.com\\\/\",\"name\":\"Lihu\",\"description\":\"\",\"potentialAction\":[{\"@type\":\"SearchAction\",\"target\":{\"@type\":\"EntryPoint\",\"urlTemplate\":\"https:\\\/\\\/www.lihusl.com\\\/?s={search_term_string}\"},\"query-input\":{\"@type\":\"PropertyValueSpecification\",\"valueRequired\":true,\"valueName\":\"search_term_string\"}}],\"inLanguage\":\"es\"}]}<\/script>\n<!-- \/ Yoast SEO plugin. -->","yoast_head_json":{"title":"Sleeve-Type Kraft Paper Eco-Friendly Ballpoint Pen - Lihu","robots":{"index":"index","follow":"follow","max-snippet":"max-snippet:-1","max-image-preview":"max-image-preview:large","max-video-preview":"max-video-preview:-1"},"canonical":"https:\/\/www.lihusl.com\/es\/producto\/sleeve-type-kraft-paper-eco-friendly-ballpoint-pen\/","og_locale":"es_ES","og_type":"article","og_title":"Sleeve-Type Kraft Paper Eco-Friendly Ballpoint Pen - Lihu","og_description":"Environmentally friendly ballpoint pen set made with biodegradable kraft paper. This set of ballpoint pens comes in four different colors \u2013 black, green, blue, and red. The outer shell of these pens is crafted from kraft paper, a sustainable material that is both durable and eco-friendly. Not only are these pens stylish and sleek,","og_url":"https:\/\/www.lihusl.com\/es\/producto\/sleeve-type-kraft-paper-eco-friendly-ballpoint-pen\/","og_site_name":"Lihu","article_modified_time":"2026-01-29T16:14:58+00:00","og_image":[{"width":1200,"height":1200,"url":"https:\/\/www.lihusl.com\/wp-content\/uploads\/2024\/06\/1-\u4e3b\u56fe-5.jpg","type":"image\/jpeg"}],"twitter_card":"summary_large_image","twitter_misc":{"Tiempo de lectura":"1 minuto"},"schema":{"@context":"https:\/\/schema.org","@graph":[{"@type":"WebPage","@id":"https:\/\/www.lihusl.com\/product\/sleeve-type-kraft-paper-eco-friendly-ballpoint-pen\/","url":"https:\/\/www.lihusl.com\/product\/sleeve-type-kraft-paper-eco-friendly-ballpoint-pen\/","name":"Sleeve-Type Kraft Paper Eco-Friendly Ballpoint Pen - Lihu","isPartOf":{"@id":"https:\/\/www.lihusl.com\/#website"},"primaryImageOfPage":{"@id":"https:\/\/www.lihusl.com\/product\/sleeve-type-kraft-paper-eco-friendly-ballpoint-pen\/#primaryimage"},"image":{"@id":"https:\/\/www.lihusl.com\/product\/sleeve-type-kraft-paper-eco-friendly-ballpoint-pen\/#primaryimage"},"thumbnailUrl":"https:\/\/www.lihusl.com\/wp-content\/uploads\/2024\/06\/1-\u4e3b\u56fe-5.jpg","datePublished":"2024-06-05T03:49:16+00:00","dateModified":"2026-01-29T16:14:58+00:00","breadcrumb":{"@id":"https:\/\/www.lihusl.com\/product\/sleeve-type-kraft-paper-eco-friendly-ballpoint-pen\/#breadcrumb"},"inLanguage":"es","potentialAction":[{"@type":"ReadAction","target":["https:\/\/www.lihusl.com\/product\/sleeve-type-kraft-paper-eco-friendly-ballpoint-pen\/"]}]},{"@type":"ImageObject","inLanguage":"es","@id":"https:\/\/www.lihusl.com\/product\/sleeve-type-kraft-paper-eco-friendly-ballpoint-pen\/#primaryimage","url":"https:\/\/www.lihusl.com\/wp-content\/uploads\/2024\/06\/1-\u4e3b\u56fe-5.jpg","contentUrl":"https:\/\/www.lihusl.com\/wp-content\/uploads\/2024\/06\/1-\u4e3b\u56fe-5.jpg","width":1200,"height":1200},{"@type":"BreadcrumbList","@id":"https:\/\/www.lihusl.com\/product\/sleeve-type-kraft-paper-eco-friendly-ballpoint-pen\/#breadcrumb","itemListElement":[{"@type":"ListItem","position":1,"name":"Home","item":"https:\/\/www.lihusl.com\/"},{"@type":"ListItem","position":2,"name":"Shop","item":"https:\/\/www.lihusl.com\/shop\/"},{"@type":"ListItem","position":3,"name":"Sleeve-Type Kraft Paper Eco-Friendly Ballpoint Pen"}]},{"@type":"WebSite","@id":"https:\/\/www.lihusl.com\/#website","url":"https:\/\/www.lihusl.com\/","name":"Lihu","description":"","potentialAction":[{"@type":"SearchAction","target":{"@type":"EntryPoint","urlTemplate":"https:\/\/www.lihusl.com\/?s={search_term_string}"},"query-input":{"@type":"PropertyValueSpecification","valueRequired":true,"valueName":"search_term_string"}}],"inLanguage":"es"}]}},"jetpack_sharing_enabled":true,"_links":{"self":[{"href":"https:\/\/www.lihusl.com\/es\/wp-json\/wp\/v2\/product\/4754","targetHints":{"allow":["GET"]}}],"collection":[{"href":"https:\/\/www.lihusl.com\/es\/wp-json\/wp\/v2\/product"}],"about":[{"href":"https:\/\/www.lihusl.com\/es\/wp-json\/wp\/v2\/types\/product"}],"wp:featuredmedia":[{"embeddable":true,"href":"https:\/\/www.lihusl.com\/es\/wp-json\/wp\/v2\/media\/4759"}],"wp:attachment":[{"href":"https:\/\/www.lihusl.com\/es\/wp-json\/wp\/v2\/media?parent=4754"}],"wp:term":[{"taxonomy":"product_brand","embeddable":true,"href":"https:\/\/www.lihusl.com\/es\/wp-json\/wp\/v2\/product_brand?post=4754"},{"taxonomy":"product_cat","embeddable":true,"href":"https:\/\/www.lihusl.com\/es\/wp-json\/wp\/v2\/product_cat?post=4754"},{"taxonomy":"product_tag","embeddable":true,"href":"https:\/\/www.lihusl.com\/es\/wp-json\/wp\/v2\/product_tag?post=4754"}],"curies":[{"name":"wp","href":"https:\/\/api.w.org\/{rel}","templated":true}]}}