{"id":4762,"date":"2024-06-05T03:50:40","date_gmt":"2024-06-05T03:50:40","guid":{"rendered":"http:\/\/www.lihusl.com\/?post_type=product&#038;p=4762"},"modified":"2024-06-05T03:50:42","modified_gmt":"2024-06-05T03:50:42","slug":"bamboo-fast-wireless-charger-stand-with-wooden-coils","status":"publish","type":"product","link":"https:\/\/www.lihusl.com\/es\/producto\/bamboo-fast-wireless-charger-stand-with-wooden-coils\/","title":{"rendered":"Base de carga inal\u00e1mbrica r\u00e1pida de bamb\u00fa con bobinas de madera"},"content":{"rendered":"<p>Fabricado en bamb\u00fa natural, este soporte para cargador inal\u00e1mbrico no solo es est\u00e9ticamente agradable, sino tambi\u00e9n s\u00f3lido y duradero. Permite colocar el tel\u00e9fono tanto en vertical como en horizontal, lo que aumenta su versatilidad para usos como Face ID, mensajer\u00eda o visionado de v\u00eddeos. Compatible con todos los dispositivos con Qi, incluida la serie Samsung Galaxy, cuenta con un modo de carga r\u00e1pida que acelera significativamente los tiempos de carga, incluso con el tel\u00e9fono en su funda. La amplia zona de carga elimina la necesidad de una alineaci\u00f3n precisa, proporcionando una experiencia sin complicaciones. Este soporte de carga a\u00f1ade un toque de elegancia con su acabado en madera natural y ofrece una mezcla de estilo, funcionalidad y velocidad, por lo que es una opci\u00f3n ideal para los consumidores con conciencia ecol\u00f3gica. Perfecto tanto para uso dom\u00e9stico como en la oficina, mantiene su dispositivo alimentado.Personalizable.<\/p>","protected":false},"excerpt":{"rendered":"<p>Crafted from natural bamboo, this wireless charger stand is not only aesthetically pleasing but also solid and durable. It allows for both vertical and horizontal phone placement, enhancing its versatility for uses like Face ID, messaging, or video watching. Compatible &hellip; <a href=\"https:\/\/www.lihusl.com\/es\/producto\/bamboo-fast-wireless-charger-stand-with-wooden-coils\/\">Leer m\u00e1s<\/a><\/p>","protected":false},"featured_media":4767,"template":"","meta":{"om_disable_all_campaigns":false,"_monsterinsights_skip_tracking":false,"_monsterinsights_sitenote_active":false,"_monsterinsights_sitenote_note":"","_monsterinsights_sitenote_category":0},"product_brand":[],"product_cat":[110],"product_tag":[],"class_list":{"0":"post-4762","1":"product","2":"type-product","3":"status-publish","4":"has-post-thumbnail","6":"product_cat-electronics-tech-products","8":"first","9":"instock","10":"taxable","11":"shipping-taxable","12":"purchasable","13":"product-type-simple"},"yoast_head":"<!-- This site is optimized with the Yoast SEO plugin v27.4 - https:\/\/yoast.com\/product\/yoast-seo-wordpress\/ -->\n<title>Bamboo Fast Wireless Charger Stand with Wooden Coils - Lihu<\/title>\n<meta name=\"robots\" content=\"index, follow, max-snippet:-1, max-image-preview:large, max-video-preview:-1\" \/>\n<link rel=\"canonical\" href=\"https:\/\/www.lihusl.com\/es\/producto\/bamboo-fast-wireless-charger-stand-with-wooden-coils\/\" \/>\n<meta property=\"og:locale\" content=\"es_ES\" \/>\n<meta property=\"og:type\" content=\"article\" \/>\n<meta property=\"og:title\" content=\"Bamboo Fast Wireless Charger Stand with Wooden Coils - Lihu\" \/>\n<meta property=\"og:description\" content=\"Crafted from natural bamboo, this wireless charger stand is not only aesthetically pleasing but also solid and durable. It allows for both vertical and horizontal phone placement, enhancing its versatility for uses like Face ID, messaging, or video watching. Compatible &hellip; Readmore\" \/>\n<meta property=\"og:url\" content=\"https:\/\/www.lihusl.com\/es\/producto\/bamboo-fast-wireless-charger-stand-with-wooden-coils\/\" \/>\n<meta property=\"og:site_name\" content=\"Lihu\" \/>\n<meta property=\"article:modified_time\" content=\"2024-06-05T03:50:42+00:00\" \/>\n<meta property=\"og:image\" content=\"https:\/\/www.lihusl.com\/wp-content\/uploads\/2024\/06\/1-\u4e3b\u56fe-6.jpg\" \/>\n\t<meta property=\"og:image:width\" content=\"1200\" \/>\n\t<meta property=\"og:image:height\" content=\"1200\" \/>\n\t<meta property=\"og:image:type\" content=\"image\/jpeg\" \/>\n<meta name=\"twitter:card\" content=\"summary_large_image\" \/>\n<meta name=\"twitter:label1\" content=\"Tiempo de lectura\" \/>\n\t<meta name=\"twitter:data1\" content=\"1 minuto\" \/>\n<script type=\"application\/ld+json\" class=\"yoast-schema-graph\">{\"@context\":\"https:\\\/\\\/schema.org\",\"@graph\":[{\"@type\":\"WebPage\",\"@id\":\"https:\\\/\\\/www.lihusl.com\\\/product\\\/bamboo-fast-wireless-charger-stand-with-wooden-coils\\\/\",\"url\":\"https:\\\/\\\/www.lihusl.com\\\/product\\\/bamboo-fast-wireless-charger-stand-with-wooden-coils\\\/\",\"name\":\"Bamboo Fast Wireless Charger Stand with Wooden Coils - Lihu\",\"isPartOf\":{\"@id\":\"https:\\\/\\\/www.lihusl.com\\\/#website\"},\"primaryImageOfPage\":{\"@id\":\"https:\\\/\\\/www.lihusl.com\\\/product\\\/bamboo-fast-wireless-charger-stand-with-wooden-coils\\\/#primaryimage\"},\"image\":{\"@id\":\"https:\\\/\\\/www.lihusl.com\\\/product\\\/bamboo-fast-wireless-charger-stand-with-wooden-coils\\\/#primaryimage\"},\"thumbnailUrl\":\"https:\\\/\\\/www.lihusl.com\\\/wp-content\\\/uploads\\\/2024\\\/06\\\/1-\u4e3b\u56fe-6.jpg\",\"datePublished\":\"2024-06-05T03:50:40+00:00\",\"dateModified\":\"2024-06-05T03:50:42+00:00\",\"breadcrumb\":{\"@id\":\"https:\\\/\\\/www.lihusl.com\\\/product\\\/bamboo-fast-wireless-charger-stand-with-wooden-coils\\\/#breadcrumb\"},\"inLanguage\":\"es\",\"potentialAction\":[{\"@type\":\"ReadAction\",\"target\":[\"https:\\\/\\\/www.lihusl.com\\\/product\\\/bamboo-fast-wireless-charger-stand-with-wooden-coils\\\/\"]}]},{\"@type\":\"ImageObject\",\"inLanguage\":\"es\",\"@id\":\"https:\\\/\\\/www.lihusl.com\\\/product\\\/bamboo-fast-wireless-charger-stand-with-wooden-coils\\\/#primaryimage\",\"url\":\"https:\\\/\\\/www.lihusl.com\\\/wp-content\\\/uploads\\\/2024\\\/06\\\/1-\u4e3b\u56fe-6.jpg\",\"contentUrl\":\"https:\\\/\\\/www.lihusl.com\\\/wp-content\\\/uploads\\\/2024\\\/06\\\/1-\u4e3b\u56fe-6.jpg\",\"width\":1200,\"height\":1200},{\"@type\":\"BreadcrumbList\",\"@id\":\"https:\\\/\\\/www.lihusl.com\\\/product\\\/bamboo-fast-wireless-charger-stand-with-wooden-coils\\\/#breadcrumb\",\"itemListElement\":[{\"@type\":\"ListItem\",\"position\":1,\"name\":\"Home\",\"item\":\"https:\\\/\\\/www.lihusl.com\\\/\"},{\"@type\":\"ListItem\",\"position\":2,\"name\":\"Shop\",\"item\":\"https:\\\/\\\/www.lihusl.com\\\/shop\\\/\"},{\"@type\":\"ListItem\",\"position\":3,\"name\":\"Bamboo Fast Wireless Charger Stand with Wooden Coils\"}]},{\"@type\":\"WebSite\",\"@id\":\"https:\\\/\\\/www.lihusl.com\\\/#website\",\"url\":\"https:\\\/\\\/www.lihusl.com\\\/\",\"name\":\"Lihu\",\"description\":\"\",\"potentialAction\":[{\"@type\":\"SearchAction\",\"target\":{\"@type\":\"EntryPoint\",\"urlTemplate\":\"https:\\\/\\\/www.lihusl.com\\\/?s={search_term_string}\"},\"query-input\":{\"@type\":\"PropertyValueSpecification\",\"valueRequired\":true,\"valueName\":\"search_term_string\"}}],\"inLanguage\":\"es\"}]}<\/script>\n<!-- \/ Yoast SEO plugin. -->","yoast_head_json":{"title":"Bamboo Fast Wireless Charger Stand with Wooden Coils - Lihu","robots":{"index":"index","follow":"follow","max-snippet":"max-snippet:-1","max-image-preview":"max-image-preview:large","max-video-preview":"max-video-preview:-1"},"canonical":"https:\/\/www.lihusl.com\/es\/producto\/bamboo-fast-wireless-charger-stand-with-wooden-coils\/","og_locale":"es_ES","og_type":"article","og_title":"Bamboo Fast Wireless Charger Stand with Wooden Coils - Lihu","og_description":"Crafted from natural bamboo, this wireless charger stand is not only aesthetically pleasing but also solid and durable. It allows for both vertical and horizontal phone placement, enhancing its versatility for uses like Face ID, messaging, or video watching. Compatible &hellip; Readmore","og_url":"https:\/\/www.lihusl.com\/es\/producto\/bamboo-fast-wireless-charger-stand-with-wooden-coils\/","og_site_name":"Lihu","article_modified_time":"2024-06-05T03:50:42+00:00","og_image":[{"width":1200,"height":1200,"url":"https:\/\/www.lihusl.com\/wp-content\/uploads\/2024\/06\/1-\u4e3b\u56fe-6.jpg","type":"image\/jpeg"}],"twitter_card":"summary_large_image","twitter_misc":{"Tiempo de lectura":"1 minuto"},"schema":{"@context":"https:\/\/schema.org","@graph":[{"@type":"WebPage","@id":"https:\/\/www.lihusl.com\/product\/bamboo-fast-wireless-charger-stand-with-wooden-coils\/","url":"https:\/\/www.lihusl.com\/product\/bamboo-fast-wireless-charger-stand-with-wooden-coils\/","name":"Bamboo Fast Wireless Charger Stand with Wooden Coils - Lihu","isPartOf":{"@id":"https:\/\/www.lihusl.com\/#website"},"primaryImageOfPage":{"@id":"https:\/\/www.lihusl.com\/product\/bamboo-fast-wireless-charger-stand-with-wooden-coils\/#primaryimage"},"image":{"@id":"https:\/\/www.lihusl.com\/product\/bamboo-fast-wireless-charger-stand-with-wooden-coils\/#primaryimage"},"thumbnailUrl":"https:\/\/www.lihusl.com\/wp-content\/uploads\/2024\/06\/1-\u4e3b\u56fe-6.jpg","datePublished":"2024-06-05T03:50:40+00:00","dateModified":"2024-06-05T03:50:42+00:00","breadcrumb":{"@id":"https:\/\/www.lihusl.com\/product\/bamboo-fast-wireless-charger-stand-with-wooden-coils\/#breadcrumb"},"inLanguage":"es","potentialAction":[{"@type":"ReadAction","target":["https:\/\/www.lihusl.com\/product\/bamboo-fast-wireless-charger-stand-with-wooden-coils\/"]}]},{"@type":"ImageObject","inLanguage":"es","@id":"https:\/\/www.lihusl.com\/product\/bamboo-fast-wireless-charger-stand-with-wooden-coils\/#primaryimage","url":"https:\/\/www.lihusl.com\/wp-content\/uploads\/2024\/06\/1-\u4e3b\u56fe-6.jpg","contentUrl":"https:\/\/www.lihusl.com\/wp-content\/uploads\/2024\/06\/1-\u4e3b\u56fe-6.jpg","width":1200,"height":1200},{"@type":"BreadcrumbList","@id":"https:\/\/www.lihusl.com\/product\/bamboo-fast-wireless-charger-stand-with-wooden-coils\/#breadcrumb","itemListElement":[{"@type":"ListItem","position":1,"name":"Home","item":"https:\/\/www.lihusl.com\/"},{"@type":"ListItem","position":2,"name":"Shop","item":"https:\/\/www.lihusl.com\/shop\/"},{"@type":"ListItem","position":3,"name":"Bamboo Fast Wireless Charger Stand with Wooden Coils"}]},{"@type":"WebSite","@id":"https:\/\/www.lihusl.com\/#website","url":"https:\/\/www.lihusl.com\/","name":"Lihu","description":"","potentialAction":[{"@type":"SearchAction","target":{"@type":"EntryPoint","urlTemplate":"https:\/\/www.lihusl.com\/?s={search_term_string}"},"query-input":{"@type":"PropertyValueSpecification","valueRequired":true,"valueName":"search_term_string"}}],"inLanguage":"es"}]}},"jetpack_sharing_enabled":true,"_links":{"self":[{"href":"https:\/\/www.lihusl.com\/es\/wp-json\/wp\/v2\/product\/4762","targetHints":{"allow":["GET"]}}],"collection":[{"href":"https:\/\/www.lihusl.com\/es\/wp-json\/wp\/v2\/product"}],"about":[{"href":"https:\/\/www.lihusl.com\/es\/wp-json\/wp\/v2\/types\/product"}],"wp:featuredmedia":[{"embeddable":true,"href":"https:\/\/www.lihusl.com\/es\/wp-json\/wp\/v2\/media\/4767"}],"wp:attachment":[{"href":"https:\/\/www.lihusl.com\/es\/wp-json\/wp\/v2\/media?parent=4762"}],"wp:term":[{"taxonomy":"product_brand","embeddable":true,"href":"https:\/\/www.lihusl.com\/es\/wp-json\/wp\/v2\/product_brand?post=4762"},{"taxonomy":"product_cat","embeddable":true,"href":"https:\/\/www.lihusl.com\/es\/wp-json\/wp\/v2\/product_cat?post=4762"},{"taxonomy":"product_tag","embeddable":true,"href":"https:\/\/www.lihusl.com\/es\/wp-json\/wp\/v2\/product_tag?post=4762"}],"curies":[{"name":"wp","href":"https:\/\/api.w.org\/{rel}","templated":true}]}}