{"id":4770,"date":"2024-06-05T03:51:35","date_gmt":"2024-06-05T03:51:35","guid":{"rendered":"http:\/\/www.lihusl.com\/?post_type=product&#038;p=4770"},"modified":"2024-06-05T03:51:35","modified_gmt":"2024-06-05T03:51:35","slug":"multifunctional-silicone-double-layer-insulated-cup","status":"publish","type":"product","link":"https:\/\/www.lihusl.com\/es\/producto\/multifunctional-silicone-double-layer-insulated-cup\/","title":{"rendered":"Vaso aislante multifuncional de silicona de doble capa"},"content":{"rendered":"<p>Taza aislante multifuncional de silicona de doble capa, taza de acero inoxidable - ligera y port\u00e1til, f\u00e1cil de llevar a cualquier lugar, oficina, parque. La capa exterior es de silicona l\u00edquida y la interior de silicona platino. El dise\u00f1o de doble capa mantiene el calor durante m\u00e1s tiempo y hace que sea m\u00e1s fresco en verano. El anillo de sellado es a prueba de fugas y no gotea cuando se agita, por lo que se puede utilizar con confianza. Botella peque\u00f1a, ligera y port\u00e1til. F\u00e1cil de limpiar y se puede esterilizar a altas temperaturas. La superficie lisa del hervidor aislado y el buen dise\u00f1o de corte son seguros para sus manos. Mano de obra fina, no es f\u00e1cil de desgastar, muy pr\u00e1ctico de usar. .<br \/>\nSe pueden llevar al colegio, de viaje o al trabajo, muy c\u00f3modos y personalizables.<\/p>","protected":false},"excerpt":{"rendered":"<p>Multifunctional silicone double-layer insulated cup, stainless steel cup &#8211; lightweight and portable, easy to carry to any place, office, park. The outer layer is made of liquid silicone, and the inner layer is made of platinum silicone. The double-layer design &hellip; <a href=\"https:\/\/www.lihusl.com\/es\/producto\/multifunctional-silicone-double-layer-insulated-cup\/\">Leer m\u00e1s<\/a><\/p>","protected":false},"featured_media":4773,"template":"","meta":{"om_disable_all_campaigns":false,"_monsterinsights_skip_tracking":false,"_monsterinsights_sitenote_active":false,"_monsterinsights_sitenote_note":"","_monsterinsights_sitenote_category":0},"product_brand":[],"product_cat":[109],"product_tag":[],"class_list":{"0":"post-4770","1":"product","2":"type-product","3":"status-publish","4":"has-post-thumbnail","6":"product_cat-drinkware","8":"first","9":"instock","10":"taxable","11":"shipping-taxable","12":"purchasable","13":"product-type-simple"},"yoast_head":"<!-- This site is optimized with the Yoast SEO plugin v27.4 - https:\/\/yoast.com\/product\/yoast-seo-wordpress\/ -->\n<title>Multifunctional Silicone Double-layer Insulated Cup - Lihu<\/title>\n<meta name=\"robots\" content=\"index, follow, max-snippet:-1, max-image-preview:large, max-video-preview:-1\" \/>\n<link rel=\"canonical\" href=\"https:\/\/www.lihusl.com\/es\/producto\/multifunctional-silicone-double-layer-insulated-cup\/\" \/>\n<meta property=\"og:locale\" content=\"es_ES\" \/>\n<meta property=\"og:type\" content=\"article\" \/>\n<meta property=\"og:title\" content=\"Multifunctional Silicone Double-layer Insulated Cup - Lihu\" \/>\n<meta property=\"og:description\" content=\"Multifunctional silicone double-layer insulated cup, stainless steel cup &#8211; lightweight and portable, easy to carry to any place, office, park. The outer layer is made of liquid silicone, and the inner layer is made of platinum silicone. The double-layer design &hellip; Readmore\" \/>\n<meta property=\"og:url\" content=\"https:\/\/www.lihusl.com\/es\/producto\/multifunctional-silicone-double-layer-insulated-cup\/\" \/>\n<meta property=\"og:site_name\" content=\"Lihu\" \/>\n<meta property=\"og:image\" content=\"https:\/\/www.lihusl.com\/wp-content\/uploads\/2024\/06\/1-\u4e3b\u56fe-7.jpg\" \/>\n\t<meta property=\"og:image:width\" content=\"1200\" \/>\n\t<meta property=\"og:image:height\" content=\"1200\" \/>\n\t<meta property=\"og:image:type\" content=\"image\/jpeg\" \/>\n<meta name=\"twitter:card\" content=\"summary_large_image\" \/>\n<meta name=\"twitter:label1\" content=\"Tiempo de lectura\" \/>\n\t<meta name=\"twitter:data1\" content=\"1 minuto\" \/>\n<script type=\"application\/ld+json\" class=\"yoast-schema-graph\">{\"@context\":\"https:\\\/\\\/schema.org\",\"@graph\":[{\"@type\":\"WebPage\",\"@id\":\"https:\\\/\\\/www.lihusl.com\\\/product\\\/multifunctional-silicone-double-layer-insulated-cup\\\/\",\"url\":\"https:\\\/\\\/www.lihusl.com\\\/product\\\/multifunctional-silicone-double-layer-insulated-cup\\\/\",\"name\":\"Multifunctional Silicone Double-layer Insulated Cup - Lihu\",\"isPartOf\":{\"@id\":\"https:\\\/\\\/www.lihusl.com\\\/#website\"},\"primaryImageOfPage\":{\"@id\":\"https:\\\/\\\/www.lihusl.com\\\/product\\\/multifunctional-silicone-double-layer-insulated-cup\\\/#primaryimage\"},\"image\":{\"@id\":\"https:\\\/\\\/www.lihusl.com\\\/product\\\/multifunctional-silicone-double-layer-insulated-cup\\\/#primaryimage\"},\"thumbnailUrl\":\"https:\\\/\\\/www.lihusl.com\\\/wp-content\\\/uploads\\\/2024\\\/06\\\/1-\u4e3b\u56fe-7.jpg\",\"datePublished\":\"2024-06-05T03:51:35+00:00\",\"breadcrumb\":{\"@id\":\"https:\\\/\\\/www.lihusl.com\\\/product\\\/multifunctional-silicone-double-layer-insulated-cup\\\/#breadcrumb\"},\"inLanguage\":\"es\",\"potentialAction\":[{\"@type\":\"ReadAction\",\"target\":[\"https:\\\/\\\/www.lihusl.com\\\/product\\\/multifunctional-silicone-double-layer-insulated-cup\\\/\"]}]},{\"@type\":\"ImageObject\",\"inLanguage\":\"es\",\"@id\":\"https:\\\/\\\/www.lihusl.com\\\/product\\\/multifunctional-silicone-double-layer-insulated-cup\\\/#primaryimage\",\"url\":\"https:\\\/\\\/www.lihusl.com\\\/wp-content\\\/uploads\\\/2024\\\/06\\\/1-\u4e3b\u56fe-7.jpg\",\"contentUrl\":\"https:\\\/\\\/www.lihusl.com\\\/wp-content\\\/uploads\\\/2024\\\/06\\\/1-\u4e3b\u56fe-7.jpg\",\"width\":1200,\"height\":1200},{\"@type\":\"BreadcrumbList\",\"@id\":\"https:\\\/\\\/www.lihusl.com\\\/product\\\/multifunctional-silicone-double-layer-insulated-cup\\\/#breadcrumb\",\"itemListElement\":[{\"@type\":\"ListItem\",\"position\":1,\"name\":\"Home\",\"item\":\"https:\\\/\\\/www.lihusl.com\\\/\"},{\"@type\":\"ListItem\",\"position\":2,\"name\":\"Shop\",\"item\":\"https:\\\/\\\/www.lihusl.com\\\/shop\\\/\"},{\"@type\":\"ListItem\",\"position\":3,\"name\":\"Multifunctional Silicone Double-layer Insulated Cup\"}]},{\"@type\":\"WebSite\",\"@id\":\"https:\\\/\\\/www.lihusl.com\\\/#website\",\"url\":\"https:\\\/\\\/www.lihusl.com\\\/\",\"name\":\"Lihu\",\"description\":\"\",\"potentialAction\":[{\"@type\":\"SearchAction\",\"target\":{\"@type\":\"EntryPoint\",\"urlTemplate\":\"https:\\\/\\\/www.lihusl.com\\\/?s={search_term_string}\"},\"query-input\":{\"@type\":\"PropertyValueSpecification\",\"valueRequired\":true,\"valueName\":\"search_term_string\"}}],\"inLanguage\":\"es\"}]}<\/script>\n<!-- \/ Yoast SEO plugin. -->","yoast_head_json":{"title":"Multifunctional Silicone Double-layer Insulated Cup - Lihu","robots":{"index":"index","follow":"follow","max-snippet":"max-snippet:-1","max-image-preview":"max-image-preview:large","max-video-preview":"max-video-preview:-1"},"canonical":"https:\/\/www.lihusl.com\/es\/producto\/multifunctional-silicone-double-layer-insulated-cup\/","og_locale":"es_ES","og_type":"article","og_title":"Multifunctional Silicone Double-layer Insulated Cup - Lihu","og_description":"Multifunctional silicone double-layer insulated cup, stainless steel cup &#8211; lightweight and portable, easy to carry to any place, office, park. The outer layer is made of liquid silicone, and the inner layer is made of platinum silicone. The double-layer design &hellip; Readmore","og_url":"https:\/\/www.lihusl.com\/es\/producto\/multifunctional-silicone-double-layer-insulated-cup\/","og_site_name":"Lihu","og_image":[{"width":1200,"height":1200,"url":"https:\/\/www.lihusl.com\/wp-content\/uploads\/2024\/06\/1-\u4e3b\u56fe-7.jpg","type":"image\/jpeg"}],"twitter_card":"summary_large_image","twitter_misc":{"Tiempo de lectura":"1 minuto"},"schema":{"@context":"https:\/\/schema.org","@graph":[{"@type":"WebPage","@id":"https:\/\/www.lihusl.com\/product\/multifunctional-silicone-double-layer-insulated-cup\/","url":"https:\/\/www.lihusl.com\/product\/multifunctional-silicone-double-layer-insulated-cup\/","name":"Multifunctional Silicone Double-layer Insulated Cup - Lihu","isPartOf":{"@id":"https:\/\/www.lihusl.com\/#website"},"primaryImageOfPage":{"@id":"https:\/\/www.lihusl.com\/product\/multifunctional-silicone-double-layer-insulated-cup\/#primaryimage"},"image":{"@id":"https:\/\/www.lihusl.com\/product\/multifunctional-silicone-double-layer-insulated-cup\/#primaryimage"},"thumbnailUrl":"https:\/\/www.lihusl.com\/wp-content\/uploads\/2024\/06\/1-\u4e3b\u56fe-7.jpg","datePublished":"2024-06-05T03:51:35+00:00","breadcrumb":{"@id":"https:\/\/www.lihusl.com\/product\/multifunctional-silicone-double-layer-insulated-cup\/#breadcrumb"},"inLanguage":"es","potentialAction":[{"@type":"ReadAction","target":["https:\/\/www.lihusl.com\/product\/multifunctional-silicone-double-layer-insulated-cup\/"]}]},{"@type":"ImageObject","inLanguage":"es","@id":"https:\/\/www.lihusl.com\/product\/multifunctional-silicone-double-layer-insulated-cup\/#primaryimage","url":"https:\/\/www.lihusl.com\/wp-content\/uploads\/2024\/06\/1-\u4e3b\u56fe-7.jpg","contentUrl":"https:\/\/www.lihusl.com\/wp-content\/uploads\/2024\/06\/1-\u4e3b\u56fe-7.jpg","width":1200,"height":1200},{"@type":"BreadcrumbList","@id":"https:\/\/www.lihusl.com\/product\/multifunctional-silicone-double-layer-insulated-cup\/#breadcrumb","itemListElement":[{"@type":"ListItem","position":1,"name":"Home","item":"https:\/\/www.lihusl.com\/"},{"@type":"ListItem","position":2,"name":"Shop","item":"https:\/\/www.lihusl.com\/shop\/"},{"@type":"ListItem","position":3,"name":"Multifunctional Silicone Double-layer Insulated Cup"}]},{"@type":"WebSite","@id":"https:\/\/www.lihusl.com\/#website","url":"https:\/\/www.lihusl.com\/","name":"Lihu","description":"","potentialAction":[{"@type":"SearchAction","target":{"@type":"EntryPoint","urlTemplate":"https:\/\/www.lihusl.com\/?s={search_term_string}"},"query-input":{"@type":"PropertyValueSpecification","valueRequired":true,"valueName":"search_term_string"}}],"inLanguage":"es"}]}},"jetpack_sharing_enabled":true,"_links":{"self":[{"href":"https:\/\/www.lihusl.com\/es\/wp-json\/wp\/v2\/product\/4770","targetHints":{"allow":["GET"]}}],"collection":[{"href":"https:\/\/www.lihusl.com\/es\/wp-json\/wp\/v2\/product"}],"about":[{"href":"https:\/\/www.lihusl.com\/es\/wp-json\/wp\/v2\/types\/product"}],"wp:featuredmedia":[{"embeddable":true,"href":"https:\/\/www.lihusl.com\/es\/wp-json\/wp\/v2\/media\/4773"}],"wp:attachment":[{"href":"https:\/\/www.lihusl.com\/es\/wp-json\/wp\/v2\/media?parent=4770"}],"wp:term":[{"taxonomy":"product_brand","embeddable":true,"href":"https:\/\/www.lihusl.com\/es\/wp-json\/wp\/v2\/product_brand?post=4770"},{"taxonomy":"product_cat","embeddable":true,"href":"https:\/\/www.lihusl.com\/es\/wp-json\/wp\/v2\/product_cat?post=4770"},{"taxonomy":"product_tag","embeddable":true,"href":"https:\/\/www.lihusl.com\/es\/wp-json\/wp\/v2\/product_tag?post=4770"}],"curies":[{"name":"wp","href":"https:\/\/api.w.org\/{rel}","templated":true}]}}