{"id":4777,"date":"2024-06-05T03:53:07","date_gmt":"2024-06-05T03:53:07","guid":{"rendered":"http:\/\/www.lihusl.com\/?post_type=product&#038;p=4777"},"modified":"2024-06-05T03:53:08","modified_gmt":"2024-06-05T03:53:08","slug":"mini-pressure-relief-ventilation-fingertip-silicone-keychain","status":"publish","type":"product","link":"https:\/\/www.lihusl.com\/es\/producto\/mini-pressure-relief-ventilation-fingertip-silicone-keychain\/","title":{"rendered":"Mini llavero de silicona de ventilaci\u00f3n de alivio de presi\u00f3n para los dedos"},"content":{"rendered":"<p>Mini llavero Pioneer Pressure Relief Ventilation Fingertip. Ayuda a dar salida a la energ\u00eda inquieta y al estr\u00e9s, permitiendo que la mente se calme y se concentre. Nuestro producto es un dispositivo silencioso, que no emite sonidos de distracci\u00f3n cuando se utiliza. Las investigaciones demuestran que gastar el exceso de energ\u00eda a trav\u00e9s de la ansiedad puede mejorar las habilidades de aprendizaje. Perfecto como dispositivo de autorregulaci\u00f3n o simplemente como diversi\u00f3n para ni\u00f1os y adultos. Peque\u00f1o y ligero, para que pueda guardarlo f\u00e1cilmente en el bolsillo y llev\u00e1rselo a cualquier parte. Cuando el llavero no se utiliza como dispositivo antiestr\u00e9s, se puede utilizar como un divertido llavero en la mochila, la fiambrera o el llavero. Simplemente presione las burbujas hacia abajo para obtener una sensaci\u00f3n de estallido silencioso. Una vez presionadas todas las burbujas, \u00a1simplemente dale la vuelta para obtener m\u00e1s satisfacci\u00f3n! personalizable.<\/p>","protected":false},"excerpt":{"rendered":"<p>Mini Pioneer Pressure Relief Ventilation Fingertip Keychain. Helps provide an outlet for restless energy and stress, allowing the mind to calm and focus. Our product is a silent device, which does not release distracting sounds when used. Research shows that &hellip; <a href=\"https:\/\/www.lihusl.com\/es\/producto\/mini-pressure-relief-ventilation-fingertip-silicone-keychain\/\">Leer m\u00e1s<\/a><\/p>","protected":false},"featured_media":4778,"template":"","meta":{"om_disable_all_campaigns":false,"_monsterinsights_skip_tracking":false,"_monsterinsights_sitenote_active":false,"_monsterinsights_sitenote_note":"","_monsterinsights_sitenote_category":0},"product_brand":[],"product_cat":[116],"product_tag":[],"class_list":{"0":"post-4777","1":"product","2":"type-product","3":"status-publish","4":"has-post-thumbnail","6":"product_cat-key-chains","8":"first","9":"instock","10":"taxable","11":"shipping-taxable","12":"purchasable","13":"product-type-simple"},"yoast_head":"<!-- This site is optimized with the Yoast SEO plugin v27.4 - https:\/\/yoast.com\/product\/yoast-seo-wordpress\/ -->\n<title>Mini Pressure Relief Ventilation Fingertip Silicone Keychain - Lihu<\/title>\n<meta name=\"robots\" content=\"index, follow, max-snippet:-1, max-image-preview:large, max-video-preview:-1\" \/>\n<link rel=\"canonical\" href=\"https:\/\/www.lihusl.com\/es\/producto\/mini-pressure-relief-ventilation-fingertip-silicone-keychain\/\" \/>\n<meta property=\"og:locale\" content=\"es_ES\" \/>\n<meta property=\"og:type\" content=\"article\" \/>\n<meta property=\"og:title\" content=\"Mini Pressure Relief Ventilation Fingertip Silicone Keychain - Lihu\" \/>\n<meta property=\"og:description\" content=\"Mini Pioneer Pressure Relief Ventilation Fingertip Keychain. Helps provide an outlet for restless energy and stress, allowing the mind to calm and focus. Our product is a silent device, which does not release distracting sounds when used. Research shows that &hellip; Readmore\" \/>\n<meta property=\"og:url\" content=\"https:\/\/www.lihusl.com\/es\/producto\/mini-pressure-relief-ventilation-fingertip-silicone-keychain\/\" \/>\n<meta property=\"og:site_name\" content=\"Lihu\" \/>\n<meta property=\"article:modified_time\" content=\"2024-06-05T03:53:08+00:00\" \/>\n<meta property=\"og:image\" content=\"https:\/\/www.lihusl.com\/wp-content\/uploads\/2024\/06\/1-\u4e3b\u56fe-8.jpg\" \/>\n\t<meta property=\"og:image:width\" content=\"1200\" \/>\n\t<meta property=\"og:image:height\" content=\"1200\" \/>\n\t<meta property=\"og:image:type\" content=\"image\/jpeg\" \/>\n<meta name=\"twitter:card\" content=\"summary_large_image\" \/>\n<meta name=\"twitter:label1\" content=\"Tiempo de lectura\" \/>\n\t<meta name=\"twitter:data1\" content=\"1 minuto\" \/>\n<script type=\"application\/ld+json\" class=\"yoast-schema-graph\">{\"@context\":\"https:\\\/\\\/schema.org\",\"@graph\":[{\"@type\":\"WebPage\",\"@id\":\"https:\\\/\\\/www.lihusl.com\\\/product\\\/mini-pressure-relief-ventilation-fingertip-silicone-keychain\\\/\",\"url\":\"https:\\\/\\\/www.lihusl.com\\\/product\\\/mini-pressure-relief-ventilation-fingertip-silicone-keychain\\\/\",\"name\":\"Mini Pressure Relief Ventilation Fingertip Silicone Keychain - Lihu\",\"isPartOf\":{\"@id\":\"https:\\\/\\\/www.lihusl.com\\\/#website\"},\"primaryImageOfPage\":{\"@id\":\"https:\\\/\\\/www.lihusl.com\\\/product\\\/mini-pressure-relief-ventilation-fingertip-silicone-keychain\\\/#primaryimage\"},\"image\":{\"@id\":\"https:\\\/\\\/www.lihusl.com\\\/product\\\/mini-pressure-relief-ventilation-fingertip-silicone-keychain\\\/#primaryimage\"},\"thumbnailUrl\":\"https:\\\/\\\/www.lihusl.com\\\/wp-content\\\/uploads\\\/2024\\\/06\\\/1-\u4e3b\u56fe-8.jpg\",\"datePublished\":\"2024-06-05T03:53:07+00:00\",\"dateModified\":\"2024-06-05T03:53:08+00:00\",\"breadcrumb\":{\"@id\":\"https:\\\/\\\/www.lihusl.com\\\/product\\\/mini-pressure-relief-ventilation-fingertip-silicone-keychain\\\/#breadcrumb\"},\"inLanguage\":\"es\",\"potentialAction\":[{\"@type\":\"ReadAction\",\"target\":[\"https:\\\/\\\/www.lihusl.com\\\/product\\\/mini-pressure-relief-ventilation-fingertip-silicone-keychain\\\/\"]}]},{\"@type\":\"ImageObject\",\"inLanguage\":\"es\",\"@id\":\"https:\\\/\\\/www.lihusl.com\\\/product\\\/mini-pressure-relief-ventilation-fingertip-silicone-keychain\\\/#primaryimage\",\"url\":\"https:\\\/\\\/www.lihusl.com\\\/wp-content\\\/uploads\\\/2024\\\/06\\\/1-\u4e3b\u56fe-8.jpg\",\"contentUrl\":\"https:\\\/\\\/www.lihusl.com\\\/wp-content\\\/uploads\\\/2024\\\/06\\\/1-\u4e3b\u56fe-8.jpg\",\"width\":1200,\"height\":1200},{\"@type\":\"BreadcrumbList\",\"@id\":\"https:\\\/\\\/www.lihusl.com\\\/product\\\/mini-pressure-relief-ventilation-fingertip-silicone-keychain\\\/#breadcrumb\",\"itemListElement\":[{\"@type\":\"ListItem\",\"position\":1,\"name\":\"Home\",\"item\":\"https:\\\/\\\/www.lihusl.com\\\/\"},{\"@type\":\"ListItem\",\"position\":2,\"name\":\"Shop\",\"item\":\"https:\\\/\\\/www.lihusl.com\\\/shop\\\/\"},{\"@type\":\"ListItem\",\"position\":3,\"name\":\"Mini Pressure Relief Ventilation Fingertip Silicone Keychain\"}]},{\"@type\":\"WebSite\",\"@id\":\"https:\\\/\\\/www.lihusl.com\\\/#website\",\"url\":\"https:\\\/\\\/www.lihusl.com\\\/\",\"name\":\"Lihu\",\"description\":\"\",\"potentialAction\":[{\"@type\":\"SearchAction\",\"target\":{\"@type\":\"EntryPoint\",\"urlTemplate\":\"https:\\\/\\\/www.lihusl.com\\\/?s={search_term_string}\"},\"query-input\":{\"@type\":\"PropertyValueSpecification\",\"valueRequired\":true,\"valueName\":\"search_term_string\"}}],\"inLanguage\":\"es\"}]}<\/script>\n<!-- \/ Yoast SEO plugin. -->","yoast_head_json":{"title":"Mini Pressure Relief Ventilation Fingertip Silicone Keychain - Lihu","robots":{"index":"index","follow":"follow","max-snippet":"max-snippet:-1","max-image-preview":"max-image-preview:large","max-video-preview":"max-video-preview:-1"},"canonical":"https:\/\/www.lihusl.com\/es\/producto\/mini-pressure-relief-ventilation-fingertip-silicone-keychain\/","og_locale":"es_ES","og_type":"article","og_title":"Mini Pressure Relief Ventilation Fingertip Silicone Keychain - Lihu","og_description":"Mini Pioneer Pressure Relief Ventilation Fingertip Keychain. Helps provide an outlet for restless energy and stress, allowing the mind to calm and focus. Our product is a silent device, which does not release distracting sounds when used. Research shows that &hellip; Readmore","og_url":"https:\/\/www.lihusl.com\/es\/producto\/mini-pressure-relief-ventilation-fingertip-silicone-keychain\/","og_site_name":"Lihu","article_modified_time":"2024-06-05T03:53:08+00:00","og_image":[{"width":1200,"height":1200,"url":"https:\/\/www.lihusl.com\/wp-content\/uploads\/2024\/06\/1-\u4e3b\u56fe-8.jpg","type":"image\/jpeg"}],"twitter_card":"summary_large_image","twitter_misc":{"Tiempo de lectura":"1 minuto"},"schema":{"@context":"https:\/\/schema.org","@graph":[{"@type":"WebPage","@id":"https:\/\/www.lihusl.com\/product\/mini-pressure-relief-ventilation-fingertip-silicone-keychain\/","url":"https:\/\/www.lihusl.com\/product\/mini-pressure-relief-ventilation-fingertip-silicone-keychain\/","name":"Mini Pressure Relief Ventilation Fingertip Silicone Keychain - Lihu","isPartOf":{"@id":"https:\/\/www.lihusl.com\/#website"},"primaryImageOfPage":{"@id":"https:\/\/www.lihusl.com\/product\/mini-pressure-relief-ventilation-fingertip-silicone-keychain\/#primaryimage"},"image":{"@id":"https:\/\/www.lihusl.com\/product\/mini-pressure-relief-ventilation-fingertip-silicone-keychain\/#primaryimage"},"thumbnailUrl":"https:\/\/www.lihusl.com\/wp-content\/uploads\/2024\/06\/1-\u4e3b\u56fe-8.jpg","datePublished":"2024-06-05T03:53:07+00:00","dateModified":"2024-06-05T03:53:08+00:00","breadcrumb":{"@id":"https:\/\/www.lihusl.com\/product\/mini-pressure-relief-ventilation-fingertip-silicone-keychain\/#breadcrumb"},"inLanguage":"es","potentialAction":[{"@type":"ReadAction","target":["https:\/\/www.lihusl.com\/product\/mini-pressure-relief-ventilation-fingertip-silicone-keychain\/"]}]},{"@type":"ImageObject","inLanguage":"es","@id":"https:\/\/www.lihusl.com\/product\/mini-pressure-relief-ventilation-fingertip-silicone-keychain\/#primaryimage","url":"https:\/\/www.lihusl.com\/wp-content\/uploads\/2024\/06\/1-\u4e3b\u56fe-8.jpg","contentUrl":"https:\/\/www.lihusl.com\/wp-content\/uploads\/2024\/06\/1-\u4e3b\u56fe-8.jpg","width":1200,"height":1200},{"@type":"BreadcrumbList","@id":"https:\/\/www.lihusl.com\/product\/mini-pressure-relief-ventilation-fingertip-silicone-keychain\/#breadcrumb","itemListElement":[{"@type":"ListItem","position":1,"name":"Home","item":"https:\/\/www.lihusl.com\/"},{"@type":"ListItem","position":2,"name":"Shop","item":"https:\/\/www.lihusl.com\/shop\/"},{"@type":"ListItem","position":3,"name":"Mini Pressure Relief Ventilation Fingertip Silicone Keychain"}]},{"@type":"WebSite","@id":"https:\/\/www.lihusl.com\/#website","url":"https:\/\/www.lihusl.com\/","name":"Lihu","description":"","potentialAction":[{"@type":"SearchAction","target":{"@type":"EntryPoint","urlTemplate":"https:\/\/www.lihusl.com\/?s={search_term_string}"},"query-input":{"@type":"PropertyValueSpecification","valueRequired":true,"valueName":"search_term_string"}}],"inLanguage":"es"}]}},"jetpack_sharing_enabled":true,"_links":{"self":[{"href":"https:\/\/www.lihusl.com\/es\/wp-json\/wp\/v2\/product\/4777","targetHints":{"allow":["GET"]}}],"collection":[{"href":"https:\/\/www.lihusl.com\/es\/wp-json\/wp\/v2\/product"}],"about":[{"href":"https:\/\/www.lihusl.com\/es\/wp-json\/wp\/v2\/types\/product"}],"wp:featuredmedia":[{"embeddable":true,"href":"https:\/\/www.lihusl.com\/es\/wp-json\/wp\/v2\/media\/4778"}],"wp:attachment":[{"href":"https:\/\/www.lihusl.com\/es\/wp-json\/wp\/v2\/media?parent=4777"}],"wp:term":[{"taxonomy":"product_brand","embeddable":true,"href":"https:\/\/www.lihusl.com\/es\/wp-json\/wp\/v2\/product_brand?post=4777"},{"taxonomy":"product_cat","embeddable":true,"href":"https:\/\/www.lihusl.com\/es\/wp-json\/wp\/v2\/product_cat?post=4777"},{"taxonomy":"product_tag","embeddable":true,"href":"https:\/\/www.lihusl.com\/es\/wp-json\/wp\/v2\/product_tag?post=4777"}],"curies":[{"name":"wp","href":"https:\/\/api.w.org\/{rel}","templated":true}]}}