{"id":4779,"date":"2024-06-05T03:54:03","date_gmt":"2024-06-05T03:54:03","guid":{"rendered":"http:\/\/www.lihusl.com\/?post_type=product&#038;p=4779"},"modified":"2026-01-29T18:54:46","modified_gmt":"2026-01-29T10:54:46","slug":"led-hat-cowboy-sequin-party-cap-flashing-light-up-for-festival","status":"publish","type":"product","link":"https:\/\/www.lihusl.com\/es\/producto\/led-hat-cowboy-sequin-party-cap-flashing-light-up-for-festival\/","title":{"rendered":"Led Sombrero Cowboy Lentejuelas Fiesta Gorra Intermitente Light Up Para Festival"},"content":{"rendered":"<p>Presentamos el bol\u00edgrafo promocional de pl\u00e1stico Baseball para regalo publicitario: una combinaci\u00f3n perfecta de funcionalidad y encanto deportivo. Fabricado en pl\u00e1stico resistente con un dise\u00f1o tem\u00e1tico de b\u00e9isbol, este bol\u00edgrafo imita una pelota de b\u00e9isbol real, lo que lo convierte en un gran tema de conversaci\u00f3n. Ofrece una escritura suave con tinta de alta calidad y un amplio espacio para personalizar la marca, ideal para campa\u00f1as promocionales. Ligero, con un dise\u00f1o retr\u00e1ctil y un clip resistente, es pr\u00e1ctico para el uso diario y perfecto para regalar en eventos deportivos, actos escolares o promociones corporativas. Una opci\u00f3n rentable para compras al por mayor, este bol\u00edgrafo mantiene su marca en el punto de mira mientras deleita a los aficionados al b\u00e9isbol. Invierta hoy y consiga grandes resultados en marketing. Personalizable.<\/p>","protected":false},"excerpt":{"rendered":"<p>Introducing the Plastic Baseball Advertising Gift Promotional Ballpoint Pen \u2013 a perfect blend of functionality and sporty charm. Crafted from durable plastic with a baseball-themed design, this pen features that mimics a real baseball, making it a great conversation starter. &hellip; <a href=\"https:\/\/www.lihusl.com\/es\/producto\/led-hat-cowboy-sequin-party-cap-flashing-light-up-for-festival\/\">Leer m\u00e1s<\/a><\/p>","protected":false},"featured_media":4784,"template":"","meta":{"om_disable_all_campaigns":false,"_monsterinsights_skip_tracking":false,"_monsterinsights_sitenote_active":false,"_monsterinsights_sitenote_note":"","_monsterinsights_sitenote_category":0},"product_brand":[],"product_cat":[150],"product_tag":[],"class_list":{"0":"post-4779","1":"product","2":"type-product","3":"status-publish","4":"has-post-thumbnail","6":"product_cat-caps-hats","8":"first","9":"instock","10":"taxable","11":"shipping-taxable","12":"purchasable","13":"product-type-simple"},"yoast_head":"<!-- This site is optimized with the Yoast SEO plugin v27.4 - https:\/\/yoast.com\/product\/yoast-seo-wordpress\/ -->\n<title>Led Hat Cowboy Sequin Party Cap Flashing Light Up  For Festival - Lihu<\/title>\n<meta name=\"robots\" content=\"index, follow, max-snippet:-1, max-image-preview:large, max-video-preview:-1\" \/>\n<link rel=\"canonical\" href=\"https:\/\/www.lihusl.com\/es\/producto\/led-hat-cowboy-sequin-party-cap-flashing-light-up-for-festival\/\" \/>\n<meta property=\"og:locale\" content=\"es_ES\" \/>\n<meta property=\"og:type\" content=\"article\" \/>\n<meta property=\"og:title\" content=\"Led Hat Cowboy Sequin Party Cap Flashing Light Up  For Festival - Lihu\" \/>\n<meta property=\"og:description\" content=\"Introducing the Plastic Baseball Advertising Gift Promotional Ballpoint Pen \u2013 a perfect blend of functionality and sporty charm. Crafted from durable plastic with a baseball-themed design, this pen features that mimics a real baseball, making it a great conversation starter. &hellip; Readmore\" \/>\n<meta property=\"og:url\" content=\"https:\/\/www.lihusl.com\/es\/producto\/led-hat-cowboy-sequin-party-cap-flashing-light-up-for-festival\/\" \/>\n<meta property=\"og:site_name\" content=\"Lihu\" \/>\n<meta property=\"article:modified_time\" content=\"2026-01-29T10:54:46+00:00\" \/>\n<meta property=\"og:image\" content=\"https:\/\/www.lihusl.com\/wp-content\/uploads\/2024\/06\/1.jpg\" \/>\n\t<meta property=\"og:image:width\" content=\"1200\" \/>\n\t<meta property=\"og:image:height\" content=\"1200\" \/>\n\t<meta property=\"og:image:type\" content=\"image\/jpeg\" \/>\n<meta name=\"twitter:card\" content=\"summary_large_image\" \/>\n<meta name=\"twitter:label1\" content=\"Tiempo de lectura\" \/>\n\t<meta name=\"twitter:data1\" content=\"1 minuto\" \/>\n<script type=\"application\/ld+json\" class=\"yoast-schema-graph\">{\"@context\":\"https:\\\/\\\/schema.org\",\"@graph\":[{\"@type\":\"WebPage\",\"@id\":\"https:\\\/\\\/www.lihusl.com\\\/product\\\/led-hat-cowboy-sequin-party-cap-flashing-light-up-for-festival\\\/\",\"url\":\"https:\\\/\\\/www.lihusl.com\\\/product\\\/led-hat-cowboy-sequin-party-cap-flashing-light-up-for-festival\\\/\",\"name\":\"Led Hat Cowboy Sequin Party Cap Flashing Light Up For Festival - Lihu\",\"isPartOf\":{\"@id\":\"https:\\\/\\\/www.lihusl.com\\\/#website\"},\"primaryImageOfPage\":{\"@id\":\"https:\\\/\\\/www.lihusl.com\\\/product\\\/led-hat-cowboy-sequin-party-cap-flashing-light-up-for-festival\\\/#primaryimage\"},\"image\":{\"@id\":\"https:\\\/\\\/www.lihusl.com\\\/product\\\/led-hat-cowboy-sequin-party-cap-flashing-light-up-for-festival\\\/#primaryimage\"},\"thumbnailUrl\":\"https:\\\/\\\/www.lihusl.com\\\/wp-content\\\/uploads\\\/2024\\\/06\\\/1.jpg\",\"datePublished\":\"2024-06-05T03:54:03+00:00\",\"dateModified\":\"2026-01-29T10:54:46+00:00\",\"breadcrumb\":{\"@id\":\"https:\\\/\\\/www.lihusl.com\\\/product\\\/led-hat-cowboy-sequin-party-cap-flashing-light-up-for-festival\\\/#breadcrumb\"},\"inLanguage\":\"es\",\"potentialAction\":[{\"@type\":\"ReadAction\",\"target\":[\"https:\\\/\\\/www.lihusl.com\\\/product\\\/led-hat-cowboy-sequin-party-cap-flashing-light-up-for-festival\\\/\"]}]},{\"@type\":\"ImageObject\",\"inLanguage\":\"es\",\"@id\":\"https:\\\/\\\/www.lihusl.com\\\/product\\\/led-hat-cowboy-sequin-party-cap-flashing-light-up-for-festival\\\/#primaryimage\",\"url\":\"https:\\\/\\\/www.lihusl.com\\\/wp-content\\\/uploads\\\/2024\\\/06\\\/1.jpg\",\"contentUrl\":\"https:\\\/\\\/www.lihusl.com\\\/wp-content\\\/uploads\\\/2024\\\/06\\\/1.jpg\",\"width\":1200,\"height\":1200},{\"@type\":\"BreadcrumbList\",\"@id\":\"https:\\\/\\\/www.lihusl.com\\\/product\\\/led-hat-cowboy-sequin-party-cap-flashing-light-up-for-festival\\\/#breadcrumb\",\"itemListElement\":[{\"@type\":\"ListItem\",\"position\":1,\"name\":\"Home\",\"item\":\"https:\\\/\\\/www.lihusl.com\\\/\"},{\"@type\":\"ListItem\",\"position\":2,\"name\":\"Shop\",\"item\":\"https:\\\/\\\/www.lihusl.com\\\/shop\\\/\"},{\"@type\":\"ListItem\",\"position\":3,\"name\":\"Led Hat Cowboy Sequin Party Cap Flashing Light Up For Festival\"}]},{\"@type\":\"WebSite\",\"@id\":\"https:\\\/\\\/www.lihusl.com\\\/#website\",\"url\":\"https:\\\/\\\/www.lihusl.com\\\/\",\"name\":\"Lihu\",\"description\":\"\",\"potentialAction\":[{\"@type\":\"SearchAction\",\"target\":{\"@type\":\"EntryPoint\",\"urlTemplate\":\"https:\\\/\\\/www.lihusl.com\\\/?s={search_term_string}\"},\"query-input\":{\"@type\":\"PropertyValueSpecification\",\"valueRequired\":true,\"valueName\":\"search_term_string\"}}],\"inLanguage\":\"es\"}]}<\/script>\n<!-- \/ Yoast SEO plugin. -->","yoast_head_json":{"title":"Led Hat Cowboy Sequin Party Cap Flashing Light Up  For Festival - Lihu","robots":{"index":"index","follow":"follow","max-snippet":"max-snippet:-1","max-image-preview":"max-image-preview:large","max-video-preview":"max-video-preview:-1"},"canonical":"https:\/\/www.lihusl.com\/es\/producto\/led-hat-cowboy-sequin-party-cap-flashing-light-up-for-festival\/","og_locale":"es_ES","og_type":"article","og_title":"Led Hat Cowboy Sequin Party Cap Flashing Light Up  For Festival - Lihu","og_description":"Introducing the Plastic Baseball Advertising Gift Promotional Ballpoint Pen \u2013 a perfect blend of functionality and sporty charm. Crafted from durable plastic with a baseball-themed design, this pen features that mimics a real baseball, making it a great conversation starter. &hellip; Readmore","og_url":"https:\/\/www.lihusl.com\/es\/producto\/led-hat-cowboy-sequin-party-cap-flashing-light-up-for-festival\/","og_site_name":"Lihu","article_modified_time":"2026-01-29T10:54:46+00:00","og_image":[{"width":1200,"height":1200,"url":"https:\/\/www.lihusl.com\/wp-content\/uploads\/2024\/06\/1.jpg","type":"image\/jpeg"}],"twitter_card":"summary_large_image","twitter_misc":{"Tiempo de lectura":"1 minuto"},"schema":{"@context":"https:\/\/schema.org","@graph":[{"@type":"WebPage","@id":"https:\/\/www.lihusl.com\/product\/led-hat-cowboy-sequin-party-cap-flashing-light-up-for-festival\/","url":"https:\/\/www.lihusl.com\/product\/led-hat-cowboy-sequin-party-cap-flashing-light-up-for-festival\/","name":"Led Hat Cowboy Sequin Party Cap Flashing Light Up For Festival - Lihu","isPartOf":{"@id":"https:\/\/www.lihusl.com\/#website"},"primaryImageOfPage":{"@id":"https:\/\/www.lihusl.com\/product\/led-hat-cowboy-sequin-party-cap-flashing-light-up-for-festival\/#primaryimage"},"image":{"@id":"https:\/\/www.lihusl.com\/product\/led-hat-cowboy-sequin-party-cap-flashing-light-up-for-festival\/#primaryimage"},"thumbnailUrl":"https:\/\/www.lihusl.com\/wp-content\/uploads\/2024\/06\/1.jpg","datePublished":"2024-06-05T03:54:03+00:00","dateModified":"2026-01-29T10:54:46+00:00","breadcrumb":{"@id":"https:\/\/www.lihusl.com\/product\/led-hat-cowboy-sequin-party-cap-flashing-light-up-for-festival\/#breadcrumb"},"inLanguage":"es","potentialAction":[{"@type":"ReadAction","target":["https:\/\/www.lihusl.com\/product\/led-hat-cowboy-sequin-party-cap-flashing-light-up-for-festival\/"]}]},{"@type":"ImageObject","inLanguage":"es","@id":"https:\/\/www.lihusl.com\/product\/led-hat-cowboy-sequin-party-cap-flashing-light-up-for-festival\/#primaryimage","url":"https:\/\/www.lihusl.com\/wp-content\/uploads\/2024\/06\/1.jpg","contentUrl":"https:\/\/www.lihusl.com\/wp-content\/uploads\/2024\/06\/1.jpg","width":1200,"height":1200},{"@type":"BreadcrumbList","@id":"https:\/\/www.lihusl.com\/product\/led-hat-cowboy-sequin-party-cap-flashing-light-up-for-festival\/#breadcrumb","itemListElement":[{"@type":"ListItem","position":1,"name":"Home","item":"https:\/\/www.lihusl.com\/"},{"@type":"ListItem","position":2,"name":"Shop","item":"https:\/\/www.lihusl.com\/shop\/"},{"@type":"ListItem","position":3,"name":"Led Hat Cowboy Sequin Party Cap Flashing Light Up For Festival"}]},{"@type":"WebSite","@id":"https:\/\/www.lihusl.com\/#website","url":"https:\/\/www.lihusl.com\/","name":"Lihu","description":"","potentialAction":[{"@type":"SearchAction","target":{"@type":"EntryPoint","urlTemplate":"https:\/\/www.lihusl.com\/?s={search_term_string}"},"query-input":{"@type":"PropertyValueSpecification","valueRequired":true,"valueName":"search_term_string"}}],"inLanguage":"es"}]}},"jetpack_sharing_enabled":true,"_links":{"self":[{"href":"https:\/\/www.lihusl.com\/es\/wp-json\/wp\/v2\/product\/4779","targetHints":{"allow":["GET"]}}],"collection":[{"href":"https:\/\/www.lihusl.com\/es\/wp-json\/wp\/v2\/product"}],"about":[{"href":"https:\/\/www.lihusl.com\/es\/wp-json\/wp\/v2\/types\/product"}],"wp:featuredmedia":[{"embeddable":true,"href":"https:\/\/www.lihusl.com\/es\/wp-json\/wp\/v2\/media\/4784"}],"wp:attachment":[{"href":"https:\/\/www.lihusl.com\/es\/wp-json\/wp\/v2\/media?parent=4779"}],"wp:term":[{"taxonomy":"product_brand","embeddable":true,"href":"https:\/\/www.lihusl.com\/es\/wp-json\/wp\/v2\/product_brand?post=4779"},{"taxonomy":"product_cat","embeddable":true,"href":"https:\/\/www.lihusl.com\/es\/wp-json\/wp\/v2\/product_cat?post=4779"},{"taxonomy":"product_tag","embeddable":true,"href":"https:\/\/www.lihusl.com\/es\/wp-json\/wp\/v2\/product_tag?post=4779"}],"curies":[{"name":"wp","href":"https:\/\/api.w.org\/{rel}","templated":true}]}}