{"id":4793,"date":"2024-06-05T03:57:12","date_gmt":"2024-06-05T03:57:12","guid":{"rendered":"http:\/\/www.lihusl.com\/?post_type=product&#038;p=4793"},"modified":"2026-01-30T00:17:11","modified_gmt":"2026-01-29T16:17:11","slug":"half-flower-multi-color-stationery-gift-fluorescent-pen","status":"publish","type":"product","link":"https:\/\/www.lihusl.com\/es\/producto\/half-flower-multi-color-stationery-gift-fluorescent-pen\/","title":{"rendered":"Half Flower Bol\u00edgrafo Fluorescente Multicolor para Regalo de Papeler\u00eda"},"content":{"rendered":"<p>Resaltador multicolor en forma de media flor, \u00a1imprescindible para los amantes de la papeler\u00eda! Este subrayador \u00fanico presenta un dise\u00f1o de media flor en la parte superior, que a\u00f1ade un toque de elegancia a tu estudio o espacio de trabajo. Disponible en cinco vibrantes colores (amarillo, rosa, verde, naranja y azul), este rotulador es perfecto para organizar notas, marcar informaci\u00f3n importante o a\u00f1adir un toque de color a tu diario. Cada rotulador tiene una punta de cincel que permite subrayar con precisi\u00f3n. La tinta es de secado r\u00e1pido y resistente a las manchas, por lo que sus notas permanecer\u00e1n ordenadas y organizadas. El tama\u00f1o compacto del rotulador hace que sea f\u00e1cil de llevar en el estuche o en el bolsillo para poder subrayar sobre la marcha. Half Flower Multi-Color Highlighter Pen es un bol\u00edgrafo multifuncional. Personalizable.<\/p>","protected":false},"excerpt":{"rendered":"<p>Half-flower multi-color highlighter, a must-have for stationery lovers! This unique highlighter features a half-flower design on top, adding a touch of elegance to your study or work space. Available in five vibrant colors &#8211; yellow, pink, green, orange, and blue &hellip; <a href=\"https:\/\/www.lihusl.com\/es\/producto\/half-flower-multi-color-stationery-gift-fluorescent-pen\/\">Leer m\u00e1s<\/a><\/p>","protected":false},"featured_media":4798,"template":"","meta":{"om_disable_all_campaigns":false,"_monsterinsights_skip_tracking":false,"_monsterinsights_sitenote_active":false,"_monsterinsights_sitenote_note":"","_monsterinsights_sitenote_category":0},"product_brand":[],"product_cat":[158],"product_tag":[],"class_list":{"0":"post-4793","1":"product","2":"type-product","3":"status-publish","4":"has-post-thumbnail","6":"product_cat-school-officecraft-supplies","8":"first","9":"instock","10":"taxable","11":"shipping-taxable","12":"purchasable","13":"product-type-simple"},"yoast_head":"<!-- This site is optimized with the Yoast SEO plugin v27.4 - https:\/\/yoast.com\/product\/yoast-seo-wordpress\/ -->\n<title>Half Flower Multi-Color Stationery Gift Fluorescent Pen - Lihu<\/title>\n<meta name=\"robots\" content=\"index, follow, max-snippet:-1, max-image-preview:large, max-video-preview:-1\" \/>\n<link rel=\"canonical\" href=\"https:\/\/www.lihusl.com\/es\/producto\/half-flower-multi-color-stationery-gift-fluorescent-pen\/\" \/>\n<meta property=\"og:locale\" content=\"es_ES\" \/>\n<meta property=\"og:type\" content=\"article\" \/>\n<meta property=\"og:title\" content=\"Half Flower Multi-Color Stationery Gift Fluorescent Pen - Lihu\" \/>\n<meta property=\"og:description\" content=\"Half-flower multi-color highlighter, a must-have for stationery lovers! This unique highlighter features a half-flower design on top, adding a touch of elegance to your study or work space. Available in five vibrant colors &#8211; yellow, pink, green, orange, and blue &hellip; Readmore\" \/>\n<meta property=\"og:url\" content=\"https:\/\/www.lihusl.com\/es\/producto\/half-flower-multi-color-stationery-gift-fluorescent-pen\/\" \/>\n<meta property=\"og:site_name\" content=\"Lihu\" \/>\n<meta property=\"article:modified_time\" content=\"2026-01-29T16:17:11+00:00\" \/>\n<meta property=\"og:image\" content=\"https:\/\/www.lihusl.com\/wp-content\/uploads\/2024\/06\/1-\u4e3b\u56fe-10.jpg\" \/>\n\t<meta property=\"og:image:width\" content=\"1200\" \/>\n\t<meta property=\"og:image:height\" content=\"1200\" \/>\n\t<meta property=\"og:image:type\" content=\"image\/jpeg\" \/>\n<meta name=\"twitter:card\" content=\"summary_large_image\" \/>\n<meta name=\"twitter:label1\" content=\"Tiempo de lectura\" \/>\n\t<meta name=\"twitter:data1\" content=\"1 minuto\" \/>\n<script type=\"application\/ld+json\" class=\"yoast-schema-graph\">{\"@context\":\"https:\\\/\\\/schema.org\",\"@graph\":[{\"@type\":\"WebPage\",\"@id\":\"https:\\\/\\\/www.lihusl.com\\\/product\\\/half-flower-multi-color-stationery-gift-fluorescent-pen\\\/\",\"url\":\"https:\\\/\\\/www.lihusl.com\\\/product\\\/half-flower-multi-color-stationery-gift-fluorescent-pen\\\/\",\"name\":\"Half Flower Multi-Color Stationery Gift Fluorescent Pen - Lihu\",\"isPartOf\":{\"@id\":\"https:\\\/\\\/www.lihusl.com\\\/#website\"},\"primaryImageOfPage\":{\"@id\":\"https:\\\/\\\/www.lihusl.com\\\/product\\\/half-flower-multi-color-stationery-gift-fluorescent-pen\\\/#primaryimage\"},\"image\":{\"@id\":\"https:\\\/\\\/www.lihusl.com\\\/product\\\/half-flower-multi-color-stationery-gift-fluorescent-pen\\\/#primaryimage\"},\"thumbnailUrl\":\"https:\\\/\\\/www.lihusl.com\\\/wp-content\\\/uploads\\\/2024\\\/06\\\/1-\u4e3b\u56fe-10.jpg\",\"datePublished\":\"2024-06-05T03:57:12+00:00\",\"dateModified\":\"2026-01-29T16:17:11+00:00\",\"breadcrumb\":{\"@id\":\"https:\\\/\\\/www.lihusl.com\\\/product\\\/half-flower-multi-color-stationery-gift-fluorescent-pen\\\/#breadcrumb\"},\"inLanguage\":\"es\",\"potentialAction\":[{\"@type\":\"ReadAction\",\"target\":[\"https:\\\/\\\/www.lihusl.com\\\/product\\\/half-flower-multi-color-stationery-gift-fluorescent-pen\\\/\"]}]},{\"@type\":\"ImageObject\",\"inLanguage\":\"es\",\"@id\":\"https:\\\/\\\/www.lihusl.com\\\/product\\\/half-flower-multi-color-stationery-gift-fluorescent-pen\\\/#primaryimage\",\"url\":\"https:\\\/\\\/www.lihusl.com\\\/wp-content\\\/uploads\\\/2024\\\/06\\\/1-\u4e3b\u56fe-10.jpg\",\"contentUrl\":\"https:\\\/\\\/www.lihusl.com\\\/wp-content\\\/uploads\\\/2024\\\/06\\\/1-\u4e3b\u56fe-10.jpg\",\"width\":1200,\"height\":1200},{\"@type\":\"BreadcrumbList\",\"@id\":\"https:\\\/\\\/www.lihusl.com\\\/product\\\/half-flower-multi-color-stationery-gift-fluorescent-pen\\\/#breadcrumb\",\"itemListElement\":[{\"@type\":\"ListItem\",\"position\":1,\"name\":\"Home\",\"item\":\"https:\\\/\\\/www.lihusl.com\\\/\"},{\"@type\":\"ListItem\",\"position\":2,\"name\":\"Shop\",\"item\":\"https:\\\/\\\/www.lihusl.com\\\/shop\\\/\"},{\"@type\":\"ListItem\",\"position\":3,\"name\":\"Half Flower Multi-Color Stationery Gift Fluorescent Pen\"}]},{\"@type\":\"WebSite\",\"@id\":\"https:\\\/\\\/www.lihusl.com\\\/#website\",\"url\":\"https:\\\/\\\/www.lihusl.com\\\/\",\"name\":\"Lihu\",\"description\":\"\",\"potentialAction\":[{\"@type\":\"SearchAction\",\"target\":{\"@type\":\"EntryPoint\",\"urlTemplate\":\"https:\\\/\\\/www.lihusl.com\\\/?s={search_term_string}\"},\"query-input\":{\"@type\":\"PropertyValueSpecification\",\"valueRequired\":true,\"valueName\":\"search_term_string\"}}],\"inLanguage\":\"es\"}]}<\/script>\n<!-- \/ Yoast SEO plugin. -->","yoast_head_json":{"title":"Half Flower Multi-Color Stationery Gift Fluorescent Pen - Lihu","robots":{"index":"index","follow":"follow","max-snippet":"max-snippet:-1","max-image-preview":"max-image-preview:large","max-video-preview":"max-video-preview:-1"},"canonical":"https:\/\/www.lihusl.com\/es\/producto\/half-flower-multi-color-stationery-gift-fluorescent-pen\/","og_locale":"es_ES","og_type":"article","og_title":"Half Flower Multi-Color Stationery Gift Fluorescent Pen - Lihu","og_description":"Half-flower multi-color highlighter, a must-have for stationery lovers! This unique highlighter features a half-flower design on top, adding a touch of elegance to your study or work space. Available in five vibrant colors &#8211; yellow, pink, green, orange, and blue &hellip; Readmore","og_url":"https:\/\/www.lihusl.com\/es\/producto\/half-flower-multi-color-stationery-gift-fluorescent-pen\/","og_site_name":"Lihu","article_modified_time":"2026-01-29T16:17:11+00:00","og_image":[{"width":1200,"height":1200,"url":"https:\/\/www.lihusl.com\/wp-content\/uploads\/2024\/06\/1-\u4e3b\u56fe-10.jpg","type":"image\/jpeg"}],"twitter_card":"summary_large_image","twitter_misc":{"Tiempo de lectura":"1 minuto"},"schema":{"@context":"https:\/\/schema.org","@graph":[{"@type":"WebPage","@id":"https:\/\/www.lihusl.com\/product\/half-flower-multi-color-stationery-gift-fluorescent-pen\/","url":"https:\/\/www.lihusl.com\/product\/half-flower-multi-color-stationery-gift-fluorescent-pen\/","name":"Half Flower Multi-Color Stationery Gift Fluorescent Pen - Lihu","isPartOf":{"@id":"https:\/\/www.lihusl.com\/#website"},"primaryImageOfPage":{"@id":"https:\/\/www.lihusl.com\/product\/half-flower-multi-color-stationery-gift-fluorescent-pen\/#primaryimage"},"image":{"@id":"https:\/\/www.lihusl.com\/product\/half-flower-multi-color-stationery-gift-fluorescent-pen\/#primaryimage"},"thumbnailUrl":"https:\/\/www.lihusl.com\/wp-content\/uploads\/2024\/06\/1-\u4e3b\u56fe-10.jpg","datePublished":"2024-06-05T03:57:12+00:00","dateModified":"2026-01-29T16:17:11+00:00","breadcrumb":{"@id":"https:\/\/www.lihusl.com\/product\/half-flower-multi-color-stationery-gift-fluorescent-pen\/#breadcrumb"},"inLanguage":"es","potentialAction":[{"@type":"ReadAction","target":["https:\/\/www.lihusl.com\/product\/half-flower-multi-color-stationery-gift-fluorescent-pen\/"]}]},{"@type":"ImageObject","inLanguage":"es","@id":"https:\/\/www.lihusl.com\/product\/half-flower-multi-color-stationery-gift-fluorescent-pen\/#primaryimage","url":"https:\/\/www.lihusl.com\/wp-content\/uploads\/2024\/06\/1-\u4e3b\u56fe-10.jpg","contentUrl":"https:\/\/www.lihusl.com\/wp-content\/uploads\/2024\/06\/1-\u4e3b\u56fe-10.jpg","width":1200,"height":1200},{"@type":"BreadcrumbList","@id":"https:\/\/www.lihusl.com\/product\/half-flower-multi-color-stationery-gift-fluorescent-pen\/#breadcrumb","itemListElement":[{"@type":"ListItem","position":1,"name":"Home","item":"https:\/\/www.lihusl.com\/"},{"@type":"ListItem","position":2,"name":"Shop","item":"https:\/\/www.lihusl.com\/shop\/"},{"@type":"ListItem","position":3,"name":"Half Flower Multi-Color Stationery Gift Fluorescent Pen"}]},{"@type":"WebSite","@id":"https:\/\/www.lihusl.com\/#website","url":"https:\/\/www.lihusl.com\/","name":"Lihu","description":"","potentialAction":[{"@type":"SearchAction","target":{"@type":"EntryPoint","urlTemplate":"https:\/\/www.lihusl.com\/?s={search_term_string}"},"query-input":{"@type":"PropertyValueSpecification","valueRequired":true,"valueName":"search_term_string"}}],"inLanguage":"es"}]}},"jetpack_sharing_enabled":true,"_links":{"self":[{"href":"https:\/\/www.lihusl.com\/es\/wp-json\/wp\/v2\/product\/4793","targetHints":{"allow":["GET"]}}],"collection":[{"href":"https:\/\/www.lihusl.com\/es\/wp-json\/wp\/v2\/product"}],"about":[{"href":"https:\/\/www.lihusl.com\/es\/wp-json\/wp\/v2\/types\/product"}],"wp:featuredmedia":[{"embeddable":true,"href":"https:\/\/www.lihusl.com\/es\/wp-json\/wp\/v2\/media\/4798"}],"wp:attachment":[{"href":"https:\/\/www.lihusl.com\/es\/wp-json\/wp\/v2\/media?parent=4793"}],"wp:term":[{"taxonomy":"product_brand","embeddable":true,"href":"https:\/\/www.lihusl.com\/es\/wp-json\/wp\/v2\/product_brand?post=4793"},{"taxonomy":"product_cat","embeddable":true,"href":"https:\/\/www.lihusl.com\/es\/wp-json\/wp\/v2\/product_cat?post=4793"},{"taxonomy":"product_tag","embeddable":true,"href":"https:\/\/www.lihusl.com\/es\/wp-json\/wp\/v2\/product_tag?post=4793"}],"curies":[{"name":"wp","href":"https:\/\/api.w.org\/{rel}","templated":true}]}}