{"id":4805,"date":"2024-06-05T03:59:09","date_gmt":"2024-06-05T03:59:09","guid":{"rendered":"http:\/\/www.lihusl.com\/?post_type=product&#038;p=4805"},"modified":"2024-06-05T03:59:09","modified_gmt":"2024-06-05T03:59:09","slug":"home-decorations-long-lasting-fresh-scented-candles","status":"publish","type":"product","link":"https:\/\/www.lihusl.com\/es\/producto\/home-decorations-long-lasting-fresh-scented-candles\/","title":{"rendered":"Decoraci\u00f3n del hogar Velas arom\u00e1ticas frescas de larga duraci\u00f3n"},"content":{"rendered":"<p>Experimenta el encantador ambiente de nuestras velas arom\u00e1ticas de larga duraci\u00f3n para la decoraci\u00f3n del hogar. Fabricadas con cera de alta calidad e impregnadas de exquisitas fragancias, estas velas est\u00e1n dise\u00f1adas para llenar tu espacio con un aroma relajante que dura horas. Hay una gran variedad de aromas entre los que elegir, cada uno cuidadosamente seleccionado para adaptarse a cualquier estado de \u00e1nimo u ocasi\u00f3n. Tanto si prefiere la bergamota calmante, los c\u00edtricos refrescantes o las bayas c\u00e1lidas, nuestra gama tiene algo para todos. El elegante dise\u00f1o y el duradero aroma de estas velas arom\u00e1ticas garantizan una impresi\u00f3n duradera, por lo que son perfectas para crear un ambiente acogedor, realzar la decoraci\u00f3n de tu hogar o regalar como detalle. Ilumine su vida con lujo! personalizable.<\/p>","protected":false},"excerpt":{"rendered":"<p>Experience the enchanting ambience of our long-lasting fresh home decor scented candles. Made from high-quality wax and infused with exquisite scents, these candles are designed to fill your space with a soothing scent that lasts for hours. There are a &hellip; <a href=\"https:\/\/www.lihusl.com\/es\/producto\/home-decorations-long-lasting-fresh-scented-candles\/\">Leer m\u00e1s<\/a><\/p>","protected":false},"featured_media":4810,"template":"","meta":{"om_disable_all_campaigns":false,"_monsterinsights_skip_tracking":false,"_monsterinsights_sitenote_active":false,"_monsterinsights_sitenote_note":"","_monsterinsights_sitenote_category":0},"product_brand":[],"product_cat":[114],"product_tag":[],"class_list":{"0":"post-4805","1":"product","2":"type-product","3":"status-publish","4":"has-post-thumbnail","6":"product_cat-home-garden","8":"first","9":"instock","10":"taxable","11":"shipping-taxable","12":"purchasable","13":"product-type-simple"},"yoast_head":"<!-- This site is optimized with the Yoast SEO plugin v27.4 - https:\/\/yoast.com\/product\/yoast-seo-wordpress\/ -->\n<title>Home Decorations Long-lasting Fresh Scented Candles - Lihu<\/title>\n<meta name=\"robots\" content=\"index, follow, max-snippet:-1, max-image-preview:large, max-video-preview:-1\" \/>\n<link rel=\"canonical\" href=\"https:\/\/www.lihusl.com\/es\/producto\/home-decorations-long-lasting-fresh-scented-candles\/\" \/>\n<meta property=\"og:locale\" content=\"es_ES\" \/>\n<meta property=\"og:type\" content=\"article\" \/>\n<meta property=\"og:title\" content=\"Home Decorations Long-lasting Fresh Scented Candles - Lihu\" \/>\n<meta property=\"og:description\" content=\"Experience the enchanting ambience of our long-lasting fresh home decor scented candles. Made from high-quality wax and infused with exquisite scents, these candles are designed to fill your space with a soothing scent that lasts for hours. There are a &hellip; Readmore\" \/>\n<meta property=\"og:url\" content=\"https:\/\/www.lihusl.com\/es\/producto\/home-decorations-long-lasting-fresh-scented-candles\/\" \/>\n<meta property=\"og:site_name\" content=\"Lihu\" \/>\n<meta property=\"og:image\" content=\"https:\/\/www.lihusl.com\/wp-content\/uploads\/2024\/06\/1-\u4e3b\u56fe-12.jpg\" \/>\n\t<meta property=\"og:image:width\" content=\"1200\" \/>\n\t<meta property=\"og:image:height\" content=\"1200\" \/>\n\t<meta property=\"og:image:type\" content=\"image\/jpeg\" \/>\n<meta name=\"twitter:card\" content=\"summary_large_image\" \/>\n<meta name=\"twitter:label1\" content=\"Tiempo de lectura\" \/>\n\t<meta name=\"twitter:data1\" content=\"1 minuto\" \/>\n<script type=\"application\/ld+json\" class=\"yoast-schema-graph\">{\"@context\":\"https:\\\/\\\/schema.org\",\"@graph\":[{\"@type\":\"WebPage\",\"@id\":\"https:\\\/\\\/www.lihusl.com\\\/product\\\/home-decorations-long-lasting-fresh-scented-candles\\\/\",\"url\":\"https:\\\/\\\/www.lihusl.com\\\/product\\\/home-decorations-long-lasting-fresh-scented-candles\\\/\",\"name\":\"Home Decorations Long-lasting Fresh Scented Candles - Lihu\",\"isPartOf\":{\"@id\":\"https:\\\/\\\/www.lihusl.com\\\/#website\"},\"primaryImageOfPage\":{\"@id\":\"https:\\\/\\\/www.lihusl.com\\\/product\\\/home-decorations-long-lasting-fresh-scented-candles\\\/#primaryimage\"},\"image\":{\"@id\":\"https:\\\/\\\/www.lihusl.com\\\/product\\\/home-decorations-long-lasting-fresh-scented-candles\\\/#primaryimage\"},\"thumbnailUrl\":\"https:\\\/\\\/www.lihusl.com\\\/wp-content\\\/uploads\\\/2024\\\/06\\\/1-\u4e3b\u56fe-12.jpg\",\"datePublished\":\"2024-06-05T03:59:09+00:00\",\"breadcrumb\":{\"@id\":\"https:\\\/\\\/www.lihusl.com\\\/product\\\/home-decorations-long-lasting-fresh-scented-candles\\\/#breadcrumb\"},\"inLanguage\":\"es\",\"potentialAction\":[{\"@type\":\"ReadAction\",\"target\":[\"https:\\\/\\\/www.lihusl.com\\\/product\\\/home-decorations-long-lasting-fresh-scented-candles\\\/\"]}]},{\"@type\":\"ImageObject\",\"inLanguage\":\"es\",\"@id\":\"https:\\\/\\\/www.lihusl.com\\\/product\\\/home-decorations-long-lasting-fresh-scented-candles\\\/#primaryimage\",\"url\":\"https:\\\/\\\/www.lihusl.com\\\/wp-content\\\/uploads\\\/2024\\\/06\\\/1-\u4e3b\u56fe-12.jpg\",\"contentUrl\":\"https:\\\/\\\/www.lihusl.com\\\/wp-content\\\/uploads\\\/2024\\\/06\\\/1-\u4e3b\u56fe-12.jpg\",\"width\":1200,\"height\":1200},{\"@type\":\"BreadcrumbList\",\"@id\":\"https:\\\/\\\/www.lihusl.com\\\/product\\\/home-decorations-long-lasting-fresh-scented-candles\\\/#breadcrumb\",\"itemListElement\":[{\"@type\":\"ListItem\",\"position\":1,\"name\":\"Home\",\"item\":\"https:\\\/\\\/www.lihusl.com\\\/\"},{\"@type\":\"ListItem\",\"position\":2,\"name\":\"Shop\",\"item\":\"https:\\\/\\\/www.lihusl.com\\\/shop\\\/\"},{\"@type\":\"ListItem\",\"position\":3,\"name\":\"Home Decorations Long-lasting Fresh Scented Candles\"}]},{\"@type\":\"WebSite\",\"@id\":\"https:\\\/\\\/www.lihusl.com\\\/#website\",\"url\":\"https:\\\/\\\/www.lihusl.com\\\/\",\"name\":\"Lihu\",\"description\":\"\",\"potentialAction\":[{\"@type\":\"SearchAction\",\"target\":{\"@type\":\"EntryPoint\",\"urlTemplate\":\"https:\\\/\\\/www.lihusl.com\\\/?s={search_term_string}\"},\"query-input\":{\"@type\":\"PropertyValueSpecification\",\"valueRequired\":true,\"valueName\":\"search_term_string\"}}],\"inLanguage\":\"es\"}]}<\/script>\n<!-- \/ Yoast SEO plugin. -->","yoast_head_json":{"title":"Home Decorations Long-lasting Fresh Scented Candles - Lihu","robots":{"index":"index","follow":"follow","max-snippet":"max-snippet:-1","max-image-preview":"max-image-preview:large","max-video-preview":"max-video-preview:-1"},"canonical":"https:\/\/www.lihusl.com\/es\/producto\/home-decorations-long-lasting-fresh-scented-candles\/","og_locale":"es_ES","og_type":"article","og_title":"Home Decorations Long-lasting Fresh Scented Candles - Lihu","og_description":"Experience the enchanting ambience of our long-lasting fresh home decor scented candles. Made from high-quality wax and infused with exquisite scents, these candles are designed to fill your space with a soothing scent that lasts for hours. There are a &hellip; Readmore","og_url":"https:\/\/www.lihusl.com\/es\/producto\/home-decorations-long-lasting-fresh-scented-candles\/","og_site_name":"Lihu","og_image":[{"width":1200,"height":1200,"url":"https:\/\/www.lihusl.com\/wp-content\/uploads\/2024\/06\/1-\u4e3b\u56fe-12.jpg","type":"image\/jpeg"}],"twitter_card":"summary_large_image","twitter_misc":{"Tiempo de lectura":"1 minuto"},"schema":{"@context":"https:\/\/schema.org","@graph":[{"@type":"WebPage","@id":"https:\/\/www.lihusl.com\/product\/home-decorations-long-lasting-fresh-scented-candles\/","url":"https:\/\/www.lihusl.com\/product\/home-decorations-long-lasting-fresh-scented-candles\/","name":"Home Decorations Long-lasting Fresh Scented Candles - Lihu","isPartOf":{"@id":"https:\/\/www.lihusl.com\/#website"},"primaryImageOfPage":{"@id":"https:\/\/www.lihusl.com\/product\/home-decorations-long-lasting-fresh-scented-candles\/#primaryimage"},"image":{"@id":"https:\/\/www.lihusl.com\/product\/home-decorations-long-lasting-fresh-scented-candles\/#primaryimage"},"thumbnailUrl":"https:\/\/www.lihusl.com\/wp-content\/uploads\/2024\/06\/1-\u4e3b\u56fe-12.jpg","datePublished":"2024-06-05T03:59:09+00:00","breadcrumb":{"@id":"https:\/\/www.lihusl.com\/product\/home-decorations-long-lasting-fresh-scented-candles\/#breadcrumb"},"inLanguage":"es","potentialAction":[{"@type":"ReadAction","target":["https:\/\/www.lihusl.com\/product\/home-decorations-long-lasting-fresh-scented-candles\/"]}]},{"@type":"ImageObject","inLanguage":"es","@id":"https:\/\/www.lihusl.com\/product\/home-decorations-long-lasting-fresh-scented-candles\/#primaryimage","url":"https:\/\/www.lihusl.com\/wp-content\/uploads\/2024\/06\/1-\u4e3b\u56fe-12.jpg","contentUrl":"https:\/\/www.lihusl.com\/wp-content\/uploads\/2024\/06\/1-\u4e3b\u56fe-12.jpg","width":1200,"height":1200},{"@type":"BreadcrumbList","@id":"https:\/\/www.lihusl.com\/product\/home-decorations-long-lasting-fresh-scented-candles\/#breadcrumb","itemListElement":[{"@type":"ListItem","position":1,"name":"Home","item":"https:\/\/www.lihusl.com\/"},{"@type":"ListItem","position":2,"name":"Shop","item":"https:\/\/www.lihusl.com\/shop\/"},{"@type":"ListItem","position":3,"name":"Home Decorations Long-lasting Fresh Scented Candles"}]},{"@type":"WebSite","@id":"https:\/\/www.lihusl.com\/#website","url":"https:\/\/www.lihusl.com\/","name":"Lihu","description":"","potentialAction":[{"@type":"SearchAction","target":{"@type":"EntryPoint","urlTemplate":"https:\/\/www.lihusl.com\/?s={search_term_string}"},"query-input":{"@type":"PropertyValueSpecification","valueRequired":true,"valueName":"search_term_string"}}],"inLanguage":"es"}]}},"jetpack_sharing_enabled":true,"_links":{"self":[{"href":"https:\/\/www.lihusl.com\/es\/wp-json\/wp\/v2\/product\/4805","targetHints":{"allow":["GET"]}}],"collection":[{"href":"https:\/\/www.lihusl.com\/es\/wp-json\/wp\/v2\/product"}],"about":[{"href":"https:\/\/www.lihusl.com\/es\/wp-json\/wp\/v2\/types\/product"}],"wp:featuredmedia":[{"embeddable":true,"href":"https:\/\/www.lihusl.com\/es\/wp-json\/wp\/v2\/media\/4810"}],"wp:attachment":[{"href":"https:\/\/www.lihusl.com\/es\/wp-json\/wp\/v2\/media?parent=4805"}],"wp:term":[{"taxonomy":"product_brand","embeddable":true,"href":"https:\/\/www.lihusl.com\/es\/wp-json\/wp\/v2\/product_brand?post=4805"},{"taxonomy":"product_cat","embeddable":true,"href":"https:\/\/www.lihusl.com\/es\/wp-json\/wp\/v2\/product_cat?post=4805"},{"taxonomy":"product_tag","embeddable":true,"href":"https:\/\/www.lihusl.com\/es\/wp-json\/wp\/v2\/product_tag?post=4805"}],"curies":[{"name":"wp","href":"https:\/\/api.w.org\/{rel}","templated":true}]}}