{"id":4821,"date":"2024-06-05T04:02:44","date_gmt":"2024-06-05T04:02:44","guid":{"rendered":"http:\/\/www.lihusl.com\/?post_type=product&#038;p=4821"},"modified":"2024-06-05T04:02:44","modified_gmt":"2024-06-05T04:02:44","slug":"uv-protective-american-flag-independence-day-sunglasses","status":"publish","type":"product","link":"https:\/\/www.lihusl.com\/es\/producto\/uv-protective-american-flag-independence-day-sunglasses\/","title":{"rendered":"Gafas de sol con protecci\u00f3n UV American Flag Independence Day"},"content":{"rendered":"<p>Las gafas de sol UV Protective American Flag Independence Day est\u00e1n dise\u00f1adas para ofrecer estilo y protecci\u00f3n ocular esencial. Estas gafas de sol cuentan con una montura duradera y una avanzada tecnolog\u00eda de protecci\u00f3n UV que bloquea los rayos UVA y UVB, haci\u00e9ndolas ideales para el D\u00eda de la Independencia y para el uso diario. Las lentes muestran un vibrante dise\u00f1o de la bandera americana, perfecto para eventos patri\u00f3ticos como desfiles y espect\u00e1culos de fuegos artificiales. Se adaptan c\u00f3modamente a distintas formas de cara, con una montura ligera y patillas seguras. Estas gafas de sol son una excelente forma de expresar el orgullo americano a la vez que se protegen los ojos, lo que las convierte en un gran regalo para amigos y familiares que aprecian el orgullo nacional. Personalizables.<\/p>","protected":false},"excerpt":{"rendered":"<p>The UV Protective American Flag Independence Day Sunglasses are designed to offer both style and essential eye protection. These sunglasses feature durable frames and advanced UV protection technology that blocks of UVA and UVB rays, making them ideal for Independence &hellip; <a href=\"https:\/\/www.lihusl.com\/es\/producto\/uv-protective-american-flag-independence-day-sunglasses\/\">Leer m\u00e1s<\/a><\/p>","protected":false},"featured_media":4825,"template":"","meta":{"om_disable_all_campaigns":false,"_monsterinsights_skip_tracking":false,"_monsterinsights_sitenote_active":false,"_monsterinsights_sitenote_note":"","_monsterinsights_sitenote_category":0},"product_brand":[],"product_cat":[115],"product_tag":[],"class_list":{"0":"post-4821","1":"product","2":"type-product","3":"status-publish","4":"has-post-thumbnail","6":"product_cat-bags-luggage","8":"first","9":"instock","10":"taxable","11":"shipping-taxable","12":"purchasable","13":"product-type-simple"},"yoast_head":"<!-- This site is optimized with the Yoast SEO plugin v27.4 - https:\/\/yoast.com\/product\/yoast-seo-wordpress\/ -->\n<title>UV Protective American Flag Independence Day Sunglasses - Lihu<\/title>\n<meta name=\"robots\" content=\"index, follow, max-snippet:-1, max-image-preview:large, max-video-preview:-1\" \/>\n<link rel=\"canonical\" href=\"https:\/\/www.lihusl.com\/es\/producto\/uv-protective-american-flag-independence-day-sunglasses\/\" \/>\n<meta property=\"og:locale\" content=\"es_ES\" \/>\n<meta property=\"og:type\" content=\"article\" \/>\n<meta property=\"og:title\" content=\"UV Protective American Flag Independence Day Sunglasses - Lihu\" \/>\n<meta property=\"og:description\" content=\"The UV Protective American Flag Independence Day Sunglasses are designed to offer both style and essential eye protection. These sunglasses feature durable frames and advanced UV protection technology that blocks of UVA and UVB rays, making them ideal for Independence &hellip; Readmore\" \/>\n<meta property=\"og:url\" content=\"https:\/\/www.lihusl.com\/es\/producto\/uv-protective-american-flag-independence-day-sunglasses\/\" \/>\n<meta property=\"og:site_name\" content=\"Lihu\" \/>\n<meta property=\"og:image\" content=\"https:\/\/www.lihusl.com\/wp-content\/uploads\/2024\/06\/1-\u4e3b\u56fe-15.jpg\" \/>\n\t<meta property=\"og:image:width\" content=\"1200\" \/>\n\t<meta property=\"og:image:height\" content=\"1200\" \/>\n\t<meta property=\"og:image:type\" content=\"image\/jpeg\" \/>\n<meta name=\"twitter:card\" content=\"summary_large_image\" \/>\n<meta name=\"twitter:label1\" content=\"Tiempo de lectura\" \/>\n\t<meta name=\"twitter:data1\" content=\"1 minuto\" \/>\n<script type=\"application\/ld+json\" class=\"yoast-schema-graph\">{\"@context\":\"https:\\\/\\\/schema.org\",\"@graph\":[{\"@type\":\"WebPage\",\"@id\":\"https:\\\/\\\/www.lihusl.com\\\/product\\\/uv-protective-american-flag-independence-day-sunglasses\\\/\",\"url\":\"https:\\\/\\\/www.lihusl.com\\\/product\\\/uv-protective-american-flag-independence-day-sunglasses\\\/\",\"name\":\"UV Protective American Flag Independence Day Sunglasses - Lihu\",\"isPartOf\":{\"@id\":\"https:\\\/\\\/www.lihusl.com\\\/#website\"},\"primaryImageOfPage\":{\"@id\":\"https:\\\/\\\/www.lihusl.com\\\/product\\\/uv-protective-american-flag-independence-day-sunglasses\\\/#primaryimage\"},\"image\":{\"@id\":\"https:\\\/\\\/www.lihusl.com\\\/product\\\/uv-protective-american-flag-independence-day-sunglasses\\\/#primaryimage\"},\"thumbnailUrl\":\"https:\\\/\\\/www.lihusl.com\\\/wp-content\\\/uploads\\\/2024\\\/06\\\/1-\u4e3b\u56fe-15.jpg\",\"datePublished\":\"2024-06-05T04:02:44+00:00\",\"breadcrumb\":{\"@id\":\"https:\\\/\\\/www.lihusl.com\\\/product\\\/uv-protective-american-flag-independence-day-sunglasses\\\/#breadcrumb\"},\"inLanguage\":\"es\",\"potentialAction\":[{\"@type\":\"ReadAction\",\"target\":[\"https:\\\/\\\/www.lihusl.com\\\/product\\\/uv-protective-american-flag-independence-day-sunglasses\\\/\"]}]},{\"@type\":\"ImageObject\",\"inLanguage\":\"es\",\"@id\":\"https:\\\/\\\/www.lihusl.com\\\/product\\\/uv-protective-american-flag-independence-day-sunglasses\\\/#primaryimage\",\"url\":\"https:\\\/\\\/www.lihusl.com\\\/wp-content\\\/uploads\\\/2024\\\/06\\\/1-\u4e3b\u56fe-15.jpg\",\"contentUrl\":\"https:\\\/\\\/www.lihusl.com\\\/wp-content\\\/uploads\\\/2024\\\/06\\\/1-\u4e3b\u56fe-15.jpg\",\"width\":1200,\"height\":1200},{\"@type\":\"BreadcrumbList\",\"@id\":\"https:\\\/\\\/www.lihusl.com\\\/product\\\/uv-protective-american-flag-independence-day-sunglasses\\\/#breadcrumb\",\"itemListElement\":[{\"@type\":\"ListItem\",\"position\":1,\"name\":\"Home\",\"item\":\"https:\\\/\\\/www.lihusl.com\\\/\"},{\"@type\":\"ListItem\",\"position\":2,\"name\":\"Shop\",\"item\":\"https:\\\/\\\/www.lihusl.com\\\/shop\\\/\"},{\"@type\":\"ListItem\",\"position\":3,\"name\":\"UV Protective American Flag Independence Day Sunglasses\"}]},{\"@type\":\"WebSite\",\"@id\":\"https:\\\/\\\/www.lihusl.com\\\/#website\",\"url\":\"https:\\\/\\\/www.lihusl.com\\\/\",\"name\":\"Lihu\",\"description\":\"\",\"potentialAction\":[{\"@type\":\"SearchAction\",\"target\":{\"@type\":\"EntryPoint\",\"urlTemplate\":\"https:\\\/\\\/www.lihusl.com\\\/?s={search_term_string}\"},\"query-input\":{\"@type\":\"PropertyValueSpecification\",\"valueRequired\":true,\"valueName\":\"search_term_string\"}}],\"inLanguage\":\"es\"}]}<\/script>\n<!-- \/ Yoast SEO plugin. -->","yoast_head_json":{"title":"UV Protective American Flag Independence Day Sunglasses - Lihu","robots":{"index":"index","follow":"follow","max-snippet":"max-snippet:-1","max-image-preview":"max-image-preview:large","max-video-preview":"max-video-preview:-1"},"canonical":"https:\/\/www.lihusl.com\/es\/producto\/uv-protective-american-flag-independence-day-sunglasses\/","og_locale":"es_ES","og_type":"article","og_title":"UV Protective American Flag Independence Day Sunglasses - Lihu","og_description":"The UV Protective American Flag Independence Day Sunglasses are designed to offer both style and essential eye protection. These sunglasses feature durable frames and advanced UV protection technology that blocks of UVA and UVB rays, making them ideal for Independence &hellip; Readmore","og_url":"https:\/\/www.lihusl.com\/es\/producto\/uv-protective-american-flag-independence-day-sunglasses\/","og_site_name":"Lihu","og_image":[{"width":1200,"height":1200,"url":"https:\/\/www.lihusl.com\/wp-content\/uploads\/2024\/06\/1-\u4e3b\u56fe-15.jpg","type":"image\/jpeg"}],"twitter_card":"summary_large_image","twitter_misc":{"Tiempo de lectura":"1 minuto"},"schema":{"@context":"https:\/\/schema.org","@graph":[{"@type":"WebPage","@id":"https:\/\/www.lihusl.com\/product\/uv-protective-american-flag-independence-day-sunglasses\/","url":"https:\/\/www.lihusl.com\/product\/uv-protective-american-flag-independence-day-sunglasses\/","name":"UV Protective American Flag Independence Day Sunglasses - Lihu","isPartOf":{"@id":"https:\/\/www.lihusl.com\/#website"},"primaryImageOfPage":{"@id":"https:\/\/www.lihusl.com\/product\/uv-protective-american-flag-independence-day-sunglasses\/#primaryimage"},"image":{"@id":"https:\/\/www.lihusl.com\/product\/uv-protective-american-flag-independence-day-sunglasses\/#primaryimage"},"thumbnailUrl":"https:\/\/www.lihusl.com\/wp-content\/uploads\/2024\/06\/1-\u4e3b\u56fe-15.jpg","datePublished":"2024-06-05T04:02:44+00:00","breadcrumb":{"@id":"https:\/\/www.lihusl.com\/product\/uv-protective-american-flag-independence-day-sunglasses\/#breadcrumb"},"inLanguage":"es","potentialAction":[{"@type":"ReadAction","target":["https:\/\/www.lihusl.com\/product\/uv-protective-american-flag-independence-day-sunglasses\/"]}]},{"@type":"ImageObject","inLanguage":"es","@id":"https:\/\/www.lihusl.com\/product\/uv-protective-american-flag-independence-day-sunglasses\/#primaryimage","url":"https:\/\/www.lihusl.com\/wp-content\/uploads\/2024\/06\/1-\u4e3b\u56fe-15.jpg","contentUrl":"https:\/\/www.lihusl.com\/wp-content\/uploads\/2024\/06\/1-\u4e3b\u56fe-15.jpg","width":1200,"height":1200},{"@type":"BreadcrumbList","@id":"https:\/\/www.lihusl.com\/product\/uv-protective-american-flag-independence-day-sunglasses\/#breadcrumb","itemListElement":[{"@type":"ListItem","position":1,"name":"Home","item":"https:\/\/www.lihusl.com\/"},{"@type":"ListItem","position":2,"name":"Shop","item":"https:\/\/www.lihusl.com\/shop\/"},{"@type":"ListItem","position":3,"name":"UV Protective American Flag Independence Day Sunglasses"}]},{"@type":"WebSite","@id":"https:\/\/www.lihusl.com\/#website","url":"https:\/\/www.lihusl.com\/","name":"Lihu","description":"","potentialAction":[{"@type":"SearchAction","target":{"@type":"EntryPoint","urlTemplate":"https:\/\/www.lihusl.com\/?s={search_term_string}"},"query-input":{"@type":"PropertyValueSpecification","valueRequired":true,"valueName":"search_term_string"}}],"inLanguage":"es"}]}},"jetpack_sharing_enabled":true,"_links":{"self":[{"href":"https:\/\/www.lihusl.com\/es\/wp-json\/wp\/v2\/product\/4821","targetHints":{"allow":["GET"]}}],"collection":[{"href":"https:\/\/www.lihusl.com\/es\/wp-json\/wp\/v2\/product"}],"about":[{"href":"https:\/\/www.lihusl.com\/es\/wp-json\/wp\/v2\/types\/product"}],"wp:featuredmedia":[{"embeddable":true,"href":"https:\/\/www.lihusl.com\/es\/wp-json\/wp\/v2\/media\/4825"}],"wp:attachment":[{"href":"https:\/\/www.lihusl.com\/es\/wp-json\/wp\/v2\/media?parent=4821"}],"wp:term":[{"taxonomy":"product_brand","embeddable":true,"href":"https:\/\/www.lihusl.com\/es\/wp-json\/wp\/v2\/product_brand?post=4821"},{"taxonomy":"product_cat","embeddable":true,"href":"https:\/\/www.lihusl.com\/es\/wp-json\/wp\/v2\/product_cat?post=4821"},{"taxonomy":"product_tag","embeddable":true,"href":"https:\/\/www.lihusl.com\/es\/wp-json\/wp\/v2\/product_tag?post=4821"}],"curies":[{"name":"wp","href":"https:\/\/api.w.org\/{rel}","templated":true}]}}