{"id":4827,"date":"2024-06-05T04:03:45","date_gmt":"2024-06-05T04:03:45","guid":{"rendered":"http:\/\/www.lihusl.com\/?post_type=product&#038;p=4827"},"modified":"2026-02-02T17:08:54","modified_gmt":"2026-02-02T09:08:54","slug":"mesh-beach-cooler-clear-girls-summer-tote-bag","status":"publish","type":"product","link":"https:\/\/www.lihusl.com\/es\/producto\/mesh-beach-cooler-clear-girls-summer-tote-bag\/","title":{"rendered":"Malla Playa Cooler Claro Ni\u00f1as Verano Bolsa Tote"},"content":{"rendered":"<p>Bolsa de Playa, Bolsa de Playa de Malla con Enfriador, Compartimento para Mujeres Esenciales de Vacaciones de Playa. Fabricada con un material de malla ligero y resistente que no se rompe ni se desgarra f\u00e1cilmente con el uso y el desgaste normales; hemos utilizado el mejor tejido de su clase; incluye una secci\u00f3n adicional aislada para la bolsa nevera con un forro suave y flexible f\u00e1cil de limpiar, perfecto para mantener la comida y las bebidas frescas. Este almuerzo de picnic bolsas refrigerador atributo hace que la bolsa de una necesidad para cualquier padre. Viene con correas de hombro ajustables extra desmontables para mayor comodidad y se adapta f\u00e1cilmente a cualquier tipo. Con asas acolchadas y reforzadas para mayor comodidad y una ca\u00edda de hombro, esta bolsa es perfecta para la playa, crucero, piscina, parques, picnics, barbacoas, camping, viajes por carretera, vacaciones, festivales, viajes. Personalizable.<\/p>","protected":false},"excerpt":{"rendered":"<p>Beach Bag, Mesh Beach Bag with Cooler, Compartment for Women Beach Vacation Essentials. Made with strong lightweight mesh material that won\u2019t break or tear easily from normal use and wear; we used the best in class fabric; Featuring an additional &hellip; <a href=\"https:\/\/www.lihusl.com\/es\/producto\/mesh-beach-cooler-clear-girls-summer-tote-bag\/\">Leer m\u00e1s<\/a><\/p>","protected":false},"featured_media":4832,"template":"","meta":{"om_disable_all_campaigns":false,"_monsterinsights_skip_tracking":false,"_monsterinsights_sitenote_active":false,"_monsterinsights_sitenote_note":"","_monsterinsights_sitenote_category":0},"product_brand":[],"product_cat":[115],"product_tag":[],"class_list":{"0":"post-4827","1":"product","2":"type-product","3":"status-publish","4":"has-post-thumbnail","6":"product_cat-bags-luggage","8":"first","9":"instock","10":"taxable","11":"shipping-taxable","12":"purchasable","13":"product-type-simple"},"yoast_head":"<!-- This site is optimized with the Yoast SEO plugin v27.4 - https:\/\/yoast.com\/product\/yoast-seo-wordpress\/ -->\n<title>Mesh Beach Cooler Clear Girls Summer Tote Bag - Lihu<\/title>\n<meta name=\"robots\" content=\"index, follow, max-snippet:-1, max-image-preview:large, max-video-preview:-1\" \/>\n<link rel=\"canonical\" href=\"https:\/\/www.lihusl.com\/es\/producto\/mesh-beach-cooler-clear-girls-summer-tote-bag\/\" \/>\n<meta property=\"og:locale\" content=\"es_ES\" \/>\n<meta property=\"og:type\" content=\"article\" \/>\n<meta property=\"og:title\" content=\"Mesh Beach Cooler Clear Girls Summer Tote Bag - Lihu\" \/>\n<meta property=\"og:description\" content=\"Beach Bag, Mesh Beach Bag with Cooler, Compartment for Women Beach Vacation Essentials. Made with strong lightweight mesh material that won\u2019t break or tear easily from normal use and wear; we used the best in class fabric; Featuring an additional &hellip; Readmore\" \/>\n<meta property=\"og:url\" content=\"https:\/\/www.lihusl.com\/es\/producto\/mesh-beach-cooler-clear-girls-summer-tote-bag\/\" \/>\n<meta property=\"og:site_name\" content=\"Lihu\" \/>\n<meta property=\"article:modified_time\" content=\"2026-02-02T09:08:54+00:00\" \/>\n<meta property=\"og:image\" content=\"https:\/\/www.lihusl.com\/wp-content\/uploads\/2024\/06\/1-\u4e3b\u56fe-16.jpg\" \/>\n\t<meta property=\"og:image:width\" content=\"1200\" \/>\n\t<meta property=\"og:image:height\" content=\"1200\" \/>\n\t<meta property=\"og:image:type\" content=\"image\/jpeg\" \/>\n<meta name=\"twitter:card\" content=\"summary_large_image\" \/>\n<meta name=\"twitter:label1\" content=\"Tiempo de lectura\" \/>\n\t<meta name=\"twitter:data1\" content=\"1 minuto\" \/>\n<script type=\"application\/ld+json\" class=\"yoast-schema-graph\">{\"@context\":\"https:\\\/\\\/schema.org\",\"@graph\":[{\"@type\":\"WebPage\",\"@id\":\"https:\\\/\\\/www.lihusl.com\\\/product\\\/mesh-beach-cooler-clear-girls-summer-tote-bag\\\/\",\"url\":\"https:\\\/\\\/www.lihusl.com\\\/product\\\/mesh-beach-cooler-clear-girls-summer-tote-bag\\\/\",\"name\":\"Mesh Beach Cooler Clear Girls Summer Tote Bag - Lihu\",\"isPartOf\":{\"@id\":\"https:\\\/\\\/www.lihusl.com\\\/#website\"},\"primaryImageOfPage\":{\"@id\":\"https:\\\/\\\/www.lihusl.com\\\/product\\\/mesh-beach-cooler-clear-girls-summer-tote-bag\\\/#primaryimage\"},\"image\":{\"@id\":\"https:\\\/\\\/www.lihusl.com\\\/product\\\/mesh-beach-cooler-clear-girls-summer-tote-bag\\\/#primaryimage\"},\"thumbnailUrl\":\"https:\\\/\\\/www.lihusl.com\\\/wp-content\\\/uploads\\\/2024\\\/06\\\/1-\u4e3b\u56fe-16.jpg\",\"datePublished\":\"2024-06-05T04:03:45+00:00\",\"dateModified\":\"2026-02-02T09:08:54+00:00\",\"breadcrumb\":{\"@id\":\"https:\\\/\\\/www.lihusl.com\\\/product\\\/mesh-beach-cooler-clear-girls-summer-tote-bag\\\/#breadcrumb\"},\"inLanguage\":\"es\",\"potentialAction\":[{\"@type\":\"ReadAction\",\"target\":[\"https:\\\/\\\/www.lihusl.com\\\/product\\\/mesh-beach-cooler-clear-girls-summer-tote-bag\\\/\"]}]},{\"@type\":\"ImageObject\",\"inLanguage\":\"es\",\"@id\":\"https:\\\/\\\/www.lihusl.com\\\/product\\\/mesh-beach-cooler-clear-girls-summer-tote-bag\\\/#primaryimage\",\"url\":\"https:\\\/\\\/www.lihusl.com\\\/wp-content\\\/uploads\\\/2024\\\/06\\\/1-\u4e3b\u56fe-16.jpg\",\"contentUrl\":\"https:\\\/\\\/www.lihusl.com\\\/wp-content\\\/uploads\\\/2024\\\/06\\\/1-\u4e3b\u56fe-16.jpg\",\"width\":1200,\"height\":1200},{\"@type\":\"BreadcrumbList\",\"@id\":\"https:\\\/\\\/www.lihusl.com\\\/product\\\/mesh-beach-cooler-clear-girls-summer-tote-bag\\\/#breadcrumb\",\"itemListElement\":[{\"@type\":\"ListItem\",\"position\":1,\"name\":\"Home\",\"item\":\"https:\\\/\\\/www.lihusl.com\\\/\"},{\"@type\":\"ListItem\",\"position\":2,\"name\":\"Shop\",\"item\":\"https:\\\/\\\/www.lihusl.com\\\/shop\\\/\"},{\"@type\":\"ListItem\",\"position\":3,\"name\":\"Mesh Beach Cooler Clear Girls Summer Tote Bag\"}]},{\"@type\":\"WebSite\",\"@id\":\"https:\\\/\\\/www.lihusl.com\\\/#website\",\"url\":\"https:\\\/\\\/www.lihusl.com\\\/\",\"name\":\"Lihu\",\"description\":\"\",\"potentialAction\":[{\"@type\":\"SearchAction\",\"target\":{\"@type\":\"EntryPoint\",\"urlTemplate\":\"https:\\\/\\\/www.lihusl.com\\\/?s={search_term_string}\"},\"query-input\":{\"@type\":\"PropertyValueSpecification\",\"valueRequired\":true,\"valueName\":\"search_term_string\"}}],\"inLanguage\":\"es\"}]}<\/script>\n<!-- \/ Yoast SEO plugin. -->","yoast_head_json":{"title":"Mesh Beach Cooler Clear Girls Summer Tote Bag - Lihu","robots":{"index":"index","follow":"follow","max-snippet":"max-snippet:-1","max-image-preview":"max-image-preview:large","max-video-preview":"max-video-preview:-1"},"canonical":"https:\/\/www.lihusl.com\/es\/producto\/mesh-beach-cooler-clear-girls-summer-tote-bag\/","og_locale":"es_ES","og_type":"article","og_title":"Mesh Beach Cooler Clear Girls Summer Tote Bag - Lihu","og_description":"Beach Bag, Mesh Beach Bag with Cooler, Compartment for Women Beach Vacation Essentials. Made with strong lightweight mesh material that won\u2019t break or tear easily from normal use and wear; we used the best in class fabric; Featuring an additional &hellip; Readmore","og_url":"https:\/\/www.lihusl.com\/es\/producto\/mesh-beach-cooler-clear-girls-summer-tote-bag\/","og_site_name":"Lihu","article_modified_time":"2026-02-02T09:08:54+00:00","og_image":[{"width":1200,"height":1200,"url":"https:\/\/www.lihusl.com\/wp-content\/uploads\/2024\/06\/1-\u4e3b\u56fe-16.jpg","type":"image\/jpeg"}],"twitter_card":"summary_large_image","twitter_misc":{"Tiempo de lectura":"1 minuto"},"schema":{"@context":"https:\/\/schema.org","@graph":[{"@type":"WebPage","@id":"https:\/\/www.lihusl.com\/product\/mesh-beach-cooler-clear-girls-summer-tote-bag\/","url":"https:\/\/www.lihusl.com\/product\/mesh-beach-cooler-clear-girls-summer-tote-bag\/","name":"Mesh Beach Cooler Clear Girls Summer Tote Bag - Lihu","isPartOf":{"@id":"https:\/\/www.lihusl.com\/#website"},"primaryImageOfPage":{"@id":"https:\/\/www.lihusl.com\/product\/mesh-beach-cooler-clear-girls-summer-tote-bag\/#primaryimage"},"image":{"@id":"https:\/\/www.lihusl.com\/product\/mesh-beach-cooler-clear-girls-summer-tote-bag\/#primaryimage"},"thumbnailUrl":"https:\/\/www.lihusl.com\/wp-content\/uploads\/2024\/06\/1-\u4e3b\u56fe-16.jpg","datePublished":"2024-06-05T04:03:45+00:00","dateModified":"2026-02-02T09:08:54+00:00","breadcrumb":{"@id":"https:\/\/www.lihusl.com\/product\/mesh-beach-cooler-clear-girls-summer-tote-bag\/#breadcrumb"},"inLanguage":"es","potentialAction":[{"@type":"ReadAction","target":["https:\/\/www.lihusl.com\/product\/mesh-beach-cooler-clear-girls-summer-tote-bag\/"]}]},{"@type":"ImageObject","inLanguage":"es","@id":"https:\/\/www.lihusl.com\/product\/mesh-beach-cooler-clear-girls-summer-tote-bag\/#primaryimage","url":"https:\/\/www.lihusl.com\/wp-content\/uploads\/2024\/06\/1-\u4e3b\u56fe-16.jpg","contentUrl":"https:\/\/www.lihusl.com\/wp-content\/uploads\/2024\/06\/1-\u4e3b\u56fe-16.jpg","width":1200,"height":1200},{"@type":"BreadcrumbList","@id":"https:\/\/www.lihusl.com\/product\/mesh-beach-cooler-clear-girls-summer-tote-bag\/#breadcrumb","itemListElement":[{"@type":"ListItem","position":1,"name":"Home","item":"https:\/\/www.lihusl.com\/"},{"@type":"ListItem","position":2,"name":"Shop","item":"https:\/\/www.lihusl.com\/shop\/"},{"@type":"ListItem","position":3,"name":"Mesh Beach Cooler Clear Girls Summer Tote Bag"}]},{"@type":"WebSite","@id":"https:\/\/www.lihusl.com\/#website","url":"https:\/\/www.lihusl.com\/","name":"Lihu","description":"","potentialAction":[{"@type":"SearchAction","target":{"@type":"EntryPoint","urlTemplate":"https:\/\/www.lihusl.com\/?s={search_term_string}"},"query-input":{"@type":"PropertyValueSpecification","valueRequired":true,"valueName":"search_term_string"}}],"inLanguage":"es"}]}},"jetpack_sharing_enabled":true,"_links":{"self":[{"href":"https:\/\/www.lihusl.com\/es\/wp-json\/wp\/v2\/product\/4827","targetHints":{"allow":["GET"]}}],"collection":[{"href":"https:\/\/www.lihusl.com\/es\/wp-json\/wp\/v2\/product"}],"about":[{"href":"https:\/\/www.lihusl.com\/es\/wp-json\/wp\/v2\/types\/product"}],"wp:featuredmedia":[{"embeddable":true,"href":"https:\/\/www.lihusl.com\/es\/wp-json\/wp\/v2\/media\/4832"}],"wp:attachment":[{"href":"https:\/\/www.lihusl.com\/es\/wp-json\/wp\/v2\/media?parent=4827"}],"wp:term":[{"taxonomy":"product_brand","embeddable":true,"href":"https:\/\/www.lihusl.com\/es\/wp-json\/wp\/v2\/product_brand?post=4827"},{"taxonomy":"product_cat","embeddable":true,"href":"https:\/\/www.lihusl.com\/es\/wp-json\/wp\/v2\/product_cat?post=4827"},{"taxonomy":"product_tag","embeddable":true,"href":"https:\/\/www.lihusl.com\/es\/wp-json\/wp\/v2\/product_tag?post=4827"}],"curies":[{"name":"wp","href":"https:\/\/api.w.org\/{rel}","templated":true}]}}