{"id":4841,"date":"2024-06-05T04:04:57","date_gmt":"2024-06-05T04:04:57","guid":{"rendered":"http:\/\/www.lihusl.com\/?post_type=product&#038;p=4841"},"modified":"2026-01-30T00:20:50","modified_gmt":"2026-01-29T16:20:50","slug":"c-shaped-handle-hands-free-stand-up-inverted-umbrella","status":"publish","type":"product","link":"https:\/\/www.lihusl.com\/es\/producto\/c-shaped-handle-hands-free-stand-up-inverted-umbrella\/","title":{"rendered":"Paraguas invertido manos libres con mango en forma de C"},"content":{"rendered":"<p><span style=\"color: #000000;\">LP0027<\/span><\/p>\n<p><span style=\"color: #000000;\">El dise\u00f1o de paraguas invertido es el complemento perfecto para su equipo de lluvia. El dise\u00f1o especial de plegado invertido mantiene el agua de lluvia dentro del paraguas.<\/span><br \/>\n<span style=\"color: #000000;\">El c\u00f3modo paraguas manos libres le ayuda a realizar m\u00faltiples tareas en su ajetreada vida. El mango en forma de C de este paraguas invertido se desliza sobre su mu\u00f1eca, permiti\u00e9ndole utilizar ambas manos. Ya no tendr\u00e1s que buscar puertas ni hablar por tel\u00e9fono con este estupendo paraguas invertido. Este bonito paraguas no s\u00f3lo es reversible, sino que tambi\u00e9n es resistente al viento. Es muy c\u00f3modo de guardar y ofrece protecci\u00f3n contra el sol y la lluvia. Lo que es a\u00fan mejor es que este paraguas tambi\u00e9n tiene una funci\u00f3n autom\u00e1tica de apertura y cierre. Ofrecemos paraguas invertidos de doble capa en colores lisos y estampados. Nuestros divertidos estilos incluyen: azul cielo, amarillo\/rosa\/azul\/rojo\/morado, etc.Se puede personalizar.<\/span><\/p>","protected":false},"excerpt":{"rendered":"<p><span style=\"color: #000000;\"> This Inverted Umbrella&#8217;S C-Shaped Handle Slides Onto Your Wrist\uff0c It Is Very Convenient To Store And Can Provide Sun Protection <\/span><\/p>","protected":false},"featured_media":4842,"template":"","meta":{"om_disable_all_campaigns":false,"_monsterinsights_skip_tracking":false,"_monsterinsights_sitenote_active":false,"_monsterinsights_sitenote_note":"","_monsterinsights_sitenote_category":0},"product_brand":[],"product_cat":[166],"product_tag":[167],"class_list":{"0":"post-4841","1":"product","2":"type-product","3":"status-publish","4":"has-post-thumbnail","6":"product_cat-outdoors","7":"product_tag-umbrella","9":"first","10":"instock","11":"taxable","12":"shipping-taxable","13":"purchasable","14":"product-type-simple"},"yoast_head":"<!-- This site is optimized with the Yoast SEO plugin v27.4 - https:\/\/yoast.com\/product\/yoast-seo-wordpress\/ -->\n<title>C-Shaped Handle Hands-Free Stand-Up Inverted Umbrella - Lihu<\/title>\n<meta name=\"robots\" content=\"index, follow, max-snippet:-1, max-image-preview:large, max-video-preview:-1\" \/>\n<link rel=\"canonical\" href=\"https:\/\/www.lihusl.com\/es\/producto\/c-shaped-handle-hands-free-stand-up-inverted-umbrella\/\" \/>\n<meta property=\"og:locale\" content=\"es_ES\" \/>\n<meta property=\"og:type\" content=\"article\" \/>\n<meta property=\"og:title\" content=\"C-Shaped Handle Hands-Free Stand-Up Inverted Umbrella - Lihu\" \/>\n<meta property=\"og:description\" content=\"This Inverted Umbrella&#039;S C-Shaped Handle Slides Onto Your Wrist\uff0c It Is Very Convenient To Store And Can Provide Sun Protection\" \/>\n<meta property=\"og:url\" content=\"https:\/\/www.lihusl.com\/es\/producto\/c-shaped-handle-hands-free-stand-up-inverted-umbrella\/\" \/>\n<meta property=\"og:site_name\" content=\"Lihu\" \/>\n<meta property=\"article:modified_time\" content=\"2026-01-29T16:20:50+00:00\" \/>\n<meta property=\"og:image\" content=\"https:\/\/www.lihusl.com\/wp-content\/uploads\/2024\/06\/1-\u4e3b\u56fe-17.jpg\" \/>\n\t<meta property=\"og:image:width\" content=\"1200\" \/>\n\t<meta property=\"og:image:height\" content=\"1200\" \/>\n\t<meta property=\"og:image:type\" content=\"image\/jpeg\" \/>\n<meta name=\"twitter:card\" content=\"summary_large_image\" \/>\n<meta name=\"twitter:label1\" content=\"Tiempo de lectura\" \/>\n\t<meta name=\"twitter:data1\" content=\"1 minuto\" \/>\n<script type=\"application\/ld+json\" class=\"yoast-schema-graph\">{\"@context\":\"https:\\\/\\\/schema.org\",\"@graph\":[{\"@type\":\"WebPage\",\"@id\":\"https:\\\/\\\/www.lihusl.com\\\/product\\\/c-shaped-handle-hands-free-stand-up-inverted-umbrella\\\/\",\"url\":\"https:\\\/\\\/www.lihusl.com\\\/product\\\/c-shaped-handle-hands-free-stand-up-inverted-umbrella\\\/\",\"name\":\"C-Shaped Handle Hands-Free Stand-Up Inverted Umbrella - Lihu\",\"isPartOf\":{\"@id\":\"https:\\\/\\\/www.lihusl.com\\\/#website\"},\"primaryImageOfPage\":{\"@id\":\"https:\\\/\\\/www.lihusl.com\\\/product\\\/c-shaped-handle-hands-free-stand-up-inverted-umbrella\\\/#primaryimage\"},\"image\":{\"@id\":\"https:\\\/\\\/www.lihusl.com\\\/product\\\/c-shaped-handle-hands-free-stand-up-inverted-umbrella\\\/#primaryimage\"},\"thumbnailUrl\":\"https:\\\/\\\/www.lihusl.com\\\/wp-content\\\/uploads\\\/2024\\\/06\\\/1-\u4e3b\u56fe-17.jpg\",\"datePublished\":\"2024-06-05T04:04:57+00:00\",\"dateModified\":\"2026-01-29T16:20:50+00:00\",\"breadcrumb\":{\"@id\":\"https:\\\/\\\/www.lihusl.com\\\/product\\\/c-shaped-handle-hands-free-stand-up-inverted-umbrella\\\/#breadcrumb\"},\"inLanguage\":\"es\",\"potentialAction\":[{\"@type\":\"ReadAction\",\"target\":[\"https:\\\/\\\/www.lihusl.com\\\/product\\\/c-shaped-handle-hands-free-stand-up-inverted-umbrella\\\/\"]}]},{\"@type\":\"ImageObject\",\"inLanguage\":\"es\",\"@id\":\"https:\\\/\\\/www.lihusl.com\\\/product\\\/c-shaped-handle-hands-free-stand-up-inverted-umbrella\\\/#primaryimage\",\"url\":\"https:\\\/\\\/www.lihusl.com\\\/wp-content\\\/uploads\\\/2024\\\/06\\\/1-\u4e3b\u56fe-17.jpg\",\"contentUrl\":\"https:\\\/\\\/www.lihusl.com\\\/wp-content\\\/uploads\\\/2024\\\/06\\\/1-\u4e3b\u56fe-17.jpg\",\"width\":1200,\"height\":1200},{\"@type\":\"BreadcrumbList\",\"@id\":\"https:\\\/\\\/www.lihusl.com\\\/product\\\/c-shaped-handle-hands-free-stand-up-inverted-umbrella\\\/#breadcrumb\",\"itemListElement\":[{\"@type\":\"ListItem\",\"position\":1,\"name\":\"Home\",\"item\":\"https:\\\/\\\/www.lihusl.com\\\/\"},{\"@type\":\"ListItem\",\"position\":2,\"name\":\"Shop\",\"item\":\"https:\\\/\\\/www.lihusl.com\\\/shop\\\/\"},{\"@type\":\"ListItem\",\"position\":3,\"name\":\"C-Shaped Handle Hands-Free Stand-Up Inverted Umbrella\"}]},{\"@type\":\"WebSite\",\"@id\":\"https:\\\/\\\/www.lihusl.com\\\/#website\",\"url\":\"https:\\\/\\\/www.lihusl.com\\\/\",\"name\":\"Lihu\",\"description\":\"\",\"potentialAction\":[{\"@type\":\"SearchAction\",\"target\":{\"@type\":\"EntryPoint\",\"urlTemplate\":\"https:\\\/\\\/www.lihusl.com\\\/?s={search_term_string}\"},\"query-input\":{\"@type\":\"PropertyValueSpecification\",\"valueRequired\":true,\"valueName\":\"search_term_string\"}}],\"inLanguage\":\"es\"}]}<\/script>\n<!-- \/ Yoast SEO plugin. -->","yoast_head_json":{"title":"C-Shaped Handle Hands-Free Stand-Up Inverted Umbrella - Lihu","robots":{"index":"index","follow":"follow","max-snippet":"max-snippet:-1","max-image-preview":"max-image-preview:large","max-video-preview":"max-video-preview:-1"},"canonical":"https:\/\/www.lihusl.com\/es\/producto\/c-shaped-handle-hands-free-stand-up-inverted-umbrella\/","og_locale":"es_ES","og_type":"article","og_title":"C-Shaped Handle Hands-Free Stand-Up Inverted Umbrella - Lihu","og_description":"This Inverted Umbrella'S C-Shaped Handle Slides Onto Your Wrist\uff0c It Is Very Convenient To Store And Can Provide Sun Protection","og_url":"https:\/\/www.lihusl.com\/es\/producto\/c-shaped-handle-hands-free-stand-up-inverted-umbrella\/","og_site_name":"Lihu","article_modified_time":"2026-01-29T16:20:50+00:00","og_image":[{"width":1200,"height":1200,"url":"https:\/\/www.lihusl.com\/wp-content\/uploads\/2024\/06\/1-\u4e3b\u56fe-17.jpg","type":"image\/jpeg"}],"twitter_card":"summary_large_image","twitter_misc":{"Tiempo de lectura":"1 minuto"},"schema":{"@context":"https:\/\/schema.org","@graph":[{"@type":"WebPage","@id":"https:\/\/www.lihusl.com\/product\/c-shaped-handle-hands-free-stand-up-inverted-umbrella\/","url":"https:\/\/www.lihusl.com\/product\/c-shaped-handle-hands-free-stand-up-inverted-umbrella\/","name":"C-Shaped Handle Hands-Free Stand-Up Inverted Umbrella - Lihu","isPartOf":{"@id":"https:\/\/www.lihusl.com\/#website"},"primaryImageOfPage":{"@id":"https:\/\/www.lihusl.com\/product\/c-shaped-handle-hands-free-stand-up-inverted-umbrella\/#primaryimage"},"image":{"@id":"https:\/\/www.lihusl.com\/product\/c-shaped-handle-hands-free-stand-up-inverted-umbrella\/#primaryimage"},"thumbnailUrl":"https:\/\/www.lihusl.com\/wp-content\/uploads\/2024\/06\/1-\u4e3b\u56fe-17.jpg","datePublished":"2024-06-05T04:04:57+00:00","dateModified":"2026-01-29T16:20:50+00:00","breadcrumb":{"@id":"https:\/\/www.lihusl.com\/product\/c-shaped-handle-hands-free-stand-up-inverted-umbrella\/#breadcrumb"},"inLanguage":"es","potentialAction":[{"@type":"ReadAction","target":["https:\/\/www.lihusl.com\/product\/c-shaped-handle-hands-free-stand-up-inverted-umbrella\/"]}]},{"@type":"ImageObject","inLanguage":"es","@id":"https:\/\/www.lihusl.com\/product\/c-shaped-handle-hands-free-stand-up-inverted-umbrella\/#primaryimage","url":"https:\/\/www.lihusl.com\/wp-content\/uploads\/2024\/06\/1-\u4e3b\u56fe-17.jpg","contentUrl":"https:\/\/www.lihusl.com\/wp-content\/uploads\/2024\/06\/1-\u4e3b\u56fe-17.jpg","width":1200,"height":1200},{"@type":"BreadcrumbList","@id":"https:\/\/www.lihusl.com\/product\/c-shaped-handle-hands-free-stand-up-inverted-umbrella\/#breadcrumb","itemListElement":[{"@type":"ListItem","position":1,"name":"Home","item":"https:\/\/www.lihusl.com\/"},{"@type":"ListItem","position":2,"name":"Shop","item":"https:\/\/www.lihusl.com\/shop\/"},{"@type":"ListItem","position":3,"name":"C-Shaped Handle Hands-Free Stand-Up Inverted Umbrella"}]},{"@type":"WebSite","@id":"https:\/\/www.lihusl.com\/#website","url":"https:\/\/www.lihusl.com\/","name":"Lihu","description":"","potentialAction":[{"@type":"SearchAction","target":{"@type":"EntryPoint","urlTemplate":"https:\/\/www.lihusl.com\/?s={search_term_string}"},"query-input":{"@type":"PropertyValueSpecification","valueRequired":true,"valueName":"search_term_string"}}],"inLanguage":"es"}]}},"jetpack_sharing_enabled":true,"_links":{"self":[{"href":"https:\/\/www.lihusl.com\/es\/wp-json\/wp\/v2\/product\/4841","targetHints":{"allow":["GET"]}}],"collection":[{"href":"https:\/\/www.lihusl.com\/es\/wp-json\/wp\/v2\/product"}],"about":[{"href":"https:\/\/www.lihusl.com\/es\/wp-json\/wp\/v2\/types\/product"}],"wp:featuredmedia":[{"embeddable":true,"href":"https:\/\/www.lihusl.com\/es\/wp-json\/wp\/v2\/media\/4842"}],"wp:attachment":[{"href":"https:\/\/www.lihusl.com\/es\/wp-json\/wp\/v2\/media?parent=4841"}],"wp:term":[{"taxonomy":"product_brand","embeddable":true,"href":"https:\/\/www.lihusl.com\/es\/wp-json\/wp\/v2\/product_brand?post=4841"},{"taxonomy":"product_cat","embeddable":true,"href":"https:\/\/www.lihusl.com\/es\/wp-json\/wp\/v2\/product_cat?post=4841"},{"taxonomy":"product_tag","embeddable":true,"href":"https:\/\/www.lihusl.com\/es\/wp-json\/wp\/v2\/product_tag?post=4841"}],"curies":[{"name":"wp","href":"https:\/\/api.w.org\/{rel}","templated":true}]}}