{"id":4843,"date":"2024-06-05T04:05:42","date_gmt":"2024-06-05T04:05:42","guid":{"rendered":"http:\/\/www.lihusl.com\/?post_type=product&#038;p=4843"},"modified":"2026-02-02T17:11:55","modified_gmt":"2026-02-02T09:11:55","slug":"wine-tote-bag-with-cooler-compartment-and-picnic-sets","status":"publish","type":"product","link":"https:\/\/www.lihusl.com\/es\/producto\/wine-tote-bag-with-cooler-compartment-and-picnic-sets\/","title":{"rendered":"Bolsa para vino con compartimento refrigerador y juegos de picnic"},"content":{"rendered":"<p>Bolsa de vino con nevera y set de picnic lleva cubiertos, incluye 2 copas de vino de pl\u00e1stico, 1 sacacorchos de acero, 1 tap\u00f3n de botella y 1 servilleta, mantiene dos botellas o latas variadas fr\u00edas durante muchos d\u00edas horas, por favor tenga en cuenta que los vinos en las fotos son s\u00f3lo para fines de visualizaci\u00f3n y no est\u00e1n incluidos en esta nevera, la bolsa viene con una correa de hombro ajustable para facilitar el transporte para la portabilidad final, el material de esta bolsa de vino es de nylon Oxford tela, fuerte y durable.Making es perfecto para picnics al aire libre, viajes a la playa, o escapadas rom\u00e1nticas. La tela Oxford de nylon duradero promete longevidad. Esta bolsa de vino con nevera y juego de picnic no s\u00f3lo es pr\u00e1ctica, sino tambi\u00e9n elegante, lo que le permite disfrutar de sus bebidas favoritas en cualquier entorno con facilidad. Se puede personalizar.<\/p>","protected":false},"excerpt":{"rendered":"<p>Wine tote with cooler and picnic set carries cutlery, includes 2 plastic wine glasses, 1 steel corkscrew, 1 bottle stopper and 1 napkin, keeps two bottles or assorted cans cool for many days hours, please note that the wines in &hellip; <a href=\"https:\/\/www.lihusl.com\/es\/producto\/wine-tote-bag-with-cooler-compartment-and-picnic-sets\/\">Leer m\u00e1s<\/a><\/p>","protected":false},"featured_media":4847,"template":"","meta":{"om_disable_all_campaigns":false,"_monsterinsights_skip_tracking":false,"_monsterinsights_sitenote_active":false,"_monsterinsights_sitenote_note":"","_monsterinsights_sitenote_category":0},"product_brand":[],"product_cat":[115],"product_tag":[],"class_list":{"0":"post-4843","1":"product","2":"type-product","3":"status-publish","4":"has-post-thumbnail","6":"product_cat-bags-luggage","8":"first","9":"instock","10":"taxable","11":"shipping-taxable","12":"purchasable","13":"product-type-simple"},"yoast_head":"<!-- This site is optimized with the Yoast SEO plugin v27.4 - https:\/\/yoast.com\/product\/yoast-seo-wordpress\/ -->\n<title>Wine Tote Bag with Cooler Compartment And Picnic Sets - Lihu<\/title>\n<meta name=\"robots\" content=\"index, follow, max-snippet:-1, max-image-preview:large, max-video-preview:-1\" \/>\n<link rel=\"canonical\" href=\"https:\/\/www.lihusl.com\/es\/producto\/wine-tote-bag-with-cooler-compartment-and-picnic-sets\/\" \/>\n<meta property=\"og:locale\" content=\"es_ES\" \/>\n<meta property=\"og:type\" content=\"article\" \/>\n<meta property=\"og:title\" content=\"Wine Tote Bag with Cooler Compartment And Picnic Sets - Lihu\" \/>\n<meta property=\"og:description\" content=\"Wine tote with cooler and picnic set carries cutlery, includes 2 plastic wine glasses, 1 steel corkscrew, 1 bottle stopper and 1 napkin, keeps two bottles or assorted cans cool for many days hours, please note that the wines in &hellip; Readmore\" \/>\n<meta property=\"og:url\" content=\"https:\/\/www.lihusl.com\/es\/producto\/wine-tote-bag-with-cooler-compartment-and-picnic-sets\/\" \/>\n<meta property=\"og:site_name\" content=\"Lihu\" \/>\n<meta property=\"article:modified_time\" content=\"2026-02-02T09:11:55+00:00\" \/>\n<meta property=\"og:image\" content=\"https:\/\/www.lihusl.com\/wp-content\/uploads\/2024\/06\/1-\u4e3b\u56fe-18.jpg\" \/>\n\t<meta property=\"og:image:width\" content=\"1200\" \/>\n\t<meta property=\"og:image:height\" content=\"1200\" \/>\n\t<meta property=\"og:image:type\" content=\"image\/jpeg\" \/>\n<meta name=\"twitter:card\" content=\"summary_large_image\" \/>\n<meta name=\"twitter:label1\" content=\"Tiempo de lectura\" \/>\n\t<meta name=\"twitter:data1\" content=\"1 minuto\" \/>\n<script type=\"application\/ld+json\" class=\"yoast-schema-graph\">{\"@context\":\"https:\\\/\\\/schema.org\",\"@graph\":[{\"@type\":\"WebPage\",\"@id\":\"https:\\\/\\\/www.lihusl.com\\\/product\\\/wine-tote-bag-with-cooler-compartment-and-picnic-sets\\\/\",\"url\":\"https:\\\/\\\/www.lihusl.com\\\/product\\\/wine-tote-bag-with-cooler-compartment-and-picnic-sets\\\/\",\"name\":\"Wine Tote Bag with Cooler Compartment And Picnic Sets - Lihu\",\"isPartOf\":{\"@id\":\"https:\\\/\\\/www.lihusl.com\\\/#website\"},\"primaryImageOfPage\":{\"@id\":\"https:\\\/\\\/www.lihusl.com\\\/product\\\/wine-tote-bag-with-cooler-compartment-and-picnic-sets\\\/#primaryimage\"},\"image\":{\"@id\":\"https:\\\/\\\/www.lihusl.com\\\/product\\\/wine-tote-bag-with-cooler-compartment-and-picnic-sets\\\/#primaryimage\"},\"thumbnailUrl\":\"https:\\\/\\\/www.lihusl.com\\\/wp-content\\\/uploads\\\/2024\\\/06\\\/1-\u4e3b\u56fe-18.jpg\",\"datePublished\":\"2024-06-05T04:05:42+00:00\",\"dateModified\":\"2026-02-02T09:11:55+00:00\",\"breadcrumb\":{\"@id\":\"https:\\\/\\\/www.lihusl.com\\\/product\\\/wine-tote-bag-with-cooler-compartment-and-picnic-sets\\\/#breadcrumb\"},\"inLanguage\":\"es\",\"potentialAction\":[{\"@type\":\"ReadAction\",\"target\":[\"https:\\\/\\\/www.lihusl.com\\\/product\\\/wine-tote-bag-with-cooler-compartment-and-picnic-sets\\\/\"]}]},{\"@type\":\"ImageObject\",\"inLanguage\":\"es\",\"@id\":\"https:\\\/\\\/www.lihusl.com\\\/product\\\/wine-tote-bag-with-cooler-compartment-and-picnic-sets\\\/#primaryimage\",\"url\":\"https:\\\/\\\/www.lihusl.com\\\/wp-content\\\/uploads\\\/2024\\\/06\\\/1-\u4e3b\u56fe-18.jpg\",\"contentUrl\":\"https:\\\/\\\/www.lihusl.com\\\/wp-content\\\/uploads\\\/2024\\\/06\\\/1-\u4e3b\u56fe-18.jpg\",\"width\":1200,\"height\":1200},{\"@type\":\"BreadcrumbList\",\"@id\":\"https:\\\/\\\/www.lihusl.com\\\/product\\\/wine-tote-bag-with-cooler-compartment-and-picnic-sets\\\/#breadcrumb\",\"itemListElement\":[{\"@type\":\"ListItem\",\"position\":1,\"name\":\"Home\",\"item\":\"https:\\\/\\\/www.lihusl.com\\\/\"},{\"@type\":\"ListItem\",\"position\":2,\"name\":\"Shop\",\"item\":\"https:\\\/\\\/www.lihusl.com\\\/shop\\\/\"},{\"@type\":\"ListItem\",\"position\":3,\"name\":\"Wine Tote Bag with Cooler Compartment And Picnic Sets\"}]},{\"@type\":\"WebSite\",\"@id\":\"https:\\\/\\\/www.lihusl.com\\\/#website\",\"url\":\"https:\\\/\\\/www.lihusl.com\\\/\",\"name\":\"Lihu\",\"description\":\"\",\"potentialAction\":[{\"@type\":\"SearchAction\",\"target\":{\"@type\":\"EntryPoint\",\"urlTemplate\":\"https:\\\/\\\/www.lihusl.com\\\/?s={search_term_string}\"},\"query-input\":{\"@type\":\"PropertyValueSpecification\",\"valueRequired\":true,\"valueName\":\"search_term_string\"}}],\"inLanguage\":\"es\"}]}<\/script>\n<!-- \/ Yoast SEO plugin. -->","yoast_head_json":{"title":"Wine Tote Bag with Cooler Compartment And Picnic Sets - Lihu","robots":{"index":"index","follow":"follow","max-snippet":"max-snippet:-1","max-image-preview":"max-image-preview:large","max-video-preview":"max-video-preview:-1"},"canonical":"https:\/\/www.lihusl.com\/es\/producto\/wine-tote-bag-with-cooler-compartment-and-picnic-sets\/","og_locale":"es_ES","og_type":"article","og_title":"Wine Tote Bag with Cooler Compartment And Picnic Sets - Lihu","og_description":"Wine tote with cooler and picnic set carries cutlery, includes 2 plastic wine glasses, 1 steel corkscrew, 1 bottle stopper and 1 napkin, keeps two bottles or assorted cans cool for many days hours, please note that the wines in &hellip; Readmore","og_url":"https:\/\/www.lihusl.com\/es\/producto\/wine-tote-bag-with-cooler-compartment-and-picnic-sets\/","og_site_name":"Lihu","article_modified_time":"2026-02-02T09:11:55+00:00","og_image":[{"width":1200,"height":1200,"url":"https:\/\/www.lihusl.com\/wp-content\/uploads\/2024\/06\/1-\u4e3b\u56fe-18.jpg","type":"image\/jpeg"}],"twitter_card":"summary_large_image","twitter_misc":{"Tiempo de lectura":"1 minuto"},"schema":{"@context":"https:\/\/schema.org","@graph":[{"@type":"WebPage","@id":"https:\/\/www.lihusl.com\/product\/wine-tote-bag-with-cooler-compartment-and-picnic-sets\/","url":"https:\/\/www.lihusl.com\/product\/wine-tote-bag-with-cooler-compartment-and-picnic-sets\/","name":"Wine Tote Bag with Cooler Compartment And Picnic Sets - Lihu","isPartOf":{"@id":"https:\/\/www.lihusl.com\/#website"},"primaryImageOfPage":{"@id":"https:\/\/www.lihusl.com\/product\/wine-tote-bag-with-cooler-compartment-and-picnic-sets\/#primaryimage"},"image":{"@id":"https:\/\/www.lihusl.com\/product\/wine-tote-bag-with-cooler-compartment-and-picnic-sets\/#primaryimage"},"thumbnailUrl":"https:\/\/www.lihusl.com\/wp-content\/uploads\/2024\/06\/1-\u4e3b\u56fe-18.jpg","datePublished":"2024-06-05T04:05:42+00:00","dateModified":"2026-02-02T09:11:55+00:00","breadcrumb":{"@id":"https:\/\/www.lihusl.com\/product\/wine-tote-bag-with-cooler-compartment-and-picnic-sets\/#breadcrumb"},"inLanguage":"es","potentialAction":[{"@type":"ReadAction","target":["https:\/\/www.lihusl.com\/product\/wine-tote-bag-with-cooler-compartment-and-picnic-sets\/"]}]},{"@type":"ImageObject","inLanguage":"es","@id":"https:\/\/www.lihusl.com\/product\/wine-tote-bag-with-cooler-compartment-and-picnic-sets\/#primaryimage","url":"https:\/\/www.lihusl.com\/wp-content\/uploads\/2024\/06\/1-\u4e3b\u56fe-18.jpg","contentUrl":"https:\/\/www.lihusl.com\/wp-content\/uploads\/2024\/06\/1-\u4e3b\u56fe-18.jpg","width":1200,"height":1200},{"@type":"BreadcrumbList","@id":"https:\/\/www.lihusl.com\/product\/wine-tote-bag-with-cooler-compartment-and-picnic-sets\/#breadcrumb","itemListElement":[{"@type":"ListItem","position":1,"name":"Home","item":"https:\/\/www.lihusl.com\/"},{"@type":"ListItem","position":2,"name":"Shop","item":"https:\/\/www.lihusl.com\/shop\/"},{"@type":"ListItem","position":3,"name":"Wine Tote Bag with Cooler Compartment And Picnic Sets"}]},{"@type":"WebSite","@id":"https:\/\/www.lihusl.com\/#website","url":"https:\/\/www.lihusl.com\/","name":"Lihu","description":"","potentialAction":[{"@type":"SearchAction","target":{"@type":"EntryPoint","urlTemplate":"https:\/\/www.lihusl.com\/?s={search_term_string}"},"query-input":{"@type":"PropertyValueSpecification","valueRequired":true,"valueName":"search_term_string"}}],"inLanguage":"es"}]}},"jetpack_sharing_enabled":true,"_links":{"self":[{"href":"https:\/\/www.lihusl.com\/es\/wp-json\/wp\/v2\/product\/4843","targetHints":{"allow":["GET"]}}],"collection":[{"href":"https:\/\/www.lihusl.com\/es\/wp-json\/wp\/v2\/product"}],"about":[{"href":"https:\/\/www.lihusl.com\/es\/wp-json\/wp\/v2\/types\/product"}],"wp:featuredmedia":[{"embeddable":true,"href":"https:\/\/www.lihusl.com\/es\/wp-json\/wp\/v2\/media\/4847"}],"wp:attachment":[{"href":"https:\/\/www.lihusl.com\/es\/wp-json\/wp\/v2\/media?parent=4843"}],"wp:term":[{"taxonomy":"product_brand","embeddable":true,"href":"https:\/\/www.lihusl.com\/es\/wp-json\/wp\/v2\/product_brand?post=4843"},{"taxonomy":"product_cat","embeddable":true,"href":"https:\/\/www.lihusl.com\/es\/wp-json\/wp\/v2\/product_cat?post=4843"},{"taxonomy":"product_tag","embeddable":true,"href":"https:\/\/www.lihusl.com\/es\/wp-json\/wp\/v2\/product_tag?post=4843"}],"curies":[{"name":"wp","href":"https:\/\/api.w.org\/{rel}","templated":true}]}}