{"id":4850,"date":"2024-06-05T04:06:32","date_gmt":"2024-06-05T04:06:32","guid":{"rendered":"http:\/\/www.lihusl.com\/?post_type=product&#038;p=4850"},"modified":"2024-06-05T04:06:33","modified_gmt":"2024-06-05T04:06:33","slug":"mini-foldable-multi-angle-adjustable-desktop-phone-holder","status":"publish","type":"product","link":"https:\/\/www.lihusl.com\/es\/producto\/mini-foldable-multi-angle-adjustable-desktop-phone-holder\/","title":{"rendered":"Minitel\u00e9fono de sobremesa plegable, multi\u00e1ngulo y ajustable"},"content":{"rendered":"<p>Soporte de tel\u00e9fono m\u00f3vil port\u00e1til plegable de sobremesa Soporte de tel\u00e9fono m\u00f3vil ajustable universal de m\u00faltiples \u00e1ngulos para el escritorio Tablet.Folds hasta una forma completamente plana f\u00e1cilmente, para deslizarse a en su bolsillo. Perfecto para el hogar, dormitorio, oficina, o para viajar.ocupa muy poco espacio. paquete de assortedcolors, buena opci\u00f3n para uso personal o como un gift.Easily ajustar a su \u00e1ngulo preferido, para satisfacer sus diferentes preferencias de visualizaci\u00f3n. Hace que su tel\u00e9fono, tableta o accesorio de manos libres para disfrutar de sus juegos, videos y Facetime. Perfecto para el hogar, dormitorio, cocina, ba\u00f1o, oficina, o para viajar.Durable y estable.Material ABS de primera calidad garantiza la durabilidad. Las almohadillas de silicona en la parte inferior y el soporte protegen el tel\u00e9fono y el soporte de superficies deslizantes y ara\u00f1azos.<\/p>","protected":false},"excerpt":{"rendered":"<p>Cell Phone Stand Portable Foldable Desktop Cell Phone Holder Adjustable Universal Multi-Angle Cradle for Desk Tablet.Folds up to a completely flat shapeeasily,to slip to into your pocket. Perfect for home, bedroom, office use,or for traveling.Takes up very little space. pack &hellip; <a href=\"https:\/\/www.lihusl.com\/es\/producto\/mini-foldable-multi-angle-adjustable-desktop-phone-holder\/\">Leer m\u00e1s<\/a><\/p>","protected":false},"featured_media":4854,"template":"","meta":{"om_disable_all_campaigns":false,"_monsterinsights_skip_tracking":false,"_monsterinsights_sitenote_active":false,"_monsterinsights_sitenote_note":"","_monsterinsights_sitenote_category":0},"product_brand":[],"product_cat":[110],"product_tag":[],"class_list":{"0":"post-4850","1":"product","2":"type-product","3":"status-publish","4":"has-post-thumbnail","6":"product_cat-electronics-tech-products","8":"first","9":"instock","10":"taxable","11":"shipping-taxable","12":"purchasable","13":"product-type-simple"},"yoast_head":"<!-- This site is optimized with the Yoast SEO plugin v27.4 - https:\/\/yoast.com\/product\/yoast-seo-wordpress\/ -->\n<title>Mini Foldable Multi-angle Adjustable Desktop Phone Holder - Lihu<\/title>\n<meta name=\"robots\" content=\"index, follow, max-snippet:-1, max-image-preview:large, max-video-preview:-1\" \/>\n<link rel=\"canonical\" href=\"https:\/\/www.lihusl.com\/es\/producto\/mini-foldable-multi-angle-adjustable-desktop-phone-holder\/\" \/>\n<meta property=\"og:locale\" content=\"es_ES\" \/>\n<meta property=\"og:type\" content=\"article\" \/>\n<meta property=\"og:title\" content=\"Mini Foldable Multi-angle Adjustable Desktop Phone Holder - Lihu\" \/>\n<meta property=\"og:description\" content=\"Cell Phone Stand Portable Foldable Desktop Cell Phone Holder Adjustable Universal Multi-Angle Cradle for Desk Tablet.Folds up to a completely flat shapeeasily,to slip to into your pocket. Perfect for home, bedroom, office use,or for traveling.Takes up very little space. pack &hellip; Readmore\" \/>\n<meta property=\"og:url\" content=\"https:\/\/www.lihusl.com\/es\/producto\/mini-foldable-multi-angle-adjustable-desktop-phone-holder\/\" \/>\n<meta property=\"og:site_name\" content=\"Lihu\" \/>\n<meta property=\"article:modified_time\" content=\"2024-06-05T04:06:33+00:00\" \/>\n<meta property=\"og:image\" content=\"https:\/\/www.lihusl.com\/wp-content\/uploads\/2024\/06\/1-\u4e3b\u56fe-19.jpg\" \/>\n\t<meta property=\"og:image:width\" content=\"1200\" \/>\n\t<meta property=\"og:image:height\" content=\"1200\" \/>\n\t<meta property=\"og:image:type\" content=\"image\/jpeg\" \/>\n<meta name=\"twitter:card\" content=\"summary_large_image\" \/>\n<meta name=\"twitter:label1\" content=\"Tiempo de lectura\" \/>\n\t<meta name=\"twitter:data1\" content=\"1 minuto\" \/>\n<script type=\"application\/ld+json\" class=\"yoast-schema-graph\">{\"@context\":\"https:\\\/\\\/schema.org\",\"@graph\":[{\"@type\":\"WebPage\",\"@id\":\"https:\\\/\\\/www.lihusl.com\\\/product\\\/mini-foldable-multi-angle-adjustable-desktop-phone-holder\\\/\",\"url\":\"https:\\\/\\\/www.lihusl.com\\\/product\\\/mini-foldable-multi-angle-adjustable-desktop-phone-holder\\\/\",\"name\":\"Mini Foldable Multi-angle Adjustable Desktop Phone Holder - Lihu\",\"isPartOf\":{\"@id\":\"https:\\\/\\\/www.lihusl.com\\\/#website\"},\"primaryImageOfPage\":{\"@id\":\"https:\\\/\\\/www.lihusl.com\\\/product\\\/mini-foldable-multi-angle-adjustable-desktop-phone-holder\\\/#primaryimage\"},\"image\":{\"@id\":\"https:\\\/\\\/www.lihusl.com\\\/product\\\/mini-foldable-multi-angle-adjustable-desktop-phone-holder\\\/#primaryimage\"},\"thumbnailUrl\":\"https:\\\/\\\/www.lihusl.com\\\/wp-content\\\/uploads\\\/2024\\\/06\\\/1-\u4e3b\u56fe-19.jpg\",\"datePublished\":\"2024-06-05T04:06:32+00:00\",\"dateModified\":\"2024-06-05T04:06:33+00:00\",\"breadcrumb\":{\"@id\":\"https:\\\/\\\/www.lihusl.com\\\/product\\\/mini-foldable-multi-angle-adjustable-desktop-phone-holder\\\/#breadcrumb\"},\"inLanguage\":\"es\",\"potentialAction\":[{\"@type\":\"ReadAction\",\"target\":[\"https:\\\/\\\/www.lihusl.com\\\/product\\\/mini-foldable-multi-angle-adjustable-desktop-phone-holder\\\/\"]}]},{\"@type\":\"ImageObject\",\"inLanguage\":\"es\",\"@id\":\"https:\\\/\\\/www.lihusl.com\\\/product\\\/mini-foldable-multi-angle-adjustable-desktop-phone-holder\\\/#primaryimage\",\"url\":\"https:\\\/\\\/www.lihusl.com\\\/wp-content\\\/uploads\\\/2024\\\/06\\\/1-\u4e3b\u56fe-19.jpg\",\"contentUrl\":\"https:\\\/\\\/www.lihusl.com\\\/wp-content\\\/uploads\\\/2024\\\/06\\\/1-\u4e3b\u56fe-19.jpg\",\"width\":1200,\"height\":1200},{\"@type\":\"BreadcrumbList\",\"@id\":\"https:\\\/\\\/www.lihusl.com\\\/product\\\/mini-foldable-multi-angle-adjustable-desktop-phone-holder\\\/#breadcrumb\",\"itemListElement\":[{\"@type\":\"ListItem\",\"position\":1,\"name\":\"Home\",\"item\":\"https:\\\/\\\/www.lihusl.com\\\/\"},{\"@type\":\"ListItem\",\"position\":2,\"name\":\"Shop\",\"item\":\"https:\\\/\\\/www.lihusl.com\\\/shop\\\/\"},{\"@type\":\"ListItem\",\"position\":3,\"name\":\"Mini Foldable Multi-angle Adjustable Desktop Phone Holder\"}]},{\"@type\":\"WebSite\",\"@id\":\"https:\\\/\\\/www.lihusl.com\\\/#website\",\"url\":\"https:\\\/\\\/www.lihusl.com\\\/\",\"name\":\"Lihu\",\"description\":\"\",\"potentialAction\":[{\"@type\":\"SearchAction\",\"target\":{\"@type\":\"EntryPoint\",\"urlTemplate\":\"https:\\\/\\\/www.lihusl.com\\\/?s={search_term_string}\"},\"query-input\":{\"@type\":\"PropertyValueSpecification\",\"valueRequired\":true,\"valueName\":\"search_term_string\"}}],\"inLanguage\":\"es\"}]}<\/script>\n<!-- \/ Yoast SEO plugin. -->","yoast_head_json":{"title":"Mini Foldable Multi-angle Adjustable Desktop Phone Holder - Lihu","robots":{"index":"index","follow":"follow","max-snippet":"max-snippet:-1","max-image-preview":"max-image-preview:large","max-video-preview":"max-video-preview:-1"},"canonical":"https:\/\/www.lihusl.com\/es\/producto\/mini-foldable-multi-angle-adjustable-desktop-phone-holder\/","og_locale":"es_ES","og_type":"article","og_title":"Mini Foldable Multi-angle Adjustable Desktop Phone Holder - Lihu","og_description":"Cell Phone Stand Portable Foldable Desktop Cell Phone Holder Adjustable Universal Multi-Angle Cradle for Desk Tablet.Folds up to a completely flat shapeeasily,to slip to into your pocket. Perfect for home, bedroom, office use,or for traveling.Takes up very little space. pack &hellip; Readmore","og_url":"https:\/\/www.lihusl.com\/es\/producto\/mini-foldable-multi-angle-adjustable-desktop-phone-holder\/","og_site_name":"Lihu","article_modified_time":"2024-06-05T04:06:33+00:00","og_image":[{"width":1200,"height":1200,"url":"https:\/\/www.lihusl.com\/wp-content\/uploads\/2024\/06\/1-\u4e3b\u56fe-19.jpg","type":"image\/jpeg"}],"twitter_card":"summary_large_image","twitter_misc":{"Tiempo de lectura":"1 minuto"},"schema":{"@context":"https:\/\/schema.org","@graph":[{"@type":"WebPage","@id":"https:\/\/www.lihusl.com\/product\/mini-foldable-multi-angle-adjustable-desktop-phone-holder\/","url":"https:\/\/www.lihusl.com\/product\/mini-foldable-multi-angle-adjustable-desktop-phone-holder\/","name":"Mini Foldable Multi-angle Adjustable Desktop Phone Holder - Lihu","isPartOf":{"@id":"https:\/\/www.lihusl.com\/#website"},"primaryImageOfPage":{"@id":"https:\/\/www.lihusl.com\/product\/mini-foldable-multi-angle-adjustable-desktop-phone-holder\/#primaryimage"},"image":{"@id":"https:\/\/www.lihusl.com\/product\/mini-foldable-multi-angle-adjustable-desktop-phone-holder\/#primaryimage"},"thumbnailUrl":"https:\/\/www.lihusl.com\/wp-content\/uploads\/2024\/06\/1-\u4e3b\u56fe-19.jpg","datePublished":"2024-06-05T04:06:32+00:00","dateModified":"2024-06-05T04:06:33+00:00","breadcrumb":{"@id":"https:\/\/www.lihusl.com\/product\/mini-foldable-multi-angle-adjustable-desktop-phone-holder\/#breadcrumb"},"inLanguage":"es","potentialAction":[{"@type":"ReadAction","target":["https:\/\/www.lihusl.com\/product\/mini-foldable-multi-angle-adjustable-desktop-phone-holder\/"]}]},{"@type":"ImageObject","inLanguage":"es","@id":"https:\/\/www.lihusl.com\/product\/mini-foldable-multi-angle-adjustable-desktop-phone-holder\/#primaryimage","url":"https:\/\/www.lihusl.com\/wp-content\/uploads\/2024\/06\/1-\u4e3b\u56fe-19.jpg","contentUrl":"https:\/\/www.lihusl.com\/wp-content\/uploads\/2024\/06\/1-\u4e3b\u56fe-19.jpg","width":1200,"height":1200},{"@type":"BreadcrumbList","@id":"https:\/\/www.lihusl.com\/product\/mini-foldable-multi-angle-adjustable-desktop-phone-holder\/#breadcrumb","itemListElement":[{"@type":"ListItem","position":1,"name":"Home","item":"https:\/\/www.lihusl.com\/"},{"@type":"ListItem","position":2,"name":"Shop","item":"https:\/\/www.lihusl.com\/shop\/"},{"@type":"ListItem","position":3,"name":"Mini Foldable Multi-angle Adjustable Desktop Phone Holder"}]},{"@type":"WebSite","@id":"https:\/\/www.lihusl.com\/#website","url":"https:\/\/www.lihusl.com\/","name":"Lihu","description":"","potentialAction":[{"@type":"SearchAction","target":{"@type":"EntryPoint","urlTemplate":"https:\/\/www.lihusl.com\/?s={search_term_string}"},"query-input":{"@type":"PropertyValueSpecification","valueRequired":true,"valueName":"search_term_string"}}],"inLanguage":"es"}]}},"jetpack_sharing_enabled":true,"_links":{"self":[{"href":"https:\/\/www.lihusl.com\/es\/wp-json\/wp\/v2\/product\/4850","targetHints":{"allow":["GET"]}}],"collection":[{"href":"https:\/\/www.lihusl.com\/es\/wp-json\/wp\/v2\/product"}],"about":[{"href":"https:\/\/www.lihusl.com\/es\/wp-json\/wp\/v2\/types\/product"}],"wp:featuredmedia":[{"embeddable":true,"href":"https:\/\/www.lihusl.com\/es\/wp-json\/wp\/v2\/media\/4854"}],"wp:attachment":[{"href":"https:\/\/www.lihusl.com\/es\/wp-json\/wp\/v2\/media?parent=4850"}],"wp:term":[{"taxonomy":"product_brand","embeddable":true,"href":"https:\/\/www.lihusl.com\/es\/wp-json\/wp\/v2\/product_brand?post=4850"},{"taxonomy":"product_cat","embeddable":true,"href":"https:\/\/www.lihusl.com\/es\/wp-json\/wp\/v2\/product_cat?post=4850"},{"taxonomy":"product_tag","embeddable":true,"href":"https:\/\/www.lihusl.com\/es\/wp-json\/wp\/v2\/product_tag?post=4850"}],"curies":[{"name":"wp","href":"https:\/\/api.w.org\/{rel}","templated":true}]}}