{"id":5010,"date":"2024-07-15T11:12:54","date_gmt":"2024-07-15T11:12:54","guid":{"rendered":"http:\/\/www.lihusl.com\/?post_type=product&#038;p=5010"},"modified":"2026-01-29T22:14:22","modified_gmt":"2026-01-29T14:14:22","slug":"creative-light-painting-atmosphere-decoration-night-light","status":"publish","type":"product","link":"https:\/\/www.lihusl.com\/es\/producto\/creative-light-painting-atmosphere-decoration-night-light\/","title":{"rendered":"Luz Creativa Light Painting Atmosphere Decoraci\u00f3n Luz de Noche"},"content":{"rendered":"<p><strong><span style=\"color: #000000;\">LP0097<\/span><\/strong><\/p>\n<p>Ilumine su espacio con nuestra luz de noche Creative Light Painting Mood Decor. Este innovador producto combina el arte con la funcionalidad, lo que le permite crear fascinantes pinturas de luz que mejoran el ambiente de cualquier habitaci\u00f3n. Con un dise\u00f1o f\u00e1cil de usar y ajustes personalizables, puede ajustar f\u00e1cilmente los colores y efectos para adaptarse a su estado de \u00e1nimo o decoraci\u00f3n. Perfecta para el dormitorio, el sal\u00f3n o como regalo exclusivo, nuestra luz nocturna a\u00f1adir\u00e1 un toque de magia a su entorno. Mejore su experiencia de iluminaci\u00f3n con la luz de noche Creative Light Painting Mood Decor.<\/p>","protected":false},"excerpt":{"rendered":"<p><span style=\"color: #000000;\">Enhance any room with our Creative Light Painting Night Light. Customize colors &amp; effects for a magical ambiance. Perfect for any space or as a gift.<\/span><\/p>","protected":false},"featured_media":5011,"template":"","meta":{"om_disable_all_campaigns":false,"_monsterinsights_skip_tracking":false,"_monsterinsights_sitenote_active":false,"_monsterinsights_sitenote_note":"","_monsterinsights_sitenote_category":0},"product_brand":[],"product_cat":[110],"product_tag":[157],"class_list":{"0":"post-5010","1":"product","2":"type-product","3":"status-publish","4":"has-post-thumbnail","6":"product_cat-electronics-tech-products","7":"product_tag-creative-night-light","9":"first","10":"instock","11":"sale","12":"taxable","13":"shipping-taxable","14":"purchasable","15":"product-type-simple"},"yoast_head":"<!-- This site is optimized with the Yoast SEO plugin v27.4 - https:\/\/yoast.com\/product\/yoast-seo-wordpress\/ -->\n<title>Creative Light Painting Atmosphere Decoration Night Light - Lihu<\/title>\n<meta name=\"robots\" content=\"index, follow, max-snippet:-1, max-image-preview:large, max-video-preview:-1\" \/>\n<link rel=\"canonical\" href=\"https:\/\/www.lihusl.com\/es\/producto\/creative-light-painting-atmosphere-decoration-night-light\/\" \/>\n<meta property=\"og:locale\" content=\"es_ES\" \/>\n<meta property=\"og:type\" content=\"article\" \/>\n<meta property=\"og:title\" content=\"Creative Light Painting Atmosphere Decoration Night Light - Lihu\" \/>\n<meta property=\"og:description\" content=\"Enhance any room with our Creative Light Painting Night Light. Customize colors &amp; effects for a magical ambiance. Perfect for any space or as a gift.\" \/>\n<meta property=\"og:url\" content=\"https:\/\/www.lihusl.com\/es\/producto\/creative-light-painting-atmosphere-decoration-night-light\/\" \/>\n<meta property=\"og:site_name\" content=\"Lihu\" \/>\n<meta property=\"article:modified_time\" content=\"2026-01-29T14:14:22+00:00\" \/>\n<meta property=\"og:image\" content=\"https:\/\/www.lihusl.com\/wp-content\/uploads\/2024\/07\/1.jpg\" \/>\n\t<meta property=\"og:image:width\" content=\"800\" \/>\n\t<meta property=\"og:image:height\" content=\"800\" \/>\n\t<meta property=\"og:image:type\" content=\"image\/jpeg\" \/>\n<meta name=\"twitter:card\" content=\"summary_large_image\" \/>\n<meta name=\"twitter:label1\" content=\"Tiempo de lectura\" \/>\n\t<meta name=\"twitter:data1\" content=\"1 minuto\" \/>\n<script type=\"application\/ld+json\" class=\"yoast-schema-graph\">{\"@context\":\"https:\\\/\\\/schema.org\",\"@graph\":[{\"@type\":\"WebPage\",\"@id\":\"https:\\\/\\\/www.lihusl.com\\\/product\\\/creative-light-painting-atmosphere-decoration-night-light\\\/\",\"url\":\"https:\\\/\\\/www.lihusl.com\\\/product\\\/creative-light-painting-atmosphere-decoration-night-light\\\/\",\"name\":\"Creative Light Painting Atmosphere Decoration Night Light - Lihu\",\"isPartOf\":{\"@id\":\"https:\\\/\\\/www.lihusl.com\\\/#website\"},\"primaryImageOfPage\":{\"@id\":\"https:\\\/\\\/www.lihusl.com\\\/product\\\/creative-light-painting-atmosphere-decoration-night-light\\\/#primaryimage\"},\"image\":{\"@id\":\"https:\\\/\\\/www.lihusl.com\\\/product\\\/creative-light-painting-atmosphere-decoration-night-light\\\/#primaryimage\"},\"thumbnailUrl\":\"https:\\\/\\\/www.lihusl.com\\\/wp-content\\\/uploads\\\/2024\\\/07\\\/1.jpg\",\"datePublished\":\"2024-07-15T11:12:54+00:00\",\"dateModified\":\"2026-01-29T14:14:22+00:00\",\"breadcrumb\":{\"@id\":\"https:\\\/\\\/www.lihusl.com\\\/product\\\/creative-light-painting-atmosphere-decoration-night-light\\\/#breadcrumb\"},\"inLanguage\":\"es\",\"potentialAction\":[{\"@type\":\"ReadAction\",\"target\":[\"https:\\\/\\\/www.lihusl.com\\\/product\\\/creative-light-painting-atmosphere-decoration-night-light\\\/\"]}]},{\"@type\":\"ImageObject\",\"inLanguage\":\"es\",\"@id\":\"https:\\\/\\\/www.lihusl.com\\\/product\\\/creative-light-painting-atmosphere-decoration-night-light\\\/#primaryimage\",\"url\":\"https:\\\/\\\/www.lihusl.com\\\/wp-content\\\/uploads\\\/2024\\\/07\\\/1.jpg\",\"contentUrl\":\"https:\\\/\\\/www.lihusl.com\\\/wp-content\\\/uploads\\\/2024\\\/07\\\/1.jpg\",\"width\":800,\"height\":800},{\"@type\":\"BreadcrumbList\",\"@id\":\"https:\\\/\\\/www.lihusl.com\\\/product\\\/creative-light-painting-atmosphere-decoration-night-light\\\/#breadcrumb\",\"itemListElement\":[{\"@type\":\"ListItem\",\"position\":1,\"name\":\"Home\",\"item\":\"https:\\\/\\\/www.lihusl.com\\\/\"},{\"@type\":\"ListItem\",\"position\":2,\"name\":\"Shop\",\"item\":\"https:\\\/\\\/www.lihusl.com\\\/shop\\\/\"},{\"@type\":\"ListItem\",\"position\":3,\"name\":\"Creative Light Painting Atmosphere Decoration Night Light\"}]},{\"@type\":\"WebSite\",\"@id\":\"https:\\\/\\\/www.lihusl.com\\\/#website\",\"url\":\"https:\\\/\\\/www.lihusl.com\\\/\",\"name\":\"Lihu\",\"description\":\"\",\"potentialAction\":[{\"@type\":\"SearchAction\",\"target\":{\"@type\":\"EntryPoint\",\"urlTemplate\":\"https:\\\/\\\/www.lihusl.com\\\/?s={search_term_string}\"},\"query-input\":{\"@type\":\"PropertyValueSpecification\",\"valueRequired\":true,\"valueName\":\"search_term_string\"}}],\"inLanguage\":\"es\"}]}<\/script>\n<!-- \/ Yoast SEO plugin. -->","yoast_head_json":{"title":"Creative Light Painting Atmosphere Decoration Night Light - Lihu","robots":{"index":"index","follow":"follow","max-snippet":"max-snippet:-1","max-image-preview":"max-image-preview:large","max-video-preview":"max-video-preview:-1"},"canonical":"https:\/\/www.lihusl.com\/es\/producto\/creative-light-painting-atmosphere-decoration-night-light\/","og_locale":"es_ES","og_type":"article","og_title":"Creative Light Painting Atmosphere Decoration Night Light - Lihu","og_description":"Enhance any room with our Creative Light Painting Night Light. Customize colors &amp; effects for a magical ambiance. Perfect for any space or as a gift.","og_url":"https:\/\/www.lihusl.com\/es\/producto\/creative-light-painting-atmosphere-decoration-night-light\/","og_site_name":"Lihu","article_modified_time":"2026-01-29T14:14:22+00:00","og_image":[{"width":800,"height":800,"url":"https:\/\/www.lihusl.com\/wp-content\/uploads\/2024\/07\/1.jpg","type":"image\/jpeg"}],"twitter_card":"summary_large_image","twitter_misc":{"Tiempo de lectura":"1 minuto"},"schema":{"@context":"https:\/\/schema.org","@graph":[{"@type":"WebPage","@id":"https:\/\/www.lihusl.com\/product\/creative-light-painting-atmosphere-decoration-night-light\/","url":"https:\/\/www.lihusl.com\/product\/creative-light-painting-atmosphere-decoration-night-light\/","name":"Creative Light Painting Atmosphere Decoration Night Light - Lihu","isPartOf":{"@id":"https:\/\/www.lihusl.com\/#website"},"primaryImageOfPage":{"@id":"https:\/\/www.lihusl.com\/product\/creative-light-painting-atmosphere-decoration-night-light\/#primaryimage"},"image":{"@id":"https:\/\/www.lihusl.com\/product\/creative-light-painting-atmosphere-decoration-night-light\/#primaryimage"},"thumbnailUrl":"https:\/\/www.lihusl.com\/wp-content\/uploads\/2024\/07\/1.jpg","datePublished":"2024-07-15T11:12:54+00:00","dateModified":"2026-01-29T14:14:22+00:00","breadcrumb":{"@id":"https:\/\/www.lihusl.com\/product\/creative-light-painting-atmosphere-decoration-night-light\/#breadcrumb"},"inLanguage":"es","potentialAction":[{"@type":"ReadAction","target":["https:\/\/www.lihusl.com\/product\/creative-light-painting-atmosphere-decoration-night-light\/"]}]},{"@type":"ImageObject","inLanguage":"es","@id":"https:\/\/www.lihusl.com\/product\/creative-light-painting-atmosphere-decoration-night-light\/#primaryimage","url":"https:\/\/www.lihusl.com\/wp-content\/uploads\/2024\/07\/1.jpg","contentUrl":"https:\/\/www.lihusl.com\/wp-content\/uploads\/2024\/07\/1.jpg","width":800,"height":800},{"@type":"BreadcrumbList","@id":"https:\/\/www.lihusl.com\/product\/creative-light-painting-atmosphere-decoration-night-light\/#breadcrumb","itemListElement":[{"@type":"ListItem","position":1,"name":"Home","item":"https:\/\/www.lihusl.com\/"},{"@type":"ListItem","position":2,"name":"Shop","item":"https:\/\/www.lihusl.com\/shop\/"},{"@type":"ListItem","position":3,"name":"Creative Light Painting Atmosphere Decoration Night Light"}]},{"@type":"WebSite","@id":"https:\/\/www.lihusl.com\/#website","url":"https:\/\/www.lihusl.com\/","name":"Lihu","description":"","potentialAction":[{"@type":"SearchAction","target":{"@type":"EntryPoint","urlTemplate":"https:\/\/www.lihusl.com\/?s={search_term_string}"},"query-input":{"@type":"PropertyValueSpecification","valueRequired":true,"valueName":"search_term_string"}}],"inLanguage":"es"}]}},"jetpack_sharing_enabled":true,"_links":{"self":[{"href":"https:\/\/www.lihusl.com\/es\/wp-json\/wp\/v2\/product\/5010","targetHints":{"allow":["GET"]}}],"collection":[{"href":"https:\/\/www.lihusl.com\/es\/wp-json\/wp\/v2\/product"}],"about":[{"href":"https:\/\/www.lihusl.com\/es\/wp-json\/wp\/v2\/types\/product"}],"wp:featuredmedia":[{"embeddable":true,"href":"https:\/\/www.lihusl.com\/es\/wp-json\/wp\/v2\/media\/5011"}],"wp:attachment":[{"href":"https:\/\/www.lihusl.com\/es\/wp-json\/wp\/v2\/media?parent=5010"}],"wp:term":[{"taxonomy":"product_brand","embeddable":true,"href":"https:\/\/www.lihusl.com\/es\/wp-json\/wp\/v2\/product_brand?post=5010"},{"taxonomy":"product_cat","embeddable":true,"href":"https:\/\/www.lihusl.com\/es\/wp-json\/wp\/v2\/product_cat?post=5010"},{"taxonomy":"product_tag","embeddable":true,"href":"https:\/\/www.lihusl.com\/es\/wp-json\/wp\/v2\/product_tag?post=5010"}],"curies":[{"name":"wp","href":"https:\/\/api.w.org\/{rel}","templated":true}]}}