{"id":5017,"date":"2024-07-15T11:25:24","date_gmt":"2024-07-15T11:25:24","guid":{"rendered":"http:\/\/www.lihusl.com\/?post_type=product&#038;p=5017"},"modified":"2026-01-30T00:16:14","modified_gmt":"2026-01-29T16:16:14","slug":"marvel-hulk-fist-cup-ceramic-cup-water-cup-coffee-cup-mug","status":"publish","type":"product","link":"https:\/\/www.lihusl.com\/es\/producto\/marvel-hulk-fist-cup-ceramic-cup-water-cup-coffee-cup-mug\/","title":{"rendered":"Marvel Hulk Pu\u00f1o Taza Taza de Cer\u00e1mica Taza de Agua Taza de Caf\u00e9"},"content":{"rendered":"<p>A\u00f1ade un toque de poder de superh\u00e9roe a tu rutina matutina con la taza de cer\u00e1mica Marvel Hulk Fist. Esta taza con licencia oficial presenta un atrevido dise\u00f1o del ic\u00f3nico pu\u00f1o de Hulk, lo que la convierte en imprescindible para cualquier fan de Marvel. Fabricada en cer\u00e1mica resistente, esta taza es perfecta para disfrutar de tus bebidas favoritas como caf\u00e9, t\u00e9 o chocolate caliente. Si usted est\u00e1 comenzando su d\u00eda o tomar un descanso, la taza de cer\u00e1mica Marvel Hulk pu\u00f1o est\u00e1 seguro de traer una sonrisa a su cara y hacer una declaraci\u00f3n de estilo en su cocina u oficina. Eleva tu colecci\u00f3n de bebidas con esta pieza \u00fanica y llamativa que muestra tu amor por todas las cosas de Marvel.<\/p>","protected":false},"excerpt":{"rendered":"<p>Add a touch of superhero power to your morning routine with the Marvel Hulk Fist Ceramic Cup. This officially-licensed cup features a bold design of the Hulk&#8217;s iconic fist, making it a must-have for any Marvel fan. Crafted from durable &hellip; <a href=\"https:\/\/www.lihusl.com\/es\/producto\/marvel-hulk-fist-cup-ceramic-cup-water-cup-coffee-cup-mug\/\">Leer m\u00e1s<\/a><\/p>","protected":false},"featured_media":5019,"template":"","meta":{"om_disable_all_campaigns":false,"_monsterinsights_skip_tracking":false,"_monsterinsights_sitenote_active":false,"_monsterinsights_sitenote_note":"","_monsterinsights_sitenote_category":0},"product_brand":[],"product_cat":[109,135],"product_tag":[],"class_list":{"0":"post-5017","1":"product","2":"type-product","3":"status-publish","4":"has-post-thumbnail","6":"product_cat-drinkware","7":"product_cat-mugs","9":"first","10":"instock","11":"sale","12":"taxable","13":"shipping-taxable","14":"purchasable","15":"product-type-simple"},"yoast_head":"<!-- This site is optimized with the Yoast SEO plugin v27.4 - https:\/\/yoast.com\/product\/yoast-seo-wordpress\/ -->\n<title>Marvel Hulk Fist Cup Ceramic Cup Water Cup Coffee Cup Mug - Lihu<\/title>\n<meta name=\"robots\" content=\"index, follow, max-snippet:-1, max-image-preview:large, max-video-preview:-1\" \/>\n<link rel=\"canonical\" href=\"https:\/\/www.lihusl.com\/es\/producto\/marvel-hulk-fist-cup-ceramic-cup-water-cup-coffee-cup-mug\/\" \/>\n<meta property=\"og:locale\" content=\"es_ES\" \/>\n<meta property=\"og:type\" content=\"article\" \/>\n<meta property=\"og:title\" content=\"Marvel Hulk Fist Cup Ceramic Cup Water Cup Coffee Cup Mug - Lihu\" \/>\n<meta property=\"og:description\" content=\"Add a touch of superhero power to your morning routine with the Marvel Hulk Fist Ceramic Cup. This officially-licensed cup features a bold design of the Hulk&#8217;s iconic fist, making it a must-have for any Marvel fan. Crafted from durable &hellip; Readmore\" \/>\n<meta property=\"og:url\" content=\"https:\/\/www.lihusl.com\/es\/producto\/marvel-hulk-fist-cup-ceramic-cup-water-cup-coffee-cup-mug\/\" \/>\n<meta property=\"og:site_name\" content=\"Lihu\" \/>\n<meta property=\"article:modified_time\" content=\"2026-01-29T16:16:14+00:00\" \/>\n<meta property=\"og:image\" content=\"https:\/\/www.lihusl.com\/wp-content\/uploads\/2024\/07\/1-1.jpg\" \/>\n\t<meta property=\"og:image:width\" content=\"800\" \/>\n\t<meta property=\"og:image:height\" content=\"800\" \/>\n\t<meta property=\"og:image:type\" content=\"image\/jpeg\" \/>\n<meta name=\"twitter:card\" content=\"summary_large_image\" \/>\n<meta name=\"twitter:label1\" content=\"Tiempo de lectura\" \/>\n\t<meta name=\"twitter:data1\" content=\"1 minuto\" \/>\n<script type=\"application\/ld+json\" class=\"yoast-schema-graph\">{\"@context\":\"https:\\\/\\\/schema.org\",\"@graph\":[{\"@type\":\"WebPage\",\"@id\":\"https:\\\/\\\/www.lihusl.com\\\/product\\\/marvel-hulk-fist-cup-ceramic-cup-water-cup-coffee-cup-mug\\\/\",\"url\":\"https:\\\/\\\/www.lihusl.com\\\/product\\\/marvel-hulk-fist-cup-ceramic-cup-water-cup-coffee-cup-mug\\\/\",\"name\":\"Marvel Hulk Fist Cup Ceramic Cup Water Cup Coffee Cup Mug - Lihu\",\"isPartOf\":{\"@id\":\"https:\\\/\\\/www.lihusl.com\\\/#website\"},\"primaryImageOfPage\":{\"@id\":\"https:\\\/\\\/www.lihusl.com\\\/product\\\/marvel-hulk-fist-cup-ceramic-cup-water-cup-coffee-cup-mug\\\/#primaryimage\"},\"image\":{\"@id\":\"https:\\\/\\\/www.lihusl.com\\\/product\\\/marvel-hulk-fist-cup-ceramic-cup-water-cup-coffee-cup-mug\\\/#primaryimage\"},\"thumbnailUrl\":\"https:\\\/\\\/www.lihusl.com\\\/wp-content\\\/uploads\\\/2024\\\/07\\\/1-1.jpg\",\"datePublished\":\"2024-07-15T11:25:24+00:00\",\"dateModified\":\"2026-01-29T16:16:14+00:00\",\"breadcrumb\":{\"@id\":\"https:\\\/\\\/www.lihusl.com\\\/product\\\/marvel-hulk-fist-cup-ceramic-cup-water-cup-coffee-cup-mug\\\/#breadcrumb\"},\"inLanguage\":\"es\",\"potentialAction\":[{\"@type\":\"ReadAction\",\"target\":[\"https:\\\/\\\/www.lihusl.com\\\/product\\\/marvel-hulk-fist-cup-ceramic-cup-water-cup-coffee-cup-mug\\\/\"]}]},{\"@type\":\"ImageObject\",\"inLanguage\":\"es\",\"@id\":\"https:\\\/\\\/www.lihusl.com\\\/product\\\/marvel-hulk-fist-cup-ceramic-cup-water-cup-coffee-cup-mug\\\/#primaryimage\",\"url\":\"https:\\\/\\\/www.lihusl.com\\\/wp-content\\\/uploads\\\/2024\\\/07\\\/1-1.jpg\",\"contentUrl\":\"https:\\\/\\\/www.lihusl.com\\\/wp-content\\\/uploads\\\/2024\\\/07\\\/1-1.jpg\",\"width\":800,\"height\":800},{\"@type\":\"BreadcrumbList\",\"@id\":\"https:\\\/\\\/www.lihusl.com\\\/product\\\/marvel-hulk-fist-cup-ceramic-cup-water-cup-coffee-cup-mug\\\/#breadcrumb\",\"itemListElement\":[{\"@type\":\"ListItem\",\"position\":1,\"name\":\"Home\",\"item\":\"https:\\\/\\\/www.lihusl.com\\\/\"},{\"@type\":\"ListItem\",\"position\":2,\"name\":\"Shop\",\"item\":\"https:\\\/\\\/www.lihusl.com\\\/shop\\\/\"},{\"@type\":\"ListItem\",\"position\":3,\"name\":\"Marvel Hulk Fist Cup Ceramic Cup Water Cup Coffee Cup Mug\"}]},{\"@type\":\"WebSite\",\"@id\":\"https:\\\/\\\/www.lihusl.com\\\/#website\",\"url\":\"https:\\\/\\\/www.lihusl.com\\\/\",\"name\":\"Lihu\",\"description\":\"\",\"potentialAction\":[{\"@type\":\"SearchAction\",\"target\":{\"@type\":\"EntryPoint\",\"urlTemplate\":\"https:\\\/\\\/www.lihusl.com\\\/?s={search_term_string}\"},\"query-input\":{\"@type\":\"PropertyValueSpecification\",\"valueRequired\":true,\"valueName\":\"search_term_string\"}}],\"inLanguage\":\"es\"}]}<\/script>\n<!-- \/ Yoast SEO plugin. -->","yoast_head_json":{"title":"Marvel Hulk Fist Cup Ceramic Cup Water Cup Coffee Cup Mug - Lihu","robots":{"index":"index","follow":"follow","max-snippet":"max-snippet:-1","max-image-preview":"max-image-preview:large","max-video-preview":"max-video-preview:-1"},"canonical":"https:\/\/www.lihusl.com\/es\/producto\/marvel-hulk-fist-cup-ceramic-cup-water-cup-coffee-cup-mug\/","og_locale":"es_ES","og_type":"article","og_title":"Marvel Hulk Fist Cup Ceramic Cup Water Cup Coffee Cup Mug - Lihu","og_description":"Add a touch of superhero power to your morning routine with the Marvel Hulk Fist Ceramic Cup. This officially-licensed cup features a bold design of the Hulk&#8217;s iconic fist, making it a must-have for any Marvel fan. Crafted from durable &hellip; Readmore","og_url":"https:\/\/www.lihusl.com\/es\/producto\/marvel-hulk-fist-cup-ceramic-cup-water-cup-coffee-cup-mug\/","og_site_name":"Lihu","article_modified_time":"2026-01-29T16:16:14+00:00","og_image":[{"width":800,"height":800,"url":"https:\/\/www.lihusl.com\/wp-content\/uploads\/2024\/07\/1-1.jpg","type":"image\/jpeg"}],"twitter_card":"summary_large_image","twitter_misc":{"Tiempo de lectura":"1 minuto"},"schema":{"@context":"https:\/\/schema.org","@graph":[{"@type":"WebPage","@id":"https:\/\/www.lihusl.com\/product\/marvel-hulk-fist-cup-ceramic-cup-water-cup-coffee-cup-mug\/","url":"https:\/\/www.lihusl.com\/product\/marvel-hulk-fist-cup-ceramic-cup-water-cup-coffee-cup-mug\/","name":"Marvel Hulk Fist Cup Ceramic Cup Water Cup Coffee Cup Mug - Lihu","isPartOf":{"@id":"https:\/\/www.lihusl.com\/#website"},"primaryImageOfPage":{"@id":"https:\/\/www.lihusl.com\/product\/marvel-hulk-fist-cup-ceramic-cup-water-cup-coffee-cup-mug\/#primaryimage"},"image":{"@id":"https:\/\/www.lihusl.com\/product\/marvel-hulk-fist-cup-ceramic-cup-water-cup-coffee-cup-mug\/#primaryimage"},"thumbnailUrl":"https:\/\/www.lihusl.com\/wp-content\/uploads\/2024\/07\/1-1.jpg","datePublished":"2024-07-15T11:25:24+00:00","dateModified":"2026-01-29T16:16:14+00:00","breadcrumb":{"@id":"https:\/\/www.lihusl.com\/product\/marvel-hulk-fist-cup-ceramic-cup-water-cup-coffee-cup-mug\/#breadcrumb"},"inLanguage":"es","potentialAction":[{"@type":"ReadAction","target":["https:\/\/www.lihusl.com\/product\/marvel-hulk-fist-cup-ceramic-cup-water-cup-coffee-cup-mug\/"]}]},{"@type":"ImageObject","inLanguage":"es","@id":"https:\/\/www.lihusl.com\/product\/marvel-hulk-fist-cup-ceramic-cup-water-cup-coffee-cup-mug\/#primaryimage","url":"https:\/\/www.lihusl.com\/wp-content\/uploads\/2024\/07\/1-1.jpg","contentUrl":"https:\/\/www.lihusl.com\/wp-content\/uploads\/2024\/07\/1-1.jpg","width":800,"height":800},{"@type":"BreadcrumbList","@id":"https:\/\/www.lihusl.com\/product\/marvel-hulk-fist-cup-ceramic-cup-water-cup-coffee-cup-mug\/#breadcrumb","itemListElement":[{"@type":"ListItem","position":1,"name":"Home","item":"https:\/\/www.lihusl.com\/"},{"@type":"ListItem","position":2,"name":"Shop","item":"https:\/\/www.lihusl.com\/shop\/"},{"@type":"ListItem","position":3,"name":"Marvel Hulk Fist Cup Ceramic Cup Water Cup Coffee Cup Mug"}]},{"@type":"WebSite","@id":"https:\/\/www.lihusl.com\/#website","url":"https:\/\/www.lihusl.com\/","name":"Lihu","description":"","potentialAction":[{"@type":"SearchAction","target":{"@type":"EntryPoint","urlTemplate":"https:\/\/www.lihusl.com\/?s={search_term_string}"},"query-input":{"@type":"PropertyValueSpecification","valueRequired":true,"valueName":"search_term_string"}}],"inLanguage":"es"}]}},"jetpack_sharing_enabled":true,"_links":{"self":[{"href":"https:\/\/www.lihusl.com\/es\/wp-json\/wp\/v2\/product\/5017","targetHints":{"allow":["GET"]}}],"collection":[{"href":"https:\/\/www.lihusl.com\/es\/wp-json\/wp\/v2\/product"}],"about":[{"href":"https:\/\/www.lihusl.com\/es\/wp-json\/wp\/v2\/types\/product"}],"wp:featuredmedia":[{"embeddable":true,"href":"https:\/\/www.lihusl.com\/es\/wp-json\/wp\/v2\/media\/5019"}],"wp:attachment":[{"href":"https:\/\/www.lihusl.com\/es\/wp-json\/wp\/v2\/media?parent=5017"}],"wp:term":[{"taxonomy":"product_brand","embeddable":true,"href":"https:\/\/www.lihusl.com\/es\/wp-json\/wp\/v2\/product_brand?post=5017"},{"taxonomy":"product_cat","embeddable":true,"href":"https:\/\/www.lihusl.com\/es\/wp-json\/wp\/v2\/product_cat?post=5017"},{"taxonomy":"product_tag","embeddable":true,"href":"https:\/\/www.lihusl.com\/es\/wp-json\/wp\/v2\/product_tag?post=5017"}],"curies":[{"name":"wp","href":"https:\/\/api.w.org\/{rel}","templated":true}]}}