{"id":5033,"date":"2024-07-15T11:29:34","date_gmt":"2024-07-15T11:29:34","guid":{"rendered":"http:\/\/www.lihusl.com\/?post_type=product&#038;p=5033"},"modified":"2026-01-30T00:50:58","modified_gmt":"2026-01-29T16:50:58","slug":"colorful-book-light-led-page-turning-folding-night-light","status":"publish","type":"product","link":"https:\/\/www.lihusl.com\/es\/producto\/colorful-book-light-led-page-turning-folding-night-light\/","title":{"rendered":"Luz de libro de colores LED Luz de noche plegable que pasa p\u00e1ginas"},"content":{"rendered":"<p><strong><span style=\"color: #000000;\">LP0100<\/span><\/strong><\/p>\n<p><span style=\"color: #000000;\">A\u00f1ada un toque de creatividad a su espacio con esta innovadora luz para libros. Abre la tapa para iluminar la luz, que cambia a un color diferente cuando vuelves a encenderla. La suave luz LED crea un ambiente c\u00e1lido y acogedor en su sal\u00f3n, dormitorio o comedor. Esta l\u00e1mpara port\u00e1til, que funciona con una pila de litio, cuenta con un borde magn\u00e9tico que se ajusta perfectamente tanto si est\u00e1 cerrada como abierta 360\u00b0, lo que garantiza un cierre seguro en todo momento. Cambia siete colores cada vez que la enciendes, lo que la convierte en un complemento encantador y vers\u00e1til para la decoraci\u00f3n de tu hogar. Personalizable<\/span><\/p>","protected":false},"excerpt":{"rendered":"<p>LP0100 Add a touch of creativity to your space with this innovative book light. Open the lid to illuminate the light, which changes to a different color when you turn it back on. The soft LED light creates a warm &hellip; <a href=\"https:\/\/www.lihusl.com\/es\/producto\/colorful-book-light-led-page-turning-folding-night-light\/\">Leer m\u00e1s<\/a><\/p>","protected":false},"featured_media":5034,"template":"","meta":{"om_disable_all_campaigns":false,"_monsterinsights_skip_tracking":false,"_monsterinsights_sitenote_active":false,"_monsterinsights_sitenote_note":"","_monsterinsights_sitenote_category":0},"product_brand":[],"product_cat":[110],"product_tag":[157],"class_list":{"0":"post-5033","1":"product","2":"type-product","3":"status-publish","4":"has-post-thumbnail","6":"product_cat-electronics-tech-products","7":"product_tag-creative-night-light","9":"first","10":"instock","11":"sale","12":"taxable","13":"shipping-taxable","14":"purchasable","15":"product-type-simple"},"yoast_head":"<!-- This site is optimized with the Yoast SEO plugin v27.4 - https:\/\/yoast.com\/product\/yoast-seo-wordpress\/ -->\n<title>Colorful Book Light LED Page Turning Folding Night Light - Lihu<\/title>\n<meta name=\"robots\" content=\"index, follow, max-snippet:-1, max-image-preview:large, max-video-preview:-1\" \/>\n<link rel=\"canonical\" href=\"https:\/\/www.lihusl.com\/es\/producto\/colorful-book-light-led-page-turning-folding-night-light\/\" \/>\n<meta property=\"og:locale\" content=\"es_ES\" \/>\n<meta property=\"og:type\" content=\"article\" \/>\n<meta property=\"og:title\" content=\"Colorful Book Light LED Page Turning Folding Night Light - Lihu\" \/>\n<meta property=\"og:description\" content=\"LP0100 Add a touch of creativity to your space with this innovative book light. Open the lid to illuminate the light, which changes to a different color when you turn it back on. The soft LED light creates a warm &hellip; Readmore\" \/>\n<meta property=\"og:url\" content=\"https:\/\/www.lihusl.com\/es\/producto\/colorful-book-light-led-page-turning-folding-night-light\/\" \/>\n<meta property=\"og:site_name\" content=\"Lihu\" \/>\n<meta property=\"article:modified_time\" content=\"2026-01-29T16:50:58+00:00\" \/>\n<meta property=\"og:image\" content=\"https:\/\/www.lihusl.com\/wp-content\/uploads\/2024\/07\/1-3.jpg\" \/>\n\t<meta property=\"og:image:width\" content=\"1200\" \/>\n\t<meta property=\"og:image:height\" content=\"1200\" \/>\n\t<meta property=\"og:image:type\" content=\"image\/jpeg\" \/>\n<meta name=\"twitter:card\" content=\"summary_large_image\" \/>\n<meta name=\"twitter:label1\" content=\"Tiempo de lectura\" \/>\n\t<meta name=\"twitter:data1\" content=\"1 minuto\" \/>\n<script type=\"application\/ld+json\" class=\"yoast-schema-graph\">{\"@context\":\"https:\\\/\\\/schema.org\",\"@graph\":[{\"@type\":\"WebPage\",\"@id\":\"https:\\\/\\\/www.lihusl.com\\\/product\\\/colorful-book-light-led-page-turning-folding-night-light\\\/\",\"url\":\"https:\\\/\\\/www.lihusl.com\\\/product\\\/colorful-book-light-led-page-turning-folding-night-light\\\/\",\"name\":\"Colorful Book Light LED Page Turning Folding Night Light - Lihu\",\"isPartOf\":{\"@id\":\"https:\\\/\\\/www.lihusl.com\\\/#website\"},\"primaryImageOfPage\":{\"@id\":\"https:\\\/\\\/www.lihusl.com\\\/product\\\/colorful-book-light-led-page-turning-folding-night-light\\\/#primaryimage\"},\"image\":{\"@id\":\"https:\\\/\\\/www.lihusl.com\\\/product\\\/colorful-book-light-led-page-turning-folding-night-light\\\/#primaryimage\"},\"thumbnailUrl\":\"https:\\\/\\\/www.lihusl.com\\\/wp-content\\\/uploads\\\/2024\\\/07\\\/1-3.jpg\",\"datePublished\":\"2024-07-15T11:29:34+00:00\",\"dateModified\":\"2026-01-29T16:50:58+00:00\",\"breadcrumb\":{\"@id\":\"https:\\\/\\\/www.lihusl.com\\\/product\\\/colorful-book-light-led-page-turning-folding-night-light\\\/#breadcrumb\"},\"inLanguage\":\"es\",\"potentialAction\":[{\"@type\":\"ReadAction\",\"target\":[\"https:\\\/\\\/www.lihusl.com\\\/product\\\/colorful-book-light-led-page-turning-folding-night-light\\\/\"]}]},{\"@type\":\"ImageObject\",\"inLanguage\":\"es\",\"@id\":\"https:\\\/\\\/www.lihusl.com\\\/product\\\/colorful-book-light-led-page-turning-folding-night-light\\\/#primaryimage\",\"url\":\"https:\\\/\\\/www.lihusl.com\\\/wp-content\\\/uploads\\\/2024\\\/07\\\/1-3.jpg\",\"contentUrl\":\"https:\\\/\\\/www.lihusl.com\\\/wp-content\\\/uploads\\\/2024\\\/07\\\/1-3.jpg\",\"width\":1200,\"height\":1200},{\"@type\":\"BreadcrumbList\",\"@id\":\"https:\\\/\\\/www.lihusl.com\\\/product\\\/colorful-book-light-led-page-turning-folding-night-light\\\/#breadcrumb\",\"itemListElement\":[{\"@type\":\"ListItem\",\"position\":1,\"name\":\"Home\",\"item\":\"https:\\\/\\\/www.lihusl.com\\\/\"},{\"@type\":\"ListItem\",\"position\":2,\"name\":\"Shop\",\"item\":\"https:\\\/\\\/www.lihusl.com\\\/shop\\\/\"},{\"@type\":\"ListItem\",\"position\":3,\"name\":\"Colorful Book Light LED Page Turning Folding Night Light\"}]},{\"@type\":\"WebSite\",\"@id\":\"https:\\\/\\\/www.lihusl.com\\\/#website\",\"url\":\"https:\\\/\\\/www.lihusl.com\\\/\",\"name\":\"Lihu\",\"description\":\"\",\"potentialAction\":[{\"@type\":\"SearchAction\",\"target\":{\"@type\":\"EntryPoint\",\"urlTemplate\":\"https:\\\/\\\/www.lihusl.com\\\/?s={search_term_string}\"},\"query-input\":{\"@type\":\"PropertyValueSpecification\",\"valueRequired\":true,\"valueName\":\"search_term_string\"}}],\"inLanguage\":\"es\"}]}<\/script>\n<!-- \/ Yoast SEO plugin. -->","yoast_head_json":{"title":"Colorful Book Light LED Page Turning Folding Night Light - Lihu","robots":{"index":"index","follow":"follow","max-snippet":"max-snippet:-1","max-image-preview":"max-image-preview:large","max-video-preview":"max-video-preview:-1"},"canonical":"https:\/\/www.lihusl.com\/es\/producto\/colorful-book-light-led-page-turning-folding-night-light\/","og_locale":"es_ES","og_type":"article","og_title":"Colorful Book Light LED Page Turning Folding Night Light - Lihu","og_description":"LP0100 Add a touch of creativity to your space with this innovative book light. Open the lid to illuminate the light, which changes to a different color when you turn it back on. The soft LED light creates a warm &hellip; Readmore","og_url":"https:\/\/www.lihusl.com\/es\/producto\/colorful-book-light-led-page-turning-folding-night-light\/","og_site_name":"Lihu","article_modified_time":"2026-01-29T16:50:58+00:00","og_image":[{"width":1200,"height":1200,"url":"https:\/\/www.lihusl.com\/wp-content\/uploads\/2024\/07\/1-3.jpg","type":"image\/jpeg"}],"twitter_card":"summary_large_image","twitter_misc":{"Tiempo de lectura":"1 minuto"},"schema":{"@context":"https:\/\/schema.org","@graph":[{"@type":"WebPage","@id":"https:\/\/www.lihusl.com\/product\/colorful-book-light-led-page-turning-folding-night-light\/","url":"https:\/\/www.lihusl.com\/product\/colorful-book-light-led-page-turning-folding-night-light\/","name":"Colorful Book Light LED Page Turning Folding Night Light - Lihu","isPartOf":{"@id":"https:\/\/www.lihusl.com\/#website"},"primaryImageOfPage":{"@id":"https:\/\/www.lihusl.com\/product\/colorful-book-light-led-page-turning-folding-night-light\/#primaryimage"},"image":{"@id":"https:\/\/www.lihusl.com\/product\/colorful-book-light-led-page-turning-folding-night-light\/#primaryimage"},"thumbnailUrl":"https:\/\/www.lihusl.com\/wp-content\/uploads\/2024\/07\/1-3.jpg","datePublished":"2024-07-15T11:29:34+00:00","dateModified":"2026-01-29T16:50:58+00:00","breadcrumb":{"@id":"https:\/\/www.lihusl.com\/product\/colorful-book-light-led-page-turning-folding-night-light\/#breadcrumb"},"inLanguage":"es","potentialAction":[{"@type":"ReadAction","target":["https:\/\/www.lihusl.com\/product\/colorful-book-light-led-page-turning-folding-night-light\/"]}]},{"@type":"ImageObject","inLanguage":"es","@id":"https:\/\/www.lihusl.com\/product\/colorful-book-light-led-page-turning-folding-night-light\/#primaryimage","url":"https:\/\/www.lihusl.com\/wp-content\/uploads\/2024\/07\/1-3.jpg","contentUrl":"https:\/\/www.lihusl.com\/wp-content\/uploads\/2024\/07\/1-3.jpg","width":1200,"height":1200},{"@type":"BreadcrumbList","@id":"https:\/\/www.lihusl.com\/product\/colorful-book-light-led-page-turning-folding-night-light\/#breadcrumb","itemListElement":[{"@type":"ListItem","position":1,"name":"Home","item":"https:\/\/www.lihusl.com\/"},{"@type":"ListItem","position":2,"name":"Shop","item":"https:\/\/www.lihusl.com\/shop\/"},{"@type":"ListItem","position":3,"name":"Colorful Book Light LED Page Turning Folding Night Light"}]},{"@type":"WebSite","@id":"https:\/\/www.lihusl.com\/#website","url":"https:\/\/www.lihusl.com\/","name":"Lihu","description":"","potentialAction":[{"@type":"SearchAction","target":{"@type":"EntryPoint","urlTemplate":"https:\/\/www.lihusl.com\/?s={search_term_string}"},"query-input":{"@type":"PropertyValueSpecification","valueRequired":true,"valueName":"search_term_string"}}],"inLanguage":"es"}]}},"jetpack_sharing_enabled":true,"_links":{"self":[{"href":"https:\/\/www.lihusl.com\/es\/wp-json\/wp\/v2\/product\/5033","targetHints":{"allow":["GET"]}}],"collection":[{"href":"https:\/\/www.lihusl.com\/es\/wp-json\/wp\/v2\/product"}],"about":[{"href":"https:\/\/www.lihusl.com\/es\/wp-json\/wp\/v2\/types\/product"}],"wp:featuredmedia":[{"embeddable":true,"href":"https:\/\/www.lihusl.com\/es\/wp-json\/wp\/v2\/media\/5034"}],"wp:attachment":[{"href":"https:\/\/www.lihusl.com\/es\/wp-json\/wp\/v2\/media?parent=5033"}],"wp:term":[{"taxonomy":"product_brand","embeddable":true,"href":"https:\/\/www.lihusl.com\/es\/wp-json\/wp\/v2\/product_brand?post=5033"},{"taxonomy":"product_cat","embeddable":true,"href":"https:\/\/www.lihusl.com\/es\/wp-json\/wp\/v2\/product_cat?post=5033"},{"taxonomy":"product_tag","embeddable":true,"href":"https:\/\/www.lihusl.com\/es\/wp-json\/wp\/v2\/product_tag?post=5033"}],"curies":[{"name":"wp","href":"https:\/\/api.w.org\/{rel}","templated":true}]}}