{"id":1493,"date":"2016-10-14T02:02:22","date_gmt":"2016-10-14T02:02:22","guid":{"rendered":"https:\/\/demo.wpthemego.com\/themes\/sw_revo\/demo5\/?page_id=1493"},"modified":"2024-06-05T06:54:17","modified_gmt":"2024-06-05T06:54:17","slug":"about-us","status":"publish","type":"page","link":"https:\/\/www.lihusl.com\/fr\/about-us\/","title":{"rendered":"\u00c0 propos de nous"},"content":{"rendered":"<div data-elementor-type=\"wp-page\" data-elementor-id=\"1493\" class=\"elementor elementor-1493\">\n\t\t\t\t\t\t\t\t\t<section class=\"elementor-section elementor-top-section elementor-element elementor-element-7c1a048f elementor-section-boxed elementor-section-height-default elementor-section-height-default\" data-id=\"7c1a048f\" data-element_type=\"section\">\n\t\t\t\t\t\t<div class=\"elementor-container elementor-column-gap-default\">\n\t\t\t\t\t<div class=\"elementor-column elementor-col-100 elementor-top-column elementor-element elementor-element-32f255c5\" data-id=\"32f255c5\" data-element_type=\"column\">\n\t\t\t<div class=\"elementor-widget-wrap elementor-element-populated\">\n\t\t\t\t\t\t\t\t<div class=\"elementor-element elementor-element-6d44d7fe elementor-widget elementor-widget-image\" data-id=\"6d44d7fe\" data-element_type=\"widget\" data-widget_type=\"image.default\">\n\t\t\t\t<div class=\"elementor-widget-container\">\n\t\t\t<style>\/*! elementor - v3.15.0 - 20-08-2023 *\/\n.elementor-widget-image{text-align:center}.elementor-widget-image a{display:inline-block}.elementor-widget-image a img[src$=\".svg\"]{width:48px}.elementor-widget-image img{vertical-align:middle;display:inline-block}<\/style>\t\t\t\t\t\t\t\t\t\t\t\t<img loading=\"lazy\" decoding=\"async\" width=\"1170\" height=\"550\" src=\"https:\/\/www.lihusl.com\/wp-content\/uploads\/2020\/06\/image-about-4.jpg\" class=\"attachment-full size-full wp-image-4217\" alt=\"\" srcset=\"https:\/\/www.lihusl.com\/wp-content\/uploads\/2020\/06\/image-about-4.jpg 1170w, https:\/\/www.lihusl.com\/wp-content\/uploads\/2020\/06\/image-about-4-300x141.jpg 300w, https:\/\/www.lihusl.com\/wp-content\/uploads\/2020\/06\/image-about-4-1024x481.jpg 1024w, https:\/\/www.lihusl.com\/wp-content\/uploads\/2020\/06\/image-about-4-768x361.jpg 768w, https:\/\/www.lihusl.com\/wp-content\/uploads\/2020\/06\/image-about-4-600x282.jpg 600w\" sizes=\"auto, (max-width: 1170px) 100vw, 1170px\" \/>\t\t\t\t\t\t\t\t\t\t\t\t\t\t\t<\/div>\n\t\t\t\t<\/div>\n\t\t\t\t\t<\/div>\n\t\t<\/div>\n\t\t\t\t\t\t\t<\/div>\n\t\t<\/section>\n\t\t\t\t<section class=\"elementor-section elementor-top-section elementor-element elementor-element-5a16e1fc elementor-section-boxed elementor-section-height-default elementor-section-height-default\" data-id=\"5a16e1fc\" data-element_type=\"section\">\n\t\t\t\t\t\t<div class=\"elementor-container elementor-column-gap-default\">\n\t\t\t\t\t<div class=\"elementor-column elementor-col-100 elementor-top-column elementor-element elementor-element-736884b7\" data-id=\"736884b7\" data-element_type=\"column\">\n\t\t\t<div class=\"elementor-widget-wrap elementor-element-populated\">\n\t\t\t\t\t\t\t\t<div class=\"elementor-element elementor-element-4dd1eca4 elementor-widget elementor-widget-heading\" data-id=\"4dd1eca4\" data-element_type=\"widget\" data-widget_type=\"heading.default\">\n\t\t\t\t<div class=\"elementor-widget-container\">\n\t\t\t<style>\/*! elementor - v3.15.0 - 20-08-2023 *\/\n.elementor-heading-title{padding:0;margin:0;line-height:1}.elementor-widget-heading .elementor-heading-title[class*=elementor-size-]>a{color:inherit;font-size:inherit;line-height:inherit}.elementor-widget-heading .elementor-heading-title.elementor-size-small{font-size:15px}.elementor-widget-heading .elementor-heading-title.elementor-size-medium{font-size:19px}.elementor-widget-heading .elementor-heading-title.elementor-size-large{font-size:29px}.elementor-widget-heading .elementor-heading-title.elementor-size-xl{font-size:39px}.elementor-widget-heading .elementor-heading-title.elementor-size-xxl{font-size:59px}<\/style><h2 class=\"elementor-heading-title elementor-size-default\">\u00e0 propos de nous<\/h2>\t\t<\/div>\n\t\t\t\t<\/div>\n\t\t\t\t<div class=\"elementor-element elementor-element-37626cc8 elementor-widget elementor-widget-text-editor\" data-id=\"37626cc8\" data-element_type=\"widget\" data-widget_type=\"text-editor.default\">\n\t\t\t\t<div class=\"elementor-widget-container\">\n\t\t\t<style>\/*! elementor - v3.15.0 - 20-08-2023 *\/\n.elementor-widget-text-editor.elementor-drop-cap-view-stacked .elementor-drop-cap{background-color:#69727d;color:#fff}.elementor-widget-text-editor.elementor-drop-cap-view-framed .elementor-drop-cap{color:#69727d;border:3px solid;background-color:transparent}.elementor-widget-text-editor:not(.elementor-drop-cap-view-default) .elementor-drop-cap{margin-top:8px}.elementor-widget-text-editor:not(.elementor-drop-cap-view-default) .elementor-drop-cap-letter{width:1em;height:1em}.elementor-widget-text-editor .elementor-drop-cap{float:left;text-align:center;line-height:1;font-size:50px}.elementor-widget-text-editor .elementor-drop-cap-letter{display:inline-block}<\/style>\t\t\t\t<p>Hangzhou Lihu Trading Co., Ltd. a \u00e9t\u00e9 cr\u00e9\u00e9e en 2024 et est situ\u00e9e \u00e0 Hangzhou, dans la province du Zhejiang, en Chine. En tant que soci\u00e9t\u00e9 commerciale professionnelle, nous nous engageons \u00e0 fournir des produits et des services de qualit\u00e9 \u00e0 des clients du monde entier. Nos activit\u00e9s couvrent de nombreux secteurs, y compris, mais sans s'y limiter, la vente en gros de produits de premi\u00e8re n\u00e9cessit\u00e9, d'articles et d'\u00e9quipements de sport, de fournitures de bureau, d'articles de papeterie et de chaussures et chapeaux en gros.<br \/>Notre mission : Notre mission est d'aider nos clients \u00e0 r\u00e9ussir en leur fournissant des produits de haute qualit\u00e9 et un excellent service \u00e0 la client\u00e8le. Nous d\u00e9fendons les valeurs d'int\u00e9grit\u00e9, d'innovation et de coop\u00e9ration et nous nous engageons \u00e0 \u00e9tablir des relations \u00e0 long terme.<br \/>Nos services : Nous ne nous contentons pas de fournir des produits de haute qualit\u00e9, nous offrons \u00e9galement \u00e0 nos clients une gamme compl\u00e8te de services, notamment : une analyse professionnelle du march\u00e9 et des recommandations de produits ; des services de logistique et de distribution efficaces ; une assistance apr\u00e8s-vente compl\u00e8te et un service \u00e0 la client\u00e8le.<br \/>Notre avantage :<br \/>Une riche exp\u00e9rience : Des ann\u00e9es d'exp\u00e9rience dans le secteur nous permettent de comprendre en profondeur les besoins du march\u00e9 et les attentes des clients.<br \/>Cha\u00eene d'approvisionnement de haute qualit\u00e9 : Nous avons \u00e9tabli des relations de coop\u00e9ration \u00e0 long terme avec un certain nombre de fournisseurs de qualit\u00e9 afin de garantir une qualit\u00e9 \u00e9lev\u00e9e et un approvisionnement stable des produits.<br \/>Un r\u00e9seau mondial : Nos activit\u00e9s couvrent de nombreux pays et r\u00e9gions dans le monde, avec une base de client\u00e8le \u00e9tendue et une influence sur le march\u00e9.<br \/>Une \u00e9quipe professionnelle : Nous disposons d'une \u00e9quipe professionnelle et efficace qui se consacre \u00e0 fournir aux clients les meilleures solutions.<\/p>\t\t\t\t\t\t<\/div>\n\t\t\t\t<\/div>\n\t\t\t\t\t<\/div>\n\t\t<\/div>\n\t\t\t\t\t\t\t<\/div>\n\t\t<\/section>\n\t\t\t\t\t\t\t<\/div>","protected":false},"excerpt":{"rendered":"<p>about us Hangzhou Lihu Trading Co., Ltd. was established in 2024 and is located in Hangzhou, Zhejiang Province, China. As a professional trading company, we are committed to providing quality products and services to customers around the world. Our business &hellip; <a href=\"https:\/\/www.lihusl.com\/fr\/about-us\/\">En savoir plus<\/a><\/p>","protected":false},"author":1,"featured_media":0,"parent":0,"menu_order":0,"comment_status":"closed","ping_status":"closed","template":"","meta":{"om_disable_all_campaigns":false,"_monsterinsights_skip_tracking":false,"_monsterinsights_sitenote_active":false,"_monsterinsights_sitenote_note":"","_monsterinsights_sitenote_category":0,"footnotes":""},"class_list":["post-1493","page","type-page","status-publish","hentry"],"yoast_head":"<!-- This site is optimized with the Yoast SEO plugin v27.4 - https:\/\/yoast.com\/product\/yoast-seo-wordpress\/ -->\n<title>About Us - Lihu<\/title>\n<meta name=\"robots\" content=\"index, follow, max-snippet:-1, max-image-preview:large, max-video-preview:-1\" \/>\n<link rel=\"canonical\" href=\"https:\/\/www.lihusl.com\/fr\/about-us\/\" \/>\n<meta property=\"og:locale\" content=\"fr_FR\" \/>\n<meta property=\"og:type\" content=\"article\" \/>\n<meta property=\"og:title\" content=\"About Us - Lihu\" \/>\n<meta property=\"og:description\" content=\"about us Hangzhou Lihu Trading Co., Ltd. was established in 2024 and is located in Hangzhou, Zhejiang Province, China. As a professional trading company, we are committed to providing quality products and services to customers around the world. Our business &hellip; Readmore\" \/>\n<meta property=\"og:url\" content=\"https:\/\/www.lihusl.com\/fr\/about-us\/\" \/>\n<meta property=\"og:site_name\" content=\"Lihu\" \/>\n<meta property=\"article:modified_time\" content=\"2024-06-05T06:54:17+00:00\" \/>\n<meta property=\"og:image\" content=\"http:\/\/www.lihusl.com\/wp-content\/uploads\/2020\/06\/image-about-4.jpg\" \/>\n<meta name=\"twitter:card\" content=\"summary_large_image\" \/>\n<meta name=\"twitter:label1\" content=\"Dur\u00e9e de lecture estim\u00e9e\" \/>\n\t<meta name=\"twitter:data1\" content=\"1 minute\" \/>\n<script type=\"application\/ld+json\" class=\"yoast-schema-graph\">{\"@context\":\"https:\\\/\\\/schema.org\",\"@graph\":[{\"@type\":\"WebPage\",\"@id\":\"https:\\\/\\\/www.lihusl.com\\\/about-us\\\/\",\"url\":\"https:\\\/\\\/www.lihusl.com\\\/about-us\\\/\",\"name\":\"About Us - Lihu\",\"isPartOf\":{\"@id\":\"https:\\\/\\\/www.lihusl.com\\\/#website\"},\"primaryImageOfPage\":{\"@id\":\"https:\\\/\\\/www.lihusl.com\\\/about-us\\\/#primaryimage\"},\"image\":{\"@id\":\"https:\\\/\\\/www.lihusl.com\\\/about-us\\\/#primaryimage\"},\"thumbnailUrl\":\"http:\\\/\\\/www.lihusl.com\\\/wp-content\\\/uploads\\\/2020\\\/06\\\/image-about-4.jpg\",\"datePublished\":\"2016-10-14T02:02:22+00:00\",\"dateModified\":\"2024-06-05T06:54:17+00:00\",\"breadcrumb\":{\"@id\":\"https:\\\/\\\/www.lihusl.com\\\/about-us\\\/#breadcrumb\"},\"inLanguage\":\"fr-FR\",\"potentialAction\":[{\"@type\":\"ReadAction\",\"target\":[\"https:\\\/\\\/www.lihusl.com\\\/about-us\\\/\"]}]},{\"@type\":\"ImageObject\",\"inLanguage\":\"fr-FR\",\"@id\":\"https:\\\/\\\/www.lihusl.com\\\/about-us\\\/#primaryimage\",\"url\":\"http:\\\/\\\/www.lihusl.com\\\/wp-content\\\/uploads\\\/2020\\\/06\\\/image-about-4.jpg\",\"contentUrl\":\"http:\\\/\\\/www.lihusl.com\\\/wp-content\\\/uploads\\\/2020\\\/06\\\/image-about-4.jpg\"},{\"@type\":\"BreadcrumbList\",\"@id\":\"https:\\\/\\\/www.lihusl.com\\\/about-us\\\/#breadcrumb\",\"itemListElement\":[{\"@type\":\"ListItem\",\"position\":1,\"name\":\"Home\",\"item\":\"https:\\\/\\\/www.lihusl.com\\\/\"},{\"@type\":\"ListItem\",\"position\":2,\"name\":\"About Us\"}]},{\"@type\":\"WebSite\",\"@id\":\"https:\\\/\\\/www.lihusl.com\\\/#website\",\"url\":\"https:\\\/\\\/www.lihusl.com\\\/\",\"name\":\"Lihu\",\"description\":\"\",\"potentialAction\":[{\"@type\":\"SearchAction\",\"target\":{\"@type\":\"EntryPoint\",\"urlTemplate\":\"https:\\\/\\\/www.lihusl.com\\\/?s={search_term_string}\"},\"query-input\":{\"@type\":\"PropertyValueSpecification\",\"valueRequired\":true,\"valueName\":\"search_term_string\"}}],\"inLanguage\":\"fr-FR\"}]}<\/script>\n<!-- \/ Yoast SEO plugin. -->","yoast_head_json":{"title":"About Us - Lihu","robots":{"index":"index","follow":"follow","max-snippet":"max-snippet:-1","max-image-preview":"max-image-preview:large","max-video-preview":"max-video-preview:-1"},"canonical":"https:\/\/www.lihusl.com\/fr\/about-us\/","og_locale":"fr_FR","og_type":"article","og_title":"About Us - Lihu","og_description":"about us Hangzhou Lihu Trading Co., Ltd. was established in 2024 and is located in Hangzhou, Zhejiang Province, China. As a professional trading company, we are committed to providing quality products and services to customers around the world. Our business &hellip; Readmore","og_url":"https:\/\/www.lihusl.com\/fr\/about-us\/","og_site_name":"Lihu","article_modified_time":"2024-06-05T06:54:17+00:00","og_image":[{"url":"http:\/\/www.lihusl.com\/wp-content\/uploads\/2020\/06\/image-about-4.jpg","type":"","width":"","height":""}],"twitter_card":"summary_large_image","twitter_misc":{"Dur\u00e9e de lecture estim\u00e9e":"1 minute"},"schema":{"@context":"https:\/\/schema.org","@graph":[{"@type":"WebPage","@id":"https:\/\/www.lihusl.com\/about-us\/","url":"https:\/\/www.lihusl.com\/about-us\/","name":"About Us - Lihu","isPartOf":{"@id":"https:\/\/www.lihusl.com\/#website"},"primaryImageOfPage":{"@id":"https:\/\/www.lihusl.com\/about-us\/#primaryimage"},"image":{"@id":"https:\/\/www.lihusl.com\/about-us\/#primaryimage"},"thumbnailUrl":"http:\/\/www.lihusl.com\/wp-content\/uploads\/2020\/06\/image-about-4.jpg","datePublished":"2016-10-14T02:02:22+00:00","dateModified":"2024-06-05T06:54:17+00:00","breadcrumb":{"@id":"https:\/\/www.lihusl.com\/about-us\/#breadcrumb"},"inLanguage":"fr-FR","potentialAction":[{"@type":"ReadAction","target":["https:\/\/www.lihusl.com\/about-us\/"]}]},{"@type":"ImageObject","inLanguage":"fr-FR","@id":"https:\/\/www.lihusl.com\/about-us\/#primaryimage","url":"http:\/\/www.lihusl.com\/wp-content\/uploads\/2020\/06\/image-about-4.jpg","contentUrl":"http:\/\/www.lihusl.com\/wp-content\/uploads\/2020\/06\/image-about-4.jpg"},{"@type":"BreadcrumbList","@id":"https:\/\/www.lihusl.com\/about-us\/#breadcrumb","itemListElement":[{"@type":"ListItem","position":1,"name":"Home","item":"https:\/\/www.lihusl.com\/"},{"@type":"ListItem","position":2,"name":"About Us"}]},{"@type":"WebSite","@id":"https:\/\/www.lihusl.com\/#website","url":"https:\/\/www.lihusl.com\/","name":"Lihu","description":"","potentialAction":[{"@type":"SearchAction","target":{"@type":"EntryPoint","urlTemplate":"https:\/\/www.lihusl.com\/?s={search_term_string}"},"query-input":{"@type":"PropertyValueSpecification","valueRequired":true,"valueName":"search_term_string"}}],"inLanguage":"fr-FR"}]}},"jetpack_sharing_enabled":true,"_links":{"self":[{"href":"https:\/\/www.lihusl.com\/fr\/wp-json\/wp\/v2\/pages\/1493","targetHints":{"allow":["GET"]}}],"collection":[{"href":"https:\/\/www.lihusl.com\/fr\/wp-json\/wp\/v2\/pages"}],"about":[{"href":"https:\/\/www.lihusl.com\/fr\/wp-json\/wp\/v2\/types\/page"}],"author":[{"embeddable":true,"href":"https:\/\/www.lihusl.com\/fr\/wp-json\/wp\/v2\/users\/1"}],"replies":[{"embeddable":true,"href":"https:\/\/www.lihusl.com\/fr\/wp-json\/wp\/v2\/comments?post=1493"}],"version-history":[{"count":4,"href":"https:\/\/www.lihusl.com\/fr\/wp-json\/wp\/v2\/pages\/1493\/revisions"}],"predecessor-version":[{"id":4896,"href":"https:\/\/www.lihusl.com\/fr\/wp-json\/wp\/v2\/pages\/1493\/revisions\/4896"}],"wp:attachment":[{"href":"https:\/\/www.lihusl.com\/fr\/wp-json\/wp\/v2\/media?parent=1493"}],"curies":[{"name":"wp","href":"https:\/\/api.w.org\/{rel}","templated":true}]}}