{"id":4730,"date":"2024-06-05T03:28:10","date_gmt":"2024-06-05T03:28:10","guid":{"rendered":"http:\/\/www.lihusl.com\/?post_type=product&#038;p=4730"},"modified":"2024-06-05T03:28:11","modified_gmt":"2024-06-05T03:28:11","slug":"bamboo-joint-portable-transparent-glass-coffee-cup","status":"publish","type":"product","link":"https:\/\/www.lihusl.com\/fr\/produit\/bamboo-joint-portable-transparent-glass-coffee-cup\/","title":{"rendered":"Tasse \u00e0 caf\u00e9 en verre transparent portable Bamboo Joint"},"content":{"rendered":"<p>Voici la tasse \u00e0 caf\u00e9 en verre transparent, \u00e9l\u00e9gante et portable, avec paille, indispensable \u00e0 tout amateur de boissons. Fabriqu\u00e9e \u00e0 partir d'un verre robuste de haute qualit\u00e9, cette tasse met en valeur l'attrait du caf\u00e9, du th\u00e9 ou des boissons fra\u00eeches gr\u00e2ce \u00e0 son design transparent. Elle est munie d'un couvercle et d'une paille respectueux de l'environnement, qui rehaussent \u00e0 la fois le style et l'aspect pratique en maintenant votre boisson \u00e0 la temp\u00e9rature id\u00e9ale. Parfaite pour boire en d\u00e9placement, cette tasse minimise les d\u00e9versements et est id\u00e9ale pour les voyages, le bureau ou la maison. L\u00e9g\u00e8re mais robuste, elle est con\u00e7ue pour une utilisation quotidienne. Cette tasse \u00e0 caf\u00e9 chic et pratique allie l'\u00e9l\u00e9gance \u00e0 la fonctionnalit\u00e9 et rehausse votre exp\u00e9rience de consommation. Parfaite pour ceux qui appr\u00e9cient les d\u00e9tails les plus fins dans leur vaisselle. Personnalisable.<\/p>","protected":false},"excerpt":{"rendered":"<p>Introducing the sleek, portable clear glass coffee cup with straw, essential for any beverage enthusiast. Crafted from high-quality, robust glass, this cup beautifully displays the allure of coffee, tea, or chilled drinks with its transparent design. It includes an eco-friendly &hellip; <a href=\"https:\/\/www.lihusl.com\/fr\/produit\/bamboo-joint-portable-transparent-glass-coffee-cup\/\">En savoir plus<\/a><\/p>","protected":false},"featured_media":4731,"template":"","meta":{"om_disable_all_campaigns":false,"_monsterinsights_skip_tracking":false,"_monsterinsights_sitenote_active":false,"_monsterinsights_sitenote_note":"","_monsterinsights_sitenote_category":0},"product_brand":[],"product_cat":[109],"product_tag":[],"class_list":{"0":"post-4730","1":"product","2":"type-product","3":"status-publish","4":"has-post-thumbnail","6":"product_cat-drinkware","8":"first","9":"instock","10":"taxable","11":"shipping-taxable","12":"purchasable","13":"product-type-simple"},"yoast_head":"<!-- This site is optimized with the Yoast SEO plugin v27.4 - https:\/\/yoast.com\/product\/yoast-seo-wordpress\/ -->\n<title>Bamboo Joint portable Transparent Glass Coffee Cup - Lihu<\/title>\n<meta name=\"robots\" content=\"index, follow, max-snippet:-1, max-image-preview:large, max-video-preview:-1\" \/>\n<link rel=\"canonical\" href=\"https:\/\/www.lihusl.com\/fr\/produit\/bamboo-joint-portable-transparent-glass-coffee-cup\/\" \/>\n<meta property=\"og:locale\" content=\"fr_FR\" \/>\n<meta property=\"og:type\" content=\"article\" \/>\n<meta property=\"og:title\" content=\"Bamboo Joint portable Transparent Glass Coffee Cup - Lihu\" \/>\n<meta property=\"og:description\" content=\"Introducing the sleek, portable clear glass coffee cup with straw, essential for any beverage enthusiast. Crafted from high-quality, robust glass, this cup beautifully displays the allure of coffee, tea, or chilled drinks with its transparent design. It includes an eco-friendly &hellip; Readmore\" \/>\n<meta property=\"og:url\" content=\"https:\/\/www.lihusl.com\/fr\/produit\/bamboo-joint-portable-transparent-glass-coffee-cup\/\" \/>\n<meta property=\"og:site_name\" content=\"Lihu\" \/>\n<meta property=\"article:modified_time\" content=\"2024-06-05T03:28:11+00:00\" \/>\n<meta property=\"og:image\" content=\"https:\/\/www.lihusl.com\/wp-content\/uploads\/2024\/06\/1-\u4e3b\u56fe-1.jpg\" \/>\n\t<meta property=\"og:image:width\" content=\"1200\" \/>\n\t<meta property=\"og:image:height\" content=\"1200\" \/>\n\t<meta property=\"og:image:type\" content=\"image\/jpeg\" \/>\n<meta name=\"twitter:card\" content=\"summary_large_image\" \/>\n<meta name=\"twitter:label1\" content=\"Dur\u00e9e de lecture estim\u00e9e\" \/>\n\t<meta name=\"twitter:data1\" content=\"1 minute\" \/>\n<script type=\"application\/ld+json\" class=\"yoast-schema-graph\">{\"@context\":\"https:\\\/\\\/schema.org\",\"@graph\":[{\"@type\":\"WebPage\",\"@id\":\"https:\\\/\\\/www.lihusl.com\\\/product\\\/bamboo-joint-portable-transparent-glass-coffee-cup\\\/\",\"url\":\"https:\\\/\\\/www.lihusl.com\\\/product\\\/bamboo-joint-portable-transparent-glass-coffee-cup\\\/\",\"name\":\"Bamboo Joint portable Transparent Glass Coffee Cup - Lihu\",\"isPartOf\":{\"@id\":\"https:\\\/\\\/www.lihusl.com\\\/#website\"},\"primaryImageOfPage\":{\"@id\":\"https:\\\/\\\/www.lihusl.com\\\/product\\\/bamboo-joint-portable-transparent-glass-coffee-cup\\\/#primaryimage\"},\"image\":{\"@id\":\"https:\\\/\\\/www.lihusl.com\\\/product\\\/bamboo-joint-portable-transparent-glass-coffee-cup\\\/#primaryimage\"},\"thumbnailUrl\":\"https:\\\/\\\/www.lihusl.com\\\/wp-content\\\/uploads\\\/2024\\\/06\\\/1-\u4e3b\u56fe-1.jpg\",\"datePublished\":\"2024-06-05T03:28:10+00:00\",\"dateModified\":\"2024-06-05T03:28:11+00:00\",\"breadcrumb\":{\"@id\":\"https:\\\/\\\/www.lihusl.com\\\/product\\\/bamboo-joint-portable-transparent-glass-coffee-cup\\\/#breadcrumb\"},\"inLanguage\":\"fr-FR\",\"potentialAction\":[{\"@type\":\"ReadAction\",\"target\":[\"https:\\\/\\\/www.lihusl.com\\\/product\\\/bamboo-joint-portable-transparent-glass-coffee-cup\\\/\"]}]},{\"@type\":\"ImageObject\",\"inLanguage\":\"fr-FR\",\"@id\":\"https:\\\/\\\/www.lihusl.com\\\/product\\\/bamboo-joint-portable-transparent-glass-coffee-cup\\\/#primaryimage\",\"url\":\"https:\\\/\\\/www.lihusl.com\\\/wp-content\\\/uploads\\\/2024\\\/06\\\/1-\u4e3b\u56fe-1.jpg\",\"contentUrl\":\"https:\\\/\\\/www.lihusl.com\\\/wp-content\\\/uploads\\\/2024\\\/06\\\/1-\u4e3b\u56fe-1.jpg\",\"width\":1200,\"height\":1200},{\"@type\":\"BreadcrumbList\",\"@id\":\"https:\\\/\\\/www.lihusl.com\\\/product\\\/bamboo-joint-portable-transparent-glass-coffee-cup\\\/#breadcrumb\",\"itemListElement\":[{\"@type\":\"ListItem\",\"position\":1,\"name\":\"Home\",\"item\":\"https:\\\/\\\/www.lihusl.com\\\/\"},{\"@type\":\"ListItem\",\"position\":2,\"name\":\"Shop\",\"item\":\"https:\\\/\\\/www.lihusl.com\\\/shop\\\/\"},{\"@type\":\"ListItem\",\"position\":3,\"name\":\"Bamboo Joint portable Transparent Glass Coffee Cup\"}]},{\"@type\":\"WebSite\",\"@id\":\"https:\\\/\\\/www.lihusl.com\\\/#website\",\"url\":\"https:\\\/\\\/www.lihusl.com\\\/\",\"name\":\"Lihu\",\"description\":\"\",\"potentialAction\":[{\"@type\":\"SearchAction\",\"target\":{\"@type\":\"EntryPoint\",\"urlTemplate\":\"https:\\\/\\\/www.lihusl.com\\\/?s={search_term_string}\"},\"query-input\":{\"@type\":\"PropertyValueSpecification\",\"valueRequired\":true,\"valueName\":\"search_term_string\"}}],\"inLanguage\":\"fr-FR\"}]}<\/script>\n<!-- \/ Yoast SEO plugin. -->","yoast_head_json":{"title":"Bamboo Joint portable Transparent Glass Coffee Cup - Lihu","robots":{"index":"index","follow":"follow","max-snippet":"max-snippet:-1","max-image-preview":"max-image-preview:large","max-video-preview":"max-video-preview:-1"},"canonical":"https:\/\/www.lihusl.com\/fr\/produit\/bamboo-joint-portable-transparent-glass-coffee-cup\/","og_locale":"fr_FR","og_type":"article","og_title":"Bamboo Joint portable Transparent Glass Coffee Cup - Lihu","og_description":"Introducing the sleek, portable clear glass coffee cup with straw, essential for any beverage enthusiast. Crafted from high-quality, robust glass, this cup beautifully displays the allure of coffee, tea, or chilled drinks with its transparent design. It includes an eco-friendly &hellip; Readmore","og_url":"https:\/\/www.lihusl.com\/fr\/produit\/bamboo-joint-portable-transparent-glass-coffee-cup\/","og_site_name":"Lihu","article_modified_time":"2024-06-05T03:28:11+00:00","og_image":[{"width":1200,"height":1200,"url":"https:\/\/www.lihusl.com\/wp-content\/uploads\/2024\/06\/1-\u4e3b\u56fe-1.jpg","type":"image\/jpeg"}],"twitter_card":"summary_large_image","twitter_misc":{"Dur\u00e9e de lecture estim\u00e9e":"1 minute"},"schema":{"@context":"https:\/\/schema.org","@graph":[{"@type":"WebPage","@id":"https:\/\/www.lihusl.com\/product\/bamboo-joint-portable-transparent-glass-coffee-cup\/","url":"https:\/\/www.lihusl.com\/product\/bamboo-joint-portable-transparent-glass-coffee-cup\/","name":"Bamboo Joint portable Transparent Glass Coffee Cup - Lihu","isPartOf":{"@id":"https:\/\/www.lihusl.com\/#website"},"primaryImageOfPage":{"@id":"https:\/\/www.lihusl.com\/product\/bamboo-joint-portable-transparent-glass-coffee-cup\/#primaryimage"},"image":{"@id":"https:\/\/www.lihusl.com\/product\/bamboo-joint-portable-transparent-glass-coffee-cup\/#primaryimage"},"thumbnailUrl":"https:\/\/www.lihusl.com\/wp-content\/uploads\/2024\/06\/1-\u4e3b\u56fe-1.jpg","datePublished":"2024-06-05T03:28:10+00:00","dateModified":"2024-06-05T03:28:11+00:00","breadcrumb":{"@id":"https:\/\/www.lihusl.com\/product\/bamboo-joint-portable-transparent-glass-coffee-cup\/#breadcrumb"},"inLanguage":"fr-FR","potentialAction":[{"@type":"ReadAction","target":["https:\/\/www.lihusl.com\/product\/bamboo-joint-portable-transparent-glass-coffee-cup\/"]}]},{"@type":"ImageObject","inLanguage":"fr-FR","@id":"https:\/\/www.lihusl.com\/product\/bamboo-joint-portable-transparent-glass-coffee-cup\/#primaryimage","url":"https:\/\/www.lihusl.com\/wp-content\/uploads\/2024\/06\/1-\u4e3b\u56fe-1.jpg","contentUrl":"https:\/\/www.lihusl.com\/wp-content\/uploads\/2024\/06\/1-\u4e3b\u56fe-1.jpg","width":1200,"height":1200},{"@type":"BreadcrumbList","@id":"https:\/\/www.lihusl.com\/product\/bamboo-joint-portable-transparent-glass-coffee-cup\/#breadcrumb","itemListElement":[{"@type":"ListItem","position":1,"name":"Home","item":"https:\/\/www.lihusl.com\/"},{"@type":"ListItem","position":2,"name":"Shop","item":"https:\/\/www.lihusl.com\/shop\/"},{"@type":"ListItem","position":3,"name":"Bamboo Joint portable Transparent Glass Coffee Cup"}]},{"@type":"WebSite","@id":"https:\/\/www.lihusl.com\/#website","url":"https:\/\/www.lihusl.com\/","name":"Lihu","description":"","potentialAction":[{"@type":"SearchAction","target":{"@type":"EntryPoint","urlTemplate":"https:\/\/www.lihusl.com\/?s={search_term_string}"},"query-input":{"@type":"PropertyValueSpecification","valueRequired":true,"valueName":"search_term_string"}}],"inLanguage":"fr-FR"}]}},"jetpack_sharing_enabled":true,"_links":{"self":[{"href":"https:\/\/www.lihusl.com\/fr\/wp-json\/wp\/v2\/product\/4730","targetHints":{"allow":["GET"]}}],"collection":[{"href":"https:\/\/www.lihusl.com\/fr\/wp-json\/wp\/v2\/product"}],"about":[{"href":"https:\/\/www.lihusl.com\/fr\/wp-json\/wp\/v2\/types\/product"}],"wp:featuredmedia":[{"embeddable":true,"href":"https:\/\/www.lihusl.com\/fr\/wp-json\/wp\/v2\/media\/4731"}],"wp:attachment":[{"href":"https:\/\/www.lihusl.com\/fr\/wp-json\/wp\/v2\/media?parent=4730"}],"wp:term":[{"taxonomy":"product_brand","embeddable":true,"href":"https:\/\/www.lihusl.com\/fr\/wp-json\/wp\/v2\/product_brand?post=4730"},{"taxonomy":"product_cat","embeddable":true,"href":"https:\/\/www.lihusl.com\/fr\/wp-json\/wp\/v2\/product_cat?post=4730"},{"taxonomy":"product_tag","embeddable":true,"href":"https:\/\/www.lihusl.com\/fr\/wp-json\/wp\/v2\/product_tag?post=4730"}],"curies":[{"name":"wp","href":"https:\/\/api.w.org\/{rel}","templated":true}]}}