{"id":4736,"date":"2024-06-05T03:29:26","date_gmt":"2024-06-05T03:29:26","guid":{"rendered":"http:\/\/www.lihusl.com\/?post_type=product&#038;p=4736"},"modified":"2024-06-05T03:29:28","modified_gmt":"2024-06-05T03:29:28","slug":"eco-friendly-bluetooth-wooden-wireless-headphone-set","status":"publish","type":"product","link":"https:\/\/www.lihusl.com\/fr\/produit\/eco-friendly-bluetooth-wooden-wireless-headphone-set\/","title":{"rendered":"Casque d'\u00e9coute sans fil \u00e9cologique Bluetooth en bois"},"content":{"rendered":"<p>Le casque sans fil \u00e9cologique Bluetooth en bois est un m\u00e9lange parfait de durabilit\u00e9, de technologie et de style. Fabriqu\u00e9s en bois renouvelable de haute qualit\u00e9, ces \u00e9couteurs offrent une esth\u00e9tique r\u00e9tro unique avec la chaleur et le confort des mat\u00e9riaux naturels. D\u00e9couvrez des fonctionnalit\u00e9s de pointe sans faire de compromis sur le respect de l'environnement. Les \u00e9couteurs prennent en charge le chargement sans fil, ce qui permet de les recharger facilement sans avoir \u00e0 s'encombrer de c\u00e2bles. Gr\u00e2ce \u00e0 la technologie avanc\u00e9e de r\u00e9duction du bruit, plongez dans un son cristallin. La longue dur\u00e9e de vie de la batterie vous permet de profiter de vos morceaux ou podcasts pr\u00e9f\u00e9r\u00e9s pendant de longues p\u00e9riodes, sans avoir \u00e0 les recharger fr\u00e9quemment. Adoptez un choix \u00e9l\u00e9gant et durable avec l'ensemble d'\u00e9couteurs sans fil Bluetooth en bois respectueux de l'environnement. Personnalisable.<\/p>","protected":false},"excerpt":{"rendered":"<p>The Eco-friendly Bluetooth Wooden Wireless Headphone Set, a perfect blend of sustainability, technology, and style. Crafted from high-quality, renewable wood, these headphones offer a unique, retro aesthetic with the warmth and comfort of natural materials. Experience cutting-edge features without compromising &hellip; <a href=\"https:\/\/www.lihusl.com\/fr\/produit\/eco-friendly-bluetooth-wooden-wireless-headphone-set\/\">En savoir plus<\/a><\/p>","protected":false},"featured_media":4737,"template":"","meta":{"om_disable_all_campaigns":false,"_monsterinsights_skip_tracking":false,"_monsterinsights_sitenote_active":false,"_monsterinsights_sitenote_note":"","_monsterinsights_sitenote_category":0},"product_brand":[],"product_cat":[110],"product_tag":[],"class_list":{"0":"post-4736","1":"product","2":"type-product","3":"status-publish","4":"has-post-thumbnail","6":"product_cat-electronics-tech-products","8":"first","9":"instock","10":"taxable","11":"shipping-taxable","12":"purchasable","13":"product-type-simple"},"yoast_head":"<!-- This site is optimized with the Yoast SEO plugin v27.4 - https:\/\/yoast.com\/product\/yoast-seo-wordpress\/ -->\n<title>Eco-friendly Bluetooth Wooden Wireless Headphone Set - Lihu<\/title>\n<meta name=\"robots\" content=\"index, follow, max-snippet:-1, max-image-preview:large, max-video-preview:-1\" \/>\n<link rel=\"canonical\" href=\"https:\/\/www.lihusl.com\/fr\/produit\/eco-friendly-bluetooth-wooden-wireless-headphone-set\/\" \/>\n<meta property=\"og:locale\" content=\"fr_FR\" \/>\n<meta property=\"og:type\" content=\"article\" \/>\n<meta property=\"og:title\" content=\"Eco-friendly Bluetooth Wooden Wireless Headphone Set - Lihu\" \/>\n<meta property=\"og:description\" content=\"The Eco-friendly Bluetooth Wooden Wireless Headphone Set, a perfect blend of sustainability, technology, and style. Crafted from high-quality, renewable wood, these headphones offer a unique, retro aesthetic with the warmth and comfort of natural materials. Experience cutting-edge features without compromising &hellip; Readmore\" \/>\n<meta property=\"og:url\" content=\"https:\/\/www.lihusl.com\/fr\/produit\/eco-friendly-bluetooth-wooden-wireless-headphone-set\/\" \/>\n<meta property=\"og:site_name\" content=\"Lihu\" \/>\n<meta property=\"article:modified_time\" content=\"2024-06-05T03:29:28+00:00\" \/>\n<meta property=\"og:image\" content=\"https:\/\/www.lihusl.com\/wp-content\/uploads\/2024\/06\/1-\u4e3b\u56fe-2.jpg\" \/>\n\t<meta property=\"og:image:width\" content=\"1200\" \/>\n\t<meta property=\"og:image:height\" content=\"1200\" \/>\n\t<meta property=\"og:image:type\" content=\"image\/jpeg\" \/>\n<meta name=\"twitter:card\" content=\"summary_large_image\" \/>\n<meta name=\"twitter:label1\" content=\"Dur\u00e9e de lecture estim\u00e9e\" \/>\n\t<meta name=\"twitter:data1\" content=\"1 minute\" \/>\n<script type=\"application\/ld+json\" class=\"yoast-schema-graph\">{\"@context\":\"https:\\\/\\\/schema.org\",\"@graph\":[{\"@type\":\"WebPage\",\"@id\":\"https:\\\/\\\/www.lihusl.com\\\/product\\\/eco-friendly-bluetooth-wooden-wireless-headphone-set\\\/\",\"url\":\"https:\\\/\\\/www.lihusl.com\\\/product\\\/eco-friendly-bluetooth-wooden-wireless-headphone-set\\\/\",\"name\":\"Eco-friendly Bluetooth Wooden Wireless Headphone Set - Lihu\",\"isPartOf\":{\"@id\":\"https:\\\/\\\/www.lihusl.com\\\/#website\"},\"primaryImageOfPage\":{\"@id\":\"https:\\\/\\\/www.lihusl.com\\\/product\\\/eco-friendly-bluetooth-wooden-wireless-headphone-set\\\/#primaryimage\"},\"image\":{\"@id\":\"https:\\\/\\\/www.lihusl.com\\\/product\\\/eco-friendly-bluetooth-wooden-wireless-headphone-set\\\/#primaryimage\"},\"thumbnailUrl\":\"https:\\\/\\\/www.lihusl.com\\\/wp-content\\\/uploads\\\/2024\\\/06\\\/1-\u4e3b\u56fe-2.jpg\",\"datePublished\":\"2024-06-05T03:29:26+00:00\",\"dateModified\":\"2024-06-05T03:29:28+00:00\",\"breadcrumb\":{\"@id\":\"https:\\\/\\\/www.lihusl.com\\\/product\\\/eco-friendly-bluetooth-wooden-wireless-headphone-set\\\/#breadcrumb\"},\"inLanguage\":\"fr-FR\",\"potentialAction\":[{\"@type\":\"ReadAction\",\"target\":[\"https:\\\/\\\/www.lihusl.com\\\/product\\\/eco-friendly-bluetooth-wooden-wireless-headphone-set\\\/\"]}]},{\"@type\":\"ImageObject\",\"inLanguage\":\"fr-FR\",\"@id\":\"https:\\\/\\\/www.lihusl.com\\\/product\\\/eco-friendly-bluetooth-wooden-wireless-headphone-set\\\/#primaryimage\",\"url\":\"https:\\\/\\\/www.lihusl.com\\\/wp-content\\\/uploads\\\/2024\\\/06\\\/1-\u4e3b\u56fe-2.jpg\",\"contentUrl\":\"https:\\\/\\\/www.lihusl.com\\\/wp-content\\\/uploads\\\/2024\\\/06\\\/1-\u4e3b\u56fe-2.jpg\",\"width\":1200,\"height\":1200},{\"@type\":\"BreadcrumbList\",\"@id\":\"https:\\\/\\\/www.lihusl.com\\\/product\\\/eco-friendly-bluetooth-wooden-wireless-headphone-set\\\/#breadcrumb\",\"itemListElement\":[{\"@type\":\"ListItem\",\"position\":1,\"name\":\"Home\",\"item\":\"https:\\\/\\\/www.lihusl.com\\\/\"},{\"@type\":\"ListItem\",\"position\":2,\"name\":\"Shop\",\"item\":\"https:\\\/\\\/www.lihusl.com\\\/shop\\\/\"},{\"@type\":\"ListItem\",\"position\":3,\"name\":\"Eco-friendly Bluetooth Wooden Wireless Headphone Set\"}]},{\"@type\":\"WebSite\",\"@id\":\"https:\\\/\\\/www.lihusl.com\\\/#website\",\"url\":\"https:\\\/\\\/www.lihusl.com\\\/\",\"name\":\"Lihu\",\"description\":\"\",\"potentialAction\":[{\"@type\":\"SearchAction\",\"target\":{\"@type\":\"EntryPoint\",\"urlTemplate\":\"https:\\\/\\\/www.lihusl.com\\\/?s={search_term_string}\"},\"query-input\":{\"@type\":\"PropertyValueSpecification\",\"valueRequired\":true,\"valueName\":\"search_term_string\"}}],\"inLanguage\":\"fr-FR\"}]}<\/script>\n<!-- \/ Yoast SEO plugin. -->","yoast_head_json":{"title":"Eco-friendly Bluetooth Wooden Wireless Headphone Set - Lihu","robots":{"index":"index","follow":"follow","max-snippet":"max-snippet:-1","max-image-preview":"max-image-preview:large","max-video-preview":"max-video-preview:-1"},"canonical":"https:\/\/www.lihusl.com\/fr\/produit\/eco-friendly-bluetooth-wooden-wireless-headphone-set\/","og_locale":"fr_FR","og_type":"article","og_title":"Eco-friendly Bluetooth Wooden Wireless Headphone Set - Lihu","og_description":"The Eco-friendly Bluetooth Wooden Wireless Headphone Set, a perfect blend of sustainability, technology, and style. Crafted from high-quality, renewable wood, these headphones offer a unique, retro aesthetic with the warmth and comfort of natural materials. Experience cutting-edge features without compromising &hellip; Readmore","og_url":"https:\/\/www.lihusl.com\/fr\/produit\/eco-friendly-bluetooth-wooden-wireless-headphone-set\/","og_site_name":"Lihu","article_modified_time":"2024-06-05T03:29:28+00:00","og_image":[{"width":1200,"height":1200,"url":"https:\/\/www.lihusl.com\/wp-content\/uploads\/2024\/06\/1-\u4e3b\u56fe-2.jpg","type":"image\/jpeg"}],"twitter_card":"summary_large_image","twitter_misc":{"Dur\u00e9e de lecture estim\u00e9e":"1 minute"},"schema":{"@context":"https:\/\/schema.org","@graph":[{"@type":"WebPage","@id":"https:\/\/www.lihusl.com\/product\/eco-friendly-bluetooth-wooden-wireless-headphone-set\/","url":"https:\/\/www.lihusl.com\/product\/eco-friendly-bluetooth-wooden-wireless-headphone-set\/","name":"Eco-friendly Bluetooth Wooden Wireless Headphone Set - Lihu","isPartOf":{"@id":"https:\/\/www.lihusl.com\/#website"},"primaryImageOfPage":{"@id":"https:\/\/www.lihusl.com\/product\/eco-friendly-bluetooth-wooden-wireless-headphone-set\/#primaryimage"},"image":{"@id":"https:\/\/www.lihusl.com\/product\/eco-friendly-bluetooth-wooden-wireless-headphone-set\/#primaryimage"},"thumbnailUrl":"https:\/\/www.lihusl.com\/wp-content\/uploads\/2024\/06\/1-\u4e3b\u56fe-2.jpg","datePublished":"2024-06-05T03:29:26+00:00","dateModified":"2024-06-05T03:29:28+00:00","breadcrumb":{"@id":"https:\/\/www.lihusl.com\/product\/eco-friendly-bluetooth-wooden-wireless-headphone-set\/#breadcrumb"},"inLanguage":"fr-FR","potentialAction":[{"@type":"ReadAction","target":["https:\/\/www.lihusl.com\/product\/eco-friendly-bluetooth-wooden-wireless-headphone-set\/"]}]},{"@type":"ImageObject","inLanguage":"fr-FR","@id":"https:\/\/www.lihusl.com\/product\/eco-friendly-bluetooth-wooden-wireless-headphone-set\/#primaryimage","url":"https:\/\/www.lihusl.com\/wp-content\/uploads\/2024\/06\/1-\u4e3b\u56fe-2.jpg","contentUrl":"https:\/\/www.lihusl.com\/wp-content\/uploads\/2024\/06\/1-\u4e3b\u56fe-2.jpg","width":1200,"height":1200},{"@type":"BreadcrumbList","@id":"https:\/\/www.lihusl.com\/product\/eco-friendly-bluetooth-wooden-wireless-headphone-set\/#breadcrumb","itemListElement":[{"@type":"ListItem","position":1,"name":"Home","item":"https:\/\/www.lihusl.com\/"},{"@type":"ListItem","position":2,"name":"Shop","item":"https:\/\/www.lihusl.com\/shop\/"},{"@type":"ListItem","position":3,"name":"Eco-friendly Bluetooth Wooden Wireless Headphone Set"}]},{"@type":"WebSite","@id":"https:\/\/www.lihusl.com\/#website","url":"https:\/\/www.lihusl.com\/","name":"Lihu","description":"","potentialAction":[{"@type":"SearchAction","target":{"@type":"EntryPoint","urlTemplate":"https:\/\/www.lihusl.com\/?s={search_term_string}"},"query-input":{"@type":"PropertyValueSpecification","valueRequired":true,"valueName":"search_term_string"}}],"inLanguage":"fr-FR"}]}},"jetpack_sharing_enabled":true,"_links":{"self":[{"href":"https:\/\/www.lihusl.com\/fr\/wp-json\/wp\/v2\/product\/4736","targetHints":{"allow":["GET"]}}],"collection":[{"href":"https:\/\/www.lihusl.com\/fr\/wp-json\/wp\/v2\/product"}],"about":[{"href":"https:\/\/www.lihusl.com\/fr\/wp-json\/wp\/v2\/types\/product"}],"wp:featuredmedia":[{"embeddable":true,"href":"https:\/\/www.lihusl.com\/fr\/wp-json\/wp\/v2\/media\/4737"}],"wp:attachment":[{"href":"https:\/\/www.lihusl.com\/fr\/wp-json\/wp\/v2\/media?parent=4736"}],"wp:term":[{"taxonomy":"product_brand","embeddable":true,"href":"https:\/\/www.lihusl.com\/fr\/wp-json\/wp\/v2\/product_brand?post=4736"},{"taxonomy":"product_cat","embeddable":true,"href":"https:\/\/www.lihusl.com\/fr\/wp-json\/wp\/v2\/product_cat?post=4736"},{"taxonomy":"product_tag","embeddable":true,"href":"https:\/\/www.lihusl.com\/fr\/wp-json\/wp\/v2\/product_tag?post=4736"}],"curies":[{"name":"wp","href":"https:\/\/api.w.org\/{rel}","templated":true}]}}