{"id":4752,"date":"2024-06-05T03:39:15","date_gmt":"2024-06-05T03:39:15","guid":{"rendered":"http:\/\/www.lihusl.com\/?post_type=product&#038;p=4752"},"modified":"2026-02-02T17:12:45","modified_gmt":"2026-02-02T09:12:45","slug":"nylon-durable-waterproof-travel-backpack-school-bag","status":"publish","type":"product","link":"https:\/\/www.lihusl.com\/fr\/produit\/nylon-durable-waterproof-travel-backpack-school-bag\/","title":{"rendered":"Nylon Durable Waterproof Travel Backpack School Bag"},"content":{"rendered":"<p>Sac \u00e0 dos de voyage en nylon durable et imperm\u00e9able, parfait pour les \u00e9tudiants et les voyageurs. Fabriqu\u00e9 en nylon de haute qualit\u00e9, il est non seulement durable, mais aussi compl\u00e8tement imperm\u00e9able, gardant vos objets essentiels au sec quel que soit le temps. Le sac \u00e0 dos comporte un compartiment principal spacieux, plusieurs petites poches pour un rangement organis\u00e9 et une poche utilitaire \u00e0 l'avant. Il pr\u00e9sente un design ergonomique avec des bretelles rembourr\u00e9es et un panneau dorsal ventil\u00e9 pour assurer le confort et la circulation de l'air pendant l'utilisation. \u00c9l\u00e9gant et disponible dans une vari\u00e9t\u00e9 de couleurs, ce sac \u00e0 dos est parfait pour vos d\u00e9placements quotidiens, vos voyages ou vos activit\u00e9s de plein air. D\u00e9couvrez la fonctionnalit\u00e9, le confort et le style de ce sac \u00e0 dos qui vous assure un voyage sans encombre et garde vos effets personnels en s\u00e9curit\u00e9 o\u00f9 que vous alliez. personnalisable.<\/p>","protected":false},"excerpt":{"rendered":"<p>Nylon durable waterproof travel backpack school bag, perfect for students and travelers. Made from high-quality nylon, it&#8217;s not only durable, but it&#8217;s also completely waterproof, keeping your essentials dry no matter the weather. The backpack features a roomy main compartment, &hellip; <a href=\"https:\/\/www.lihusl.com\/fr\/produit\/nylon-durable-waterproof-travel-backpack-school-bag\/\">En savoir plus<\/a><\/p>","protected":false},"featured_media":4753,"template":"","meta":{"om_disable_all_campaigns":false,"_monsterinsights_skip_tracking":false,"_monsterinsights_sitenote_active":false,"_monsterinsights_sitenote_note":"","_monsterinsights_sitenote_category":0},"product_brand":[],"product_cat":[115],"product_tag":[],"class_list":{"0":"post-4752","1":"product","2":"type-product","3":"status-publish","4":"has-post-thumbnail","6":"product_cat-bags-luggage","8":"first","9":"instock","10":"taxable","11":"shipping-taxable","12":"purchasable","13":"product-type-simple"},"yoast_head":"<!-- This site is optimized with the Yoast SEO plugin v27.4 - https:\/\/yoast.com\/product\/yoast-seo-wordpress\/ -->\n<title>Nylon Durable Waterproof Travel Backpack School Bag - Lihu<\/title>\n<meta name=\"robots\" content=\"index, follow, max-snippet:-1, max-image-preview:large, max-video-preview:-1\" \/>\n<link rel=\"canonical\" href=\"https:\/\/www.lihusl.com\/fr\/produit\/nylon-durable-waterproof-travel-backpack-school-bag\/\" \/>\n<meta property=\"og:locale\" content=\"fr_FR\" \/>\n<meta property=\"og:type\" content=\"article\" \/>\n<meta property=\"og:title\" content=\"Nylon Durable Waterproof Travel Backpack School Bag - Lihu\" \/>\n<meta property=\"og:description\" content=\"Nylon durable waterproof travel backpack school bag, perfect for students and travelers. Made from high-quality nylon, it&#8217;s not only durable, but it&#8217;s also completely waterproof, keeping your essentials dry no matter the weather. The backpack features a roomy main compartment, &hellip; Readmore\" \/>\n<meta property=\"og:url\" content=\"https:\/\/www.lihusl.com\/fr\/produit\/nylon-durable-waterproof-travel-backpack-school-bag\/\" \/>\n<meta property=\"og:site_name\" content=\"Lihu\" \/>\n<meta property=\"article:modified_time\" content=\"2026-02-02T09:12:45+00:00\" \/>\n<meta property=\"og:image\" content=\"https:\/\/www.lihusl.com\/wp-content\/uploads\/2024\/06\/1-\u4e3b\u56fe-4.jpg\" \/>\n\t<meta property=\"og:image:width\" content=\"1200\" \/>\n\t<meta property=\"og:image:height\" content=\"1200\" \/>\n\t<meta property=\"og:image:type\" content=\"image\/jpeg\" \/>\n<meta name=\"twitter:card\" content=\"summary_large_image\" \/>\n<meta name=\"twitter:label1\" content=\"Dur\u00e9e de lecture estim\u00e9e\" \/>\n\t<meta name=\"twitter:data1\" content=\"1 minute\" \/>\n<script type=\"application\/ld+json\" class=\"yoast-schema-graph\">{\"@context\":\"https:\\\/\\\/schema.org\",\"@graph\":[{\"@type\":\"WebPage\",\"@id\":\"https:\\\/\\\/www.lihusl.com\\\/product\\\/nylon-durable-waterproof-travel-backpack-school-bag\\\/\",\"url\":\"https:\\\/\\\/www.lihusl.com\\\/product\\\/nylon-durable-waterproof-travel-backpack-school-bag\\\/\",\"name\":\"Nylon Durable Waterproof Travel Backpack School Bag - Lihu\",\"isPartOf\":{\"@id\":\"https:\\\/\\\/www.lihusl.com\\\/#website\"},\"primaryImageOfPage\":{\"@id\":\"https:\\\/\\\/www.lihusl.com\\\/product\\\/nylon-durable-waterproof-travel-backpack-school-bag\\\/#primaryimage\"},\"image\":{\"@id\":\"https:\\\/\\\/www.lihusl.com\\\/product\\\/nylon-durable-waterproof-travel-backpack-school-bag\\\/#primaryimage\"},\"thumbnailUrl\":\"https:\\\/\\\/www.lihusl.com\\\/wp-content\\\/uploads\\\/2024\\\/06\\\/1-\u4e3b\u56fe-4.jpg\",\"datePublished\":\"2024-06-05T03:39:15+00:00\",\"dateModified\":\"2026-02-02T09:12:45+00:00\",\"breadcrumb\":{\"@id\":\"https:\\\/\\\/www.lihusl.com\\\/product\\\/nylon-durable-waterproof-travel-backpack-school-bag\\\/#breadcrumb\"},\"inLanguage\":\"fr-FR\",\"potentialAction\":[{\"@type\":\"ReadAction\",\"target\":[\"https:\\\/\\\/www.lihusl.com\\\/product\\\/nylon-durable-waterproof-travel-backpack-school-bag\\\/\"]}]},{\"@type\":\"ImageObject\",\"inLanguage\":\"fr-FR\",\"@id\":\"https:\\\/\\\/www.lihusl.com\\\/product\\\/nylon-durable-waterproof-travel-backpack-school-bag\\\/#primaryimage\",\"url\":\"https:\\\/\\\/www.lihusl.com\\\/wp-content\\\/uploads\\\/2024\\\/06\\\/1-\u4e3b\u56fe-4.jpg\",\"contentUrl\":\"https:\\\/\\\/www.lihusl.com\\\/wp-content\\\/uploads\\\/2024\\\/06\\\/1-\u4e3b\u56fe-4.jpg\",\"width\":1200,\"height\":1200},{\"@type\":\"BreadcrumbList\",\"@id\":\"https:\\\/\\\/www.lihusl.com\\\/product\\\/nylon-durable-waterproof-travel-backpack-school-bag\\\/#breadcrumb\",\"itemListElement\":[{\"@type\":\"ListItem\",\"position\":1,\"name\":\"Home\",\"item\":\"https:\\\/\\\/www.lihusl.com\\\/\"},{\"@type\":\"ListItem\",\"position\":2,\"name\":\"Shop\",\"item\":\"https:\\\/\\\/www.lihusl.com\\\/shop\\\/\"},{\"@type\":\"ListItem\",\"position\":3,\"name\":\"Nylon Durable Waterproof Travel Backpack School Bag\"}]},{\"@type\":\"WebSite\",\"@id\":\"https:\\\/\\\/www.lihusl.com\\\/#website\",\"url\":\"https:\\\/\\\/www.lihusl.com\\\/\",\"name\":\"Lihu\",\"description\":\"\",\"potentialAction\":[{\"@type\":\"SearchAction\",\"target\":{\"@type\":\"EntryPoint\",\"urlTemplate\":\"https:\\\/\\\/www.lihusl.com\\\/?s={search_term_string}\"},\"query-input\":{\"@type\":\"PropertyValueSpecification\",\"valueRequired\":true,\"valueName\":\"search_term_string\"}}],\"inLanguage\":\"fr-FR\"}]}<\/script>\n<!-- \/ Yoast SEO plugin. -->","yoast_head_json":{"title":"Nylon Durable Waterproof Travel Backpack School Bag - Lihu","robots":{"index":"index","follow":"follow","max-snippet":"max-snippet:-1","max-image-preview":"max-image-preview:large","max-video-preview":"max-video-preview:-1"},"canonical":"https:\/\/www.lihusl.com\/fr\/produit\/nylon-durable-waterproof-travel-backpack-school-bag\/","og_locale":"fr_FR","og_type":"article","og_title":"Nylon Durable Waterproof Travel Backpack School Bag - Lihu","og_description":"Nylon durable waterproof travel backpack school bag, perfect for students and travelers. Made from high-quality nylon, it&#8217;s not only durable, but it&#8217;s also completely waterproof, keeping your essentials dry no matter the weather. The backpack features a roomy main compartment, &hellip; Readmore","og_url":"https:\/\/www.lihusl.com\/fr\/produit\/nylon-durable-waterproof-travel-backpack-school-bag\/","og_site_name":"Lihu","article_modified_time":"2026-02-02T09:12:45+00:00","og_image":[{"width":1200,"height":1200,"url":"https:\/\/www.lihusl.com\/wp-content\/uploads\/2024\/06\/1-\u4e3b\u56fe-4.jpg","type":"image\/jpeg"}],"twitter_card":"summary_large_image","twitter_misc":{"Dur\u00e9e de lecture estim\u00e9e":"1 minute"},"schema":{"@context":"https:\/\/schema.org","@graph":[{"@type":"WebPage","@id":"https:\/\/www.lihusl.com\/product\/nylon-durable-waterproof-travel-backpack-school-bag\/","url":"https:\/\/www.lihusl.com\/product\/nylon-durable-waterproof-travel-backpack-school-bag\/","name":"Nylon Durable Waterproof Travel Backpack School Bag - Lihu","isPartOf":{"@id":"https:\/\/www.lihusl.com\/#website"},"primaryImageOfPage":{"@id":"https:\/\/www.lihusl.com\/product\/nylon-durable-waterproof-travel-backpack-school-bag\/#primaryimage"},"image":{"@id":"https:\/\/www.lihusl.com\/product\/nylon-durable-waterproof-travel-backpack-school-bag\/#primaryimage"},"thumbnailUrl":"https:\/\/www.lihusl.com\/wp-content\/uploads\/2024\/06\/1-\u4e3b\u56fe-4.jpg","datePublished":"2024-06-05T03:39:15+00:00","dateModified":"2026-02-02T09:12:45+00:00","breadcrumb":{"@id":"https:\/\/www.lihusl.com\/product\/nylon-durable-waterproof-travel-backpack-school-bag\/#breadcrumb"},"inLanguage":"fr-FR","potentialAction":[{"@type":"ReadAction","target":["https:\/\/www.lihusl.com\/product\/nylon-durable-waterproof-travel-backpack-school-bag\/"]}]},{"@type":"ImageObject","inLanguage":"fr-FR","@id":"https:\/\/www.lihusl.com\/product\/nylon-durable-waterproof-travel-backpack-school-bag\/#primaryimage","url":"https:\/\/www.lihusl.com\/wp-content\/uploads\/2024\/06\/1-\u4e3b\u56fe-4.jpg","contentUrl":"https:\/\/www.lihusl.com\/wp-content\/uploads\/2024\/06\/1-\u4e3b\u56fe-4.jpg","width":1200,"height":1200},{"@type":"BreadcrumbList","@id":"https:\/\/www.lihusl.com\/product\/nylon-durable-waterproof-travel-backpack-school-bag\/#breadcrumb","itemListElement":[{"@type":"ListItem","position":1,"name":"Home","item":"https:\/\/www.lihusl.com\/"},{"@type":"ListItem","position":2,"name":"Shop","item":"https:\/\/www.lihusl.com\/shop\/"},{"@type":"ListItem","position":3,"name":"Nylon Durable Waterproof Travel Backpack School Bag"}]},{"@type":"WebSite","@id":"https:\/\/www.lihusl.com\/#website","url":"https:\/\/www.lihusl.com\/","name":"Lihu","description":"","potentialAction":[{"@type":"SearchAction","target":{"@type":"EntryPoint","urlTemplate":"https:\/\/www.lihusl.com\/?s={search_term_string}"},"query-input":{"@type":"PropertyValueSpecification","valueRequired":true,"valueName":"search_term_string"}}],"inLanguage":"fr-FR"}]}},"jetpack_sharing_enabled":true,"_links":{"self":[{"href":"https:\/\/www.lihusl.com\/fr\/wp-json\/wp\/v2\/product\/4752","targetHints":{"allow":["GET"]}}],"collection":[{"href":"https:\/\/www.lihusl.com\/fr\/wp-json\/wp\/v2\/product"}],"about":[{"href":"https:\/\/www.lihusl.com\/fr\/wp-json\/wp\/v2\/types\/product"}],"wp:featuredmedia":[{"embeddable":true,"href":"https:\/\/www.lihusl.com\/fr\/wp-json\/wp\/v2\/media\/4753"}],"wp:attachment":[{"href":"https:\/\/www.lihusl.com\/fr\/wp-json\/wp\/v2\/media?parent=4752"}],"wp:term":[{"taxonomy":"product_brand","embeddable":true,"href":"https:\/\/www.lihusl.com\/fr\/wp-json\/wp\/v2\/product_brand?post=4752"},{"taxonomy":"product_cat","embeddable":true,"href":"https:\/\/www.lihusl.com\/fr\/wp-json\/wp\/v2\/product_cat?post=4752"},{"taxonomy":"product_tag","embeddable":true,"href":"https:\/\/www.lihusl.com\/fr\/wp-json\/wp\/v2\/product_tag?post=4752"}],"curies":[{"name":"wp","href":"https:\/\/api.w.org\/{rel}","templated":true}]}}