{"id":4762,"date":"2024-06-05T03:50:40","date_gmt":"2024-06-05T03:50:40","guid":{"rendered":"http:\/\/www.lihusl.com\/?post_type=product&#038;p=4762"},"modified":"2024-06-05T03:50:42","modified_gmt":"2024-06-05T03:50:42","slug":"bamboo-fast-wireless-charger-stand-with-wooden-coils","status":"publish","type":"product","link":"https:\/\/www.lihusl.com\/fr\/produit\/bamboo-fast-wireless-charger-stand-with-wooden-coils\/","title":{"rendered":"Support pour chargeur sans fil rapide en bambou avec bobines en bois"},"content":{"rendered":"<p>Fabriqu\u00e9 en bambou naturel, ce support de chargeur sans fil est non seulement esth\u00e9tique, mais aussi solide et durable. Il permet de placer le t\u00e9l\u00e9phone \u00e0 la verticale ou \u00e0 l'horizontale, ce qui accro\u00eet sa polyvalence pour des utilisations telles que l'identification faciale, la messagerie ou le visionnage de vid\u00e9os. Compatible avec tous les appareils compatibles Qi-, y compris la s\u00e9rie Samsung Galaxy, il est dot\u00e9 d'un mode de charge rapide qui acc\u00e9l\u00e8re consid\u00e9rablement les temps de charge, m\u00eame lorsque le t\u00e9l\u00e9phone est dans son \u00e9tui. La large zone de chargement \u00e9limine le besoin d'un alignement pr\u00e9cis, ce qui permet une exp\u00e9rience sans probl\u00e8me. Ce support de charge ajoute une touche d'\u00e9l\u00e9gance gr\u00e2ce \u00e0 sa finition en bois naturel et offre un m\u00e9lange de style, de fonctionnalit\u00e9 et de rapidit\u00e9, ce qui en fait un choix id\u00e9al pour les consommateurs soucieux de l'environnement. Parfait pour une utilisation \u00e0 la maison ou au bureau, il permet \u00e0 votre appareil de rester aliment\u00e9.personnalisable.<\/p>","protected":false},"excerpt":{"rendered":"<p>Crafted from natural bamboo, this wireless charger stand is not only aesthetically pleasing but also solid and durable. It allows for both vertical and horizontal phone placement, enhancing its versatility for uses like Face ID, messaging, or video watching. Compatible &hellip; <a href=\"https:\/\/www.lihusl.com\/fr\/produit\/bamboo-fast-wireless-charger-stand-with-wooden-coils\/\">En savoir plus<\/a><\/p>","protected":false},"featured_media":4767,"template":"","meta":{"om_disable_all_campaigns":false,"_monsterinsights_skip_tracking":false,"_monsterinsights_sitenote_active":false,"_monsterinsights_sitenote_note":"","_monsterinsights_sitenote_category":0},"product_brand":[],"product_cat":[110],"product_tag":[],"class_list":{"0":"post-4762","1":"product","2":"type-product","3":"status-publish","4":"has-post-thumbnail","6":"product_cat-electronics-tech-products","8":"first","9":"instock","10":"taxable","11":"shipping-taxable","12":"purchasable","13":"product-type-simple"},"yoast_head":"<!-- This site is optimized with the Yoast SEO plugin v27.4 - https:\/\/yoast.com\/product\/yoast-seo-wordpress\/ -->\n<title>Bamboo Fast Wireless Charger Stand with Wooden Coils - Lihu<\/title>\n<meta name=\"robots\" content=\"index, follow, max-snippet:-1, max-image-preview:large, max-video-preview:-1\" \/>\n<link rel=\"canonical\" href=\"https:\/\/www.lihusl.com\/fr\/produit\/bamboo-fast-wireless-charger-stand-with-wooden-coils\/\" \/>\n<meta property=\"og:locale\" content=\"fr_FR\" \/>\n<meta property=\"og:type\" content=\"article\" \/>\n<meta property=\"og:title\" content=\"Bamboo Fast Wireless Charger Stand with Wooden Coils - Lihu\" \/>\n<meta property=\"og:description\" content=\"Crafted from natural bamboo, this wireless charger stand is not only aesthetically pleasing but also solid and durable. It allows for both vertical and horizontal phone placement, enhancing its versatility for uses like Face ID, messaging, or video watching. Compatible &hellip; Readmore\" \/>\n<meta property=\"og:url\" content=\"https:\/\/www.lihusl.com\/fr\/produit\/bamboo-fast-wireless-charger-stand-with-wooden-coils\/\" \/>\n<meta property=\"og:site_name\" content=\"Lihu\" \/>\n<meta property=\"article:modified_time\" content=\"2024-06-05T03:50:42+00:00\" \/>\n<meta property=\"og:image\" content=\"https:\/\/www.lihusl.com\/wp-content\/uploads\/2024\/06\/1-\u4e3b\u56fe-6.jpg\" \/>\n\t<meta property=\"og:image:width\" content=\"1200\" \/>\n\t<meta property=\"og:image:height\" content=\"1200\" \/>\n\t<meta property=\"og:image:type\" content=\"image\/jpeg\" \/>\n<meta name=\"twitter:card\" content=\"summary_large_image\" \/>\n<meta name=\"twitter:label1\" content=\"Dur\u00e9e de lecture estim\u00e9e\" \/>\n\t<meta name=\"twitter:data1\" content=\"1 minute\" \/>\n<script type=\"application\/ld+json\" class=\"yoast-schema-graph\">{\"@context\":\"https:\\\/\\\/schema.org\",\"@graph\":[{\"@type\":\"WebPage\",\"@id\":\"https:\\\/\\\/www.lihusl.com\\\/product\\\/bamboo-fast-wireless-charger-stand-with-wooden-coils\\\/\",\"url\":\"https:\\\/\\\/www.lihusl.com\\\/product\\\/bamboo-fast-wireless-charger-stand-with-wooden-coils\\\/\",\"name\":\"Bamboo Fast Wireless Charger Stand with Wooden Coils - Lihu\",\"isPartOf\":{\"@id\":\"https:\\\/\\\/www.lihusl.com\\\/#website\"},\"primaryImageOfPage\":{\"@id\":\"https:\\\/\\\/www.lihusl.com\\\/product\\\/bamboo-fast-wireless-charger-stand-with-wooden-coils\\\/#primaryimage\"},\"image\":{\"@id\":\"https:\\\/\\\/www.lihusl.com\\\/product\\\/bamboo-fast-wireless-charger-stand-with-wooden-coils\\\/#primaryimage\"},\"thumbnailUrl\":\"https:\\\/\\\/www.lihusl.com\\\/wp-content\\\/uploads\\\/2024\\\/06\\\/1-\u4e3b\u56fe-6.jpg\",\"datePublished\":\"2024-06-05T03:50:40+00:00\",\"dateModified\":\"2024-06-05T03:50:42+00:00\",\"breadcrumb\":{\"@id\":\"https:\\\/\\\/www.lihusl.com\\\/product\\\/bamboo-fast-wireless-charger-stand-with-wooden-coils\\\/#breadcrumb\"},\"inLanguage\":\"fr-FR\",\"potentialAction\":[{\"@type\":\"ReadAction\",\"target\":[\"https:\\\/\\\/www.lihusl.com\\\/product\\\/bamboo-fast-wireless-charger-stand-with-wooden-coils\\\/\"]}]},{\"@type\":\"ImageObject\",\"inLanguage\":\"fr-FR\",\"@id\":\"https:\\\/\\\/www.lihusl.com\\\/product\\\/bamboo-fast-wireless-charger-stand-with-wooden-coils\\\/#primaryimage\",\"url\":\"https:\\\/\\\/www.lihusl.com\\\/wp-content\\\/uploads\\\/2024\\\/06\\\/1-\u4e3b\u56fe-6.jpg\",\"contentUrl\":\"https:\\\/\\\/www.lihusl.com\\\/wp-content\\\/uploads\\\/2024\\\/06\\\/1-\u4e3b\u56fe-6.jpg\",\"width\":1200,\"height\":1200},{\"@type\":\"BreadcrumbList\",\"@id\":\"https:\\\/\\\/www.lihusl.com\\\/product\\\/bamboo-fast-wireless-charger-stand-with-wooden-coils\\\/#breadcrumb\",\"itemListElement\":[{\"@type\":\"ListItem\",\"position\":1,\"name\":\"Home\",\"item\":\"https:\\\/\\\/www.lihusl.com\\\/\"},{\"@type\":\"ListItem\",\"position\":2,\"name\":\"Shop\",\"item\":\"https:\\\/\\\/www.lihusl.com\\\/shop\\\/\"},{\"@type\":\"ListItem\",\"position\":3,\"name\":\"Bamboo Fast Wireless Charger Stand with Wooden Coils\"}]},{\"@type\":\"WebSite\",\"@id\":\"https:\\\/\\\/www.lihusl.com\\\/#website\",\"url\":\"https:\\\/\\\/www.lihusl.com\\\/\",\"name\":\"Lihu\",\"description\":\"\",\"potentialAction\":[{\"@type\":\"SearchAction\",\"target\":{\"@type\":\"EntryPoint\",\"urlTemplate\":\"https:\\\/\\\/www.lihusl.com\\\/?s={search_term_string}\"},\"query-input\":{\"@type\":\"PropertyValueSpecification\",\"valueRequired\":true,\"valueName\":\"search_term_string\"}}],\"inLanguage\":\"fr-FR\"}]}<\/script>\n<!-- \/ Yoast SEO plugin. -->","yoast_head_json":{"title":"Bamboo Fast Wireless Charger Stand with Wooden Coils - Lihu","robots":{"index":"index","follow":"follow","max-snippet":"max-snippet:-1","max-image-preview":"max-image-preview:large","max-video-preview":"max-video-preview:-1"},"canonical":"https:\/\/www.lihusl.com\/fr\/produit\/bamboo-fast-wireless-charger-stand-with-wooden-coils\/","og_locale":"fr_FR","og_type":"article","og_title":"Bamboo Fast Wireless Charger Stand with Wooden Coils - Lihu","og_description":"Crafted from natural bamboo, this wireless charger stand is not only aesthetically pleasing but also solid and durable. It allows for both vertical and horizontal phone placement, enhancing its versatility for uses like Face ID, messaging, or video watching. Compatible &hellip; Readmore","og_url":"https:\/\/www.lihusl.com\/fr\/produit\/bamboo-fast-wireless-charger-stand-with-wooden-coils\/","og_site_name":"Lihu","article_modified_time":"2024-06-05T03:50:42+00:00","og_image":[{"width":1200,"height":1200,"url":"https:\/\/www.lihusl.com\/wp-content\/uploads\/2024\/06\/1-\u4e3b\u56fe-6.jpg","type":"image\/jpeg"}],"twitter_card":"summary_large_image","twitter_misc":{"Dur\u00e9e de lecture estim\u00e9e":"1 minute"},"schema":{"@context":"https:\/\/schema.org","@graph":[{"@type":"WebPage","@id":"https:\/\/www.lihusl.com\/product\/bamboo-fast-wireless-charger-stand-with-wooden-coils\/","url":"https:\/\/www.lihusl.com\/product\/bamboo-fast-wireless-charger-stand-with-wooden-coils\/","name":"Bamboo Fast Wireless Charger Stand with Wooden Coils - Lihu","isPartOf":{"@id":"https:\/\/www.lihusl.com\/#website"},"primaryImageOfPage":{"@id":"https:\/\/www.lihusl.com\/product\/bamboo-fast-wireless-charger-stand-with-wooden-coils\/#primaryimage"},"image":{"@id":"https:\/\/www.lihusl.com\/product\/bamboo-fast-wireless-charger-stand-with-wooden-coils\/#primaryimage"},"thumbnailUrl":"https:\/\/www.lihusl.com\/wp-content\/uploads\/2024\/06\/1-\u4e3b\u56fe-6.jpg","datePublished":"2024-06-05T03:50:40+00:00","dateModified":"2024-06-05T03:50:42+00:00","breadcrumb":{"@id":"https:\/\/www.lihusl.com\/product\/bamboo-fast-wireless-charger-stand-with-wooden-coils\/#breadcrumb"},"inLanguage":"fr-FR","potentialAction":[{"@type":"ReadAction","target":["https:\/\/www.lihusl.com\/product\/bamboo-fast-wireless-charger-stand-with-wooden-coils\/"]}]},{"@type":"ImageObject","inLanguage":"fr-FR","@id":"https:\/\/www.lihusl.com\/product\/bamboo-fast-wireless-charger-stand-with-wooden-coils\/#primaryimage","url":"https:\/\/www.lihusl.com\/wp-content\/uploads\/2024\/06\/1-\u4e3b\u56fe-6.jpg","contentUrl":"https:\/\/www.lihusl.com\/wp-content\/uploads\/2024\/06\/1-\u4e3b\u56fe-6.jpg","width":1200,"height":1200},{"@type":"BreadcrumbList","@id":"https:\/\/www.lihusl.com\/product\/bamboo-fast-wireless-charger-stand-with-wooden-coils\/#breadcrumb","itemListElement":[{"@type":"ListItem","position":1,"name":"Home","item":"https:\/\/www.lihusl.com\/"},{"@type":"ListItem","position":2,"name":"Shop","item":"https:\/\/www.lihusl.com\/shop\/"},{"@type":"ListItem","position":3,"name":"Bamboo Fast Wireless Charger Stand with Wooden Coils"}]},{"@type":"WebSite","@id":"https:\/\/www.lihusl.com\/#website","url":"https:\/\/www.lihusl.com\/","name":"Lihu","description":"","potentialAction":[{"@type":"SearchAction","target":{"@type":"EntryPoint","urlTemplate":"https:\/\/www.lihusl.com\/?s={search_term_string}"},"query-input":{"@type":"PropertyValueSpecification","valueRequired":true,"valueName":"search_term_string"}}],"inLanguage":"fr-FR"}]}},"jetpack_sharing_enabled":true,"_links":{"self":[{"href":"https:\/\/www.lihusl.com\/fr\/wp-json\/wp\/v2\/product\/4762","targetHints":{"allow":["GET"]}}],"collection":[{"href":"https:\/\/www.lihusl.com\/fr\/wp-json\/wp\/v2\/product"}],"about":[{"href":"https:\/\/www.lihusl.com\/fr\/wp-json\/wp\/v2\/types\/product"}],"wp:featuredmedia":[{"embeddable":true,"href":"https:\/\/www.lihusl.com\/fr\/wp-json\/wp\/v2\/media\/4767"}],"wp:attachment":[{"href":"https:\/\/www.lihusl.com\/fr\/wp-json\/wp\/v2\/media?parent=4762"}],"wp:term":[{"taxonomy":"product_brand","embeddable":true,"href":"https:\/\/www.lihusl.com\/fr\/wp-json\/wp\/v2\/product_brand?post=4762"},{"taxonomy":"product_cat","embeddable":true,"href":"https:\/\/www.lihusl.com\/fr\/wp-json\/wp\/v2\/product_cat?post=4762"},{"taxonomy":"product_tag","embeddable":true,"href":"https:\/\/www.lihusl.com\/fr\/wp-json\/wp\/v2\/product_tag?post=4762"}],"curies":[{"name":"wp","href":"https:\/\/api.w.org\/{rel}","templated":true}]}}