{"id":4770,"date":"2024-06-05T03:51:35","date_gmt":"2024-06-05T03:51:35","guid":{"rendered":"http:\/\/www.lihusl.com\/?post_type=product&#038;p=4770"},"modified":"2024-06-05T03:51:35","modified_gmt":"2024-06-05T03:51:35","slug":"multifunctional-silicone-double-layer-insulated-cup","status":"publish","type":"product","link":"https:\/\/www.lihusl.com\/fr\/produit\/multifunctional-silicone-double-layer-insulated-cup\/","title":{"rendered":"Tasse isotherme multifonctionnelle en silicone double couche"},"content":{"rendered":"<p>Gobelet isotherme multifonctionnel en silicone \u00e0 double couche, gobelet en acier inoxydable - l\u00e9ger et portable, facile \u00e0 transporter dans n'importe quel endroit, au bureau, au parc. La couche ext\u00e9rieure est en silicone liquide et la couche int\u00e9rieure en silicone platine. La conception \u00e0 double couche permet de conserver la chaleur plus longtemps et de rafra\u00eechir la tasse en \u00e9t\u00e9. L'anneau d'\u00e9tanch\u00e9it\u00e9 est \u00e9tanche et ne fuit pas lorsqu'on le secoue, ce qui permet de l'utiliser en toute confiance. Petite bouteille, l\u00e9g\u00e8re et portable. Facile \u00e0 nettoyer, elle peut \u00eatre st\u00e9rilis\u00e9e \u00e0 haute temp\u00e9rature. La surface lisse de la bouilloire isotherme et la bonne conception de la coupe sont sans danger pour vos mains. Fabrication soign\u00e9e, pas facile \u00e0 user, tr\u00e8s pratique \u00e0 utiliser. .<br \/>\nVous pouvez les emmener \u00e0 l'\u00e9cole, en voyage ou au travail, c'est tr\u00e8s pratique et personnalisable.<\/p>","protected":false},"excerpt":{"rendered":"<p>Multifunctional silicone double-layer insulated cup, stainless steel cup &#8211; lightweight and portable, easy to carry to any place, office, park. The outer layer is made of liquid silicone, and the inner layer is made of platinum silicone. The double-layer design &hellip; <a href=\"https:\/\/www.lihusl.com\/fr\/produit\/multifunctional-silicone-double-layer-insulated-cup\/\">En savoir plus<\/a><\/p>","protected":false},"featured_media":4773,"template":"","meta":{"om_disable_all_campaigns":false,"_monsterinsights_skip_tracking":false,"_monsterinsights_sitenote_active":false,"_monsterinsights_sitenote_note":"","_monsterinsights_sitenote_category":0},"product_brand":[],"product_cat":[109],"product_tag":[],"class_list":{"0":"post-4770","1":"product","2":"type-product","3":"status-publish","4":"has-post-thumbnail","6":"product_cat-drinkware","8":"first","9":"instock","10":"taxable","11":"shipping-taxable","12":"purchasable","13":"product-type-simple"},"yoast_head":"<!-- This site is optimized with the Yoast SEO plugin v27.4 - https:\/\/yoast.com\/product\/yoast-seo-wordpress\/ -->\n<title>Multifunctional Silicone Double-layer Insulated Cup - Lihu<\/title>\n<meta name=\"robots\" content=\"index, follow, max-snippet:-1, max-image-preview:large, max-video-preview:-1\" \/>\n<link rel=\"canonical\" href=\"https:\/\/www.lihusl.com\/fr\/produit\/multifunctional-silicone-double-layer-insulated-cup\/\" \/>\n<meta property=\"og:locale\" content=\"fr_FR\" \/>\n<meta property=\"og:type\" content=\"article\" \/>\n<meta property=\"og:title\" content=\"Multifunctional Silicone Double-layer Insulated Cup - Lihu\" \/>\n<meta property=\"og:description\" content=\"Multifunctional silicone double-layer insulated cup, stainless steel cup &#8211; lightweight and portable, easy to carry to any place, office, park. The outer layer is made of liquid silicone, and the inner layer is made of platinum silicone. The double-layer design &hellip; Readmore\" \/>\n<meta property=\"og:url\" content=\"https:\/\/www.lihusl.com\/fr\/produit\/multifunctional-silicone-double-layer-insulated-cup\/\" \/>\n<meta property=\"og:site_name\" content=\"Lihu\" \/>\n<meta property=\"og:image\" content=\"https:\/\/www.lihusl.com\/wp-content\/uploads\/2024\/06\/1-\u4e3b\u56fe-7.jpg\" \/>\n\t<meta property=\"og:image:width\" content=\"1200\" \/>\n\t<meta property=\"og:image:height\" content=\"1200\" \/>\n\t<meta property=\"og:image:type\" content=\"image\/jpeg\" \/>\n<meta name=\"twitter:card\" content=\"summary_large_image\" \/>\n<meta name=\"twitter:label1\" content=\"Dur\u00e9e de lecture estim\u00e9e\" \/>\n\t<meta name=\"twitter:data1\" content=\"1 minute\" \/>\n<script type=\"application\/ld+json\" class=\"yoast-schema-graph\">{\"@context\":\"https:\\\/\\\/schema.org\",\"@graph\":[{\"@type\":\"WebPage\",\"@id\":\"https:\\\/\\\/www.lihusl.com\\\/product\\\/multifunctional-silicone-double-layer-insulated-cup\\\/\",\"url\":\"https:\\\/\\\/www.lihusl.com\\\/product\\\/multifunctional-silicone-double-layer-insulated-cup\\\/\",\"name\":\"Multifunctional Silicone Double-layer Insulated Cup - Lihu\",\"isPartOf\":{\"@id\":\"https:\\\/\\\/www.lihusl.com\\\/#website\"},\"primaryImageOfPage\":{\"@id\":\"https:\\\/\\\/www.lihusl.com\\\/product\\\/multifunctional-silicone-double-layer-insulated-cup\\\/#primaryimage\"},\"image\":{\"@id\":\"https:\\\/\\\/www.lihusl.com\\\/product\\\/multifunctional-silicone-double-layer-insulated-cup\\\/#primaryimage\"},\"thumbnailUrl\":\"https:\\\/\\\/www.lihusl.com\\\/wp-content\\\/uploads\\\/2024\\\/06\\\/1-\u4e3b\u56fe-7.jpg\",\"datePublished\":\"2024-06-05T03:51:35+00:00\",\"breadcrumb\":{\"@id\":\"https:\\\/\\\/www.lihusl.com\\\/product\\\/multifunctional-silicone-double-layer-insulated-cup\\\/#breadcrumb\"},\"inLanguage\":\"fr-FR\",\"potentialAction\":[{\"@type\":\"ReadAction\",\"target\":[\"https:\\\/\\\/www.lihusl.com\\\/product\\\/multifunctional-silicone-double-layer-insulated-cup\\\/\"]}]},{\"@type\":\"ImageObject\",\"inLanguage\":\"fr-FR\",\"@id\":\"https:\\\/\\\/www.lihusl.com\\\/product\\\/multifunctional-silicone-double-layer-insulated-cup\\\/#primaryimage\",\"url\":\"https:\\\/\\\/www.lihusl.com\\\/wp-content\\\/uploads\\\/2024\\\/06\\\/1-\u4e3b\u56fe-7.jpg\",\"contentUrl\":\"https:\\\/\\\/www.lihusl.com\\\/wp-content\\\/uploads\\\/2024\\\/06\\\/1-\u4e3b\u56fe-7.jpg\",\"width\":1200,\"height\":1200},{\"@type\":\"BreadcrumbList\",\"@id\":\"https:\\\/\\\/www.lihusl.com\\\/product\\\/multifunctional-silicone-double-layer-insulated-cup\\\/#breadcrumb\",\"itemListElement\":[{\"@type\":\"ListItem\",\"position\":1,\"name\":\"Home\",\"item\":\"https:\\\/\\\/www.lihusl.com\\\/\"},{\"@type\":\"ListItem\",\"position\":2,\"name\":\"Shop\",\"item\":\"https:\\\/\\\/www.lihusl.com\\\/shop\\\/\"},{\"@type\":\"ListItem\",\"position\":3,\"name\":\"Multifunctional Silicone Double-layer Insulated Cup\"}]},{\"@type\":\"WebSite\",\"@id\":\"https:\\\/\\\/www.lihusl.com\\\/#website\",\"url\":\"https:\\\/\\\/www.lihusl.com\\\/\",\"name\":\"Lihu\",\"description\":\"\",\"potentialAction\":[{\"@type\":\"SearchAction\",\"target\":{\"@type\":\"EntryPoint\",\"urlTemplate\":\"https:\\\/\\\/www.lihusl.com\\\/?s={search_term_string}\"},\"query-input\":{\"@type\":\"PropertyValueSpecification\",\"valueRequired\":true,\"valueName\":\"search_term_string\"}}],\"inLanguage\":\"fr-FR\"}]}<\/script>\n<!-- \/ Yoast SEO plugin. -->","yoast_head_json":{"title":"Multifunctional Silicone Double-layer Insulated Cup - Lihu","robots":{"index":"index","follow":"follow","max-snippet":"max-snippet:-1","max-image-preview":"max-image-preview:large","max-video-preview":"max-video-preview:-1"},"canonical":"https:\/\/www.lihusl.com\/fr\/produit\/multifunctional-silicone-double-layer-insulated-cup\/","og_locale":"fr_FR","og_type":"article","og_title":"Multifunctional Silicone Double-layer Insulated Cup - Lihu","og_description":"Multifunctional silicone double-layer insulated cup, stainless steel cup &#8211; lightweight and portable, easy to carry to any place, office, park. The outer layer is made of liquid silicone, and the inner layer is made of platinum silicone. The double-layer design &hellip; Readmore","og_url":"https:\/\/www.lihusl.com\/fr\/produit\/multifunctional-silicone-double-layer-insulated-cup\/","og_site_name":"Lihu","og_image":[{"width":1200,"height":1200,"url":"https:\/\/www.lihusl.com\/wp-content\/uploads\/2024\/06\/1-\u4e3b\u56fe-7.jpg","type":"image\/jpeg"}],"twitter_card":"summary_large_image","twitter_misc":{"Dur\u00e9e de lecture estim\u00e9e":"1 minute"},"schema":{"@context":"https:\/\/schema.org","@graph":[{"@type":"WebPage","@id":"https:\/\/www.lihusl.com\/product\/multifunctional-silicone-double-layer-insulated-cup\/","url":"https:\/\/www.lihusl.com\/product\/multifunctional-silicone-double-layer-insulated-cup\/","name":"Multifunctional Silicone Double-layer Insulated Cup - Lihu","isPartOf":{"@id":"https:\/\/www.lihusl.com\/#website"},"primaryImageOfPage":{"@id":"https:\/\/www.lihusl.com\/product\/multifunctional-silicone-double-layer-insulated-cup\/#primaryimage"},"image":{"@id":"https:\/\/www.lihusl.com\/product\/multifunctional-silicone-double-layer-insulated-cup\/#primaryimage"},"thumbnailUrl":"https:\/\/www.lihusl.com\/wp-content\/uploads\/2024\/06\/1-\u4e3b\u56fe-7.jpg","datePublished":"2024-06-05T03:51:35+00:00","breadcrumb":{"@id":"https:\/\/www.lihusl.com\/product\/multifunctional-silicone-double-layer-insulated-cup\/#breadcrumb"},"inLanguage":"fr-FR","potentialAction":[{"@type":"ReadAction","target":["https:\/\/www.lihusl.com\/product\/multifunctional-silicone-double-layer-insulated-cup\/"]}]},{"@type":"ImageObject","inLanguage":"fr-FR","@id":"https:\/\/www.lihusl.com\/product\/multifunctional-silicone-double-layer-insulated-cup\/#primaryimage","url":"https:\/\/www.lihusl.com\/wp-content\/uploads\/2024\/06\/1-\u4e3b\u56fe-7.jpg","contentUrl":"https:\/\/www.lihusl.com\/wp-content\/uploads\/2024\/06\/1-\u4e3b\u56fe-7.jpg","width":1200,"height":1200},{"@type":"BreadcrumbList","@id":"https:\/\/www.lihusl.com\/product\/multifunctional-silicone-double-layer-insulated-cup\/#breadcrumb","itemListElement":[{"@type":"ListItem","position":1,"name":"Home","item":"https:\/\/www.lihusl.com\/"},{"@type":"ListItem","position":2,"name":"Shop","item":"https:\/\/www.lihusl.com\/shop\/"},{"@type":"ListItem","position":3,"name":"Multifunctional Silicone Double-layer Insulated Cup"}]},{"@type":"WebSite","@id":"https:\/\/www.lihusl.com\/#website","url":"https:\/\/www.lihusl.com\/","name":"Lihu","description":"","potentialAction":[{"@type":"SearchAction","target":{"@type":"EntryPoint","urlTemplate":"https:\/\/www.lihusl.com\/?s={search_term_string}"},"query-input":{"@type":"PropertyValueSpecification","valueRequired":true,"valueName":"search_term_string"}}],"inLanguage":"fr-FR"}]}},"jetpack_sharing_enabled":true,"_links":{"self":[{"href":"https:\/\/www.lihusl.com\/fr\/wp-json\/wp\/v2\/product\/4770","targetHints":{"allow":["GET"]}}],"collection":[{"href":"https:\/\/www.lihusl.com\/fr\/wp-json\/wp\/v2\/product"}],"about":[{"href":"https:\/\/www.lihusl.com\/fr\/wp-json\/wp\/v2\/types\/product"}],"wp:featuredmedia":[{"embeddable":true,"href":"https:\/\/www.lihusl.com\/fr\/wp-json\/wp\/v2\/media\/4773"}],"wp:attachment":[{"href":"https:\/\/www.lihusl.com\/fr\/wp-json\/wp\/v2\/media?parent=4770"}],"wp:term":[{"taxonomy":"product_brand","embeddable":true,"href":"https:\/\/www.lihusl.com\/fr\/wp-json\/wp\/v2\/product_brand?post=4770"},{"taxonomy":"product_cat","embeddable":true,"href":"https:\/\/www.lihusl.com\/fr\/wp-json\/wp\/v2\/product_cat?post=4770"},{"taxonomy":"product_tag","embeddable":true,"href":"https:\/\/www.lihusl.com\/fr\/wp-json\/wp\/v2\/product_tag?post=4770"}],"curies":[{"name":"wp","href":"https:\/\/api.w.org\/{rel}","templated":true}]}}