{"id":4777,"date":"2024-06-05T03:53:07","date_gmt":"2024-06-05T03:53:07","guid":{"rendered":"http:\/\/www.lihusl.com\/?post_type=product&#038;p=4777"},"modified":"2024-06-05T03:53:08","modified_gmt":"2024-06-05T03:53:08","slug":"mini-pressure-relief-ventilation-fingertip-silicone-keychain","status":"publish","type":"product","link":"https:\/\/www.lihusl.com\/fr\/produit\/mini-pressure-relief-ventilation-fingertip-silicone-keychain\/","title":{"rendered":"Mini porte-cl\u00e9s en silicone pour la ventilation et le soulagement de la pression au bout des doigts"},"content":{"rendered":"<p>Porte-cl\u00e9s Mini Pioneer pour la ventilation et le soulagement de la pression au bout des doigts. Aide \u00e0 \u00e9vacuer l'\u00e9nergie agit\u00e9e et le stress, permettant \u00e0 l'esprit de se calmer et de se concentrer. Notre produit est un dispositif silencieux, qui ne produit pas de sons distrayants lorsqu'il est utilis\u00e9. La recherche montre que la d\u00e9pense d'un exc\u00e8s d'\u00e9nergie par l'anxi\u00e9t\u00e9 peut am\u00e9liorer les capacit\u00e9s d'apprentissage. Parfait comme dispositif d'autor\u00e9gulation ou simplement pour une sortie amusante pour les enfants et les adultes. Petit et l\u00e9ger, vous pouvez facilement le mettre dans votre poche et l'emporter partout. Lorsque le porte-cl\u00e9s n'est pas utilis\u00e9 pour soulager le stress, il peut servir de porte-cl\u00e9s amusant sur votre sac \u00e0 dos, votre bo\u00eete \u00e0 lunch ou votre porte-cl\u00e9s. Il suffit d'appuyer sur les bulles pour qu'elles \u00e9clatent silencieusement. Une fois que toutes les bulles ont \u00e9t\u00e9 press\u00e9es, il suffit de le retourner pour plus de satisfaction ! personnalisable.<\/p>","protected":false},"excerpt":{"rendered":"<p>Mini Pioneer Pressure Relief Ventilation Fingertip Keychain. Helps provide an outlet for restless energy and stress, allowing the mind to calm and focus. Our product is a silent device, which does not release distracting sounds when used. Research shows that &hellip; <a href=\"https:\/\/www.lihusl.com\/fr\/produit\/mini-pressure-relief-ventilation-fingertip-silicone-keychain\/\">En savoir plus<\/a><\/p>","protected":false},"featured_media":4778,"template":"","meta":{"om_disable_all_campaigns":false,"_monsterinsights_skip_tracking":false,"_monsterinsights_sitenote_active":false,"_monsterinsights_sitenote_note":"","_monsterinsights_sitenote_category":0},"product_brand":[],"product_cat":[116],"product_tag":[],"class_list":{"0":"post-4777","1":"product","2":"type-product","3":"status-publish","4":"has-post-thumbnail","6":"product_cat-key-chains","8":"first","9":"instock","10":"taxable","11":"shipping-taxable","12":"purchasable","13":"product-type-simple"},"yoast_head":"<!-- This site is optimized with the Yoast SEO plugin v27.4 - https:\/\/yoast.com\/product\/yoast-seo-wordpress\/ -->\n<title>Mini Pressure Relief Ventilation Fingertip Silicone Keychain - Lihu<\/title>\n<meta name=\"robots\" content=\"index, follow, max-snippet:-1, max-image-preview:large, max-video-preview:-1\" \/>\n<link rel=\"canonical\" href=\"https:\/\/www.lihusl.com\/fr\/produit\/mini-pressure-relief-ventilation-fingertip-silicone-keychain\/\" \/>\n<meta property=\"og:locale\" content=\"fr_FR\" \/>\n<meta property=\"og:type\" content=\"article\" \/>\n<meta property=\"og:title\" content=\"Mini Pressure Relief Ventilation Fingertip Silicone Keychain - Lihu\" \/>\n<meta property=\"og:description\" content=\"Mini Pioneer Pressure Relief Ventilation Fingertip Keychain. Helps provide an outlet for restless energy and stress, allowing the mind to calm and focus. Our product is a silent device, which does not release distracting sounds when used. Research shows that &hellip; Readmore\" \/>\n<meta property=\"og:url\" content=\"https:\/\/www.lihusl.com\/fr\/produit\/mini-pressure-relief-ventilation-fingertip-silicone-keychain\/\" \/>\n<meta property=\"og:site_name\" content=\"Lihu\" \/>\n<meta property=\"article:modified_time\" content=\"2024-06-05T03:53:08+00:00\" \/>\n<meta property=\"og:image\" content=\"https:\/\/www.lihusl.com\/wp-content\/uploads\/2024\/06\/1-\u4e3b\u56fe-8.jpg\" \/>\n\t<meta property=\"og:image:width\" content=\"1200\" \/>\n\t<meta property=\"og:image:height\" content=\"1200\" \/>\n\t<meta property=\"og:image:type\" content=\"image\/jpeg\" \/>\n<meta name=\"twitter:card\" content=\"summary_large_image\" \/>\n<meta name=\"twitter:label1\" content=\"Dur\u00e9e de lecture estim\u00e9e\" \/>\n\t<meta name=\"twitter:data1\" content=\"1 minute\" \/>\n<script type=\"application\/ld+json\" class=\"yoast-schema-graph\">{\"@context\":\"https:\\\/\\\/schema.org\",\"@graph\":[{\"@type\":\"WebPage\",\"@id\":\"https:\\\/\\\/www.lihusl.com\\\/product\\\/mini-pressure-relief-ventilation-fingertip-silicone-keychain\\\/\",\"url\":\"https:\\\/\\\/www.lihusl.com\\\/product\\\/mini-pressure-relief-ventilation-fingertip-silicone-keychain\\\/\",\"name\":\"Mini Pressure Relief Ventilation Fingertip Silicone Keychain - Lihu\",\"isPartOf\":{\"@id\":\"https:\\\/\\\/www.lihusl.com\\\/#website\"},\"primaryImageOfPage\":{\"@id\":\"https:\\\/\\\/www.lihusl.com\\\/product\\\/mini-pressure-relief-ventilation-fingertip-silicone-keychain\\\/#primaryimage\"},\"image\":{\"@id\":\"https:\\\/\\\/www.lihusl.com\\\/product\\\/mini-pressure-relief-ventilation-fingertip-silicone-keychain\\\/#primaryimage\"},\"thumbnailUrl\":\"https:\\\/\\\/www.lihusl.com\\\/wp-content\\\/uploads\\\/2024\\\/06\\\/1-\u4e3b\u56fe-8.jpg\",\"datePublished\":\"2024-06-05T03:53:07+00:00\",\"dateModified\":\"2024-06-05T03:53:08+00:00\",\"breadcrumb\":{\"@id\":\"https:\\\/\\\/www.lihusl.com\\\/product\\\/mini-pressure-relief-ventilation-fingertip-silicone-keychain\\\/#breadcrumb\"},\"inLanguage\":\"fr-FR\",\"potentialAction\":[{\"@type\":\"ReadAction\",\"target\":[\"https:\\\/\\\/www.lihusl.com\\\/product\\\/mini-pressure-relief-ventilation-fingertip-silicone-keychain\\\/\"]}]},{\"@type\":\"ImageObject\",\"inLanguage\":\"fr-FR\",\"@id\":\"https:\\\/\\\/www.lihusl.com\\\/product\\\/mini-pressure-relief-ventilation-fingertip-silicone-keychain\\\/#primaryimage\",\"url\":\"https:\\\/\\\/www.lihusl.com\\\/wp-content\\\/uploads\\\/2024\\\/06\\\/1-\u4e3b\u56fe-8.jpg\",\"contentUrl\":\"https:\\\/\\\/www.lihusl.com\\\/wp-content\\\/uploads\\\/2024\\\/06\\\/1-\u4e3b\u56fe-8.jpg\",\"width\":1200,\"height\":1200},{\"@type\":\"BreadcrumbList\",\"@id\":\"https:\\\/\\\/www.lihusl.com\\\/product\\\/mini-pressure-relief-ventilation-fingertip-silicone-keychain\\\/#breadcrumb\",\"itemListElement\":[{\"@type\":\"ListItem\",\"position\":1,\"name\":\"Home\",\"item\":\"https:\\\/\\\/www.lihusl.com\\\/\"},{\"@type\":\"ListItem\",\"position\":2,\"name\":\"Shop\",\"item\":\"https:\\\/\\\/www.lihusl.com\\\/shop\\\/\"},{\"@type\":\"ListItem\",\"position\":3,\"name\":\"Mini Pressure Relief Ventilation Fingertip Silicone Keychain\"}]},{\"@type\":\"WebSite\",\"@id\":\"https:\\\/\\\/www.lihusl.com\\\/#website\",\"url\":\"https:\\\/\\\/www.lihusl.com\\\/\",\"name\":\"Lihu\",\"description\":\"\",\"potentialAction\":[{\"@type\":\"SearchAction\",\"target\":{\"@type\":\"EntryPoint\",\"urlTemplate\":\"https:\\\/\\\/www.lihusl.com\\\/?s={search_term_string}\"},\"query-input\":{\"@type\":\"PropertyValueSpecification\",\"valueRequired\":true,\"valueName\":\"search_term_string\"}}],\"inLanguage\":\"fr-FR\"}]}<\/script>\n<!-- \/ Yoast SEO plugin. -->","yoast_head_json":{"title":"Mini Pressure Relief Ventilation Fingertip Silicone Keychain - Lihu","robots":{"index":"index","follow":"follow","max-snippet":"max-snippet:-1","max-image-preview":"max-image-preview:large","max-video-preview":"max-video-preview:-1"},"canonical":"https:\/\/www.lihusl.com\/fr\/produit\/mini-pressure-relief-ventilation-fingertip-silicone-keychain\/","og_locale":"fr_FR","og_type":"article","og_title":"Mini Pressure Relief Ventilation Fingertip Silicone Keychain - Lihu","og_description":"Mini Pioneer Pressure Relief Ventilation Fingertip Keychain. Helps provide an outlet for restless energy and stress, allowing the mind to calm and focus. Our product is a silent device, which does not release distracting sounds when used. Research shows that &hellip; Readmore","og_url":"https:\/\/www.lihusl.com\/fr\/produit\/mini-pressure-relief-ventilation-fingertip-silicone-keychain\/","og_site_name":"Lihu","article_modified_time":"2024-06-05T03:53:08+00:00","og_image":[{"width":1200,"height":1200,"url":"https:\/\/www.lihusl.com\/wp-content\/uploads\/2024\/06\/1-\u4e3b\u56fe-8.jpg","type":"image\/jpeg"}],"twitter_card":"summary_large_image","twitter_misc":{"Dur\u00e9e de lecture estim\u00e9e":"1 minute"},"schema":{"@context":"https:\/\/schema.org","@graph":[{"@type":"WebPage","@id":"https:\/\/www.lihusl.com\/product\/mini-pressure-relief-ventilation-fingertip-silicone-keychain\/","url":"https:\/\/www.lihusl.com\/product\/mini-pressure-relief-ventilation-fingertip-silicone-keychain\/","name":"Mini Pressure Relief Ventilation Fingertip Silicone Keychain - Lihu","isPartOf":{"@id":"https:\/\/www.lihusl.com\/#website"},"primaryImageOfPage":{"@id":"https:\/\/www.lihusl.com\/product\/mini-pressure-relief-ventilation-fingertip-silicone-keychain\/#primaryimage"},"image":{"@id":"https:\/\/www.lihusl.com\/product\/mini-pressure-relief-ventilation-fingertip-silicone-keychain\/#primaryimage"},"thumbnailUrl":"https:\/\/www.lihusl.com\/wp-content\/uploads\/2024\/06\/1-\u4e3b\u56fe-8.jpg","datePublished":"2024-06-05T03:53:07+00:00","dateModified":"2024-06-05T03:53:08+00:00","breadcrumb":{"@id":"https:\/\/www.lihusl.com\/product\/mini-pressure-relief-ventilation-fingertip-silicone-keychain\/#breadcrumb"},"inLanguage":"fr-FR","potentialAction":[{"@type":"ReadAction","target":["https:\/\/www.lihusl.com\/product\/mini-pressure-relief-ventilation-fingertip-silicone-keychain\/"]}]},{"@type":"ImageObject","inLanguage":"fr-FR","@id":"https:\/\/www.lihusl.com\/product\/mini-pressure-relief-ventilation-fingertip-silicone-keychain\/#primaryimage","url":"https:\/\/www.lihusl.com\/wp-content\/uploads\/2024\/06\/1-\u4e3b\u56fe-8.jpg","contentUrl":"https:\/\/www.lihusl.com\/wp-content\/uploads\/2024\/06\/1-\u4e3b\u56fe-8.jpg","width":1200,"height":1200},{"@type":"BreadcrumbList","@id":"https:\/\/www.lihusl.com\/product\/mini-pressure-relief-ventilation-fingertip-silicone-keychain\/#breadcrumb","itemListElement":[{"@type":"ListItem","position":1,"name":"Home","item":"https:\/\/www.lihusl.com\/"},{"@type":"ListItem","position":2,"name":"Shop","item":"https:\/\/www.lihusl.com\/shop\/"},{"@type":"ListItem","position":3,"name":"Mini Pressure Relief Ventilation Fingertip Silicone Keychain"}]},{"@type":"WebSite","@id":"https:\/\/www.lihusl.com\/#website","url":"https:\/\/www.lihusl.com\/","name":"Lihu","description":"","potentialAction":[{"@type":"SearchAction","target":{"@type":"EntryPoint","urlTemplate":"https:\/\/www.lihusl.com\/?s={search_term_string}"},"query-input":{"@type":"PropertyValueSpecification","valueRequired":true,"valueName":"search_term_string"}}],"inLanguage":"fr-FR"}]}},"jetpack_sharing_enabled":true,"_links":{"self":[{"href":"https:\/\/www.lihusl.com\/fr\/wp-json\/wp\/v2\/product\/4777","targetHints":{"allow":["GET"]}}],"collection":[{"href":"https:\/\/www.lihusl.com\/fr\/wp-json\/wp\/v2\/product"}],"about":[{"href":"https:\/\/www.lihusl.com\/fr\/wp-json\/wp\/v2\/types\/product"}],"wp:featuredmedia":[{"embeddable":true,"href":"https:\/\/www.lihusl.com\/fr\/wp-json\/wp\/v2\/media\/4778"}],"wp:attachment":[{"href":"https:\/\/www.lihusl.com\/fr\/wp-json\/wp\/v2\/media?parent=4777"}],"wp:term":[{"taxonomy":"product_brand","embeddable":true,"href":"https:\/\/www.lihusl.com\/fr\/wp-json\/wp\/v2\/product_brand?post=4777"},{"taxonomy":"product_cat","embeddable":true,"href":"https:\/\/www.lihusl.com\/fr\/wp-json\/wp\/v2\/product_cat?post=4777"},{"taxonomy":"product_tag","embeddable":true,"href":"https:\/\/www.lihusl.com\/fr\/wp-json\/wp\/v2\/product_tag?post=4777"}],"curies":[{"name":"wp","href":"https:\/\/api.w.org\/{rel}","templated":true}]}}