{"id":4779,"date":"2024-06-05T03:54:03","date_gmt":"2024-06-05T03:54:03","guid":{"rendered":"http:\/\/www.lihusl.com\/?post_type=product&#038;p=4779"},"modified":"2026-01-29T18:54:46","modified_gmt":"2026-01-29T10:54:46","slug":"led-hat-cowboy-sequin-party-cap-flashing-light-up-for-festival","status":"publish","type":"product","link":"https:\/\/www.lihusl.com\/fr\/produit\/led-hat-cowboy-sequin-party-cap-flashing-light-up-for-festival\/","title":{"rendered":"Chapeau de cow-boy \u00e0 paillettes pour f\u00eate Chapeau de cow-boy \u00e0 lumi\u00e8re clignotante pour festival"},"content":{"rendered":"<p>Voici le stylo \u00e0 bille publicitaire en plastique Baseball - un m\u00e9lange parfait de fonctionnalit\u00e9 et de charme sportif. Fabriqu\u00e9 en plastique durable avec un design sur le th\u00e8me de la balle de baseball, ce stylo imite une vraie balle de baseball, ce qui en fait un excellent moyen d'engager la conversation. Il offre une \u00e9criture fluide avec une encre de haute qualit\u00e9 et un large espace pour un marquage personnalis\u00e9, id\u00e9al pour les campagnes promotionnelles. L\u00e9ger, r\u00e9tractable et dot\u00e9 d'un clip solide, il est pratique pour un usage quotidien et parfait pour des cadeaux lors d'\u00e9v\u00e9nements sportifs, d'activit\u00e9s scolaires ou de promotions d'entreprise. Un choix rentable pour les achats en gros, ce stylo garde votre marque \u00e0 l'esprit tout en ravissant les fans de baseball. Investissez d\u00e8s aujourd'hui et marquez des points en marketing ! Personnalisable.<\/p>","protected":false},"excerpt":{"rendered":"<p>Introducing the Plastic Baseball Advertising Gift Promotional Ballpoint Pen \u2013 a perfect blend of functionality and sporty charm. Crafted from durable plastic with a baseball-themed design, this pen features that mimics a real baseball, making it a great conversation starter. &hellip; <a href=\"https:\/\/www.lihusl.com\/fr\/produit\/led-hat-cowboy-sequin-party-cap-flashing-light-up-for-festival\/\">En savoir plus<\/a><\/p>","protected":false},"featured_media":4784,"template":"","meta":{"om_disable_all_campaigns":false,"_monsterinsights_skip_tracking":false,"_monsterinsights_sitenote_active":false,"_monsterinsights_sitenote_note":"","_monsterinsights_sitenote_category":0},"product_brand":[],"product_cat":[150],"product_tag":[],"class_list":{"0":"post-4779","1":"product","2":"type-product","3":"status-publish","4":"has-post-thumbnail","6":"product_cat-caps-hats","8":"first","9":"instock","10":"taxable","11":"shipping-taxable","12":"purchasable","13":"product-type-simple"},"yoast_head":"<!-- This site is optimized with the Yoast SEO plugin v27.4 - https:\/\/yoast.com\/product\/yoast-seo-wordpress\/ -->\n<title>Led Hat Cowboy Sequin Party Cap Flashing Light Up  For Festival - Lihu<\/title>\n<meta name=\"robots\" content=\"index, follow, max-snippet:-1, max-image-preview:large, max-video-preview:-1\" \/>\n<link rel=\"canonical\" href=\"https:\/\/www.lihusl.com\/fr\/produit\/led-hat-cowboy-sequin-party-cap-flashing-light-up-for-festival\/\" \/>\n<meta property=\"og:locale\" content=\"fr_FR\" \/>\n<meta property=\"og:type\" content=\"article\" \/>\n<meta property=\"og:title\" content=\"Led Hat Cowboy Sequin Party Cap Flashing Light Up  For Festival - Lihu\" \/>\n<meta property=\"og:description\" content=\"Introducing the Plastic Baseball Advertising Gift Promotional Ballpoint Pen \u2013 a perfect blend of functionality and sporty charm. Crafted from durable plastic with a baseball-themed design, this pen features that mimics a real baseball, making it a great conversation starter. &hellip; Readmore\" \/>\n<meta property=\"og:url\" content=\"https:\/\/www.lihusl.com\/fr\/produit\/led-hat-cowboy-sequin-party-cap-flashing-light-up-for-festival\/\" \/>\n<meta property=\"og:site_name\" content=\"Lihu\" \/>\n<meta property=\"article:modified_time\" content=\"2026-01-29T10:54:46+00:00\" \/>\n<meta property=\"og:image\" content=\"https:\/\/www.lihusl.com\/wp-content\/uploads\/2024\/06\/1.jpg\" \/>\n\t<meta property=\"og:image:width\" content=\"1200\" \/>\n\t<meta property=\"og:image:height\" content=\"1200\" \/>\n\t<meta property=\"og:image:type\" content=\"image\/jpeg\" \/>\n<meta name=\"twitter:card\" content=\"summary_large_image\" \/>\n<meta name=\"twitter:label1\" content=\"Dur\u00e9e de lecture estim\u00e9e\" \/>\n\t<meta name=\"twitter:data1\" content=\"1 minute\" \/>\n<script type=\"application\/ld+json\" class=\"yoast-schema-graph\">{\"@context\":\"https:\\\/\\\/schema.org\",\"@graph\":[{\"@type\":\"WebPage\",\"@id\":\"https:\\\/\\\/www.lihusl.com\\\/product\\\/led-hat-cowboy-sequin-party-cap-flashing-light-up-for-festival\\\/\",\"url\":\"https:\\\/\\\/www.lihusl.com\\\/product\\\/led-hat-cowboy-sequin-party-cap-flashing-light-up-for-festival\\\/\",\"name\":\"Led Hat Cowboy Sequin Party Cap Flashing Light Up For Festival - Lihu\",\"isPartOf\":{\"@id\":\"https:\\\/\\\/www.lihusl.com\\\/#website\"},\"primaryImageOfPage\":{\"@id\":\"https:\\\/\\\/www.lihusl.com\\\/product\\\/led-hat-cowboy-sequin-party-cap-flashing-light-up-for-festival\\\/#primaryimage\"},\"image\":{\"@id\":\"https:\\\/\\\/www.lihusl.com\\\/product\\\/led-hat-cowboy-sequin-party-cap-flashing-light-up-for-festival\\\/#primaryimage\"},\"thumbnailUrl\":\"https:\\\/\\\/www.lihusl.com\\\/wp-content\\\/uploads\\\/2024\\\/06\\\/1.jpg\",\"datePublished\":\"2024-06-05T03:54:03+00:00\",\"dateModified\":\"2026-01-29T10:54:46+00:00\",\"breadcrumb\":{\"@id\":\"https:\\\/\\\/www.lihusl.com\\\/product\\\/led-hat-cowboy-sequin-party-cap-flashing-light-up-for-festival\\\/#breadcrumb\"},\"inLanguage\":\"fr-FR\",\"potentialAction\":[{\"@type\":\"ReadAction\",\"target\":[\"https:\\\/\\\/www.lihusl.com\\\/product\\\/led-hat-cowboy-sequin-party-cap-flashing-light-up-for-festival\\\/\"]}]},{\"@type\":\"ImageObject\",\"inLanguage\":\"fr-FR\",\"@id\":\"https:\\\/\\\/www.lihusl.com\\\/product\\\/led-hat-cowboy-sequin-party-cap-flashing-light-up-for-festival\\\/#primaryimage\",\"url\":\"https:\\\/\\\/www.lihusl.com\\\/wp-content\\\/uploads\\\/2024\\\/06\\\/1.jpg\",\"contentUrl\":\"https:\\\/\\\/www.lihusl.com\\\/wp-content\\\/uploads\\\/2024\\\/06\\\/1.jpg\",\"width\":1200,\"height\":1200},{\"@type\":\"BreadcrumbList\",\"@id\":\"https:\\\/\\\/www.lihusl.com\\\/product\\\/led-hat-cowboy-sequin-party-cap-flashing-light-up-for-festival\\\/#breadcrumb\",\"itemListElement\":[{\"@type\":\"ListItem\",\"position\":1,\"name\":\"Home\",\"item\":\"https:\\\/\\\/www.lihusl.com\\\/\"},{\"@type\":\"ListItem\",\"position\":2,\"name\":\"Shop\",\"item\":\"https:\\\/\\\/www.lihusl.com\\\/shop\\\/\"},{\"@type\":\"ListItem\",\"position\":3,\"name\":\"Led Hat Cowboy Sequin Party Cap Flashing Light Up For Festival\"}]},{\"@type\":\"WebSite\",\"@id\":\"https:\\\/\\\/www.lihusl.com\\\/#website\",\"url\":\"https:\\\/\\\/www.lihusl.com\\\/\",\"name\":\"Lihu\",\"description\":\"\",\"potentialAction\":[{\"@type\":\"SearchAction\",\"target\":{\"@type\":\"EntryPoint\",\"urlTemplate\":\"https:\\\/\\\/www.lihusl.com\\\/?s={search_term_string}\"},\"query-input\":{\"@type\":\"PropertyValueSpecification\",\"valueRequired\":true,\"valueName\":\"search_term_string\"}}],\"inLanguage\":\"fr-FR\"}]}<\/script>\n<!-- \/ Yoast SEO plugin. -->","yoast_head_json":{"title":"Led Hat Cowboy Sequin Party Cap Flashing Light Up  For Festival - Lihu","robots":{"index":"index","follow":"follow","max-snippet":"max-snippet:-1","max-image-preview":"max-image-preview:large","max-video-preview":"max-video-preview:-1"},"canonical":"https:\/\/www.lihusl.com\/fr\/produit\/led-hat-cowboy-sequin-party-cap-flashing-light-up-for-festival\/","og_locale":"fr_FR","og_type":"article","og_title":"Led Hat Cowboy Sequin Party Cap Flashing Light Up  For Festival - Lihu","og_description":"Introducing the Plastic Baseball Advertising Gift Promotional Ballpoint Pen \u2013 a perfect blend of functionality and sporty charm. Crafted from durable plastic with a baseball-themed design, this pen features that mimics a real baseball, making it a great conversation starter. &hellip; Readmore","og_url":"https:\/\/www.lihusl.com\/fr\/produit\/led-hat-cowboy-sequin-party-cap-flashing-light-up-for-festival\/","og_site_name":"Lihu","article_modified_time":"2026-01-29T10:54:46+00:00","og_image":[{"width":1200,"height":1200,"url":"https:\/\/www.lihusl.com\/wp-content\/uploads\/2024\/06\/1.jpg","type":"image\/jpeg"}],"twitter_card":"summary_large_image","twitter_misc":{"Dur\u00e9e de lecture estim\u00e9e":"1 minute"},"schema":{"@context":"https:\/\/schema.org","@graph":[{"@type":"WebPage","@id":"https:\/\/www.lihusl.com\/product\/led-hat-cowboy-sequin-party-cap-flashing-light-up-for-festival\/","url":"https:\/\/www.lihusl.com\/product\/led-hat-cowboy-sequin-party-cap-flashing-light-up-for-festival\/","name":"Led Hat Cowboy Sequin Party Cap Flashing Light Up For Festival - Lihu","isPartOf":{"@id":"https:\/\/www.lihusl.com\/#website"},"primaryImageOfPage":{"@id":"https:\/\/www.lihusl.com\/product\/led-hat-cowboy-sequin-party-cap-flashing-light-up-for-festival\/#primaryimage"},"image":{"@id":"https:\/\/www.lihusl.com\/product\/led-hat-cowboy-sequin-party-cap-flashing-light-up-for-festival\/#primaryimage"},"thumbnailUrl":"https:\/\/www.lihusl.com\/wp-content\/uploads\/2024\/06\/1.jpg","datePublished":"2024-06-05T03:54:03+00:00","dateModified":"2026-01-29T10:54:46+00:00","breadcrumb":{"@id":"https:\/\/www.lihusl.com\/product\/led-hat-cowboy-sequin-party-cap-flashing-light-up-for-festival\/#breadcrumb"},"inLanguage":"fr-FR","potentialAction":[{"@type":"ReadAction","target":["https:\/\/www.lihusl.com\/product\/led-hat-cowboy-sequin-party-cap-flashing-light-up-for-festival\/"]}]},{"@type":"ImageObject","inLanguage":"fr-FR","@id":"https:\/\/www.lihusl.com\/product\/led-hat-cowboy-sequin-party-cap-flashing-light-up-for-festival\/#primaryimage","url":"https:\/\/www.lihusl.com\/wp-content\/uploads\/2024\/06\/1.jpg","contentUrl":"https:\/\/www.lihusl.com\/wp-content\/uploads\/2024\/06\/1.jpg","width":1200,"height":1200},{"@type":"BreadcrumbList","@id":"https:\/\/www.lihusl.com\/product\/led-hat-cowboy-sequin-party-cap-flashing-light-up-for-festival\/#breadcrumb","itemListElement":[{"@type":"ListItem","position":1,"name":"Home","item":"https:\/\/www.lihusl.com\/"},{"@type":"ListItem","position":2,"name":"Shop","item":"https:\/\/www.lihusl.com\/shop\/"},{"@type":"ListItem","position":3,"name":"Led Hat Cowboy Sequin Party Cap Flashing Light Up For Festival"}]},{"@type":"WebSite","@id":"https:\/\/www.lihusl.com\/#website","url":"https:\/\/www.lihusl.com\/","name":"Lihu","description":"","potentialAction":[{"@type":"SearchAction","target":{"@type":"EntryPoint","urlTemplate":"https:\/\/www.lihusl.com\/?s={search_term_string}"},"query-input":{"@type":"PropertyValueSpecification","valueRequired":true,"valueName":"search_term_string"}}],"inLanguage":"fr-FR"}]}},"jetpack_sharing_enabled":true,"_links":{"self":[{"href":"https:\/\/www.lihusl.com\/fr\/wp-json\/wp\/v2\/product\/4779","targetHints":{"allow":["GET"]}}],"collection":[{"href":"https:\/\/www.lihusl.com\/fr\/wp-json\/wp\/v2\/product"}],"about":[{"href":"https:\/\/www.lihusl.com\/fr\/wp-json\/wp\/v2\/types\/product"}],"wp:featuredmedia":[{"embeddable":true,"href":"https:\/\/www.lihusl.com\/fr\/wp-json\/wp\/v2\/media\/4784"}],"wp:attachment":[{"href":"https:\/\/www.lihusl.com\/fr\/wp-json\/wp\/v2\/media?parent=4779"}],"wp:term":[{"taxonomy":"product_brand","embeddable":true,"href":"https:\/\/www.lihusl.com\/fr\/wp-json\/wp\/v2\/product_brand?post=4779"},{"taxonomy":"product_cat","embeddable":true,"href":"https:\/\/www.lihusl.com\/fr\/wp-json\/wp\/v2\/product_cat?post=4779"},{"taxonomy":"product_tag","embeddable":true,"href":"https:\/\/www.lihusl.com\/fr\/wp-json\/wp\/v2\/product_tag?post=4779"}],"curies":[{"name":"wp","href":"https:\/\/api.w.org\/{rel}","templated":true}]}}