{"id":4793,"date":"2024-06-05T03:57:12","date_gmt":"2024-06-05T03:57:12","guid":{"rendered":"http:\/\/www.lihusl.com\/?post_type=product&#038;p=4793"},"modified":"2026-01-30T00:17:11","modified_gmt":"2026-01-29T16:17:11","slug":"half-flower-multi-color-stationery-gift-fluorescent-pen","status":"publish","type":"product","link":"https:\/\/www.lihusl.com\/fr\/produit\/half-flower-multi-color-stationery-gift-fluorescent-pen\/","title":{"rendered":"Demi-fleur multicolore Cadeau de papeterie Stylo fluorescent"},"content":{"rendered":"<p>Surligneur multicolore demi-fleur, un must pour les amateurs de papeterie ! Ce surligneur unique est orn\u00e9 d'une demi-fleur sur le dessus, ce qui ajoute une touche d'\u00e9l\u00e9gance \u00e0 votre espace de travail ou d'\u00e9tude. Disponible en cinq couleurs vives - jaune, rose, vert, orange et bleu - ce surligneur est parfait pour organiser des notes, marquer des informations importantes ou ajouter une touche de couleur \u00e0 votre bullet journal. Chaque surligneur est dot\u00e9 d'une pointe biseaut\u00e9e pour surligner et souligner avec pr\u00e9cision. L'encre s\u00e8che rapidement et r\u00e9siste aux bavures, ce qui garantit que vos notes restent nettes et organis\u00e9es. La taille compacte du stylo le rend facile \u00e0 transporter dans votre trousse \u00e0 crayons ou dans votre poche pour que vous puissiez surligner en d\u00e9placement. Le stylo surligneur Half Flower Multi-Color est un stylo multifonctionnel. Personnalisable.<\/p>","protected":false},"excerpt":{"rendered":"<p>Half-flower multi-color highlighter, a must-have for stationery lovers! This unique highlighter features a half-flower design on top, adding a touch of elegance to your study or work space. Available in five vibrant colors &#8211; yellow, pink, green, orange, and blue &hellip; <a href=\"https:\/\/www.lihusl.com\/fr\/produit\/half-flower-multi-color-stationery-gift-fluorescent-pen\/\">En savoir plus<\/a><\/p>","protected":false},"featured_media":4798,"template":"","meta":{"om_disable_all_campaigns":false,"_monsterinsights_skip_tracking":false,"_monsterinsights_sitenote_active":false,"_monsterinsights_sitenote_note":"","_monsterinsights_sitenote_category":0},"product_brand":[],"product_cat":[158],"product_tag":[],"class_list":{"0":"post-4793","1":"product","2":"type-product","3":"status-publish","4":"has-post-thumbnail","6":"product_cat-school-officecraft-supplies","8":"first","9":"instock","10":"taxable","11":"shipping-taxable","12":"purchasable","13":"product-type-simple"},"yoast_head":"<!-- This site is optimized with the Yoast SEO plugin v27.4 - https:\/\/yoast.com\/product\/yoast-seo-wordpress\/ -->\n<title>Half Flower Multi-Color Stationery Gift Fluorescent Pen - Lihu<\/title>\n<meta name=\"robots\" content=\"index, follow, max-snippet:-1, max-image-preview:large, max-video-preview:-1\" \/>\n<link rel=\"canonical\" href=\"https:\/\/www.lihusl.com\/fr\/produit\/half-flower-multi-color-stationery-gift-fluorescent-pen\/\" \/>\n<meta property=\"og:locale\" content=\"fr_FR\" \/>\n<meta property=\"og:type\" content=\"article\" \/>\n<meta property=\"og:title\" content=\"Half Flower Multi-Color Stationery Gift Fluorescent Pen - Lihu\" \/>\n<meta property=\"og:description\" content=\"Half-flower multi-color highlighter, a must-have for stationery lovers! This unique highlighter features a half-flower design on top, adding a touch of elegance to your study or work space. Available in five vibrant colors &#8211; yellow, pink, green, orange, and blue &hellip; Readmore\" \/>\n<meta property=\"og:url\" content=\"https:\/\/www.lihusl.com\/fr\/produit\/half-flower-multi-color-stationery-gift-fluorescent-pen\/\" \/>\n<meta property=\"og:site_name\" content=\"Lihu\" \/>\n<meta property=\"article:modified_time\" content=\"2026-01-29T16:17:11+00:00\" \/>\n<meta property=\"og:image\" content=\"https:\/\/www.lihusl.com\/wp-content\/uploads\/2024\/06\/1-\u4e3b\u56fe-10.jpg\" \/>\n\t<meta property=\"og:image:width\" content=\"1200\" \/>\n\t<meta property=\"og:image:height\" content=\"1200\" \/>\n\t<meta property=\"og:image:type\" content=\"image\/jpeg\" \/>\n<meta name=\"twitter:card\" content=\"summary_large_image\" \/>\n<meta name=\"twitter:label1\" content=\"Dur\u00e9e de lecture estim\u00e9e\" \/>\n\t<meta name=\"twitter:data1\" content=\"1 minute\" \/>\n<script type=\"application\/ld+json\" class=\"yoast-schema-graph\">{\"@context\":\"https:\\\/\\\/schema.org\",\"@graph\":[{\"@type\":\"WebPage\",\"@id\":\"https:\\\/\\\/www.lihusl.com\\\/product\\\/half-flower-multi-color-stationery-gift-fluorescent-pen\\\/\",\"url\":\"https:\\\/\\\/www.lihusl.com\\\/product\\\/half-flower-multi-color-stationery-gift-fluorescent-pen\\\/\",\"name\":\"Half Flower Multi-Color Stationery Gift Fluorescent Pen - Lihu\",\"isPartOf\":{\"@id\":\"https:\\\/\\\/www.lihusl.com\\\/#website\"},\"primaryImageOfPage\":{\"@id\":\"https:\\\/\\\/www.lihusl.com\\\/product\\\/half-flower-multi-color-stationery-gift-fluorescent-pen\\\/#primaryimage\"},\"image\":{\"@id\":\"https:\\\/\\\/www.lihusl.com\\\/product\\\/half-flower-multi-color-stationery-gift-fluorescent-pen\\\/#primaryimage\"},\"thumbnailUrl\":\"https:\\\/\\\/www.lihusl.com\\\/wp-content\\\/uploads\\\/2024\\\/06\\\/1-\u4e3b\u56fe-10.jpg\",\"datePublished\":\"2024-06-05T03:57:12+00:00\",\"dateModified\":\"2026-01-29T16:17:11+00:00\",\"breadcrumb\":{\"@id\":\"https:\\\/\\\/www.lihusl.com\\\/product\\\/half-flower-multi-color-stationery-gift-fluorescent-pen\\\/#breadcrumb\"},\"inLanguage\":\"fr-FR\",\"potentialAction\":[{\"@type\":\"ReadAction\",\"target\":[\"https:\\\/\\\/www.lihusl.com\\\/product\\\/half-flower-multi-color-stationery-gift-fluorescent-pen\\\/\"]}]},{\"@type\":\"ImageObject\",\"inLanguage\":\"fr-FR\",\"@id\":\"https:\\\/\\\/www.lihusl.com\\\/product\\\/half-flower-multi-color-stationery-gift-fluorescent-pen\\\/#primaryimage\",\"url\":\"https:\\\/\\\/www.lihusl.com\\\/wp-content\\\/uploads\\\/2024\\\/06\\\/1-\u4e3b\u56fe-10.jpg\",\"contentUrl\":\"https:\\\/\\\/www.lihusl.com\\\/wp-content\\\/uploads\\\/2024\\\/06\\\/1-\u4e3b\u56fe-10.jpg\",\"width\":1200,\"height\":1200},{\"@type\":\"BreadcrumbList\",\"@id\":\"https:\\\/\\\/www.lihusl.com\\\/product\\\/half-flower-multi-color-stationery-gift-fluorescent-pen\\\/#breadcrumb\",\"itemListElement\":[{\"@type\":\"ListItem\",\"position\":1,\"name\":\"Home\",\"item\":\"https:\\\/\\\/www.lihusl.com\\\/\"},{\"@type\":\"ListItem\",\"position\":2,\"name\":\"Shop\",\"item\":\"https:\\\/\\\/www.lihusl.com\\\/shop\\\/\"},{\"@type\":\"ListItem\",\"position\":3,\"name\":\"Half Flower Multi-Color Stationery Gift Fluorescent Pen\"}]},{\"@type\":\"WebSite\",\"@id\":\"https:\\\/\\\/www.lihusl.com\\\/#website\",\"url\":\"https:\\\/\\\/www.lihusl.com\\\/\",\"name\":\"Lihu\",\"description\":\"\",\"potentialAction\":[{\"@type\":\"SearchAction\",\"target\":{\"@type\":\"EntryPoint\",\"urlTemplate\":\"https:\\\/\\\/www.lihusl.com\\\/?s={search_term_string}\"},\"query-input\":{\"@type\":\"PropertyValueSpecification\",\"valueRequired\":true,\"valueName\":\"search_term_string\"}}],\"inLanguage\":\"fr-FR\"}]}<\/script>\n<!-- \/ Yoast SEO plugin. -->","yoast_head_json":{"title":"Half Flower Multi-Color Stationery Gift Fluorescent Pen - Lihu","robots":{"index":"index","follow":"follow","max-snippet":"max-snippet:-1","max-image-preview":"max-image-preview:large","max-video-preview":"max-video-preview:-1"},"canonical":"https:\/\/www.lihusl.com\/fr\/produit\/half-flower-multi-color-stationery-gift-fluorescent-pen\/","og_locale":"fr_FR","og_type":"article","og_title":"Half Flower Multi-Color Stationery Gift Fluorescent Pen - Lihu","og_description":"Half-flower multi-color highlighter, a must-have for stationery lovers! This unique highlighter features a half-flower design on top, adding a touch of elegance to your study or work space. Available in five vibrant colors &#8211; yellow, pink, green, orange, and blue &hellip; Readmore","og_url":"https:\/\/www.lihusl.com\/fr\/produit\/half-flower-multi-color-stationery-gift-fluorescent-pen\/","og_site_name":"Lihu","article_modified_time":"2026-01-29T16:17:11+00:00","og_image":[{"width":1200,"height":1200,"url":"https:\/\/www.lihusl.com\/wp-content\/uploads\/2024\/06\/1-\u4e3b\u56fe-10.jpg","type":"image\/jpeg"}],"twitter_card":"summary_large_image","twitter_misc":{"Dur\u00e9e de lecture estim\u00e9e":"1 minute"},"schema":{"@context":"https:\/\/schema.org","@graph":[{"@type":"WebPage","@id":"https:\/\/www.lihusl.com\/product\/half-flower-multi-color-stationery-gift-fluorescent-pen\/","url":"https:\/\/www.lihusl.com\/product\/half-flower-multi-color-stationery-gift-fluorescent-pen\/","name":"Half Flower Multi-Color Stationery Gift Fluorescent Pen - Lihu","isPartOf":{"@id":"https:\/\/www.lihusl.com\/#website"},"primaryImageOfPage":{"@id":"https:\/\/www.lihusl.com\/product\/half-flower-multi-color-stationery-gift-fluorescent-pen\/#primaryimage"},"image":{"@id":"https:\/\/www.lihusl.com\/product\/half-flower-multi-color-stationery-gift-fluorescent-pen\/#primaryimage"},"thumbnailUrl":"https:\/\/www.lihusl.com\/wp-content\/uploads\/2024\/06\/1-\u4e3b\u56fe-10.jpg","datePublished":"2024-06-05T03:57:12+00:00","dateModified":"2026-01-29T16:17:11+00:00","breadcrumb":{"@id":"https:\/\/www.lihusl.com\/product\/half-flower-multi-color-stationery-gift-fluorescent-pen\/#breadcrumb"},"inLanguage":"fr-FR","potentialAction":[{"@type":"ReadAction","target":["https:\/\/www.lihusl.com\/product\/half-flower-multi-color-stationery-gift-fluorescent-pen\/"]}]},{"@type":"ImageObject","inLanguage":"fr-FR","@id":"https:\/\/www.lihusl.com\/product\/half-flower-multi-color-stationery-gift-fluorescent-pen\/#primaryimage","url":"https:\/\/www.lihusl.com\/wp-content\/uploads\/2024\/06\/1-\u4e3b\u56fe-10.jpg","contentUrl":"https:\/\/www.lihusl.com\/wp-content\/uploads\/2024\/06\/1-\u4e3b\u56fe-10.jpg","width":1200,"height":1200},{"@type":"BreadcrumbList","@id":"https:\/\/www.lihusl.com\/product\/half-flower-multi-color-stationery-gift-fluorescent-pen\/#breadcrumb","itemListElement":[{"@type":"ListItem","position":1,"name":"Home","item":"https:\/\/www.lihusl.com\/"},{"@type":"ListItem","position":2,"name":"Shop","item":"https:\/\/www.lihusl.com\/shop\/"},{"@type":"ListItem","position":3,"name":"Half Flower Multi-Color Stationery Gift Fluorescent Pen"}]},{"@type":"WebSite","@id":"https:\/\/www.lihusl.com\/#website","url":"https:\/\/www.lihusl.com\/","name":"Lihu","description":"","potentialAction":[{"@type":"SearchAction","target":{"@type":"EntryPoint","urlTemplate":"https:\/\/www.lihusl.com\/?s={search_term_string}"},"query-input":{"@type":"PropertyValueSpecification","valueRequired":true,"valueName":"search_term_string"}}],"inLanguage":"fr-FR"}]}},"jetpack_sharing_enabled":true,"_links":{"self":[{"href":"https:\/\/www.lihusl.com\/fr\/wp-json\/wp\/v2\/product\/4793","targetHints":{"allow":["GET"]}}],"collection":[{"href":"https:\/\/www.lihusl.com\/fr\/wp-json\/wp\/v2\/product"}],"about":[{"href":"https:\/\/www.lihusl.com\/fr\/wp-json\/wp\/v2\/types\/product"}],"wp:featuredmedia":[{"embeddable":true,"href":"https:\/\/www.lihusl.com\/fr\/wp-json\/wp\/v2\/media\/4798"}],"wp:attachment":[{"href":"https:\/\/www.lihusl.com\/fr\/wp-json\/wp\/v2\/media?parent=4793"}],"wp:term":[{"taxonomy":"product_brand","embeddable":true,"href":"https:\/\/www.lihusl.com\/fr\/wp-json\/wp\/v2\/product_brand?post=4793"},{"taxonomy":"product_cat","embeddable":true,"href":"https:\/\/www.lihusl.com\/fr\/wp-json\/wp\/v2\/product_cat?post=4793"},{"taxonomy":"product_tag","embeddable":true,"href":"https:\/\/www.lihusl.com\/fr\/wp-json\/wp\/v2\/product_tag?post=4793"}],"curies":[{"name":"wp","href":"https:\/\/api.w.org\/{rel}","templated":true}]}}