{"id":4805,"date":"2024-06-05T03:59:09","date_gmt":"2024-06-05T03:59:09","guid":{"rendered":"http:\/\/www.lihusl.com\/?post_type=product&#038;p=4805"},"modified":"2024-06-05T03:59:09","modified_gmt":"2024-06-05T03:59:09","slug":"home-decorations-long-lasting-fresh-scented-candles","status":"publish","type":"product","link":"https:\/\/www.lihusl.com\/fr\/produit\/home-decorations-long-lasting-fresh-scented-candles\/","title":{"rendered":"D\u00e9corations d'int\u00e9rieur Bougies parfum\u00e9es fra\u00eeches et durables"},"content":{"rendered":"<p>D\u00e9couvrez l'ambiance enchanteresse de nos bougies parfum\u00e9es de longue dur\u00e9e pour la d\u00e9coration int\u00e9rieure. Fabriqu\u00e9es \u00e0 partir de cire de haute qualit\u00e9 et impr\u00e9gn\u00e9es de senteurs exquises, ces bougies sont con\u00e7ues pour impr\u00e9gner votre espace d'un parfum apaisant qui dure des heures. Il existe une grande vari\u00e9t\u00e9 de parfums, chacun soigneusement choisi pour s'adapter \u00e0 toute humeur ou occasion. Que vous pr\u00e9f\u00e9riez la bergamote apaisante, les agrumes rafra\u00eechissants ou les baies chaudes, notre gamme a de quoi satisfaire tout le monde. Le design \u00e9l\u00e9gant et le parfum durable de ces bougies parfum\u00e9es garantissent une impression durable, ce qui les rend parfaites pour cr\u00e9er une atmosph\u00e8re chaleureuse, am\u00e9liorer votre d\u00e9coration int\u00e9rieure ou offrir un cadeau attentionn\u00e9. Illuminez votre vie avec du luxe ! personnalisable.<\/p>","protected":false},"excerpt":{"rendered":"<p>Experience the enchanting ambience of our long-lasting fresh home decor scented candles. Made from high-quality wax and infused with exquisite scents, these candles are designed to fill your space with a soothing scent that lasts for hours. There are a &hellip; <a href=\"https:\/\/www.lihusl.com\/fr\/produit\/home-decorations-long-lasting-fresh-scented-candles\/\">En savoir plus<\/a><\/p>","protected":false},"featured_media":4810,"template":"","meta":{"om_disable_all_campaigns":false,"_monsterinsights_skip_tracking":false,"_monsterinsights_sitenote_active":false,"_monsterinsights_sitenote_note":"","_monsterinsights_sitenote_category":0},"product_brand":[],"product_cat":[114],"product_tag":[],"class_list":{"0":"post-4805","1":"product","2":"type-product","3":"status-publish","4":"has-post-thumbnail","6":"product_cat-home-garden","8":"first","9":"instock","10":"taxable","11":"shipping-taxable","12":"purchasable","13":"product-type-simple"},"yoast_head":"<!-- This site is optimized with the Yoast SEO plugin v27.4 - https:\/\/yoast.com\/product\/yoast-seo-wordpress\/ -->\n<title>Home Decorations Long-lasting Fresh Scented Candles - Lihu<\/title>\n<meta name=\"robots\" content=\"index, follow, max-snippet:-1, max-image-preview:large, max-video-preview:-1\" \/>\n<link rel=\"canonical\" href=\"https:\/\/www.lihusl.com\/fr\/produit\/home-decorations-long-lasting-fresh-scented-candles\/\" \/>\n<meta property=\"og:locale\" content=\"fr_FR\" \/>\n<meta property=\"og:type\" content=\"article\" \/>\n<meta property=\"og:title\" content=\"Home Decorations Long-lasting Fresh Scented Candles - Lihu\" \/>\n<meta property=\"og:description\" content=\"Experience the enchanting ambience of our long-lasting fresh home decor scented candles. Made from high-quality wax and infused with exquisite scents, these candles are designed to fill your space with a soothing scent that lasts for hours. There are a &hellip; Readmore\" \/>\n<meta property=\"og:url\" content=\"https:\/\/www.lihusl.com\/fr\/produit\/home-decorations-long-lasting-fresh-scented-candles\/\" \/>\n<meta property=\"og:site_name\" content=\"Lihu\" \/>\n<meta property=\"og:image\" content=\"https:\/\/www.lihusl.com\/wp-content\/uploads\/2024\/06\/1-\u4e3b\u56fe-12.jpg\" \/>\n\t<meta property=\"og:image:width\" content=\"1200\" \/>\n\t<meta property=\"og:image:height\" content=\"1200\" \/>\n\t<meta property=\"og:image:type\" content=\"image\/jpeg\" \/>\n<meta name=\"twitter:card\" content=\"summary_large_image\" \/>\n<meta name=\"twitter:label1\" content=\"Dur\u00e9e de lecture estim\u00e9e\" \/>\n\t<meta name=\"twitter:data1\" content=\"1 minute\" \/>\n<script type=\"application\/ld+json\" class=\"yoast-schema-graph\">{\"@context\":\"https:\\\/\\\/schema.org\",\"@graph\":[{\"@type\":\"WebPage\",\"@id\":\"https:\\\/\\\/www.lihusl.com\\\/product\\\/home-decorations-long-lasting-fresh-scented-candles\\\/\",\"url\":\"https:\\\/\\\/www.lihusl.com\\\/product\\\/home-decorations-long-lasting-fresh-scented-candles\\\/\",\"name\":\"Home Decorations Long-lasting Fresh Scented Candles - Lihu\",\"isPartOf\":{\"@id\":\"https:\\\/\\\/www.lihusl.com\\\/#website\"},\"primaryImageOfPage\":{\"@id\":\"https:\\\/\\\/www.lihusl.com\\\/product\\\/home-decorations-long-lasting-fresh-scented-candles\\\/#primaryimage\"},\"image\":{\"@id\":\"https:\\\/\\\/www.lihusl.com\\\/product\\\/home-decorations-long-lasting-fresh-scented-candles\\\/#primaryimage\"},\"thumbnailUrl\":\"https:\\\/\\\/www.lihusl.com\\\/wp-content\\\/uploads\\\/2024\\\/06\\\/1-\u4e3b\u56fe-12.jpg\",\"datePublished\":\"2024-06-05T03:59:09+00:00\",\"breadcrumb\":{\"@id\":\"https:\\\/\\\/www.lihusl.com\\\/product\\\/home-decorations-long-lasting-fresh-scented-candles\\\/#breadcrumb\"},\"inLanguage\":\"fr-FR\",\"potentialAction\":[{\"@type\":\"ReadAction\",\"target\":[\"https:\\\/\\\/www.lihusl.com\\\/product\\\/home-decorations-long-lasting-fresh-scented-candles\\\/\"]}]},{\"@type\":\"ImageObject\",\"inLanguage\":\"fr-FR\",\"@id\":\"https:\\\/\\\/www.lihusl.com\\\/product\\\/home-decorations-long-lasting-fresh-scented-candles\\\/#primaryimage\",\"url\":\"https:\\\/\\\/www.lihusl.com\\\/wp-content\\\/uploads\\\/2024\\\/06\\\/1-\u4e3b\u56fe-12.jpg\",\"contentUrl\":\"https:\\\/\\\/www.lihusl.com\\\/wp-content\\\/uploads\\\/2024\\\/06\\\/1-\u4e3b\u56fe-12.jpg\",\"width\":1200,\"height\":1200},{\"@type\":\"BreadcrumbList\",\"@id\":\"https:\\\/\\\/www.lihusl.com\\\/product\\\/home-decorations-long-lasting-fresh-scented-candles\\\/#breadcrumb\",\"itemListElement\":[{\"@type\":\"ListItem\",\"position\":1,\"name\":\"Home\",\"item\":\"https:\\\/\\\/www.lihusl.com\\\/\"},{\"@type\":\"ListItem\",\"position\":2,\"name\":\"Shop\",\"item\":\"https:\\\/\\\/www.lihusl.com\\\/shop\\\/\"},{\"@type\":\"ListItem\",\"position\":3,\"name\":\"Home Decorations Long-lasting Fresh Scented Candles\"}]},{\"@type\":\"WebSite\",\"@id\":\"https:\\\/\\\/www.lihusl.com\\\/#website\",\"url\":\"https:\\\/\\\/www.lihusl.com\\\/\",\"name\":\"Lihu\",\"description\":\"\",\"potentialAction\":[{\"@type\":\"SearchAction\",\"target\":{\"@type\":\"EntryPoint\",\"urlTemplate\":\"https:\\\/\\\/www.lihusl.com\\\/?s={search_term_string}\"},\"query-input\":{\"@type\":\"PropertyValueSpecification\",\"valueRequired\":true,\"valueName\":\"search_term_string\"}}],\"inLanguage\":\"fr-FR\"}]}<\/script>\n<!-- \/ Yoast SEO plugin. -->","yoast_head_json":{"title":"Home Decorations Long-lasting Fresh Scented Candles - Lihu","robots":{"index":"index","follow":"follow","max-snippet":"max-snippet:-1","max-image-preview":"max-image-preview:large","max-video-preview":"max-video-preview:-1"},"canonical":"https:\/\/www.lihusl.com\/fr\/produit\/home-decorations-long-lasting-fresh-scented-candles\/","og_locale":"fr_FR","og_type":"article","og_title":"Home Decorations Long-lasting Fresh Scented Candles - Lihu","og_description":"Experience the enchanting ambience of our long-lasting fresh home decor scented candles. Made from high-quality wax and infused with exquisite scents, these candles are designed to fill your space with a soothing scent that lasts for hours. There are a &hellip; Readmore","og_url":"https:\/\/www.lihusl.com\/fr\/produit\/home-decorations-long-lasting-fresh-scented-candles\/","og_site_name":"Lihu","og_image":[{"width":1200,"height":1200,"url":"https:\/\/www.lihusl.com\/wp-content\/uploads\/2024\/06\/1-\u4e3b\u56fe-12.jpg","type":"image\/jpeg"}],"twitter_card":"summary_large_image","twitter_misc":{"Dur\u00e9e de lecture estim\u00e9e":"1 minute"},"schema":{"@context":"https:\/\/schema.org","@graph":[{"@type":"WebPage","@id":"https:\/\/www.lihusl.com\/product\/home-decorations-long-lasting-fresh-scented-candles\/","url":"https:\/\/www.lihusl.com\/product\/home-decorations-long-lasting-fresh-scented-candles\/","name":"Home Decorations Long-lasting Fresh Scented Candles - Lihu","isPartOf":{"@id":"https:\/\/www.lihusl.com\/#website"},"primaryImageOfPage":{"@id":"https:\/\/www.lihusl.com\/product\/home-decorations-long-lasting-fresh-scented-candles\/#primaryimage"},"image":{"@id":"https:\/\/www.lihusl.com\/product\/home-decorations-long-lasting-fresh-scented-candles\/#primaryimage"},"thumbnailUrl":"https:\/\/www.lihusl.com\/wp-content\/uploads\/2024\/06\/1-\u4e3b\u56fe-12.jpg","datePublished":"2024-06-05T03:59:09+00:00","breadcrumb":{"@id":"https:\/\/www.lihusl.com\/product\/home-decorations-long-lasting-fresh-scented-candles\/#breadcrumb"},"inLanguage":"fr-FR","potentialAction":[{"@type":"ReadAction","target":["https:\/\/www.lihusl.com\/product\/home-decorations-long-lasting-fresh-scented-candles\/"]}]},{"@type":"ImageObject","inLanguage":"fr-FR","@id":"https:\/\/www.lihusl.com\/product\/home-decorations-long-lasting-fresh-scented-candles\/#primaryimage","url":"https:\/\/www.lihusl.com\/wp-content\/uploads\/2024\/06\/1-\u4e3b\u56fe-12.jpg","contentUrl":"https:\/\/www.lihusl.com\/wp-content\/uploads\/2024\/06\/1-\u4e3b\u56fe-12.jpg","width":1200,"height":1200},{"@type":"BreadcrumbList","@id":"https:\/\/www.lihusl.com\/product\/home-decorations-long-lasting-fresh-scented-candles\/#breadcrumb","itemListElement":[{"@type":"ListItem","position":1,"name":"Home","item":"https:\/\/www.lihusl.com\/"},{"@type":"ListItem","position":2,"name":"Shop","item":"https:\/\/www.lihusl.com\/shop\/"},{"@type":"ListItem","position":3,"name":"Home Decorations Long-lasting Fresh Scented Candles"}]},{"@type":"WebSite","@id":"https:\/\/www.lihusl.com\/#website","url":"https:\/\/www.lihusl.com\/","name":"Lihu","description":"","potentialAction":[{"@type":"SearchAction","target":{"@type":"EntryPoint","urlTemplate":"https:\/\/www.lihusl.com\/?s={search_term_string}"},"query-input":{"@type":"PropertyValueSpecification","valueRequired":true,"valueName":"search_term_string"}}],"inLanguage":"fr-FR"}]}},"jetpack_sharing_enabled":true,"_links":{"self":[{"href":"https:\/\/www.lihusl.com\/fr\/wp-json\/wp\/v2\/product\/4805","targetHints":{"allow":["GET"]}}],"collection":[{"href":"https:\/\/www.lihusl.com\/fr\/wp-json\/wp\/v2\/product"}],"about":[{"href":"https:\/\/www.lihusl.com\/fr\/wp-json\/wp\/v2\/types\/product"}],"wp:featuredmedia":[{"embeddable":true,"href":"https:\/\/www.lihusl.com\/fr\/wp-json\/wp\/v2\/media\/4810"}],"wp:attachment":[{"href":"https:\/\/www.lihusl.com\/fr\/wp-json\/wp\/v2\/media?parent=4805"}],"wp:term":[{"taxonomy":"product_brand","embeddable":true,"href":"https:\/\/www.lihusl.com\/fr\/wp-json\/wp\/v2\/product_brand?post=4805"},{"taxonomy":"product_cat","embeddable":true,"href":"https:\/\/www.lihusl.com\/fr\/wp-json\/wp\/v2\/product_cat?post=4805"},{"taxonomy":"product_tag","embeddable":true,"href":"https:\/\/www.lihusl.com\/fr\/wp-json\/wp\/v2\/product_tag?post=4805"}],"curies":[{"name":"wp","href":"https:\/\/api.w.org\/{rel}","templated":true}]}}