{"id":4814,"date":"2024-06-05T04:00:47","date_gmt":"2024-06-05T04:00:47","guid":{"rendered":"http:\/\/www.lihusl.com\/?post_type=product&#038;p=4814"},"modified":"2024-06-05T04:00:48","modified_gmt":"2024-06-05T04:00:48","slug":"collapsible-silicone-coffee-cups-for-traveling","status":"publish","type":"product","link":"https:\/\/www.lihusl.com\/fr\/produit\/collapsible-silicone-coffee-cups-for-traveling\/","title":{"rendered":"Tasses \u00e0 caf\u00e9 en silicone pliables pour les voyages"},"content":{"rendered":"<p>Tasses pliables en silicone pour le caf\u00e9 de voyage avec couvercle, Les tasses pliables conviennent aux voyages, au camping, \u00e0 la randonn\u00e9e et \u00e0 la consommation quotidienne. Gr\u00e2ce \u00e0 sa forme pliable et \u00e0 sa l\u00e9g\u00e8ret\u00e9, vous pouvez d\u00e9guster vos boissons chaudes ou froides pr\u00e9f\u00e9r\u00e9es n'importe o\u00f9, n'importe quand. Cette tasse \u00e0 caf\u00e9 de voyage est fabriqu\u00e9e en silicone de qualit\u00e9 alimentaire. Ce petit gobelet de camping est facile \u00e0 nettoyer et peut \u00eatre recycl\u00e9. L'utilisation d'une tasse \u00e0 caf\u00e9 r\u00e9utilisable permet de r\u00e9duire les d\u00e9chets plastiques inutiles et de prot\u00e9ger la terre de la pollution plastique. Le couvercle est muni d'un trou pour boire, il n'est donc pas n\u00e9cessaire d'enlever le couvercle lorsque vous buvez. Avec une base en silicone robuste plus large, la friction est plus forte.<\/p>","protected":false},"excerpt":{"rendered":"<p>Silicone Travel Coffee Foldable Camping Collapsible Cups with Lid, Collapsible cup is suitable for traveling, camping, hiking, and daily drinking. For its collapsible and lightweight, you can enjoy your favorite hot or cold beverages anywhere, anytime. This travel coffee cup &hellip; <a href=\"https:\/\/www.lihusl.com\/fr\/produit\/collapsible-silicone-coffee-cups-for-traveling\/\">En savoir plus<\/a><\/p>","protected":false},"featured_media":4815,"template":"","meta":{"om_disable_all_campaigns":false,"_monsterinsights_skip_tracking":false,"_monsterinsights_sitenote_active":false,"_monsterinsights_sitenote_note":"","_monsterinsights_sitenote_category":0},"product_brand":[],"product_cat":[109],"product_tag":[],"class_list":{"0":"post-4814","1":"product","2":"type-product","3":"status-publish","4":"has-post-thumbnail","6":"product_cat-drinkware","8":"first","9":"instock","10":"taxable","11":"shipping-taxable","12":"purchasable","13":"product-type-simple"},"yoast_head":"<!-- This site is optimized with the Yoast SEO plugin v27.4 - https:\/\/yoast.com\/product\/yoast-seo-wordpress\/ -->\n<title>Collapsible Silicone Coffee Cups for Traveling - Lihu<\/title>\n<meta name=\"robots\" content=\"index, follow, max-snippet:-1, max-image-preview:large, max-video-preview:-1\" \/>\n<link rel=\"canonical\" href=\"https:\/\/www.lihusl.com\/fr\/produit\/collapsible-silicone-coffee-cups-for-traveling\/\" \/>\n<meta property=\"og:locale\" content=\"fr_FR\" \/>\n<meta property=\"og:type\" content=\"article\" \/>\n<meta property=\"og:title\" content=\"Collapsible Silicone Coffee Cups for Traveling - Lihu\" \/>\n<meta property=\"og:description\" content=\"Silicone Travel Coffee Foldable Camping Collapsible Cups with Lid, Collapsible cup is suitable for traveling, camping, hiking, and daily drinking. For its collapsible and lightweight, you can enjoy your favorite hot or cold beverages anywhere, anytime. This travel coffee cup &hellip; Readmore\" \/>\n<meta property=\"og:url\" content=\"https:\/\/www.lihusl.com\/fr\/produit\/collapsible-silicone-coffee-cups-for-traveling\/\" \/>\n<meta property=\"og:site_name\" content=\"Lihu\" \/>\n<meta property=\"article:modified_time\" content=\"2024-06-05T04:00:48+00:00\" \/>\n<meta property=\"og:image\" content=\"https:\/\/www.lihusl.com\/wp-content\/uploads\/2024\/06\/1-\u4e3b\u56fe-13.jpg\" \/>\n\t<meta property=\"og:image:width\" content=\"1200\" \/>\n\t<meta property=\"og:image:height\" content=\"1200\" \/>\n\t<meta property=\"og:image:type\" content=\"image\/jpeg\" \/>\n<meta name=\"twitter:card\" content=\"summary_large_image\" \/>\n<meta name=\"twitter:label1\" content=\"Dur\u00e9e de lecture estim\u00e9e\" \/>\n\t<meta name=\"twitter:data1\" content=\"1 minute\" \/>\n<script type=\"application\/ld+json\" class=\"yoast-schema-graph\">{\"@context\":\"https:\\\/\\\/schema.org\",\"@graph\":[{\"@type\":\"WebPage\",\"@id\":\"https:\\\/\\\/www.lihusl.com\\\/product\\\/collapsible-silicone-coffee-cups-for-traveling\\\/\",\"url\":\"https:\\\/\\\/www.lihusl.com\\\/product\\\/collapsible-silicone-coffee-cups-for-traveling\\\/\",\"name\":\"Collapsible Silicone Coffee Cups for Traveling - Lihu\",\"isPartOf\":{\"@id\":\"https:\\\/\\\/www.lihusl.com\\\/#website\"},\"primaryImageOfPage\":{\"@id\":\"https:\\\/\\\/www.lihusl.com\\\/product\\\/collapsible-silicone-coffee-cups-for-traveling\\\/#primaryimage\"},\"image\":{\"@id\":\"https:\\\/\\\/www.lihusl.com\\\/product\\\/collapsible-silicone-coffee-cups-for-traveling\\\/#primaryimage\"},\"thumbnailUrl\":\"https:\\\/\\\/www.lihusl.com\\\/wp-content\\\/uploads\\\/2024\\\/06\\\/1-\u4e3b\u56fe-13.jpg\",\"datePublished\":\"2024-06-05T04:00:47+00:00\",\"dateModified\":\"2024-06-05T04:00:48+00:00\",\"breadcrumb\":{\"@id\":\"https:\\\/\\\/www.lihusl.com\\\/product\\\/collapsible-silicone-coffee-cups-for-traveling\\\/#breadcrumb\"},\"inLanguage\":\"fr-FR\",\"potentialAction\":[{\"@type\":\"ReadAction\",\"target\":[\"https:\\\/\\\/www.lihusl.com\\\/product\\\/collapsible-silicone-coffee-cups-for-traveling\\\/\"]}]},{\"@type\":\"ImageObject\",\"inLanguage\":\"fr-FR\",\"@id\":\"https:\\\/\\\/www.lihusl.com\\\/product\\\/collapsible-silicone-coffee-cups-for-traveling\\\/#primaryimage\",\"url\":\"https:\\\/\\\/www.lihusl.com\\\/wp-content\\\/uploads\\\/2024\\\/06\\\/1-\u4e3b\u56fe-13.jpg\",\"contentUrl\":\"https:\\\/\\\/www.lihusl.com\\\/wp-content\\\/uploads\\\/2024\\\/06\\\/1-\u4e3b\u56fe-13.jpg\",\"width\":1200,\"height\":1200},{\"@type\":\"BreadcrumbList\",\"@id\":\"https:\\\/\\\/www.lihusl.com\\\/product\\\/collapsible-silicone-coffee-cups-for-traveling\\\/#breadcrumb\",\"itemListElement\":[{\"@type\":\"ListItem\",\"position\":1,\"name\":\"Home\",\"item\":\"https:\\\/\\\/www.lihusl.com\\\/\"},{\"@type\":\"ListItem\",\"position\":2,\"name\":\"Shop\",\"item\":\"https:\\\/\\\/www.lihusl.com\\\/shop\\\/\"},{\"@type\":\"ListItem\",\"position\":3,\"name\":\"Collapsible Silicone Coffee Cups for Traveling\"}]},{\"@type\":\"WebSite\",\"@id\":\"https:\\\/\\\/www.lihusl.com\\\/#website\",\"url\":\"https:\\\/\\\/www.lihusl.com\\\/\",\"name\":\"Lihu\",\"description\":\"\",\"potentialAction\":[{\"@type\":\"SearchAction\",\"target\":{\"@type\":\"EntryPoint\",\"urlTemplate\":\"https:\\\/\\\/www.lihusl.com\\\/?s={search_term_string}\"},\"query-input\":{\"@type\":\"PropertyValueSpecification\",\"valueRequired\":true,\"valueName\":\"search_term_string\"}}],\"inLanguage\":\"fr-FR\"}]}<\/script>\n<!-- \/ Yoast SEO plugin. -->","yoast_head_json":{"title":"Collapsible Silicone Coffee Cups for Traveling - Lihu","robots":{"index":"index","follow":"follow","max-snippet":"max-snippet:-1","max-image-preview":"max-image-preview:large","max-video-preview":"max-video-preview:-1"},"canonical":"https:\/\/www.lihusl.com\/fr\/produit\/collapsible-silicone-coffee-cups-for-traveling\/","og_locale":"fr_FR","og_type":"article","og_title":"Collapsible Silicone Coffee Cups for Traveling - Lihu","og_description":"Silicone Travel Coffee Foldable Camping Collapsible Cups with Lid, Collapsible cup is suitable for traveling, camping, hiking, and daily drinking. For its collapsible and lightweight, you can enjoy your favorite hot or cold beverages anywhere, anytime. This travel coffee cup &hellip; Readmore","og_url":"https:\/\/www.lihusl.com\/fr\/produit\/collapsible-silicone-coffee-cups-for-traveling\/","og_site_name":"Lihu","article_modified_time":"2024-06-05T04:00:48+00:00","og_image":[{"width":1200,"height":1200,"url":"https:\/\/www.lihusl.com\/wp-content\/uploads\/2024\/06\/1-\u4e3b\u56fe-13.jpg","type":"image\/jpeg"}],"twitter_card":"summary_large_image","twitter_misc":{"Dur\u00e9e de lecture estim\u00e9e":"1 minute"},"schema":{"@context":"https:\/\/schema.org","@graph":[{"@type":"WebPage","@id":"https:\/\/www.lihusl.com\/product\/collapsible-silicone-coffee-cups-for-traveling\/","url":"https:\/\/www.lihusl.com\/product\/collapsible-silicone-coffee-cups-for-traveling\/","name":"Collapsible Silicone Coffee Cups for Traveling - Lihu","isPartOf":{"@id":"https:\/\/www.lihusl.com\/#website"},"primaryImageOfPage":{"@id":"https:\/\/www.lihusl.com\/product\/collapsible-silicone-coffee-cups-for-traveling\/#primaryimage"},"image":{"@id":"https:\/\/www.lihusl.com\/product\/collapsible-silicone-coffee-cups-for-traveling\/#primaryimage"},"thumbnailUrl":"https:\/\/www.lihusl.com\/wp-content\/uploads\/2024\/06\/1-\u4e3b\u56fe-13.jpg","datePublished":"2024-06-05T04:00:47+00:00","dateModified":"2024-06-05T04:00:48+00:00","breadcrumb":{"@id":"https:\/\/www.lihusl.com\/product\/collapsible-silicone-coffee-cups-for-traveling\/#breadcrumb"},"inLanguage":"fr-FR","potentialAction":[{"@type":"ReadAction","target":["https:\/\/www.lihusl.com\/product\/collapsible-silicone-coffee-cups-for-traveling\/"]}]},{"@type":"ImageObject","inLanguage":"fr-FR","@id":"https:\/\/www.lihusl.com\/product\/collapsible-silicone-coffee-cups-for-traveling\/#primaryimage","url":"https:\/\/www.lihusl.com\/wp-content\/uploads\/2024\/06\/1-\u4e3b\u56fe-13.jpg","contentUrl":"https:\/\/www.lihusl.com\/wp-content\/uploads\/2024\/06\/1-\u4e3b\u56fe-13.jpg","width":1200,"height":1200},{"@type":"BreadcrumbList","@id":"https:\/\/www.lihusl.com\/product\/collapsible-silicone-coffee-cups-for-traveling\/#breadcrumb","itemListElement":[{"@type":"ListItem","position":1,"name":"Home","item":"https:\/\/www.lihusl.com\/"},{"@type":"ListItem","position":2,"name":"Shop","item":"https:\/\/www.lihusl.com\/shop\/"},{"@type":"ListItem","position":3,"name":"Collapsible Silicone Coffee Cups for Traveling"}]},{"@type":"WebSite","@id":"https:\/\/www.lihusl.com\/#website","url":"https:\/\/www.lihusl.com\/","name":"Lihu","description":"","potentialAction":[{"@type":"SearchAction","target":{"@type":"EntryPoint","urlTemplate":"https:\/\/www.lihusl.com\/?s={search_term_string}"},"query-input":{"@type":"PropertyValueSpecification","valueRequired":true,"valueName":"search_term_string"}}],"inLanguage":"fr-FR"}]}},"jetpack_sharing_enabled":true,"_links":{"self":[{"href":"https:\/\/www.lihusl.com\/fr\/wp-json\/wp\/v2\/product\/4814","targetHints":{"allow":["GET"]}}],"collection":[{"href":"https:\/\/www.lihusl.com\/fr\/wp-json\/wp\/v2\/product"}],"about":[{"href":"https:\/\/www.lihusl.com\/fr\/wp-json\/wp\/v2\/types\/product"}],"wp:featuredmedia":[{"embeddable":true,"href":"https:\/\/www.lihusl.com\/fr\/wp-json\/wp\/v2\/media\/4815"}],"wp:attachment":[{"href":"https:\/\/www.lihusl.com\/fr\/wp-json\/wp\/v2\/media?parent=4814"}],"wp:term":[{"taxonomy":"product_brand","embeddable":true,"href":"https:\/\/www.lihusl.com\/fr\/wp-json\/wp\/v2\/product_brand?post=4814"},{"taxonomy":"product_cat","embeddable":true,"href":"https:\/\/www.lihusl.com\/fr\/wp-json\/wp\/v2\/product_cat?post=4814"},{"taxonomy":"product_tag","embeddable":true,"href":"https:\/\/www.lihusl.com\/fr\/wp-json\/wp\/v2\/product_tag?post=4814"}],"curies":[{"name":"wp","href":"https:\/\/api.w.org\/{rel}","templated":true}]}}