{"id":4827,"date":"2024-06-05T04:03:45","date_gmt":"2024-06-05T04:03:45","guid":{"rendered":"http:\/\/www.lihusl.com\/?post_type=product&#038;p=4827"},"modified":"2026-02-02T17:08:54","modified_gmt":"2026-02-02T09:08:54","slug":"mesh-beach-cooler-clear-girls-summer-tote-bag","status":"publish","type":"product","link":"https:\/\/www.lihusl.com\/fr\/produit\/mesh-beach-cooler-clear-girls-summer-tote-bag\/","title":{"rendered":"Mesh Beach Cooler Clear Girls Summer Tote Bag (Sac fourre-tout d'\u00e9t\u00e9 pour filles)"},"content":{"rendered":"<p>Sac de plage, sac de plage en maille avec glaci\u00e8re, compartiment pour les femmes, essentiel pour les vacances \u00e0 la plage. Fabriqu\u00e9 avec un mat\u00e9riau en maille solide et l\u00e9ger qui ne se cassera pas et ne se d\u00e9chirera pas facilement lors d'une utilisation normale ; nous avons utilis\u00e9 le meilleur tissu de sa cat\u00e9gorie ; il comprend une section suppl\u00e9mentaire de sac isotherme avec une doublure souple facile \u00e0 nettoyer, parfaite pour garder vos aliments et vos boissons au frais. L'attribut de ce sac isotherme pour pique-nique fait de ce sac un must pour tous les parents. Il est livr\u00e9 avec des bretelles r\u00e9glables d\u00e9tachables pour plus de confort et s'adapte facilement \u00e0 tous les types de personnes. En construction avec des poign\u00e9es rembourr\u00e9es et renforc\u00e9es pour le confort et une chute d'\u00e9paule, ce sac fourre-tout est parfait pour la plage, la croisi\u00e8re, la piscine, les parcs, les pique-niques, les barbecues, le camping, les voyages en voiture, les vacances, les festivals, le sac fourre-tout de voyage. Personnalisable.<\/p>","protected":false},"excerpt":{"rendered":"<p>Beach Bag, Mesh Beach Bag with Cooler, Compartment for Women Beach Vacation Essentials. Made with strong lightweight mesh material that won\u2019t break or tear easily from normal use and wear; we used the best in class fabric; Featuring an additional &hellip; <a href=\"https:\/\/www.lihusl.com\/fr\/produit\/mesh-beach-cooler-clear-girls-summer-tote-bag\/\">En savoir plus<\/a><\/p>","protected":false},"featured_media":4832,"template":"","meta":{"om_disable_all_campaigns":false,"_monsterinsights_skip_tracking":false,"_monsterinsights_sitenote_active":false,"_monsterinsights_sitenote_note":"","_monsterinsights_sitenote_category":0},"product_brand":[],"product_cat":[115],"product_tag":[],"class_list":{"0":"post-4827","1":"product","2":"type-product","3":"status-publish","4":"has-post-thumbnail","6":"product_cat-bags-luggage","8":"first","9":"instock","10":"taxable","11":"shipping-taxable","12":"purchasable","13":"product-type-simple"},"yoast_head":"<!-- This site is optimized with the Yoast SEO plugin v27.4 - https:\/\/yoast.com\/product\/yoast-seo-wordpress\/ -->\n<title>Mesh Beach Cooler Clear Girls Summer Tote Bag - Lihu<\/title>\n<meta name=\"robots\" content=\"index, follow, max-snippet:-1, max-image-preview:large, max-video-preview:-1\" \/>\n<link rel=\"canonical\" href=\"https:\/\/www.lihusl.com\/fr\/produit\/mesh-beach-cooler-clear-girls-summer-tote-bag\/\" \/>\n<meta property=\"og:locale\" content=\"fr_FR\" \/>\n<meta property=\"og:type\" content=\"article\" \/>\n<meta property=\"og:title\" content=\"Mesh Beach Cooler Clear Girls Summer Tote Bag - Lihu\" \/>\n<meta property=\"og:description\" content=\"Beach Bag, Mesh Beach Bag with Cooler, Compartment for Women Beach Vacation Essentials. Made with strong lightweight mesh material that won\u2019t break or tear easily from normal use and wear; we used the best in class fabric; Featuring an additional &hellip; Readmore\" \/>\n<meta property=\"og:url\" content=\"https:\/\/www.lihusl.com\/fr\/produit\/mesh-beach-cooler-clear-girls-summer-tote-bag\/\" \/>\n<meta property=\"og:site_name\" content=\"Lihu\" \/>\n<meta property=\"article:modified_time\" content=\"2026-02-02T09:08:54+00:00\" \/>\n<meta property=\"og:image\" content=\"https:\/\/www.lihusl.com\/wp-content\/uploads\/2024\/06\/1-\u4e3b\u56fe-16.jpg\" \/>\n\t<meta property=\"og:image:width\" content=\"1200\" \/>\n\t<meta property=\"og:image:height\" content=\"1200\" \/>\n\t<meta property=\"og:image:type\" content=\"image\/jpeg\" \/>\n<meta name=\"twitter:card\" content=\"summary_large_image\" \/>\n<meta name=\"twitter:label1\" content=\"Dur\u00e9e de lecture estim\u00e9e\" \/>\n\t<meta name=\"twitter:data1\" content=\"1 minute\" \/>\n<script type=\"application\/ld+json\" class=\"yoast-schema-graph\">{\"@context\":\"https:\\\/\\\/schema.org\",\"@graph\":[{\"@type\":\"WebPage\",\"@id\":\"https:\\\/\\\/www.lihusl.com\\\/product\\\/mesh-beach-cooler-clear-girls-summer-tote-bag\\\/\",\"url\":\"https:\\\/\\\/www.lihusl.com\\\/product\\\/mesh-beach-cooler-clear-girls-summer-tote-bag\\\/\",\"name\":\"Mesh Beach Cooler Clear Girls Summer Tote Bag - Lihu\",\"isPartOf\":{\"@id\":\"https:\\\/\\\/www.lihusl.com\\\/#website\"},\"primaryImageOfPage\":{\"@id\":\"https:\\\/\\\/www.lihusl.com\\\/product\\\/mesh-beach-cooler-clear-girls-summer-tote-bag\\\/#primaryimage\"},\"image\":{\"@id\":\"https:\\\/\\\/www.lihusl.com\\\/product\\\/mesh-beach-cooler-clear-girls-summer-tote-bag\\\/#primaryimage\"},\"thumbnailUrl\":\"https:\\\/\\\/www.lihusl.com\\\/wp-content\\\/uploads\\\/2024\\\/06\\\/1-\u4e3b\u56fe-16.jpg\",\"datePublished\":\"2024-06-05T04:03:45+00:00\",\"dateModified\":\"2026-02-02T09:08:54+00:00\",\"breadcrumb\":{\"@id\":\"https:\\\/\\\/www.lihusl.com\\\/product\\\/mesh-beach-cooler-clear-girls-summer-tote-bag\\\/#breadcrumb\"},\"inLanguage\":\"fr-FR\",\"potentialAction\":[{\"@type\":\"ReadAction\",\"target\":[\"https:\\\/\\\/www.lihusl.com\\\/product\\\/mesh-beach-cooler-clear-girls-summer-tote-bag\\\/\"]}]},{\"@type\":\"ImageObject\",\"inLanguage\":\"fr-FR\",\"@id\":\"https:\\\/\\\/www.lihusl.com\\\/product\\\/mesh-beach-cooler-clear-girls-summer-tote-bag\\\/#primaryimage\",\"url\":\"https:\\\/\\\/www.lihusl.com\\\/wp-content\\\/uploads\\\/2024\\\/06\\\/1-\u4e3b\u56fe-16.jpg\",\"contentUrl\":\"https:\\\/\\\/www.lihusl.com\\\/wp-content\\\/uploads\\\/2024\\\/06\\\/1-\u4e3b\u56fe-16.jpg\",\"width\":1200,\"height\":1200},{\"@type\":\"BreadcrumbList\",\"@id\":\"https:\\\/\\\/www.lihusl.com\\\/product\\\/mesh-beach-cooler-clear-girls-summer-tote-bag\\\/#breadcrumb\",\"itemListElement\":[{\"@type\":\"ListItem\",\"position\":1,\"name\":\"Home\",\"item\":\"https:\\\/\\\/www.lihusl.com\\\/\"},{\"@type\":\"ListItem\",\"position\":2,\"name\":\"Shop\",\"item\":\"https:\\\/\\\/www.lihusl.com\\\/shop\\\/\"},{\"@type\":\"ListItem\",\"position\":3,\"name\":\"Mesh Beach Cooler Clear Girls Summer Tote Bag\"}]},{\"@type\":\"WebSite\",\"@id\":\"https:\\\/\\\/www.lihusl.com\\\/#website\",\"url\":\"https:\\\/\\\/www.lihusl.com\\\/\",\"name\":\"Lihu\",\"description\":\"\",\"potentialAction\":[{\"@type\":\"SearchAction\",\"target\":{\"@type\":\"EntryPoint\",\"urlTemplate\":\"https:\\\/\\\/www.lihusl.com\\\/?s={search_term_string}\"},\"query-input\":{\"@type\":\"PropertyValueSpecification\",\"valueRequired\":true,\"valueName\":\"search_term_string\"}}],\"inLanguage\":\"fr-FR\"}]}<\/script>\n<!-- \/ Yoast SEO plugin. -->","yoast_head_json":{"title":"Mesh Beach Cooler Clear Girls Summer Tote Bag - Lihu","robots":{"index":"index","follow":"follow","max-snippet":"max-snippet:-1","max-image-preview":"max-image-preview:large","max-video-preview":"max-video-preview:-1"},"canonical":"https:\/\/www.lihusl.com\/fr\/produit\/mesh-beach-cooler-clear-girls-summer-tote-bag\/","og_locale":"fr_FR","og_type":"article","og_title":"Mesh Beach Cooler Clear Girls Summer Tote Bag - Lihu","og_description":"Beach Bag, Mesh Beach Bag with Cooler, Compartment for Women Beach Vacation Essentials. Made with strong lightweight mesh material that won\u2019t break or tear easily from normal use and wear; we used the best in class fabric; Featuring an additional &hellip; Readmore","og_url":"https:\/\/www.lihusl.com\/fr\/produit\/mesh-beach-cooler-clear-girls-summer-tote-bag\/","og_site_name":"Lihu","article_modified_time":"2026-02-02T09:08:54+00:00","og_image":[{"width":1200,"height":1200,"url":"https:\/\/www.lihusl.com\/wp-content\/uploads\/2024\/06\/1-\u4e3b\u56fe-16.jpg","type":"image\/jpeg"}],"twitter_card":"summary_large_image","twitter_misc":{"Dur\u00e9e de lecture estim\u00e9e":"1 minute"},"schema":{"@context":"https:\/\/schema.org","@graph":[{"@type":"WebPage","@id":"https:\/\/www.lihusl.com\/product\/mesh-beach-cooler-clear-girls-summer-tote-bag\/","url":"https:\/\/www.lihusl.com\/product\/mesh-beach-cooler-clear-girls-summer-tote-bag\/","name":"Mesh Beach Cooler Clear Girls Summer Tote Bag - Lihu","isPartOf":{"@id":"https:\/\/www.lihusl.com\/#website"},"primaryImageOfPage":{"@id":"https:\/\/www.lihusl.com\/product\/mesh-beach-cooler-clear-girls-summer-tote-bag\/#primaryimage"},"image":{"@id":"https:\/\/www.lihusl.com\/product\/mesh-beach-cooler-clear-girls-summer-tote-bag\/#primaryimage"},"thumbnailUrl":"https:\/\/www.lihusl.com\/wp-content\/uploads\/2024\/06\/1-\u4e3b\u56fe-16.jpg","datePublished":"2024-06-05T04:03:45+00:00","dateModified":"2026-02-02T09:08:54+00:00","breadcrumb":{"@id":"https:\/\/www.lihusl.com\/product\/mesh-beach-cooler-clear-girls-summer-tote-bag\/#breadcrumb"},"inLanguage":"fr-FR","potentialAction":[{"@type":"ReadAction","target":["https:\/\/www.lihusl.com\/product\/mesh-beach-cooler-clear-girls-summer-tote-bag\/"]}]},{"@type":"ImageObject","inLanguage":"fr-FR","@id":"https:\/\/www.lihusl.com\/product\/mesh-beach-cooler-clear-girls-summer-tote-bag\/#primaryimage","url":"https:\/\/www.lihusl.com\/wp-content\/uploads\/2024\/06\/1-\u4e3b\u56fe-16.jpg","contentUrl":"https:\/\/www.lihusl.com\/wp-content\/uploads\/2024\/06\/1-\u4e3b\u56fe-16.jpg","width":1200,"height":1200},{"@type":"BreadcrumbList","@id":"https:\/\/www.lihusl.com\/product\/mesh-beach-cooler-clear-girls-summer-tote-bag\/#breadcrumb","itemListElement":[{"@type":"ListItem","position":1,"name":"Home","item":"https:\/\/www.lihusl.com\/"},{"@type":"ListItem","position":2,"name":"Shop","item":"https:\/\/www.lihusl.com\/shop\/"},{"@type":"ListItem","position":3,"name":"Mesh Beach Cooler Clear Girls Summer Tote Bag"}]},{"@type":"WebSite","@id":"https:\/\/www.lihusl.com\/#website","url":"https:\/\/www.lihusl.com\/","name":"Lihu","description":"","potentialAction":[{"@type":"SearchAction","target":{"@type":"EntryPoint","urlTemplate":"https:\/\/www.lihusl.com\/?s={search_term_string}"},"query-input":{"@type":"PropertyValueSpecification","valueRequired":true,"valueName":"search_term_string"}}],"inLanguage":"fr-FR"}]}},"jetpack_sharing_enabled":true,"_links":{"self":[{"href":"https:\/\/www.lihusl.com\/fr\/wp-json\/wp\/v2\/product\/4827","targetHints":{"allow":["GET"]}}],"collection":[{"href":"https:\/\/www.lihusl.com\/fr\/wp-json\/wp\/v2\/product"}],"about":[{"href":"https:\/\/www.lihusl.com\/fr\/wp-json\/wp\/v2\/types\/product"}],"wp:featuredmedia":[{"embeddable":true,"href":"https:\/\/www.lihusl.com\/fr\/wp-json\/wp\/v2\/media\/4832"}],"wp:attachment":[{"href":"https:\/\/www.lihusl.com\/fr\/wp-json\/wp\/v2\/media?parent=4827"}],"wp:term":[{"taxonomy":"product_brand","embeddable":true,"href":"https:\/\/www.lihusl.com\/fr\/wp-json\/wp\/v2\/product_brand?post=4827"},{"taxonomy":"product_cat","embeddable":true,"href":"https:\/\/www.lihusl.com\/fr\/wp-json\/wp\/v2\/product_cat?post=4827"},{"taxonomy":"product_tag","embeddable":true,"href":"https:\/\/www.lihusl.com\/fr\/wp-json\/wp\/v2\/product_tag?post=4827"}],"curies":[{"name":"wp","href":"https:\/\/api.w.org\/{rel}","templated":true}]}}