{"id":4843,"date":"2024-06-05T04:05:42","date_gmt":"2024-06-05T04:05:42","guid":{"rendered":"http:\/\/www.lihusl.com\/?post_type=product&#038;p=4843"},"modified":"2026-02-02T17:11:55","modified_gmt":"2026-02-02T09:11:55","slug":"wine-tote-bag-with-cooler-compartment-and-picnic-sets","status":"publish","type":"product","link":"https:\/\/www.lihusl.com\/fr\/produit\/wine-tote-bag-with-cooler-compartment-and-picnic-sets\/","title":{"rendered":"Sac fourre-tout pour le vin avec compartiment r\u00e9frig\u00e9rant et sets de pique-nique"},"content":{"rendered":"<p>Sac \u00e0 vin avec glaci\u00e8re et set de pique-nique avec couverts, comprend 2 verres \u00e0 vin en plastique, 1 tire-bouchon en acier, 1 bouchon de bouteille et 1 serviette, garde deux bouteilles ou canettes assorties au frais pendant plusieurs jours, veuillez noter que les vins sur les photos sont uniquement \u00e0 des fins de pr\u00e9sentation et ne sont pas inclus dans cette glaci\u00e8re, le sac est livr\u00e9 avec une bandouli\u00e8re r\u00e9glable pour un transport facile et une portabilit\u00e9 ultime, le mat\u00e9riau de ce sac \u00e0 vin est le nylon Oxford, solide et durable, ce qui le rend parfait pour les pique-niques en plein air, les voyages \u00e0 la plage, ou les escapades romantiques. Le tissu Oxford en nylon durable est un gage de long\u00e9vit\u00e9. Ce sac \u00e0 vin avec glaci\u00e8re et set de pique-nique n'est pas seulement pratique mais aussi \u00e9l\u00e9gant, vous permettant de d\u00e9guster vos boissons pr\u00e9f\u00e9r\u00e9es dans n'importe quel environnement avec facilit\u00e9. La personnalisation est possible.<\/p>","protected":false},"excerpt":{"rendered":"<p>Wine tote with cooler and picnic set carries cutlery, includes 2 plastic wine glasses, 1 steel corkscrew, 1 bottle stopper and 1 napkin, keeps two bottles or assorted cans cool for many days hours, please note that the wines in &hellip; <a href=\"https:\/\/www.lihusl.com\/fr\/produit\/wine-tote-bag-with-cooler-compartment-and-picnic-sets\/\">En savoir plus<\/a><\/p>","protected":false},"featured_media":4847,"template":"","meta":{"om_disable_all_campaigns":false,"_monsterinsights_skip_tracking":false,"_monsterinsights_sitenote_active":false,"_monsterinsights_sitenote_note":"","_monsterinsights_sitenote_category":0},"product_brand":[],"product_cat":[115],"product_tag":[],"class_list":{"0":"post-4843","1":"product","2":"type-product","3":"status-publish","4":"has-post-thumbnail","6":"product_cat-bags-luggage","8":"first","9":"instock","10":"taxable","11":"shipping-taxable","12":"purchasable","13":"product-type-simple"},"yoast_head":"<!-- This site is optimized with the Yoast SEO plugin v27.4 - https:\/\/yoast.com\/product\/yoast-seo-wordpress\/ -->\n<title>Wine Tote Bag with Cooler Compartment And Picnic Sets - Lihu<\/title>\n<meta name=\"robots\" content=\"index, follow, max-snippet:-1, max-image-preview:large, max-video-preview:-1\" \/>\n<link rel=\"canonical\" href=\"https:\/\/www.lihusl.com\/fr\/produit\/wine-tote-bag-with-cooler-compartment-and-picnic-sets\/\" \/>\n<meta property=\"og:locale\" content=\"fr_FR\" \/>\n<meta property=\"og:type\" content=\"article\" \/>\n<meta property=\"og:title\" content=\"Wine Tote Bag with Cooler Compartment And Picnic Sets - Lihu\" \/>\n<meta property=\"og:description\" content=\"Wine tote with cooler and picnic set carries cutlery, includes 2 plastic wine glasses, 1 steel corkscrew, 1 bottle stopper and 1 napkin, keeps two bottles or assorted cans cool for many days hours, please note that the wines in &hellip; Readmore\" \/>\n<meta property=\"og:url\" content=\"https:\/\/www.lihusl.com\/fr\/produit\/wine-tote-bag-with-cooler-compartment-and-picnic-sets\/\" \/>\n<meta property=\"og:site_name\" content=\"Lihu\" \/>\n<meta property=\"article:modified_time\" content=\"2026-02-02T09:11:55+00:00\" \/>\n<meta property=\"og:image\" content=\"https:\/\/www.lihusl.com\/wp-content\/uploads\/2024\/06\/1-\u4e3b\u56fe-18.jpg\" \/>\n\t<meta property=\"og:image:width\" content=\"1200\" \/>\n\t<meta property=\"og:image:height\" content=\"1200\" \/>\n\t<meta property=\"og:image:type\" content=\"image\/jpeg\" \/>\n<meta name=\"twitter:card\" content=\"summary_large_image\" \/>\n<meta name=\"twitter:label1\" content=\"Dur\u00e9e de lecture estim\u00e9e\" \/>\n\t<meta name=\"twitter:data1\" content=\"1 minute\" \/>\n<script type=\"application\/ld+json\" class=\"yoast-schema-graph\">{\"@context\":\"https:\\\/\\\/schema.org\",\"@graph\":[{\"@type\":\"WebPage\",\"@id\":\"https:\\\/\\\/www.lihusl.com\\\/product\\\/wine-tote-bag-with-cooler-compartment-and-picnic-sets\\\/\",\"url\":\"https:\\\/\\\/www.lihusl.com\\\/product\\\/wine-tote-bag-with-cooler-compartment-and-picnic-sets\\\/\",\"name\":\"Wine Tote Bag with Cooler Compartment And Picnic Sets - Lihu\",\"isPartOf\":{\"@id\":\"https:\\\/\\\/www.lihusl.com\\\/#website\"},\"primaryImageOfPage\":{\"@id\":\"https:\\\/\\\/www.lihusl.com\\\/product\\\/wine-tote-bag-with-cooler-compartment-and-picnic-sets\\\/#primaryimage\"},\"image\":{\"@id\":\"https:\\\/\\\/www.lihusl.com\\\/product\\\/wine-tote-bag-with-cooler-compartment-and-picnic-sets\\\/#primaryimage\"},\"thumbnailUrl\":\"https:\\\/\\\/www.lihusl.com\\\/wp-content\\\/uploads\\\/2024\\\/06\\\/1-\u4e3b\u56fe-18.jpg\",\"datePublished\":\"2024-06-05T04:05:42+00:00\",\"dateModified\":\"2026-02-02T09:11:55+00:00\",\"breadcrumb\":{\"@id\":\"https:\\\/\\\/www.lihusl.com\\\/product\\\/wine-tote-bag-with-cooler-compartment-and-picnic-sets\\\/#breadcrumb\"},\"inLanguage\":\"fr-FR\",\"potentialAction\":[{\"@type\":\"ReadAction\",\"target\":[\"https:\\\/\\\/www.lihusl.com\\\/product\\\/wine-tote-bag-with-cooler-compartment-and-picnic-sets\\\/\"]}]},{\"@type\":\"ImageObject\",\"inLanguage\":\"fr-FR\",\"@id\":\"https:\\\/\\\/www.lihusl.com\\\/product\\\/wine-tote-bag-with-cooler-compartment-and-picnic-sets\\\/#primaryimage\",\"url\":\"https:\\\/\\\/www.lihusl.com\\\/wp-content\\\/uploads\\\/2024\\\/06\\\/1-\u4e3b\u56fe-18.jpg\",\"contentUrl\":\"https:\\\/\\\/www.lihusl.com\\\/wp-content\\\/uploads\\\/2024\\\/06\\\/1-\u4e3b\u56fe-18.jpg\",\"width\":1200,\"height\":1200},{\"@type\":\"BreadcrumbList\",\"@id\":\"https:\\\/\\\/www.lihusl.com\\\/product\\\/wine-tote-bag-with-cooler-compartment-and-picnic-sets\\\/#breadcrumb\",\"itemListElement\":[{\"@type\":\"ListItem\",\"position\":1,\"name\":\"Home\",\"item\":\"https:\\\/\\\/www.lihusl.com\\\/\"},{\"@type\":\"ListItem\",\"position\":2,\"name\":\"Shop\",\"item\":\"https:\\\/\\\/www.lihusl.com\\\/shop\\\/\"},{\"@type\":\"ListItem\",\"position\":3,\"name\":\"Wine Tote Bag with Cooler Compartment And Picnic Sets\"}]},{\"@type\":\"WebSite\",\"@id\":\"https:\\\/\\\/www.lihusl.com\\\/#website\",\"url\":\"https:\\\/\\\/www.lihusl.com\\\/\",\"name\":\"Lihu\",\"description\":\"\",\"potentialAction\":[{\"@type\":\"SearchAction\",\"target\":{\"@type\":\"EntryPoint\",\"urlTemplate\":\"https:\\\/\\\/www.lihusl.com\\\/?s={search_term_string}\"},\"query-input\":{\"@type\":\"PropertyValueSpecification\",\"valueRequired\":true,\"valueName\":\"search_term_string\"}}],\"inLanguage\":\"fr-FR\"}]}<\/script>\n<!-- \/ Yoast SEO plugin. -->","yoast_head_json":{"title":"Wine Tote Bag with Cooler Compartment And Picnic Sets - Lihu","robots":{"index":"index","follow":"follow","max-snippet":"max-snippet:-1","max-image-preview":"max-image-preview:large","max-video-preview":"max-video-preview:-1"},"canonical":"https:\/\/www.lihusl.com\/fr\/produit\/wine-tote-bag-with-cooler-compartment-and-picnic-sets\/","og_locale":"fr_FR","og_type":"article","og_title":"Wine Tote Bag with Cooler Compartment And Picnic Sets - Lihu","og_description":"Wine tote with cooler and picnic set carries cutlery, includes 2 plastic wine glasses, 1 steel corkscrew, 1 bottle stopper and 1 napkin, keeps two bottles or assorted cans cool for many days hours, please note that the wines in &hellip; Readmore","og_url":"https:\/\/www.lihusl.com\/fr\/produit\/wine-tote-bag-with-cooler-compartment-and-picnic-sets\/","og_site_name":"Lihu","article_modified_time":"2026-02-02T09:11:55+00:00","og_image":[{"width":1200,"height":1200,"url":"https:\/\/www.lihusl.com\/wp-content\/uploads\/2024\/06\/1-\u4e3b\u56fe-18.jpg","type":"image\/jpeg"}],"twitter_card":"summary_large_image","twitter_misc":{"Dur\u00e9e de lecture estim\u00e9e":"1 minute"},"schema":{"@context":"https:\/\/schema.org","@graph":[{"@type":"WebPage","@id":"https:\/\/www.lihusl.com\/product\/wine-tote-bag-with-cooler-compartment-and-picnic-sets\/","url":"https:\/\/www.lihusl.com\/product\/wine-tote-bag-with-cooler-compartment-and-picnic-sets\/","name":"Wine Tote Bag with Cooler Compartment And Picnic Sets - Lihu","isPartOf":{"@id":"https:\/\/www.lihusl.com\/#website"},"primaryImageOfPage":{"@id":"https:\/\/www.lihusl.com\/product\/wine-tote-bag-with-cooler-compartment-and-picnic-sets\/#primaryimage"},"image":{"@id":"https:\/\/www.lihusl.com\/product\/wine-tote-bag-with-cooler-compartment-and-picnic-sets\/#primaryimage"},"thumbnailUrl":"https:\/\/www.lihusl.com\/wp-content\/uploads\/2024\/06\/1-\u4e3b\u56fe-18.jpg","datePublished":"2024-06-05T04:05:42+00:00","dateModified":"2026-02-02T09:11:55+00:00","breadcrumb":{"@id":"https:\/\/www.lihusl.com\/product\/wine-tote-bag-with-cooler-compartment-and-picnic-sets\/#breadcrumb"},"inLanguage":"fr-FR","potentialAction":[{"@type":"ReadAction","target":["https:\/\/www.lihusl.com\/product\/wine-tote-bag-with-cooler-compartment-and-picnic-sets\/"]}]},{"@type":"ImageObject","inLanguage":"fr-FR","@id":"https:\/\/www.lihusl.com\/product\/wine-tote-bag-with-cooler-compartment-and-picnic-sets\/#primaryimage","url":"https:\/\/www.lihusl.com\/wp-content\/uploads\/2024\/06\/1-\u4e3b\u56fe-18.jpg","contentUrl":"https:\/\/www.lihusl.com\/wp-content\/uploads\/2024\/06\/1-\u4e3b\u56fe-18.jpg","width":1200,"height":1200},{"@type":"BreadcrumbList","@id":"https:\/\/www.lihusl.com\/product\/wine-tote-bag-with-cooler-compartment-and-picnic-sets\/#breadcrumb","itemListElement":[{"@type":"ListItem","position":1,"name":"Home","item":"https:\/\/www.lihusl.com\/"},{"@type":"ListItem","position":2,"name":"Shop","item":"https:\/\/www.lihusl.com\/shop\/"},{"@type":"ListItem","position":3,"name":"Wine Tote Bag with Cooler Compartment And Picnic Sets"}]},{"@type":"WebSite","@id":"https:\/\/www.lihusl.com\/#website","url":"https:\/\/www.lihusl.com\/","name":"Lihu","description":"","potentialAction":[{"@type":"SearchAction","target":{"@type":"EntryPoint","urlTemplate":"https:\/\/www.lihusl.com\/?s={search_term_string}"},"query-input":{"@type":"PropertyValueSpecification","valueRequired":true,"valueName":"search_term_string"}}],"inLanguage":"fr-FR"}]}},"jetpack_sharing_enabled":true,"_links":{"self":[{"href":"https:\/\/www.lihusl.com\/fr\/wp-json\/wp\/v2\/product\/4843","targetHints":{"allow":["GET"]}}],"collection":[{"href":"https:\/\/www.lihusl.com\/fr\/wp-json\/wp\/v2\/product"}],"about":[{"href":"https:\/\/www.lihusl.com\/fr\/wp-json\/wp\/v2\/types\/product"}],"wp:featuredmedia":[{"embeddable":true,"href":"https:\/\/www.lihusl.com\/fr\/wp-json\/wp\/v2\/media\/4847"}],"wp:attachment":[{"href":"https:\/\/www.lihusl.com\/fr\/wp-json\/wp\/v2\/media?parent=4843"}],"wp:term":[{"taxonomy":"product_brand","embeddable":true,"href":"https:\/\/www.lihusl.com\/fr\/wp-json\/wp\/v2\/product_brand?post=4843"},{"taxonomy":"product_cat","embeddable":true,"href":"https:\/\/www.lihusl.com\/fr\/wp-json\/wp\/v2\/product_cat?post=4843"},{"taxonomy":"product_tag","embeddable":true,"href":"https:\/\/www.lihusl.com\/fr\/wp-json\/wp\/v2\/product_tag?post=4843"}],"curies":[{"name":"wp","href":"https:\/\/api.w.org\/{rel}","templated":true}]}}