{"id":4850,"date":"2024-06-05T04:06:32","date_gmt":"2024-06-05T04:06:32","guid":{"rendered":"http:\/\/www.lihusl.com\/?post_type=product&#038;p=4850"},"modified":"2024-06-05T04:06:33","modified_gmt":"2024-06-05T04:06:33","slug":"mini-foldable-multi-angle-adjustable-desktop-phone-holder","status":"publish","type":"product","link":"https:\/\/www.lihusl.com\/fr\/produit\/mini-foldable-multi-angle-adjustable-desktop-phone-holder\/","title":{"rendered":"Mini support de t\u00e9l\u00e9phone de bureau pliable et ajustable \u00e0 plusieurs angles"},"content":{"rendered":"<p>Support pour t\u00e9l\u00e9phone portable Support portable pliable pour t\u00e9l\u00e9phone portable de bureau Support universel ajustable \u00e0 plusieurs angles pour table de bureau Support pour t\u00e9l\u00e9phone portable de bureau Support universel ajustable \u00e0 plusieurs angles pour table de bureau Support pour t\u00e9l\u00e9phone portable de bureau Support universel ajustable \u00e0 plusieurs angles pour table de bureau Support universel ajustable \u00e0 plusieurs angles pour table de bureau Parfait pour la maison, la chambre \u00e0 coucher, le bureau ou pour les voyages.prend tr\u00e8s peu de place.pack de couleurs assorties, bon choix pour un usage personnel ou comme cadeau.s'ajuste facilement \u00e0 l'angle de votre choix, pour r\u00e9pondre \u00e0 vos diff\u00e9rentes pr\u00e9f\u00e9rences de visualisation. Le support permet \u00e0 votre t\u00e9l\u00e9phone, votre tablette ou votre accessoire d'avoir les mains libres pour profiter de vos jeux, de vos vid\u00e9os et de Facetime. Parfait pour la maison, la chambre, la cuisine, la salle de bain, le bureau ou les voyages.Durable et stable.Le mat\u00e9riau ABS de premi\u00e8re qualit\u00e9 garantit la durabilit\u00e9. Les coussinets en silicone sur le fond et le berceau prot\u00e8gent \u00e0 la fois votre t\u00e9l\u00e9phone et le support des surfaces glissantes et ray\u00e9es.<\/p>","protected":false},"excerpt":{"rendered":"<p>Cell Phone Stand Portable Foldable Desktop Cell Phone Holder Adjustable Universal Multi-Angle Cradle for Desk Tablet.Folds up to a completely flat shapeeasily,to slip to into your pocket. Perfect for home, bedroom, office use,or for traveling.Takes up very little space. pack &hellip; <a href=\"https:\/\/www.lihusl.com\/fr\/produit\/mini-foldable-multi-angle-adjustable-desktop-phone-holder\/\">En savoir plus<\/a><\/p>","protected":false},"featured_media":4854,"template":"","meta":{"om_disable_all_campaigns":false,"_monsterinsights_skip_tracking":false,"_monsterinsights_sitenote_active":false,"_monsterinsights_sitenote_note":"","_monsterinsights_sitenote_category":0},"product_brand":[],"product_cat":[110],"product_tag":[],"class_list":{"0":"post-4850","1":"product","2":"type-product","3":"status-publish","4":"has-post-thumbnail","6":"product_cat-electronics-tech-products","8":"first","9":"instock","10":"taxable","11":"shipping-taxable","12":"purchasable","13":"product-type-simple"},"yoast_head":"<!-- This site is optimized with the Yoast SEO plugin v27.4 - https:\/\/yoast.com\/product\/yoast-seo-wordpress\/ -->\n<title>Mini Foldable Multi-angle Adjustable Desktop Phone Holder - Lihu<\/title>\n<meta name=\"robots\" content=\"index, follow, max-snippet:-1, max-image-preview:large, max-video-preview:-1\" \/>\n<link rel=\"canonical\" href=\"https:\/\/www.lihusl.com\/fr\/produit\/mini-foldable-multi-angle-adjustable-desktop-phone-holder\/\" \/>\n<meta property=\"og:locale\" content=\"fr_FR\" \/>\n<meta property=\"og:type\" content=\"article\" \/>\n<meta property=\"og:title\" content=\"Mini Foldable Multi-angle Adjustable Desktop Phone Holder - Lihu\" \/>\n<meta property=\"og:description\" content=\"Cell Phone Stand Portable Foldable Desktop Cell Phone Holder Adjustable Universal Multi-Angle Cradle for Desk Tablet.Folds up to a completely flat shapeeasily,to slip to into your pocket. Perfect for home, bedroom, office use,or for traveling.Takes up very little space. pack &hellip; Readmore\" \/>\n<meta property=\"og:url\" content=\"https:\/\/www.lihusl.com\/fr\/produit\/mini-foldable-multi-angle-adjustable-desktop-phone-holder\/\" \/>\n<meta property=\"og:site_name\" content=\"Lihu\" \/>\n<meta property=\"article:modified_time\" content=\"2024-06-05T04:06:33+00:00\" \/>\n<meta property=\"og:image\" content=\"https:\/\/www.lihusl.com\/wp-content\/uploads\/2024\/06\/1-\u4e3b\u56fe-19.jpg\" \/>\n\t<meta property=\"og:image:width\" content=\"1200\" \/>\n\t<meta property=\"og:image:height\" content=\"1200\" \/>\n\t<meta property=\"og:image:type\" content=\"image\/jpeg\" \/>\n<meta name=\"twitter:card\" content=\"summary_large_image\" \/>\n<meta name=\"twitter:label1\" content=\"Dur\u00e9e de lecture estim\u00e9e\" \/>\n\t<meta name=\"twitter:data1\" content=\"1 minute\" \/>\n<script type=\"application\/ld+json\" class=\"yoast-schema-graph\">{\"@context\":\"https:\\\/\\\/schema.org\",\"@graph\":[{\"@type\":\"WebPage\",\"@id\":\"https:\\\/\\\/www.lihusl.com\\\/product\\\/mini-foldable-multi-angle-adjustable-desktop-phone-holder\\\/\",\"url\":\"https:\\\/\\\/www.lihusl.com\\\/product\\\/mini-foldable-multi-angle-adjustable-desktop-phone-holder\\\/\",\"name\":\"Mini Foldable Multi-angle Adjustable Desktop Phone Holder - Lihu\",\"isPartOf\":{\"@id\":\"https:\\\/\\\/www.lihusl.com\\\/#website\"},\"primaryImageOfPage\":{\"@id\":\"https:\\\/\\\/www.lihusl.com\\\/product\\\/mini-foldable-multi-angle-adjustable-desktop-phone-holder\\\/#primaryimage\"},\"image\":{\"@id\":\"https:\\\/\\\/www.lihusl.com\\\/product\\\/mini-foldable-multi-angle-adjustable-desktop-phone-holder\\\/#primaryimage\"},\"thumbnailUrl\":\"https:\\\/\\\/www.lihusl.com\\\/wp-content\\\/uploads\\\/2024\\\/06\\\/1-\u4e3b\u56fe-19.jpg\",\"datePublished\":\"2024-06-05T04:06:32+00:00\",\"dateModified\":\"2024-06-05T04:06:33+00:00\",\"breadcrumb\":{\"@id\":\"https:\\\/\\\/www.lihusl.com\\\/product\\\/mini-foldable-multi-angle-adjustable-desktop-phone-holder\\\/#breadcrumb\"},\"inLanguage\":\"fr-FR\",\"potentialAction\":[{\"@type\":\"ReadAction\",\"target\":[\"https:\\\/\\\/www.lihusl.com\\\/product\\\/mini-foldable-multi-angle-adjustable-desktop-phone-holder\\\/\"]}]},{\"@type\":\"ImageObject\",\"inLanguage\":\"fr-FR\",\"@id\":\"https:\\\/\\\/www.lihusl.com\\\/product\\\/mini-foldable-multi-angle-adjustable-desktop-phone-holder\\\/#primaryimage\",\"url\":\"https:\\\/\\\/www.lihusl.com\\\/wp-content\\\/uploads\\\/2024\\\/06\\\/1-\u4e3b\u56fe-19.jpg\",\"contentUrl\":\"https:\\\/\\\/www.lihusl.com\\\/wp-content\\\/uploads\\\/2024\\\/06\\\/1-\u4e3b\u56fe-19.jpg\",\"width\":1200,\"height\":1200},{\"@type\":\"BreadcrumbList\",\"@id\":\"https:\\\/\\\/www.lihusl.com\\\/product\\\/mini-foldable-multi-angle-adjustable-desktop-phone-holder\\\/#breadcrumb\",\"itemListElement\":[{\"@type\":\"ListItem\",\"position\":1,\"name\":\"Home\",\"item\":\"https:\\\/\\\/www.lihusl.com\\\/\"},{\"@type\":\"ListItem\",\"position\":2,\"name\":\"Shop\",\"item\":\"https:\\\/\\\/www.lihusl.com\\\/shop\\\/\"},{\"@type\":\"ListItem\",\"position\":3,\"name\":\"Mini Foldable Multi-angle Adjustable Desktop Phone Holder\"}]},{\"@type\":\"WebSite\",\"@id\":\"https:\\\/\\\/www.lihusl.com\\\/#website\",\"url\":\"https:\\\/\\\/www.lihusl.com\\\/\",\"name\":\"Lihu\",\"description\":\"\",\"potentialAction\":[{\"@type\":\"SearchAction\",\"target\":{\"@type\":\"EntryPoint\",\"urlTemplate\":\"https:\\\/\\\/www.lihusl.com\\\/?s={search_term_string}\"},\"query-input\":{\"@type\":\"PropertyValueSpecification\",\"valueRequired\":true,\"valueName\":\"search_term_string\"}}],\"inLanguage\":\"fr-FR\"}]}<\/script>\n<!-- \/ Yoast SEO plugin. -->","yoast_head_json":{"title":"Mini Foldable Multi-angle Adjustable Desktop Phone Holder - Lihu","robots":{"index":"index","follow":"follow","max-snippet":"max-snippet:-1","max-image-preview":"max-image-preview:large","max-video-preview":"max-video-preview:-1"},"canonical":"https:\/\/www.lihusl.com\/fr\/produit\/mini-foldable-multi-angle-adjustable-desktop-phone-holder\/","og_locale":"fr_FR","og_type":"article","og_title":"Mini Foldable Multi-angle Adjustable Desktop Phone Holder - Lihu","og_description":"Cell Phone Stand Portable Foldable Desktop Cell Phone Holder Adjustable Universal Multi-Angle Cradle for Desk Tablet.Folds up to a completely flat shapeeasily,to slip to into your pocket. Perfect for home, bedroom, office use,or for traveling.Takes up very little space. pack &hellip; Readmore","og_url":"https:\/\/www.lihusl.com\/fr\/produit\/mini-foldable-multi-angle-adjustable-desktop-phone-holder\/","og_site_name":"Lihu","article_modified_time":"2024-06-05T04:06:33+00:00","og_image":[{"width":1200,"height":1200,"url":"https:\/\/www.lihusl.com\/wp-content\/uploads\/2024\/06\/1-\u4e3b\u56fe-19.jpg","type":"image\/jpeg"}],"twitter_card":"summary_large_image","twitter_misc":{"Dur\u00e9e de lecture estim\u00e9e":"1 minute"},"schema":{"@context":"https:\/\/schema.org","@graph":[{"@type":"WebPage","@id":"https:\/\/www.lihusl.com\/product\/mini-foldable-multi-angle-adjustable-desktop-phone-holder\/","url":"https:\/\/www.lihusl.com\/product\/mini-foldable-multi-angle-adjustable-desktop-phone-holder\/","name":"Mini Foldable Multi-angle Adjustable Desktop Phone Holder - Lihu","isPartOf":{"@id":"https:\/\/www.lihusl.com\/#website"},"primaryImageOfPage":{"@id":"https:\/\/www.lihusl.com\/product\/mini-foldable-multi-angle-adjustable-desktop-phone-holder\/#primaryimage"},"image":{"@id":"https:\/\/www.lihusl.com\/product\/mini-foldable-multi-angle-adjustable-desktop-phone-holder\/#primaryimage"},"thumbnailUrl":"https:\/\/www.lihusl.com\/wp-content\/uploads\/2024\/06\/1-\u4e3b\u56fe-19.jpg","datePublished":"2024-06-05T04:06:32+00:00","dateModified":"2024-06-05T04:06:33+00:00","breadcrumb":{"@id":"https:\/\/www.lihusl.com\/product\/mini-foldable-multi-angle-adjustable-desktop-phone-holder\/#breadcrumb"},"inLanguage":"fr-FR","potentialAction":[{"@type":"ReadAction","target":["https:\/\/www.lihusl.com\/product\/mini-foldable-multi-angle-adjustable-desktop-phone-holder\/"]}]},{"@type":"ImageObject","inLanguage":"fr-FR","@id":"https:\/\/www.lihusl.com\/product\/mini-foldable-multi-angle-adjustable-desktop-phone-holder\/#primaryimage","url":"https:\/\/www.lihusl.com\/wp-content\/uploads\/2024\/06\/1-\u4e3b\u56fe-19.jpg","contentUrl":"https:\/\/www.lihusl.com\/wp-content\/uploads\/2024\/06\/1-\u4e3b\u56fe-19.jpg","width":1200,"height":1200},{"@type":"BreadcrumbList","@id":"https:\/\/www.lihusl.com\/product\/mini-foldable-multi-angle-adjustable-desktop-phone-holder\/#breadcrumb","itemListElement":[{"@type":"ListItem","position":1,"name":"Home","item":"https:\/\/www.lihusl.com\/"},{"@type":"ListItem","position":2,"name":"Shop","item":"https:\/\/www.lihusl.com\/shop\/"},{"@type":"ListItem","position":3,"name":"Mini Foldable Multi-angle Adjustable Desktop Phone Holder"}]},{"@type":"WebSite","@id":"https:\/\/www.lihusl.com\/#website","url":"https:\/\/www.lihusl.com\/","name":"Lihu","description":"","potentialAction":[{"@type":"SearchAction","target":{"@type":"EntryPoint","urlTemplate":"https:\/\/www.lihusl.com\/?s={search_term_string}"},"query-input":{"@type":"PropertyValueSpecification","valueRequired":true,"valueName":"search_term_string"}}],"inLanguage":"fr-FR"}]}},"jetpack_sharing_enabled":true,"_links":{"self":[{"href":"https:\/\/www.lihusl.com\/fr\/wp-json\/wp\/v2\/product\/4850","targetHints":{"allow":["GET"]}}],"collection":[{"href":"https:\/\/www.lihusl.com\/fr\/wp-json\/wp\/v2\/product"}],"about":[{"href":"https:\/\/www.lihusl.com\/fr\/wp-json\/wp\/v2\/types\/product"}],"wp:featuredmedia":[{"embeddable":true,"href":"https:\/\/www.lihusl.com\/fr\/wp-json\/wp\/v2\/media\/4854"}],"wp:attachment":[{"href":"https:\/\/www.lihusl.com\/fr\/wp-json\/wp\/v2\/media?parent=4850"}],"wp:term":[{"taxonomy":"product_brand","embeddable":true,"href":"https:\/\/www.lihusl.com\/fr\/wp-json\/wp\/v2\/product_brand?post=4850"},{"taxonomy":"product_cat","embeddable":true,"href":"https:\/\/www.lihusl.com\/fr\/wp-json\/wp\/v2\/product_cat?post=4850"},{"taxonomy":"product_tag","embeddable":true,"href":"https:\/\/www.lihusl.com\/fr\/wp-json\/wp\/v2\/product_tag?post=4850"}],"curies":[{"name":"wp","href":"https:\/\/api.w.org\/{rel}","templated":true}]}}