{"id":5027,"date":"2024-07-15T11:27:05","date_gmt":"2024-07-15T11:27:05","guid":{"rendered":"http:\/\/www.lihusl.com\/?post_type=product&#038;p=5027"},"modified":"2026-01-29T22:30:13","modified_gmt":"2026-01-29T14:30:13","slug":"bluetooth-speaker-led-bedside-lamp-colorful-atmosphere-lamp","status":"publish","type":"product","link":"https:\/\/www.lihusl.com\/fr\/produit\/bluetooth-speaker-led-bedside-lamp-colorful-atmosphere-lamp\/","title":{"rendered":"Haut-parleur Bluetooth Lampe de chevet \u00e0 Led Lampe d'ambiance color\u00e9e"},"content":{"rendered":"<p><strong><span style=\"color: #000000;\">LP0099<\/span><\/strong><\/p>\n<p><span style=\"color: #000000;\">Plongez dans une exp\u00e9rience multisensorielle avec notre lampe de chevet LED \u00e0 haut-parleur Bluetooth. Cet appareil polyvalent associe des haut-parleurs de haute qualit\u00e9 \u00e0 un \u00e9clairage LED vibrant pour cr\u00e9er l'ambiance parfaite. Gr\u00e2ce aux couleurs et aux modes d'\u00e9clairage personnalisables, vous pouvez cr\u00e9er l'ambiance pour toutes les occasions. Que vous vous pr\u00e9pariez \u00e0 aller au lit ou que vous organisiez une f\u00eate, cette lampe illuminera votre espace gr\u00e2ce \u00e0 sa lumi\u00e8re captivante et \u00e0 son son clair. Parfaite pour la chambre \u00e0 coucher, le salon ou tout autre espace n\u00e9cessitant une ambiance, cette lampe de chevet LED \u00e0 haut-parleur Bluetooth est un \u00e9l\u00e9ment indispensable de votre d\u00e9coration int\u00e9rieure. Am\u00e9liorez votre exp\u00e9rience audiovisuelle avec cette lampe innovante et \u00e9l\u00e9gante. Disponible en plusieurs styles ! Personnalisable.<\/span><\/p>","protected":false},"excerpt":{"rendered":"<p><strong><span style=\"color: #000000;\">This versatile device combines high-quality speakers with vibrant LED lighting to create the perfect ambiance.<\/span><\/strong><\/p>","protected":false},"featured_media":5028,"template":"","meta":{"om_disable_all_campaigns":false,"_monsterinsights_skip_tracking":false,"_monsterinsights_sitenote_active":false,"_monsterinsights_sitenote_note":"","_monsterinsights_sitenote_category":0},"product_brand":[],"product_cat":[110],"product_tag":[157],"class_list":{"0":"post-5027","1":"product","2":"type-product","3":"status-publish","4":"has-post-thumbnail","6":"product_cat-electronics-tech-products","7":"product_tag-creative-night-light","9":"first","10":"instock","11":"sale","12":"taxable","13":"shipping-taxable","14":"purchasable","15":"product-type-simple"},"yoast_head":"<!-- This site is optimized with the Yoast SEO plugin v27.4 - https:\/\/yoast.com\/product\/yoast-seo-wordpress\/ -->\n<title>Bluetooth Speaker Led Bedside Lamp Colorful Atmosphere Lamp - Lihu<\/title>\n<meta name=\"robots\" content=\"index, follow, max-snippet:-1, max-image-preview:large, max-video-preview:-1\" \/>\n<link rel=\"canonical\" href=\"https:\/\/www.lihusl.com\/fr\/produit\/bluetooth-speaker-led-bedside-lamp-colorful-atmosphere-lamp\/\" \/>\n<meta property=\"og:locale\" content=\"fr_FR\" \/>\n<meta property=\"og:type\" content=\"article\" \/>\n<meta property=\"og:title\" content=\"Bluetooth Speaker Led Bedside Lamp Colorful Atmosphere Lamp - Lihu\" \/>\n<meta property=\"og:description\" content=\"This versatile device combines high-quality speakers with vibrant LED lighting to create the perfect ambiance.\" \/>\n<meta property=\"og:url\" content=\"https:\/\/www.lihusl.com\/fr\/produit\/bluetooth-speaker-led-bedside-lamp-colorful-atmosphere-lamp\/\" \/>\n<meta property=\"og:site_name\" content=\"Lihu\" \/>\n<meta property=\"article:modified_time\" content=\"2026-01-29T14:30:13+00:00\" \/>\n<meta property=\"og:image\" content=\"https:\/\/www.lihusl.com\/wp-content\/uploads\/2024\/07\/1-2.jpg\" \/>\n\t<meta property=\"og:image:width\" content=\"1200\" \/>\n\t<meta property=\"og:image:height\" content=\"1200\" \/>\n\t<meta property=\"og:image:type\" content=\"image\/jpeg\" \/>\n<meta name=\"twitter:card\" content=\"summary_large_image\" \/>\n<meta name=\"twitter:label1\" content=\"Dur\u00e9e de lecture estim\u00e9e\" \/>\n\t<meta name=\"twitter:data1\" content=\"1 minute\" \/>\n<script type=\"application\/ld+json\" class=\"yoast-schema-graph\">{\"@context\":\"https:\\\/\\\/schema.org\",\"@graph\":[{\"@type\":\"WebPage\",\"@id\":\"https:\\\/\\\/www.lihusl.com\\\/product\\\/bluetooth-speaker-led-bedside-lamp-colorful-atmosphere-lamp\\\/\",\"url\":\"https:\\\/\\\/www.lihusl.com\\\/product\\\/bluetooth-speaker-led-bedside-lamp-colorful-atmosphere-lamp\\\/\",\"name\":\"Bluetooth Speaker Led Bedside Lamp Colorful Atmosphere Lamp - Lihu\",\"isPartOf\":{\"@id\":\"https:\\\/\\\/www.lihusl.com\\\/#website\"},\"primaryImageOfPage\":{\"@id\":\"https:\\\/\\\/www.lihusl.com\\\/product\\\/bluetooth-speaker-led-bedside-lamp-colorful-atmosphere-lamp\\\/#primaryimage\"},\"image\":{\"@id\":\"https:\\\/\\\/www.lihusl.com\\\/product\\\/bluetooth-speaker-led-bedside-lamp-colorful-atmosphere-lamp\\\/#primaryimage\"},\"thumbnailUrl\":\"https:\\\/\\\/www.lihusl.com\\\/wp-content\\\/uploads\\\/2024\\\/07\\\/1-2.jpg\",\"datePublished\":\"2024-07-15T11:27:05+00:00\",\"dateModified\":\"2026-01-29T14:30:13+00:00\",\"breadcrumb\":{\"@id\":\"https:\\\/\\\/www.lihusl.com\\\/product\\\/bluetooth-speaker-led-bedside-lamp-colorful-atmosphere-lamp\\\/#breadcrumb\"},\"inLanguage\":\"fr-FR\",\"potentialAction\":[{\"@type\":\"ReadAction\",\"target\":[\"https:\\\/\\\/www.lihusl.com\\\/product\\\/bluetooth-speaker-led-bedside-lamp-colorful-atmosphere-lamp\\\/\"]}]},{\"@type\":\"ImageObject\",\"inLanguage\":\"fr-FR\",\"@id\":\"https:\\\/\\\/www.lihusl.com\\\/product\\\/bluetooth-speaker-led-bedside-lamp-colorful-atmosphere-lamp\\\/#primaryimage\",\"url\":\"https:\\\/\\\/www.lihusl.com\\\/wp-content\\\/uploads\\\/2024\\\/07\\\/1-2.jpg\",\"contentUrl\":\"https:\\\/\\\/www.lihusl.com\\\/wp-content\\\/uploads\\\/2024\\\/07\\\/1-2.jpg\",\"width\":1200,\"height\":1200},{\"@type\":\"BreadcrumbList\",\"@id\":\"https:\\\/\\\/www.lihusl.com\\\/product\\\/bluetooth-speaker-led-bedside-lamp-colorful-atmosphere-lamp\\\/#breadcrumb\",\"itemListElement\":[{\"@type\":\"ListItem\",\"position\":1,\"name\":\"Home\",\"item\":\"https:\\\/\\\/www.lihusl.com\\\/\"},{\"@type\":\"ListItem\",\"position\":2,\"name\":\"Shop\",\"item\":\"https:\\\/\\\/www.lihusl.com\\\/shop\\\/\"},{\"@type\":\"ListItem\",\"position\":3,\"name\":\"Bluetooth Speaker Led Bedside Lamp Colorful Atmosphere Lamp\"}]},{\"@type\":\"WebSite\",\"@id\":\"https:\\\/\\\/www.lihusl.com\\\/#website\",\"url\":\"https:\\\/\\\/www.lihusl.com\\\/\",\"name\":\"Lihu\",\"description\":\"\",\"potentialAction\":[{\"@type\":\"SearchAction\",\"target\":{\"@type\":\"EntryPoint\",\"urlTemplate\":\"https:\\\/\\\/www.lihusl.com\\\/?s={search_term_string}\"},\"query-input\":{\"@type\":\"PropertyValueSpecification\",\"valueRequired\":true,\"valueName\":\"search_term_string\"}}],\"inLanguage\":\"fr-FR\"}]}<\/script>\n<!-- \/ Yoast SEO plugin. -->","yoast_head_json":{"title":"Bluetooth Speaker Led Bedside Lamp Colorful Atmosphere Lamp - Lihu","robots":{"index":"index","follow":"follow","max-snippet":"max-snippet:-1","max-image-preview":"max-image-preview:large","max-video-preview":"max-video-preview:-1"},"canonical":"https:\/\/www.lihusl.com\/fr\/produit\/bluetooth-speaker-led-bedside-lamp-colorful-atmosphere-lamp\/","og_locale":"fr_FR","og_type":"article","og_title":"Bluetooth Speaker Led Bedside Lamp Colorful Atmosphere Lamp - Lihu","og_description":"This versatile device combines high-quality speakers with vibrant LED lighting to create the perfect ambiance.","og_url":"https:\/\/www.lihusl.com\/fr\/produit\/bluetooth-speaker-led-bedside-lamp-colorful-atmosphere-lamp\/","og_site_name":"Lihu","article_modified_time":"2026-01-29T14:30:13+00:00","og_image":[{"width":1200,"height":1200,"url":"https:\/\/www.lihusl.com\/wp-content\/uploads\/2024\/07\/1-2.jpg","type":"image\/jpeg"}],"twitter_card":"summary_large_image","twitter_misc":{"Dur\u00e9e de lecture estim\u00e9e":"1 minute"},"schema":{"@context":"https:\/\/schema.org","@graph":[{"@type":"WebPage","@id":"https:\/\/www.lihusl.com\/product\/bluetooth-speaker-led-bedside-lamp-colorful-atmosphere-lamp\/","url":"https:\/\/www.lihusl.com\/product\/bluetooth-speaker-led-bedside-lamp-colorful-atmosphere-lamp\/","name":"Bluetooth Speaker Led Bedside Lamp Colorful Atmosphere Lamp - Lihu","isPartOf":{"@id":"https:\/\/www.lihusl.com\/#website"},"primaryImageOfPage":{"@id":"https:\/\/www.lihusl.com\/product\/bluetooth-speaker-led-bedside-lamp-colorful-atmosphere-lamp\/#primaryimage"},"image":{"@id":"https:\/\/www.lihusl.com\/product\/bluetooth-speaker-led-bedside-lamp-colorful-atmosphere-lamp\/#primaryimage"},"thumbnailUrl":"https:\/\/www.lihusl.com\/wp-content\/uploads\/2024\/07\/1-2.jpg","datePublished":"2024-07-15T11:27:05+00:00","dateModified":"2026-01-29T14:30:13+00:00","breadcrumb":{"@id":"https:\/\/www.lihusl.com\/product\/bluetooth-speaker-led-bedside-lamp-colorful-atmosphere-lamp\/#breadcrumb"},"inLanguage":"fr-FR","potentialAction":[{"@type":"ReadAction","target":["https:\/\/www.lihusl.com\/product\/bluetooth-speaker-led-bedside-lamp-colorful-atmosphere-lamp\/"]}]},{"@type":"ImageObject","inLanguage":"fr-FR","@id":"https:\/\/www.lihusl.com\/product\/bluetooth-speaker-led-bedside-lamp-colorful-atmosphere-lamp\/#primaryimage","url":"https:\/\/www.lihusl.com\/wp-content\/uploads\/2024\/07\/1-2.jpg","contentUrl":"https:\/\/www.lihusl.com\/wp-content\/uploads\/2024\/07\/1-2.jpg","width":1200,"height":1200},{"@type":"BreadcrumbList","@id":"https:\/\/www.lihusl.com\/product\/bluetooth-speaker-led-bedside-lamp-colorful-atmosphere-lamp\/#breadcrumb","itemListElement":[{"@type":"ListItem","position":1,"name":"Home","item":"https:\/\/www.lihusl.com\/"},{"@type":"ListItem","position":2,"name":"Shop","item":"https:\/\/www.lihusl.com\/shop\/"},{"@type":"ListItem","position":3,"name":"Bluetooth Speaker Led Bedside Lamp Colorful Atmosphere Lamp"}]},{"@type":"WebSite","@id":"https:\/\/www.lihusl.com\/#website","url":"https:\/\/www.lihusl.com\/","name":"Lihu","description":"","potentialAction":[{"@type":"SearchAction","target":{"@type":"EntryPoint","urlTemplate":"https:\/\/www.lihusl.com\/?s={search_term_string}"},"query-input":{"@type":"PropertyValueSpecification","valueRequired":true,"valueName":"search_term_string"}}],"inLanguage":"fr-FR"}]}},"jetpack_sharing_enabled":true,"_links":{"self":[{"href":"https:\/\/www.lihusl.com\/fr\/wp-json\/wp\/v2\/product\/5027","targetHints":{"allow":["GET"]}}],"collection":[{"href":"https:\/\/www.lihusl.com\/fr\/wp-json\/wp\/v2\/product"}],"about":[{"href":"https:\/\/www.lihusl.com\/fr\/wp-json\/wp\/v2\/types\/product"}],"wp:featuredmedia":[{"embeddable":true,"href":"https:\/\/www.lihusl.com\/fr\/wp-json\/wp\/v2\/media\/5028"}],"wp:attachment":[{"href":"https:\/\/www.lihusl.com\/fr\/wp-json\/wp\/v2\/media?parent=5027"}],"wp:term":[{"taxonomy":"product_brand","embeddable":true,"href":"https:\/\/www.lihusl.com\/fr\/wp-json\/wp\/v2\/product_brand?post=5027"},{"taxonomy":"product_cat","embeddable":true,"href":"https:\/\/www.lihusl.com\/fr\/wp-json\/wp\/v2\/product_cat?post=5027"},{"taxonomy":"product_tag","embeddable":true,"href":"https:\/\/www.lihusl.com\/fr\/wp-json\/wp\/v2\/product_tag?post=5027"}],"curies":[{"name":"wp","href":"https:\/\/api.w.org\/{rel}","templated":true}]}}