{"id":5112,"date":"2025-03-12T21:37:22","date_gmt":"2025-03-12T13:37:22","guid":{"rendered":"https:\/\/www.lihusl.com\/?post_type=product&#038;p=5112"},"modified":"2026-01-29T21:13:00","modified_gmt":"2026-01-29T13:13:00","slug":"ortable-light-luxury-series-multi-function-make-up-case-dustproof-cosmetic-storage-skin-care-products-jewelry-organizer-lipstick-box-white","status":"publish","type":"product","link":"https:\/\/www.lihusl.com\/fr\/produit\/ortable-light-luxury-series-multi-function-make-up-case-dustproof-cosmetic-storage-skin-care-products-jewelry-organizer-lipstick-box-white\/","title":{"rendered":"Light Luxury Series Multi-Function Make Up Case Dustproof Cosmetic Storage"},"content":{"rendered":"<p><strong><span style=\"vertical-align: inherit;\"><span style=\"vertical-align: inherit;\"><span style=\"vertical-align: inherit;\"><span style=\"vertical-align: inherit;\">Cette bo\u00eete de rangement anti-poussi\u00e8re pour cosm\u00e9tiques avec couvercle est \u00e9l\u00e9gante et peut facilement s'adapter \u00e0 la d\u00e9coration de n'importe quelle pi\u00e8ce. Vous pouvez la placer dans la chambre \u00e0 coucher, la salle de bain, le dressing, la table de chevet, la coiffeuse. La bo\u00eete de rangement pour cosm\u00e9tiques avec poign\u00e9e est pratique pour les voyages ou les sorties. Moderne et simple, \u00e9l\u00e9gante et pratique. La bo\u00eete de rangement pour cosm\u00e9tiques avec couvercle permet de ranger des cosm\u00e9tiques de diff\u00e9rentes formes et tailles tout en les gardant organis\u00e9s. Le couvercle et les tiroirs transparents prot\u00e8gent vos produits cosm\u00e9tiques de la poussi\u00e8re et de l'eau. Le tiroir inf\u00e9rieur \u00e0 deux niveaux peut \u00eatre s\u00e9par\u00e9 pour ranger le rouge \u00e0 l\u00e8vres, le baume \u00e0 l\u00e8vres, les pinceaux, les crayons \u00e0 sourcils, les b\u00e2tons de fond de teint, les gadgets de beaut\u00e9, les colliers, les bagues, etc. Fabriqu\u00e9 en ABS acrylique de haute qualit\u00e9, s\u00fbr et non toxique. De haute qualit\u00e9, il r\u00e9siste \u00e0 l'\u00e9crasement et aux dommages.<\/span><\/span><\/span><\/span><\/strong><\/p>","protected":false},"excerpt":{"rendered":"<p>This dust-proof cosmetics storage box with lid is elegant and can easily match any room decoration. You can put it in the bedroom, bathroom, dressing room, bedside table, dressing table. The cosmetics storage box with handle is convenient for travel &hellip; <a href=\"https:\/\/www.lihusl.com\/fr\/produit\/ortable-light-luxury-series-multi-function-make-up-case-dustproof-cosmetic-storage-skin-care-products-jewelry-organizer-lipstick-box-white\/\">En savoir plus<\/a><\/p>","protected":false},"featured_media":5113,"template":"","meta":{"om_disable_all_campaigns":false,"_monsterinsights_skip_tracking":false,"_monsterinsights_sitenote_active":false,"_monsterinsights_sitenote_note":"","_monsterinsights_sitenote_category":0},"product_brand":[],"product_cat":[108,148],"product_tag":[154],"class_list":{"0":"post-5112","1":"product","2":"type-product","3":"status-publish","4":"has-post-thumbnail","6":"product_cat-organizer","7":"product_cat-makeup-storage-boxes","8":"product_tag-makeup-storage-box","10":"first","11":"instock","12":"sale","13":"taxable","14":"shipping-taxable","15":"purchasable","16":"product-type-simple"},"yoast_head":"<!-- This site is optimized with the Yoast SEO plugin v27.4 - https:\/\/yoast.com\/product\/yoast-seo-wordpress\/ -->\n<title>Light Luxury Series Multi-Function Make Up Case Dustproof Cosmetic Storage - Lihu<\/title>\n<meta name=\"robots\" content=\"index, follow, max-snippet:-1, max-image-preview:large, max-video-preview:-1\" \/>\n<link rel=\"canonical\" href=\"https:\/\/www.lihusl.com\/fr\/produit\/ortable-light-luxury-series-multi-function-make-up-case-dustproof-cosmetic-storage-skin-care-products-jewelry-organizer-lipstick-box-white\/\" \/>\n<meta property=\"og:locale\" content=\"fr_FR\" \/>\n<meta property=\"og:type\" content=\"article\" \/>\n<meta property=\"og:title\" content=\"Light Luxury Series Multi-Function Make Up Case Dustproof Cosmetic Storage - Lihu\" \/>\n<meta property=\"og:description\" content=\"This dust-proof cosmetics storage box with lid is elegant and can easily match any room decoration. You can put it in the bedroom, bathroom, dressing room, bedside table, dressing table. The cosmetics storage box with handle is convenient for travel &hellip; Readmore\" \/>\n<meta property=\"og:url\" content=\"https:\/\/www.lihusl.com\/fr\/produit\/ortable-light-luxury-series-multi-function-make-up-case-dustproof-cosmetic-storage-skin-care-products-jewelry-organizer-lipstick-box-white\/\" \/>\n<meta property=\"og:site_name\" content=\"Lihu\" \/>\n<meta property=\"article:modified_time\" content=\"2026-01-29T13:13:00+00:00\" \/>\n<meta property=\"og:image\" content=\"https:\/\/www.lihusl.com\/wp-content\/uploads\/2025\/03\/10001.jpg\" \/>\n\t<meta property=\"og:image:width\" content=\"800\" \/>\n\t<meta property=\"og:image:height\" content=\"800\" \/>\n\t<meta property=\"og:image:type\" content=\"image\/jpeg\" \/>\n<meta name=\"twitter:card\" content=\"summary_large_image\" \/>\n<meta name=\"twitter:label1\" content=\"Dur\u00e9e de lecture estim\u00e9e\" \/>\n\t<meta name=\"twitter:data1\" content=\"1 minute\" \/>\n<script type=\"application\/ld+json\" class=\"yoast-schema-graph\">{\"@context\":\"https:\\\/\\\/schema.org\",\"@graph\":[{\"@type\":\"WebPage\",\"@id\":\"https:\\\/\\\/www.lihusl.com\\\/product\\\/ortable-light-luxury-series-multi-function-make-up-case-dustproof-cosmetic-storage-skin-care-products-jewelry-organizer-lipstick-box-white\\\/\",\"url\":\"https:\\\/\\\/www.lihusl.com\\\/product\\\/ortable-light-luxury-series-multi-function-make-up-case-dustproof-cosmetic-storage-skin-care-products-jewelry-organizer-lipstick-box-white\\\/\",\"name\":\"Light Luxury Series Multi-Function Make Up Case Dustproof Cosmetic Storage - Lihu\",\"isPartOf\":{\"@id\":\"https:\\\/\\\/www.lihusl.com\\\/#website\"},\"primaryImageOfPage\":{\"@id\":\"https:\\\/\\\/www.lihusl.com\\\/product\\\/ortable-light-luxury-series-multi-function-make-up-case-dustproof-cosmetic-storage-skin-care-products-jewelry-organizer-lipstick-box-white\\\/#primaryimage\"},\"image\":{\"@id\":\"https:\\\/\\\/www.lihusl.com\\\/product\\\/ortable-light-luxury-series-multi-function-make-up-case-dustproof-cosmetic-storage-skin-care-products-jewelry-organizer-lipstick-box-white\\\/#primaryimage\"},\"thumbnailUrl\":\"https:\\\/\\\/www.lihusl.com\\\/wp-content\\\/uploads\\\/2025\\\/03\\\/10001.jpg\",\"datePublished\":\"2025-03-12T13:37:22+00:00\",\"dateModified\":\"2026-01-29T13:13:00+00:00\",\"breadcrumb\":{\"@id\":\"https:\\\/\\\/www.lihusl.com\\\/product\\\/ortable-light-luxury-series-multi-function-make-up-case-dustproof-cosmetic-storage-skin-care-products-jewelry-organizer-lipstick-box-white\\\/#breadcrumb\"},\"inLanguage\":\"fr-FR\",\"potentialAction\":[{\"@type\":\"ReadAction\",\"target\":[\"https:\\\/\\\/www.lihusl.com\\\/product\\\/ortable-light-luxury-series-multi-function-make-up-case-dustproof-cosmetic-storage-skin-care-products-jewelry-organizer-lipstick-box-white\\\/\"]}]},{\"@type\":\"ImageObject\",\"inLanguage\":\"fr-FR\",\"@id\":\"https:\\\/\\\/www.lihusl.com\\\/product\\\/ortable-light-luxury-series-multi-function-make-up-case-dustproof-cosmetic-storage-skin-care-products-jewelry-organizer-lipstick-box-white\\\/#primaryimage\",\"url\":\"https:\\\/\\\/www.lihusl.com\\\/wp-content\\\/uploads\\\/2025\\\/03\\\/10001.jpg\",\"contentUrl\":\"https:\\\/\\\/www.lihusl.com\\\/wp-content\\\/uploads\\\/2025\\\/03\\\/10001.jpg\",\"width\":800,\"height\":800},{\"@type\":\"BreadcrumbList\",\"@id\":\"https:\\\/\\\/www.lihusl.com\\\/product\\\/ortable-light-luxury-series-multi-function-make-up-case-dustproof-cosmetic-storage-skin-care-products-jewelry-organizer-lipstick-box-white\\\/#breadcrumb\",\"itemListElement\":[{\"@type\":\"ListItem\",\"position\":1,\"name\":\"Home\",\"item\":\"https:\\\/\\\/www.lihusl.com\\\/\"},{\"@type\":\"ListItem\",\"position\":2,\"name\":\"Shop\",\"item\":\"https:\\\/\\\/www.lihusl.com\\\/shop\\\/\"},{\"@type\":\"ListItem\",\"position\":3,\"name\":\"Light Luxury Series Multi-Function Make Up Case Dustproof Cosmetic Storage\"}]},{\"@type\":\"WebSite\",\"@id\":\"https:\\\/\\\/www.lihusl.com\\\/#website\",\"url\":\"https:\\\/\\\/www.lihusl.com\\\/\",\"name\":\"Lihu\",\"description\":\"\",\"potentialAction\":[{\"@type\":\"SearchAction\",\"target\":{\"@type\":\"EntryPoint\",\"urlTemplate\":\"https:\\\/\\\/www.lihusl.com\\\/?s={search_term_string}\"},\"query-input\":{\"@type\":\"PropertyValueSpecification\",\"valueRequired\":true,\"valueName\":\"search_term_string\"}}],\"inLanguage\":\"fr-FR\"}]}<\/script>\n<!-- \/ Yoast SEO plugin. -->","yoast_head_json":{"title":"Light Luxury Series Multi-Function Make Up Case Dustproof Cosmetic Storage - Lihu","robots":{"index":"index","follow":"follow","max-snippet":"max-snippet:-1","max-image-preview":"max-image-preview:large","max-video-preview":"max-video-preview:-1"},"canonical":"https:\/\/www.lihusl.com\/fr\/produit\/ortable-light-luxury-series-multi-function-make-up-case-dustproof-cosmetic-storage-skin-care-products-jewelry-organizer-lipstick-box-white\/","og_locale":"fr_FR","og_type":"article","og_title":"Light Luxury Series Multi-Function Make Up Case Dustproof Cosmetic Storage - Lihu","og_description":"This dust-proof cosmetics storage box with lid is elegant and can easily match any room decoration. You can put it in the bedroom, bathroom, dressing room, bedside table, dressing table. The cosmetics storage box with handle is convenient for travel &hellip; Readmore","og_url":"https:\/\/www.lihusl.com\/fr\/produit\/ortable-light-luxury-series-multi-function-make-up-case-dustproof-cosmetic-storage-skin-care-products-jewelry-organizer-lipstick-box-white\/","og_site_name":"Lihu","article_modified_time":"2026-01-29T13:13:00+00:00","og_image":[{"width":800,"height":800,"url":"https:\/\/www.lihusl.com\/wp-content\/uploads\/2025\/03\/10001.jpg","type":"image\/jpeg"}],"twitter_card":"summary_large_image","twitter_misc":{"Dur\u00e9e de lecture estim\u00e9e":"1 minute"},"schema":{"@context":"https:\/\/schema.org","@graph":[{"@type":"WebPage","@id":"https:\/\/www.lihusl.com\/product\/ortable-light-luxury-series-multi-function-make-up-case-dustproof-cosmetic-storage-skin-care-products-jewelry-organizer-lipstick-box-white\/","url":"https:\/\/www.lihusl.com\/product\/ortable-light-luxury-series-multi-function-make-up-case-dustproof-cosmetic-storage-skin-care-products-jewelry-organizer-lipstick-box-white\/","name":"Light Luxury Series Multi-Function Make Up Case Dustproof Cosmetic Storage - Lihu","isPartOf":{"@id":"https:\/\/www.lihusl.com\/#website"},"primaryImageOfPage":{"@id":"https:\/\/www.lihusl.com\/product\/ortable-light-luxury-series-multi-function-make-up-case-dustproof-cosmetic-storage-skin-care-products-jewelry-organizer-lipstick-box-white\/#primaryimage"},"image":{"@id":"https:\/\/www.lihusl.com\/product\/ortable-light-luxury-series-multi-function-make-up-case-dustproof-cosmetic-storage-skin-care-products-jewelry-organizer-lipstick-box-white\/#primaryimage"},"thumbnailUrl":"https:\/\/www.lihusl.com\/wp-content\/uploads\/2025\/03\/10001.jpg","datePublished":"2025-03-12T13:37:22+00:00","dateModified":"2026-01-29T13:13:00+00:00","breadcrumb":{"@id":"https:\/\/www.lihusl.com\/product\/ortable-light-luxury-series-multi-function-make-up-case-dustproof-cosmetic-storage-skin-care-products-jewelry-organizer-lipstick-box-white\/#breadcrumb"},"inLanguage":"fr-FR","potentialAction":[{"@type":"ReadAction","target":["https:\/\/www.lihusl.com\/product\/ortable-light-luxury-series-multi-function-make-up-case-dustproof-cosmetic-storage-skin-care-products-jewelry-organizer-lipstick-box-white\/"]}]},{"@type":"ImageObject","inLanguage":"fr-FR","@id":"https:\/\/www.lihusl.com\/product\/ortable-light-luxury-series-multi-function-make-up-case-dustproof-cosmetic-storage-skin-care-products-jewelry-organizer-lipstick-box-white\/#primaryimage","url":"https:\/\/www.lihusl.com\/wp-content\/uploads\/2025\/03\/10001.jpg","contentUrl":"https:\/\/www.lihusl.com\/wp-content\/uploads\/2025\/03\/10001.jpg","width":800,"height":800},{"@type":"BreadcrumbList","@id":"https:\/\/www.lihusl.com\/product\/ortable-light-luxury-series-multi-function-make-up-case-dustproof-cosmetic-storage-skin-care-products-jewelry-organizer-lipstick-box-white\/#breadcrumb","itemListElement":[{"@type":"ListItem","position":1,"name":"Home","item":"https:\/\/www.lihusl.com\/"},{"@type":"ListItem","position":2,"name":"Shop","item":"https:\/\/www.lihusl.com\/shop\/"},{"@type":"ListItem","position":3,"name":"Light Luxury Series Multi-Function Make Up Case Dustproof Cosmetic Storage"}]},{"@type":"WebSite","@id":"https:\/\/www.lihusl.com\/#website","url":"https:\/\/www.lihusl.com\/","name":"Lihu","description":"","potentialAction":[{"@type":"SearchAction","target":{"@type":"EntryPoint","urlTemplate":"https:\/\/www.lihusl.com\/?s={search_term_string}"},"query-input":{"@type":"PropertyValueSpecification","valueRequired":true,"valueName":"search_term_string"}}],"inLanguage":"fr-FR"}]}},"jetpack_sharing_enabled":true,"_links":{"self":[{"href":"https:\/\/www.lihusl.com\/fr\/wp-json\/wp\/v2\/product\/5112","targetHints":{"allow":["GET"]}}],"collection":[{"href":"https:\/\/www.lihusl.com\/fr\/wp-json\/wp\/v2\/product"}],"about":[{"href":"https:\/\/www.lihusl.com\/fr\/wp-json\/wp\/v2\/types\/product"}],"wp:featuredmedia":[{"embeddable":true,"href":"https:\/\/www.lihusl.com\/fr\/wp-json\/wp\/v2\/media\/5113"}],"wp:attachment":[{"href":"https:\/\/www.lihusl.com\/fr\/wp-json\/wp\/v2\/media?parent=5112"}],"wp:term":[{"taxonomy":"product_brand","embeddable":true,"href":"https:\/\/www.lihusl.com\/fr\/wp-json\/wp\/v2\/product_brand?post=5112"},{"taxonomy":"product_cat","embeddable":true,"href":"https:\/\/www.lihusl.com\/fr\/wp-json\/wp\/v2\/product_cat?post=5112"},{"taxonomy":"product_tag","embeddable":true,"href":"https:\/\/www.lihusl.com\/fr\/wp-json\/wp\/v2\/product_tag?post=5112"}],"curies":[{"name":"wp","href":"https:\/\/api.w.org\/{rel}","templated":true}]}}